{"id":791,"date":"2016-02-19T09:58:03","date_gmt":"2016-02-19T08:58:03","guid":{"rendered":"http:\/\/docenti-deps.unisi.it\/caterinapisani\/?page_id=791"},"modified":"2025-01-29T11:27:46","modified_gmt":"2025-01-29T10:27:46","slug":"statistica-ii","status":"publish","type":"page","link":"https:\/\/docenti-deps.unisi.it\/caterinapisani\/statistica-ii\/","title":{"rendered":"Inferenza Statistica e Principi di Simulazione"},"content":{"rendered":"<div id=\"header-1\" class=\"portlet-section-header header-hx header-h3\">\n<h3>Obiettivi<\/h3>\n<p>L\u2019obiettivo del corso \u00e8 approfondire la conoscenza dei principali metodi statistico-inferenziali utilizzati per le analisi economiche, sociali e finanziarie. Al termine del corso lo studente sar\u00e0 in grado di applicare opportunamente e consapevolmente le principali tecniche inferenziali, con particolare riferimento alla costruzione e utilizzo di stimatori, alla determinazione di intervalli di confidenza e alla verifica di ipotesi parametriche e non parametriche. Il corso si pone inoltre l\u2019obiettivo di illustrare l\u2019uso di procedure di simulazione in R (R Core Team, 2020). per la valutazione empirica delle propriet\u00e0 delle procedure di inferenza statistica.<\/p>\n<h3>Prerequisiti<\/h3>\n<\/div>\n<div id=\"header-2\" class=\"portlet-section-header header-hx header-h3\">\n<p style=\"text-align: justify\">Richiami di matematica elementare. Nozioni base di calcolo differenziale e integrale.<br \/>\nBuona conoscenza delle principali tecniche utilizzate nella statistica descrittiva e dei concetti base della teoria della probabilit\u00e0<\/p>\n<h3><strong>Contenuti<\/strong><\/h3>\n<\/div>\n<div id=\"header-3\" class=\"portlet-section-header header-hx header-h3\">\n<p>Probabilit\u00e0, spazi di probabilit\u00e0, variabile casuale, funzione di ripartizione e sue propriet\u00e0. Variabili casuali discrete. Variabili casuali assolutamente continue. Momenti. Valore atteso e varianza. Valore atteso e varianza. Trasformate lineari di variabili casuali.<\/p>\n<p>Variabili casuali bivariate. Funzione di ripartizione congiunta e sue caratteristiche. Funzioni di ripartizione marginali. Variabili casuali bivariate discrete. Variabili casuali bivariate assolutamente continue. Funzioni di probabilit\u00e0 e densit\u00e0 congiunte, marginali e subordinate.<\/p>\n<p>Cenni a variabili casuali k-variate. Definizione di variabili casuali indipendenti. Combinazioni lineari di variabili casuali.<\/p>\n<p>Disuguaglianza di Markov. Disuguaglianza di Chebyshey e sua generalizzazione.<\/p>\n<p>Successioni di v.c., convergenza quasi certa, convergenza in probabilit\u00e0, convergenza in media quadratica, convergenza in distribuzione. Legge debole dei grandi numeri di Chebychef, legge forte dei grandi numeri di Kolmokorov, Teorema Limite Fondamentale.<\/p>\n<p>Generazione di valori da distribuzioni discrete e assolutamente continue. Verifica empirica dei principali teoremi del calcolo delle probabilit\u00e0 tramite simulazioni di tipo Monte Carlo.<\/p>\n<p>Definizione di campione, campione casuale. Modello statistico, modello statistico classico. Scopi dell\u2019inferenza. Statistiche campionarie.<\/p>\n<p>Stimatori puntuali. Momento secondo dell\u2019errore di stima. Definizione di efficienza relativa. Stimatori uniformemente pi\u00f9 efficienti. Stimatori corretti. Disuguaglianza di Rao-Cramer. Stimatori efficienti. Stima della precisione di uno stimatore. Relative root mean squared error. Propriet\u00e0 per grandi campioni: correttezza asintotica, coerenza, coerenza forte e coerenza in media quadratica.<\/p>\n<p>Statistica sufficiente. Criterio di fattorizzazione. Statistica sufficiente minimale. Teorema di Rao-Blackwell. Statistica completa. Teorema di Lehmann-Scheff\u00e8. Famiglia esponenziale e statistiche sufficienti e complete.<\/p>\n<p>Funzione di verosimiglianza. Stimatori di massima verosimiglianza e loro propriet\u00e0. Alcune importanti esemplificazioni.<\/p>\n<p>Stimatori ottenuti con il metodo dei momenti.<\/p>\n<p>Stimatore per intervalli. Metodo della quantit\u00e0 pivotale per la costruzione di intervalli di confidenza. Intervalli di confidenza per grandi campioni. Alcune importanti esemplificazioni. Intervalli di confidenza per grandi campioni basati sugli stimatori di massima verosimiglianza.<\/p>\n<p>Verifica di ipotesi. Verifica di ipotesi parametrica. Test statistico, statistica test, funzione potenza, errore di I e II specie, livello di significativit\u00e0. Propriet\u00e0 dei test: test corretti, test uniformemente pi\u00f9 potenti e test coerenti. P-valore. Lemma di Neyman-Pearson. Test uniformemente pi\u00f9 potenti per sistemi di ipotesi composte. Alcuni test parametrici comunemente usati. Test basati sul rapporto generalizzato di verosimiglianza.<\/p>\n<p>Analisi empirica delle propriet\u00e0 di stimatori puntuali, di stimatori per intervallo e di test statistici attraverso simulazioni di tipo Monte Carlo.<\/p>\n<p><strong>\u00a0<\/strong><\/p>\n<h3 style=\"text-align: justify\"><strong>Materiale didattico<\/strong><\/h3>\n<\/div>\n<div id=\"header-5\" class=\"portlet-section-header header-hx header-h3\">\n<p><strong>Testo di riferimento<br \/>\n<\/strong>Mood., M., Graybill, F.A., Boes, D.C.<br \/>\nIntroduzione alla statistica<br \/>\nMcGraw-Hill<\/p>\n<p><strong>Materiale integrativo<br \/>\n<\/strong><span style=\"line-height: 150%;font-family: 'Times New Roman';font-size: 14pt\"><span style=\"color: #000000\">Sulla pagina <\/span><\/span><a href=\"http:\/\/elearning.unisi.it\/moodle\/\" target=\"_blank\" rel=\"noopener noreferrer\"><span style=\"line-height: 150%;font-family: 'Times New Roman';font-size: 14pt\"><u><span style=\"color: #0000ff\">http:\/\/elearning.unisi.it\/moodle\/<\/span><\/u><\/span><\/a><span style=\"line-height: 150%;font-family: 'Times New Roman';font-size: 14pt\"><span style=\"color: #000000\">\u00a0 sar\u00e0 disponibile materiale integrativo.\u00a0<\/span><\/span><\/p>\n<h3><strong>Modalit\u00e0 di esame<\/strong><\/h3>\n<div id=\"header-5\" class=\"portlet-section-header header-hx header-h3\">\n<p>L\u2019esame consiste in una prova scritta composta da esercizi che ha l&#8217;obiettivo di valutare il livello delle conoscenze teoriche acquisite e la capacit\u00e0 di applicare le tecniche inferenziali in contesti economici, aziendali e finanziari.<\/p>\n<p>Una volta superata la prova scritta, lo studente sosterr\u00e0 una prova orale, composta da domande sui principali contenuti del corso, mirata ad accertare la conoscenza delle basi teoriche delle tecniche inferenziali e la capacit\u00e0 di interpretare correttamente il significato delle conclusioni inferenziali.<\/p>\n<p>Sono previste due prove parziali scritte formate da esercizi: la prima prova ha come argomenti le variabili e i vettori casuali, le disuguaglianze probabilistiche notevoli, le successioni di variabili casuali, i teoremi limite e gli stimatori puntuali con le loro propriet\u00e0. La seconda prova ha come argomenti la verosimiglianza, gli stimatori per intervalli e la verifica di ipotesi.<\/p>\n<p>Nel caso entrambe le prove siano sufficienti, lo studente dovr\u00e0 sostenere solo la prova orale per concludere l&#8217;esame.<\/p>\n<\/div>\n<p>&nbsp;<\/p>\n<\/div>\n","protected":false},"excerpt":{"rendered":"<p>Obiettivi L\u2019obiettivo del corso \u00e8 approfondire la conoscenza dei principali metodi statistico-inferenziali utilizzati per le analisi economiche, sociali e finanziarie. Al termine del corso lo studente sar\u00e0 in grado di applicare opportunamente e consapevolmente le principali tecniche inferenziali, con particolare riferimento alla costruzione e utilizzo di stimatori, alla determinazione di intervalli di confidenza e alla &hellip; <a href=\"https:\/\/docenti-deps.unisi.it\/caterinapisani\/statistica-ii\/\" class=\"more-link\">Leggi tutto<span class=\"screen-reader-text\"> &#8220;Inferenza Statistica e Principi di Simulazione&#8221;<\/span><\/a><\/p>\n","protected":false},"author":9,"featured_media":0,"parent":0,"menu_order":0,"comment_status":"closed","ping_status":"closed","template":"","meta":{"footnotes":""},"class_list":["post-791","page","type-page","status-publish","hentry"],"_links":{"self":[{"href":"https:\/\/docenti-deps.unisi.it\/caterinapisani\/wp-json\/wp\/v2\/pages\/791","targetHints":{"allow":["GET"]}}],"collection":[{"href":"https:\/\/docenti-deps.unisi.it\/caterinapisani\/wp-json\/wp\/v2\/pages"}],"about":[{"href":"https:\/\/docenti-deps.unisi.it\/caterinapisani\/wp-json\/wp\/v2\/types\/page"}],"author":[{"embeddable":true,"href":"https:\/\/docenti-deps.unisi.it\/caterinapisani\/wp-json\/wp\/v2\/users\/9"}],"replies":[{"embeddable":true,"href":"https:\/\/docenti-deps.unisi.it\/caterinapisani\/wp-json\/wp\/v2\/comments?post=791"}],"version-history":[{"count":21,"href":"https:\/\/docenti-deps.unisi.it\/caterinapisani\/wp-json\/wp\/v2\/pages\/791\/revisions"}],"predecessor-version":[{"id":1072,"href":"https:\/\/docenti-deps.unisi.it\/caterinapisani\/wp-json\/wp\/v2\/pages\/791\/revisions\/1072"}],"wp:attachment":[{"href":"https:\/\/docenti-deps.unisi.it\/caterinapisani\/wp-json\/wp\/v2\/media?parent=791"}],"curies":[{"name":"wp","href":"https:\/\/api.w.org\/{rel}","templated":true}]}}