{"id":824,"date":"2019-02-10T12:18:47","date_gmt":"2019-02-10T11:18:47","guid":{"rendered":"http:\/\/docenti-deps.unisi.it\/claudiopacati\/?page_id=824"},"modified":"2019-02-10T13:45:09","modified_gmt":"2019-02-10T12:45:09","slug":"imaavmaav","status":"publish","type":"page","link":"https:\/\/docenti-deps.unisi.it\/claudiopacati\/didattica\/imaavmaav\/","title":{"rendered":"IMAAV\/MAAV"},"content":{"rendered":"<p><span style=\"color: red\"><b>Ultimo aggiornamento: 15 settembre 2015 &#8211; Insegnamento non pi\u00f9 attivo<\/b><\/span><\/p>\n<p><span style=\"font-size: big\"><b>Docente:<\/b> <\/span><br \/>\n<b><i><a href=\"mailto:pacati[chiocciola]unisi[punto]it\">prof. C. Pacati<\/a><\/i><\/b><\/p>\n<p><span style=\"font-size: big\"><b>Avvisi:<\/b><\/span><br \/>\nA partire dall&#8217;a.a. 2013-14 <u>l&#8217;insegnamento di MAAV non sar\u00e0 pi\u00f9 svolto<\/u>. Gli appelli <u>proseguiranno per gli studenti che hanno MAAV nel loro piano di studi<\/u>.<br \/>\n<i>Modalit\u00e0 di svolgimento dell&#8217;esame di MAAV:<\/i><br \/>\nL&#8217;esame prevede una prova scritta e una prova orale.<br \/>\nTutte le prove <i>dovranno essere svolte nello stesso appello<\/i>.<br \/>\nDi norma la prova orale si svolge uno o due giorni dopo la prova scritta.<br \/>\nL&#8217;iscrizione all&#8217;esame (scritto pi\u00f9 orale) \u00e8 obbligatoria e va effettuata in forma elettronica <a href=\"https:\/\/segreteriaonline.unisi.it\">qui<\/a>.<br \/>\nPer prenotarsi per l&#8217;esame di MAAV \u00e8 <span style=\"color: red\"><b>obbligatorio contattare il docente per posta elettronica almeno un paio di settimane prima dell&#8217;appello<\/b><\/span>.<br \/>\n<i>Modalit\u00e0 di svolgimento dell&#8217;esame di IMAAV (vecchio ordinamento):<\/i><br \/>\nL&#8217;esame prevede una prova scritta, una prova di laboratorio e una prova orale.<br \/>\nTutte le prove <i>dovranno essere svolte nello stesso appello<\/i>.<br \/>\nIl testo della prova di laboratorio verr\u00e0 pubblicato su questo sito una decina di giorni prima dell&#8217;appello e dovr\u00e0 essere consegnato<br \/>\nnei tempi e secondo le modalit\u00e0 riportate nel testo.<br \/>\nDi norma la prova orale si svolge uno o due giorni dopo la prova scritta.<br \/>\nPer prenotarsi per l&#8217;esame di IMAAV \u00e8 <span style=\"color: red\"><b>obbligatorio contattare il docente per posta elettronica almeno un paio di settimane prima dell&#8217;appello<\/b><\/span>.<\/p>\n<p><span style=\"font-size: big\"><b>Programma:<\/b><\/span><br \/>\n<a href=\"https:\/\/drive.google.com\/open?id=1C3BioMl49Fct18Z_XDJDA9jFhdUD4uYn&amp;authuser=pacati@unisi.it\">programma MAAV dal 2009-10 al 2012-13<\/a> (<a href=\"https:\/\/drive.google.com\/open?id=1CWqytD3jdkoYh4YlpX8zwZemJjFbM08a&amp;authuser=pacati@unisi.it\">english version<\/a>)<br \/>\n<a href=\"https:\/\/drive.google.com\/open?id=1C8b5wj3OqmU6OXmoDbJmu2qZUP6riW_r&amp;authuser=pacati@unisi.it\">programma IMAAV 2008-09<\/a><br \/>\n<a href=\"https:\/\/drive.google.com\/open?id=1C8e7yr4ZTx8FiEiZw2o6ZhNvHC328FDK&amp;authuser=pacati@unisi.it\">programma IMAAV 2007-08<\/a><br \/>\n<a href=\"https:\/\/drive.google.com\/open?id=1CCVrNCQldSEsPgg79IJopiKhdgNr2mPJ&amp;authuser=pacati@unisi.it\">programma IMAAV 2006-07<\/a> (prof. Andrea Battinelli;<i> <a href=\"http:\/\/www.mat.unisi.it\/newsito\/insegnamento.php?id=173\">pagina WWW del corso 2006-07<\/a><\/i>)<br \/>\n<a href=\"https:\/\/drive.google.com\/open?id=1CUwGvqlyowXc8GyN3E-Z432qpnioo8rm&amp;authuser=pacati@unisi.it\">programma IMAAV 2005-06<\/a><\/p>\n<p><span style=\"font-size: big\"><b>Dispense delle lezioni:<\/b><\/span><br \/>\n<a href=\"https:\/\/drive.google.com\/open?id=1Bp9UuixR5_8E-XZmyY5i_zq1qAH_itFU&amp;authuser=pacati@unisi.it\">Tutte le dispense in un unico file (v. a.a. 2012-13)<\/a><\/p>\n<p><span style=\"font-size: big\"><b>Altro materiale:<\/b><\/span><br \/>\n<a href=\"https:\/\/drive.google.com\/open?id=1B4MULEMm-d6yVL0DnnSQ17yOrn9jpxZ5&amp;authuser=pacati@unisi.it\">C. Pacati, <i>Financial Valuation of a New Generation Participating Life-Insurance Contract<\/i><\/a><br \/>\n<a href=\"https:\/\/drive.google.com\/open?id=1A89OTsCilfVWd-Sohc7XbRhGRyOr-Ygp&amp;authuser=pacati@unisi.it\">G. Castellani, M. De Felice, F. Moriconi, C. Pacati, <i>Embedded Value in Life Insurance<\/i><\/a><br \/>\n<a href=\"https:\/\/drive.google.com\/open?id=10sh1FLSHmliDVrwPZghyoetS2UtO6vza&amp;authuser=pacati@unisi.it\">G. Castellani, M. De Felice, F. Moriconi, C. Pacati, <i>Pricing Formulae for Financial Options and Guarantees Embedded in Profit Sharing Life Insurance Policies<\/i><\/a><\/p>\n<p><span style=\"font-size: big\"><b>Esempi di calcolo con Excel sviluppati durate il corso:<\/b><\/span><br \/>\nIn <a href=\"https:\/\/drive.google.com\/open?id=1Bqb-aNFNetR61sQbIIbJz1qkCg99hrsu&amp;authuser=pacati@unisi.it\">questa cartella<\/a> sono disponibili i seguenti file Excel:<br \/>\n<code>calcolo_premio_puro_util_esp_log.xls<\/code>: Calcolo del premio puro in utilit\u00e0 esponenziale e logaritmica<br \/>\n<code>prob.xls<\/code>: Calcolo di probabilit\u00e0 di vita e di morte<br \/>\n<code>mortalita_scontata.xls<\/code>: Costruzione di una tavola con mortalit\u00e0 scontata (aggravata)<br \/>\n<code>valore_premi_prestazioni.xls<\/code>: Calcolo del valore di premi e prestazioni<br \/>\n<code>riserve-Fouret-scomposizione_premio.xls<\/code>: Evoluzione della riserva, equazione di Fouret e scomposizione del premio annuo<br \/>\n<code>Homans-valore_intrinseco.xls<\/code>: Calcolo del valore intrinseco e delle sue componenti (Homans)<br \/>\n<code>polizze_rivalutabili.xls<\/code>: Polizze rivalutabili<br \/>\n<code>valore_intrinseco_polizza_riv.xls<\/code>: Calcolo del valore intrinseco (RAD e mark-to-market) di una polizza rivalutabile<br \/>\n<b>Nota:<\/b> <i>I file Excel contengono funzioni scritte in VBA (&#8220;macro&#8221;). Per poterle usare \u00e8 ncessario impostare la &#8220;protezione delle macro&#8221; (Strumenti-&gt;Macro-&gt;Protezione) ad un livello non superiore a &#8220;medio&#8221;.<\/i><\/p>\n<p><span style=\"font-size: big\"><b>Laboratorio informatico IMAAV (vecchio ordinamento):<\/b><\/span><br \/>\n<a href=\"https:\/\/drive.google.com\/open?id=1Cotp5Os4-tBsCrGAr29nRlRCTb6XTKkJ&amp;authuser=pacati@unisi.it\">Lezioni 1-8<\/a>.<br \/>\n<i>Nota<\/i>: i file Excel incorporano delle funzioni scritte in Visual Basic for Applications (VBA). Per poterle usare occorre acconsentire all&#8217;uso delle macro. Nelle versioni pi\u00f9 recenti di Excel occorre impostare la protezione (men\u00f9 Strumenti, Macro) a &#8220;media&#8221; o &#8220;bassa&#8221;. Per vederne il codice bisogna aprire l&#8217;editor VBA (men\u00f9 Strumenti, Macro).<\/p>\n<p><span style=\"font-size: big\"><b>Prove scritte:<\/b><\/span><br \/>\n<a href=\"https:\/\/drive.google.com\/open?id=1CudMvdblEvb_rSwQcbPRSMBqWzfUjkVC&amp;authuser=pacati@unisi.it\">Archivio prove scritte IMAAV<\/a> (vecchio ordinamento).<br \/>\n<a href=\"https:\/\/drive.google.com\/open?id=1CwyHgR-2jb8h3iUlakpyXi8K4kbh8Rwn&amp;authuser=pacati@unisi.it\">Archivio prove di laboratorio IMAAV<\/a> (vecchio ordinamento).<br \/>\n<a href=\"https:\/\/drive.google.com\/open?id=1CwbvuzBoiUd6sP2w9J9So1dyG53CqeTY&amp;authuser=pacati@unisi.it\">Archivio prove scritte MAAV<\/a>.<\/p>\n","protected":false},"excerpt":{"rendered":"<p>Ultimo aggiornamento: 15 settembre 2015 &#8211; Insegnamento non pi\u00f9 attivo Docente: prof. C. Pacati Avvisi: A partire dall&#8217;a.a. 2013-14 l&#8217;insegnamento di MAAV non sar\u00e0 pi\u00f9 svolto. Gli appelli proseguiranno per gli studenti che hanno MAAV nel loro piano di studi. Modalit\u00e0 di svolgimento dell&#8217;esame di MAAV: L&#8217;esame prevede una prova scritta e una prova orale. &hellip; <a href=\"https:\/\/docenti-deps.unisi.it\/claudiopacati\/didattica\/imaavmaav\/\" class=\"more-link\">Leggi tutto<span class=\"screen-reader-text\"> &#8220;IMAAV\/MAAV&#8221;<\/span><\/a><\/p>\n","protected":false},"author":14,"featured_media":0,"parent":11,"menu_order":0,"comment_status":"closed","ping_status":"closed","template":"","meta":{"footnotes":""},"class_list":["post-824","page","type-page","status-publish","hentry"],"_links":{"self":[{"href":"https:\/\/docenti-deps.unisi.it\/claudiopacati\/wp-json\/wp\/v2\/pages\/824","targetHints":{"allow":["GET"]}}],"collection":[{"href":"https:\/\/docenti-deps.unisi.it\/claudiopacati\/wp-json\/wp\/v2\/pages"}],"about":[{"href":"https:\/\/docenti-deps.unisi.it\/claudiopacati\/wp-json\/wp\/v2\/types\/page"}],"author":[{"embeddable":true,"href":"https:\/\/docenti-deps.unisi.it\/claudiopacati\/wp-json\/wp\/v2\/users\/14"}],"replies":[{"embeddable":true,"href":"https:\/\/docenti-deps.unisi.it\/claudiopacati\/wp-json\/wp\/v2\/comments?post=824"}],"version-history":[{"count":3,"href":"https:\/\/docenti-deps.unisi.it\/claudiopacati\/wp-json\/wp\/v2\/pages\/824\/revisions"}],"predecessor-version":[{"id":828,"href":"https:\/\/docenti-deps.unisi.it\/claudiopacati\/wp-json\/wp\/v2\/pages\/824\/revisions\/828"}],"up":[{"embeddable":true,"href":"https:\/\/docenti-deps.unisi.it\/claudiopacati\/wp-json\/wp\/v2\/pages\/11"}],"wp:attachment":[{"href":"https:\/\/docenti-deps.unisi.it\/claudiopacati\/wp-json\/wp\/v2\/media?parent=824"}],"curies":[{"name":"wp","href":"https:\/\/api.w.org\/{rel}","templated":true}]}}