{"id":9,"date":"2014-08-26T21:03:19","date_gmt":"2014-08-26T19:03:19","guid":{"rendered":"http:\/\/michelangelovasta.wordpress.com\/?page_id=1"},"modified":"2025-09-24T13:28:21","modified_gmt":"2025-09-24T11:28:21","slug":"info","status":"publish","type":"page","link":"https:\/\/docenti-deps.unisi.it\/francescabettio\/","title":{"rendered":"Home"},"content":{"rendered":"<p style=\"text-align: left\"><img loading=\"lazy\" decoding=\"async\" class=\" wp-image-870 alignleft\" src=\"https:\/\/docenti-deps.unisi.it\/francescabettio\/wp-content\/uploads\/sites\/22\/2014\/08\/foto-bettio-234x300.png\" alt=\"\" width=\"246\" height=\"315\" srcset=\"https:\/\/docenti-deps.unisi.it\/francescabettio\/wp-content\/uploads\/sites\/22\/2014\/08\/foto-bettio-234x300.png 234w, https:\/\/docenti-deps.unisi.it\/francescabettio\/wp-content\/uploads\/sites\/22\/2014\/08\/foto-bettio.png 550w\" sizes=\"auto, (max-width: 246px) 85vw, 246px\" \/><\/p>\n<p><strong>I<\/strong><strong>l mio percorso accademico e professionale <\/strong><\/p>\n<p>Dopo la laurea in Scienze Politiche &#8211; conseguita a Bologna frequentando il prestigioso Istituto di Scienze Economiche gestito dal prof. Beniamino Andreatta &#8211; e dopo aver otenuto il diploma in economia \u00a0dello \u00a0sviluppo \u00a0presso \u00a0il \u00a0Centro \u00a0di Specializzazione e Ricerche Economico-Agrarie per il Mezzogiorno, mi sono trasferita in Gran retagna per conseguire il <em>Master of Science <\/em>presso la London School of Economics, seguito dal dottorato\u00a0\u00a0 \u00a0in\u00a0\u00a0 \u00a0economia\u00a0\u00a0 \u00a0(<em>Philosophy\u00a0\u00a0 \u00a0Doctor<\/em>) conferitomi dalla Universit\u00e0 di Cambridge. Ho poi scelto di rientrare in Italia dove ho insegnato in \u00a0diverse \u00a0sedi \u00a0universitarie \u00a0&#8211; \u00a0Napoli, \u00a0Roma, Salerno &#8211; ma principalmente a Siena dove mi sono trasferita in qualit\u00e0 di professore associato nel 1991 e ho ottenuto l\u2019ordinariato nel 2000.<\/p>\n<p>Sono stata Monte dei Paschi <em>Visiting Fellow <\/em>presso il S. Antony\u2019s College, Oxford, <em>Visiting Scholar <\/em>presso universit\u00e0 statunitensi (Barnard College, University of Columbia;\u00a0 American University; New School for Social Research) e, recentemente, a Citt\u00e0 del Capo (School of Economics, University of Cape Town). Ho anche insegnato all\u2019Universidade Eduardo Mondlane di Maputo.<\/p>\n<p>I miei interessi di ricerca hanno inizialmente privilegiato questioni di mercato del lavoro in chiave di genere. Ho svolto ricerche pionieristiche per l\u2019Italia su aspetti del mercato del lavoro femminile quali occupazione e disoccupazione, segregazione occupazionale e discriminazione, differenze salariali e di reddito. La mia tesi di dottorato su questi temi \u00e8 stata pubblicata nel 1988 per i tipi della prestigiosa Clarendon Press (\u2018<em>The Sexual Division of Labour<\/em>\u2019) e funge tutt\u2019ora da riferimento in alcuni ambiti poich\u00e9 \u00e8 il primo lavoro di ricerca in Italia che abbraccia un arco temporale lungo &#8211; dall\u2019Ottocento agli anni ottanta &#8211; intrecciando storia, teoria e statistiche. L\u2019 attivit\u00e0 di ricerca si \u00e8 successivamente allargata a temi affini quali l\u2019economia del lavoro di cura e le disparit\u00e0 di reddito da pensione, ma anche ad altri campi di indagine quali la fecondit\u00e0, il lavoro sessuale e le dimensioni economiche della violenza di genere.<\/p>\n<p>I miei lavori hanno trovato eco in alcuni dei maggiori organi di stampa nazionale \u2013 Corriere della Sera (il supplemento \u2018io donna\u2019 in particolare), il Sole 24ore, la Repubblica, l\u2019Espresso, il Fatto Quotidiano, il Manifesto e il Post. Menzioni e interviste sono comparse anche sulla grande stampa estera \u2013 il New York Times e l\u2019Economist in particolare \u2013 sulla stampa nazionale di paesi come Slovenia e Cina, su riviste femminili come Gioia, Grazia e Vanity Fair e in numerosi siti online.<\/p>\n<p>Possiedo un\u2019esperienza pi\u00f9 che trentennale di consulenza scientifica per la Commissione Europea. Ho iniziato nel 1985, poco dopo aver conseguito il dottorato, in qualit\u00e0 di esperta per l\u2019Italia su temi di politiche del lavoro e di uguaglianza di genere. \u00a0Nel 1996 ho assunto il ruolo di coordinatrice dell\u2019intera rete europea di esperte nazionali su questi temi, ruolo che mi \u00e8 stato rinnovato ripetutamente e che mi ha permesso di acquisire una vasta competenza in ambito europeo (vedi, ad esempio,\u00a0\u00a0 \u00a0<a href=\"http:\/\/www.enege.eu\/\">www.enege.eu;<\/a> <a href=\"http:\/\/www.fondazionebrodolini.it\/progetti\/saage-ricerca-e-consulenza-sulluguaglianza-di-genere-europa\">www.fondazionebrodolini.it\/progetti\/saage-ricerca-e-consulenza-sulluguaglianza-di-genere-europa)<\/a>.<\/p>\n<p>A partire dai primi anni del 2000 e per almeno un decennio ho fatto parte del Comitato Scientifico delle Fondazioni J.A. Zaninoni e Giacomo Brodolini, e dal 2011 sono membro del Consiglio di amministrazione della Fondazione Brodolini. La Fondazione Zaninoni ha dato impulso alle prime sperimentazioni del bilancio di genere nelle amministrazioni pubbliche italiane che mi hanno visto protagonista negli anni duemila assieme alla prof.ssa Annalisa Rosselli. La Fondazione G. Brodolini ha fatto da tramite gestionale alla succitata attivit\u00e0 di coordinatrice scientifica di reti di esperte europee, ma la mia collaborazione con questa istituzione si \u00e8 estesa ad altri ambiti, ivi incluso il portale inGenere che ho contribuito a fondare nel 2009 e che fa capo alla Fondazione (<a href=\"http:\/\/www.ingenere.it\/\">www.ingenere.it).<\/a><\/p>\n<p>Dal 2020 al 2023 sono stata Amministratore Indipendente della Banca Monte dei Paschi di Siena, e in tale ambito ho rivestito la carica di Vicepresidente.<\/p>\n<p>Attualmente svolgo attivit\u00e0 di libera consulenza e di peer review su temi di economia del lavoro e di genere in ambito europeo ed internazionale. Nonostante abbia superato l\u2019et\u00e0 pensionabile, continuo a collaborare a progetti di ricerca in ambito accademico, alla relativa attivit\u00e0 pubblicistica nonch\u00e9 alla divulgazione sui media.<\/p>\n<p>&nbsp;<\/p>\n<p>*******************<\/p>\n<p><strong>M<\/strong><strong>y academic and professional career<\/strong><\/p>\n<p>After graduating in Political Science from the University of Bologna, majoring at the Istituto di Scienze Economiche directed by Professor Beniamino Andreatta, and after specialising in development economics at the Centro di Specializzazione e Ricerche Economico-Agrarie per il Mezzogiorno at Portici, Naples, I obtained a <em>Master of Science <\/em>at the London School of Economics, followed by a Ph.D. in economics at the University of Cambridge. I then returned to Italy where I taught at different universities: Naples, Rome, Salerno and principally Siena, where I took up the post of associate professor in 1991 and full professor in 2000. I was Monte dei Paschi <em>Visiting Fellow <\/em>at St. Anthony\u2019s College, \u00a0Oxford, \u00a0<em>Visiting Scholar\u00a0 <\/em>at various American\u00a0 universities \u00a0(Barnard College, \u00a0University\u00a0 of Columbia, \u00a0The \u00a0American University, The New School for Social Research) and recently at the School of Economics, University of Cape Town. I also taught at Universidade Eduardo Mondlane in Maputo.<\/p>\n<p>My research interests initially concerned the labour market, with a focus on gender. I did pioneering work on aspects of the female labour market in Italy such as employment and unemployment, occupational segregation and discrimination, disparities in salaries and incomes. <em>The Sexual Division of Labour <\/em>(1988, Clarendon Press) reproduces my doctoral thesis and is still considered a reference for contemporary scholarship as the first study on these topics in Italy covering almost a century, and combining history, theory and statistics. My research subsequently focused on Europe, extended to contiguous topics such as gender disparities in retirement income and the care economy, but also branched out into fields of investigation such as fertility, sex work and the economic dimensions of violence against women.<\/p>\n<p>My work resonated in major Italian newspapers such as Corriere della Sera (especially the supplement \u2018Io Donna\u2019), Il Sole 24 ore, La Repubblica, L\u2019Espresso, Il Fatto Quotidiano, Il Manifesto and Il Post. \u00a0It achieved mentions and interviews in the foreign press, in particular The New York Times and The Economist, in the national press of Slovenia and China, in women&#8217;s magazines such as Gioia, Grazia and Vanity Fair, and on many websites.<\/p>\n<p>I have more than 30 years of experience as scientific consultant for the European Commission. I began in 1985, shortly after receiving my Ph.D., as an expert for Italy on labour policy and gender equality. In 1996 I became coordinator of the European network of national experts on this topic, a role that was renewed several times and that, among other things, enabled me to acquire considerable competence \u00a0at the European level (e.g. see\u00a0 <a href=\"http:\/\/www.enege.eu\/\">www.enege.eu<\/a>\u00a0 and <a href=\"https:\/\/www.fondazionebrodolini.it\/progetti\/saage-ricerca-e-consulenza-sulluguaglianza-di-genere-europa\">https:\/\/www.fondazionebrodolini.it\/progetti\/saage-<\/a><a href=\"https:\/\/www.fondazionebrodolini.it\/progetti\/saage-ricerca-e-consulenza-sulluguaglianza-di-genere-europa\">ricerca-e-consulenza-sulluguaglianza-di-genere-europa ).<\/a><\/p>\n<p>For at least a decade starting in the early 2000s, I was on the scientific committee of the J.A. Zaninoni and Giacomo Brodolini foundations, and since 2011, I have been on the Board of Directors of the former. The Fondazione Zaninoni fostered the first experiments on gender balance by Italian public authorities, led by me and prof. Rosselli in the 2000s. The Fondazione Brodolini acted as contractor for the above-mentioned scientific coordination of the networks of European experts, but my collaboration with the Fondazione also included its portal inGenere that I helped set up in 2009 (<a href=\"http:\/\/www.ingenere.it\/\">www.ingenere.it).<\/a><\/p>\n<p>From 2020 to 2023, I was an independent administrator of the Banca Monte dei Paschi di Siena, and acted as vice president. I currently do consultancy and peer reviews on topics of labour economics and gender in Europe and beyond. Although I have reached retirement age, I continue to be active in academic research and the media, and to publish in specialist journals.<\/p>\n","protected":false},"excerpt":{"rendered":"<p>Il mio percorso accademico e professionale Dopo la laurea in Scienze Politiche &#8211; conseguita a Bologna frequentando il prestigioso Istituto di Scienze Economiche gestito dal prof. Beniamino Andreatta &#8211; e dopo aver otenuto il diploma in economia \u00a0dello \u00a0sviluppo \u00a0presso \u00a0il \u00a0Centro \u00a0di Specializzazione e Ricerche Economico-Agrarie per il Mezzogiorno, mi sono trasferita in Gran &hellip; <a href=\"https:\/\/docenti-deps.unisi.it\/francescabettio\/\" class=\"more-link\">Leggi tutto<span class=\"screen-reader-text\"> &#8220;Home&#8221;<\/span><\/a><\/p>\n","protected":false},"author":9,"featured_media":0,"parent":0,"menu_order":0,"comment_status":"closed","ping_status":"closed","template":"","meta":{"footnotes":""},"class_list":["post-9","page","type-page","status-publish","hentry"],"_links":{"self":[{"href":"https:\/\/docenti-deps.unisi.it\/francescabettio\/wp-json\/wp\/v2\/pages\/9","targetHints":{"allow":["GET"]}}],"collection":[{"href":"https:\/\/docenti-deps.unisi.it\/francescabettio\/wp-json\/wp\/v2\/pages"}],"about":[{"href":"https:\/\/docenti-deps.unisi.it\/francescabettio\/wp-json\/wp\/v2\/types\/page"}],"author":[{"embeddable":true,"href":"https:\/\/docenti-deps.unisi.it\/francescabettio\/wp-json\/wp\/v2\/users\/9"}],"replies":[{"embeddable":true,"href":"https:\/\/docenti-deps.unisi.it\/francescabettio\/wp-json\/wp\/v2\/comments?post=9"}],"version-history":[{"count":26,"href":"https:\/\/docenti-deps.unisi.it\/francescabettio\/wp-json\/wp\/v2\/pages\/9\/revisions"}],"predecessor-version":[{"id":945,"href":"https:\/\/docenti-deps.unisi.it\/francescabettio\/wp-json\/wp\/v2\/pages\/9\/revisions\/945"}],"wp:attachment":[{"href":"https:\/\/docenti-deps.unisi.it\/francescabettio\/wp-json\/wp\/v2\/media?parent=9"}],"curies":[{"name":"wp","href":"https:\/\/api.w.org\/{rel}","templated":true}]}}