{"id":1382,"date":"2020-02-01T01:07:49","date_gmt":"2020-02-01T00:07:49","guid":{"rendered":"http:\/\/docenti-deps.unisi.it\/giannibonaiuti\/?page_id=1382"},"modified":"2020-02-19T02:01:51","modified_gmt":"2020-02-19T01:01:51","slug":"calendario-orali-per-chi-ha-superato-la-prova-intermedia-2","status":"publish","type":"page","link":"https:\/\/docenti-deps.unisi.it\/giannibonaiuti\/calendario-orali-per-chi-ha-superato-la-prova-intermedia-2\/","title":{"rendered":"Calendario orali per chi ha superato la prova intermedia"},"content":{"rendered":"<table width=\"650\">\n<tbody>\n<tr>\n<td colspan=\"5\" width=\"500\">Calendario orali per chi ha superato la prova intermedia<\/td>\n<td width=\"10\"><\/td>\n<td width=\"50\"><\/td>\n<td width=\"50\"><\/td>\n<\/tr>\n<tr>\n<td><\/td>\n<td><\/td>\n<td><\/td>\n<td><\/td>\n<td><\/td>\n<td><\/td>\n<td><\/td>\n<td><\/td>\n<\/tr>\n<tr>\n<td colspan=\"4\">Economia Monetaria<\/td>\n<td><\/td>\n<td><\/td>\n<td><\/td>\n<td><\/td>\n<\/tr>\n<tr>\n<td><\/td>\n<td><\/td>\n<td><\/td>\n<td><\/td>\n<td><\/td>\n<td><\/td>\n<td><\/td>\n<td><\/td>\n<\/tr>\n<tr>\n<td>074962<\/td>\n<td><\/td>\n<td><\/td>\n<td>COLLE<\/td>\n<td>mercoled\u00ec 19 febbraio<\/td>\n<td><\/td>\n<td>ore 13.30<\/td>\n<td>aula 1<\/td>\n<\/tr>\n<tr>\n<td>066729<\/td>\n<td><\/td>\n<td><\/td>\n<td>COLOMBATI<\/td>\n<td>mercoled\u00ec 19 febbraio<\/td>\n<td><\/td>\n<td>ore 14.00<\/td>\n<td>aula 1<\/td>\n<\/tr>\n<tr>\n<td>067754<\/td>\n<td><\/td>\n<td><\/td>\n<td>CORVO<\/td>\n<td>mercoled\u00ec 19 febbraio<\/td>\n<td><\/td>\n<td>ore 14.30<\/td>\n<td>aula 1<\/td>\n<\/tr>\n<tr>\n<td>076921<\/td>\n<td><\/td>\n<td><\/td>\n<td>GIORLI<\/td>\n<td>mercoled\u00ec 19 febbraio<\/td>\n<td><\/td>\n<td>ore 15.00<\/td>\n<td>aula 1<\/td>\n<\/tr>\n<tr>\n<td>029026<\/td>\n<td><\/td>\n<td><\/td>\n<td>ISMAILAJ<\/td>\n<td>mercoled\u00ec 19 febbraio<\/td>\n<td><\/td>\n<td>ore 15.30<\/td>\n<td>aula 1<\/td>\n<\/tr>\n<tr>\n<td>068578<\/td>\n<td><\/td>\n<td><\/td>\n<td>PINNA<\/td>\n<td>mercoled\u00ec 19 febbraio<\/td>\n<td><\/td>\n<td>ore 16.30<\/td>\n<td>aula 1<\/td>\n<\/tr>\n<tr>\n<td>030136<\/td>\n<td><\/td>\n<td><\/td>\n<td>ROMANO<\/td>\n<td>mercoled\u00ec 19 febbraio<\/td>\n<td><\/td>\n<td>ore 17.00<\/td>\n<td>aula 1<\/td>\n<\/tr>\n<tr>\n<td>073950<\/td>\n<td><\/td>\n<td><\/td>\n<td>RUIZ<\/td>\n<td>mercoled\u00ec 19 febbraio<\/td>\n<td><\/td>\n<td>ore 17.30<\/td>\n<td>aula 1<\/td>\n<\/tr>\n<tr>\n<td>075813<\/td>\n<td><\/td>\n<td><\/td>\n<td>SPANNOCCHI<\/td>\n<td>mercoled\u00ec 19 febbraio<\/td>\n<td><\/td>\n<td>ore 18.00<\/td>\n<td>aula 1<\/td>\n<\/tr>\n<tr>\n<td><\/td>\n<td><\/td>\n<td><\/td>\n<td><\/td>\n<td><\/td>\n<td><\/td>\n<td><\/td>\n<td><\/td>\n<\/tr>\n<tr>\n<td>077345<\/td>\n<td><\/td>\n<td><\/td>\n<td>TESTI<\/td>\n<td>venerd\u00ec 21 febbraio<\/td>\n<td><\/td>\n<td>ore 10.00<\/td>\n<td>aula 1<\/td>\n<\/tr>\n<tr>\n<td>070011<\/td>\n<td><\/td>\n<td><\/td>\n<td>CALONE<\/td>\n<td>venerd\u00ec 21 febbraio<\/td>\n<td><\/td>\n<td>ore 10.30<\/td>\n<td>aula 1<\/td>\n<\/tr>\n<tr>\n<td><\/td>\n<td><\/td>\n<td><\/td>\n<td><\/td>\n<td><\/td>\n<td><\/td>\n<td><\/td>\n<td><\/td>\n<\/tr>\n<tr>\n<td><\/td>\n<td><\/td>\n<td><\/td>\n<td><\/td>\n<td><\/td>\n<td><\/td>\n<td><\/td>\n<td><\/td>\n<\/tr>\n<tr>\n<td><\/td>\n<td><\/td>\n<td><\/td>\n<td><\/td>\n<td><\/td>\n<td><\/td>\n<td><\/td>\n<td><\/td>\n<\/tr>\n<tr>\n<td colspan=\"4\">Economia Monetaria e Creditizia<\/td>\n<td><\/td>\n<td><\/td>\n<td><\/td>\n<td><\/td>\n<\/tr>\n<tr>\n<td><\/td>\n<td><\/td>\n<td><\/td>\n<td><\/td>\n<td><\/td>\n<td><\/td>\n<td><\/td>\n<td><\/td>\n<\/tr>\n<tr>\n<td>054511<\/td>\n<td><\/td>\n<td><\/td>\n<td>BIAGI<\/td>\n<td>mercoled\u00ec 19 febbraio<\/td>\n<td><\/td>\n<td>ore 16.00<\/td>\n<td>aula 1<\/td>\n<\/tr>\n<tr>\n<td>075502<\/td>\n<td><\/td>\n<td><\/td>\n<td>DI NOIA<\/td>\n<td>venerd\u00ec\u00a0 21 febbraio<\/td>\n<td><\/td>\n<td>ore 11.00<\/td>\n<td>aula 1<\/td>\n<\/tr>\n<tr>\n<td>075533<\/td>\n<td><\/td>\n<td><\/td>\n<td>MUGELLI<\/td>\n<td>venerd\u00ec 21 febbraio<\/td>\n<td><\/td>\n<td>ore 12.30<\/td>\n<td>aula 1<\/td>\n<\/tr>\n<tr>\n<td>076598<\/td>\n<td><\/td>\n<td><\/td>\n<td>STRAVATO<\/td>\n<td>venerd\u00ec 21 febbraio<\/td>\n<td><\/td>\n<td>ore 16.00<\/td>\n<td>aula 1<\/td>\n<\/tr>\n<tr>\n<td><\/td>\n<td><\/td>\n<td><\/td>\n<td><\/td>\n<td><\/td>\n<td><\/td>\n<td><\/td>\n<td><\/td>\n<\/tr>\n<\/tbody>\n<\/table>\n","protected":false},"excerpt":{"rendered":"<p>Calendario orali per chi ha superato la prova intermedia Economia Monetaria 074962 COLLE mercoled\u00ec 19 febbraio ore 13.30 aula 1 066729 COLOMBATI mercoled\u00ec 19 febbraio ore 14.00 aula 1 067754 CORVO mercoled\u00ec 19 febbraio ore 14.30 aula 1 076921 GIORLI mercoled\u00ec 19 febbraio ore 15.00 aula 1 029026 ISMAILAJ mercoled\u00ec 19 febbraio ore 15.30 aula &hellip; <a href=\"https:\/\/docenti-deps.unisi.it\/giannibonaiuti\/calendario-orali-per-chi-ha-superato-la-prova-intermedia-2\/\" class=\"more-link\">Leggi tutto<span class=\"screen-reader-text\"> &#8220;Calendario orali per chi ha superato la prova intermedia&#8221;<\/span><\/a><\/p>\n","protected":false},"author":34,"featured_media":0,"parent":0,"menu_order":0,"comment_status":"closed","ping_status":"closed","template":"","meta":{"footnotes":""},"class_list":["post-1382","page","type-page","status-publish","hentry"],"_links":{"self":[{"href":"https:\/\/docenti-deps.unisi.it\/giannibonaiuti\/wp-json\/wp\/v2\/pages\/1382","targetHints":{"allow":["GET"]}}],"collection":[{"href":"https:\/\/docenti-deps.unisi.it\/giannibonaiuti\/wp-json\/wp\/v2\/pages"}],"about":[{"href":"https:\/\/docenti-deps.unisi.it\/giannibonaiuti\/wp-json\/wp\/v2\/types\/page"}],"author":[{"embeddable":true,"href":"https:\/\/docenti-deps.unisi.it\/giannibonaiuti\/wp-json\/wp\/v2\/users\/34"}],"replies":[{"embeddable":true,"href":"https:\/\/docenti-deps.unisi.it\/giannibonaiuti\/wp-json\/wp\/v2\/comments?post=1382"}],"version-history":[{"count":27,"href":"https:\/\/docenti-deps.unisi.it\/giannibonaiuti\/wp-json\/wp\/v2\/pages\/1382\/revisions"}],"predecessor-version":[{"id":1436,"href":"https:\/\/docenti-deps.unisi.it\/giannibonaiuti\/wp-json\/wp\/v2\/pages\/1382\/revisions\/1436"}],"wp:attachment":[{"href":"https:\/\/docenti-deps.unisi.it\/giannibonaiuti\/wp-json\/wp\/v2\/media?parent=1382"}],"curies":[{"name":"wp","href":"https:\/\/api.w.org\/{rel}","templated":true}]}}