{"id":1407,"date":"2020-02-03T07:11:17","date_gmt":"2020-02-03T06:11:17","guid":{"rendered":"http:\/\/docenti-deps.unisi.it\/giannibonaiuti\/?page_id=1407"},"modified":"2020-02-03T07:11:17","modified_gmt":"2020-02-03T06:11:17","slug":"prova-scritta-del-31-gennaio-2020","status":"publish","type":"page","link":"https:\/\/docenti-deps.unisi.it\/giannibonaiuti\/prova-scritta-del-31-gennaio-2020\/","title":{"rendered":"Prova scritta del 31 gennaio 2020"},"content":{"rendered":"<table width=\"565\">\n<tbody>\n<tr>\n<td colspan=\"4\" width=\"237\">Economia Monetaria<\/td>\n<td width=\"145\"><\/td>\n<td width=\"19\"><\/td>\n<td width=\"89\"><\/td>\n<td width=\"75\"><\/td>\n<\/tr>\n<tr>\n<td colspan=\"5\">Risultato della prova scritta del 31 gennaio 2020<\/td>\n<td><\/td>\n<td><\/td>\n<td><\/td>\n<\/tr>\n<tr>\n<td><\/td>\n<td><\/td>\n<td><\/td>\n<td><\/td>\n<td><\/td>\n<td><\/td>\n<td><\/td>\n<td><\/td>\n<\/tr>\n<tr>\n<td colspan=\"2\">Matricola<\/td>\n<td><\/td>\n<td>Risultato<\/td>\n<td>Data esame orale<\/td>\n<td><\/td>\n<td><\/td>\n<td><\/td>\n<\/tr>\n<tr>\n<td><\/td>\n<td><\/td>\n<td><\/td>\n<td><\/td>\n<td><\/td>\n<td><\/td>\n<td><\/td>\n<td><\/td>\n<\/tr>\n<tr>\n<td><\/td>\n<td><\/td>\n<td><\/td>\n<td><\/td>\n<td><\/td>\n<td><\/td>\n<td><\/td>\n<td><\/td>\n<\/tr>\n<tr>\n<td>069142<\/td>\n<td>C<\/td>\n<td>C<\/td>\n<td>19<\/td>\n<td>marted\u00ec 4 febbraio<\/td>\n<td><\/td>\n<td>ore 12.00<\/td>\n<td>aula 6<\/td>\n<\/tr>\n<tr>\n<td>061669<\/td>\n<td>C<\/td>\n<td>E<\/td>\n<td>25-26<\/td>\n<td>marted\u00ec 4 febbraio<\/td>\n<td><\/td>\n<td>ore 12.30<\/td>\n<td>aula 6<\/td>\n<\/tr>\n<tr>\n<td>067852<\/td>\n<td>C<\/td>\n<td>G<\/td>\n<td>24<\/td>\n<td>marted\u00ec 4 febbraio<\/td>\n<td><\/td>\n<td>ore 13.00<\/td>\n<td>aula 6<\/td>\n<\/tr>\n<tr>\n<td>074708<\/td>\n<td>C<\/td>\n<td>V<\/td>\n<td>23<\/td>\n<td>marted\u00ec 4 febbraio<\/td>\n<td><\/td>\n<td>ore 13.30<\/td>\n<td>aula 6<\/td>\n<\/tr>\n<tr>\n<td>075628<\/td>\n<td>F<\/td>\n<td>L<\/td>\n<td>20<\/td>\n<td>mercoled\u00ec 5 febbraio<\/td>\n<td><\/td>\n<td>ore 10.00<\/td>\n<td>aula 6<\/td>\n<\/tr>\n<tr>\n<td>074772<\/td>\n<td>F<\/td>\n<td>M<\/td>\n<td>23-24<\/td>\n<td>mercoled\u00ec 5 febbraio<\/td>\n<td><\/td>\n<td>ore 10.30<\/td>\n<td>aula 6<\/td>\n<\/tr>\n<tr>\n<td>067102<\/td>\n<td>G<\/td>\n<td>A<\/td>\n<td>19-20<\/td>\n<td>mercoled\u00ec 5 febbraio<\/td>\n<td><\/td>\n<td>ore 11.00<\/td>\n<td>aula 6<\/td>\n<\/tr>\n<tr>\n<td>073965<\/td>\n<td>L<\/td>\n<td>E<\/td>\n<td>24-25<\/td>\n<td>mercoled\u00ec 5 febbraio<\/td>\n<td><\/td>\n<td>ore 12.00<\/td>\n<td>aula 6<\/td>\n<\/tr>\n<tr>\n<td>070016<\/td>\n<td>L<\/td>\n<td>R<\/td>\n<td>22<\/td>\n<td>mercoled\u00ec 5 febbraio<\/td>\n<td><\/td>\n<td>ore 12.30<\/td>\n<td>aula 6<\/td>\n<\/tr>\n<tr>\n<td>069423<\/td>\n<td>M<\/td>\n<td>F<\/td>\n<td>17-18<\/td>\n<td>mercoled\u00ec 5 febbraio<\/td>\n<td><\/td>\n<td>ore 13.00<\/td>\n<td>aula 6<\/td>\n<\/tr>\n<tr>\n<td>073684<\/td>\n<td>P<\/td>\n<td>N<\/td>\n<td>26-27<\/td>\n<td>mercoled\u00ec 5 febbraio<\/td>\n<td><\/td>\n<td>ore 15.00<\/td>\n<td>aula 6<\/td>\n<\/tr>\n<tr>\n<td>068564<\/td>\n<td>T<\/td>\n<td>L<\/td>\n<td>24-25<\/td>\n<td>mercoled\u00ec 5 febbraio<\/td>\n<td><\/td>\n<td>ore 16.00<\/td>\n<td>aula 6<\/td>\n<\/tr>\n<tr>\n<td><\/td>\n<td><\/td>\n<td><\/td>\n<td><\/td>\n<td><\/td>\n<td><\/td>\n<td><\/td>\n<td><\/td>\n<\/tr>\n<tr>\n<td><\/td>\n<td><\/td>\n<td><\/td>\n<td><\/td>\n<td><\/td>\n<td><\/td>\n<td><\/td>\n<td><\/td>\n<\/tr>\n<tr>\n<td colspan=\"4\">Economia Monetaria e Creditizia<\/td>\n<td><\/td>\n<td><\/td>\n<td><\/td>\n<td><\/td>\n<\/tr>\n<tr>\n<td colspan=\"5\">Risultato della prova scritta del 31 gennaio 2020<\/td>\n<td><\/td>\n<td><\/td>\n<td><\/td>\n<\/tr>\n<tr>\n<td><\/td>\n<td><\/td>\n<td><\/td>\n<td><\/td>\n<td><\/td>\n<td><\/td>\n<td><\/td>\n<td><\/td>\n<\/tr>\n<tr>\n<td colspan=\"2\">Matricola<\/td>\n<td><\/td>\n<td>Risultato<\/td>\n<td>Data esame orale<\/td>\n<td><\/td>\n<td><\/td>\n<td><\/td>\n<\/tr>\n<tr>\n<td><\/td>\n<td><\/td>\n<td><\/td>\n<td><\/td>\n<td><\/td>\n<td><\/td>\n<td><\/td>\n<td><\/td>\n<\/tr>\n<tr>\n<td>070677<\/td>\n<td>B<\/td>\n<td>F<\/td>\n<td>22-23<\/td>\n<td>mercoled\u00ec 5 febbraio<\/td>\n<td><\/td>\n<td>ore 14.30<\/td>\n<td>aula 6<\/td>\n<\/tr>\n<tr>\n<td>076146<\/td>\n<td>G<\/td>\n<td>G<\/td>\n<td>24-25<\/td>\n<td>mercoled\u00ec 5 febbraio<\/td>\n<td><\/td>\n<td>ore 15.30<\/td>\n<td>aula 6<\/td>\n<\/tr>\n<\/tbody>\n<\/table>\n","protected":false},"excerpt":{"rendered":"<p>Economia Monetaria Risultato della prova scritta del 31 gennaio 2020 Matricola Risultato Data esame orale 069142 C C 19 marted\u00ec 4 febbraio ore 12.00 aula 6 061669 C E 25-26 marted\u00ec 4 febbraio ore 12.30 aula 6 067852 C G 24 marted\u00ec 4 febbraio ore 13.00 aula 6 074708 C V 23 marted\u00ec 4 febbraio &hellip; <a href=\"https:\/\/docenti-deps.unisi.it\/giannibonaiuti\/prova-scritta-del-31-gennaio-2020\/\" class=\"more-link\">Leggi tutto<span class=\"screen-reader-text\"> &#8220;Prova scritta del 31 gennaio 2020&#8221;<\/span><\/a><\/p>\n","protected":false},"author":34,"featured_media":0,"parent":0,"menu_order":0,"comment_status":"closed","ping_status":"closed","template":"","meta":{"footnotes":""},"class_list":["post-1407","page","type-page","status-publish","hentry"],"_links":{"self":[{"href":"https:\/\/docenti-deps.unisi.it\/giannibonaiuti\/wp-json\/wp\/v2\/pages\/1407","targetHints":{"allow":["GET"]}}],"collection":[{"href":"https:\/\/docenti-deps.unisi.it\/giannibonaiuti\/wp-json\/wp\/v2\/pages"}],"about":[{"href":"https:\/\/docenti-deps.unisi.it\/giannibonaiuti\/wp-json\/wp\/v2\/types\/page"}],"author":[{"embeddable":true,"href":"https:\/\/docenti-deps.unisi.it\/giannibonaiuti\/wp-json\/wp\/v2\/users\/34"}],"replies":[{"embeddable":true,"href":"https:\/\/docenti-deps.unisi.it\/giannibonaiuti\/wp-json\/wp\/v2\/comments?post=1407"}],"version-history":[{"count":1,"href":"https:\/\/docenti-deps.unisi.it\/giannibonaiuti\/wp-json\/wp\/v2\/pages\/1407\/revisions"}],"predecessor-version":[{"id":1408,"href":"https:\/\/docenti-deps.unisi.it\/giannibonaiuti\/wp-json\/wp\/v2\/pages\/1407\/revisions\/1408"}],"wp:attachment":[{"href":"https:\/\/docenti-deps.unisi.it\/giannibonaiuti\/wp-json\/wp\/v2\/media?parent=1407"}],"curies":[{"name":"wp","href":"https:\/\/api.w.org\/{rel}","templated":true}]}}