{"id":1439,"date":"2020-02-21T01:31:08","date_gmt":"2020-02-21T00:31:08","guid":{"rendered":"http:\/\/docenti-deps.unisi.it\/giannibonaiuti\/?page_id=1439"},"modified":"2020-02-23T12:29:06","modified_gmt":"2020-02-23T11:29:06","slug":"risultato-della-prova-scritta-del-18-febbraio-2020","status":"publish","type":"page","link":"https:\/\/docenti-deps.unisi.it\/giannibonaiuti\/risultato-della-prova-scritta-del-18-febbraio-2020\/","title":{"rendered":"Risultato della prova scritta del 18 febbraio 2020"},"content":{"rendered":"<p>&nbsp;<\/p>\n<table width=\"565\">\n<tbody>\n<tr>\n<td width=\"54\"><\/td>\n<td width=\"19\"><\/td>\n<td width=\"19\"><\/td>\n<td width=\"145\"><\/td>\n<td width=\"145\"><\/td>\n<td width=\"19\"><\/td>\n<td width=\"89\"><\/td>\n<td width=\"75\"><\/td>\n<\/tr>\n<tr>\n<td colspan=\"4\">Economia Monetaria<\/td>\n<td><\/td>\n<td><\/td>\n<td><\/td>\n<td><\/td>\n<\/tr>\n<tr>\n<td colspan=\"5\">Risultato della prova scritta del 18 febbraio 2020<\/td>\n<td><\/td>\n<td><\/td>\n<td><\/td>\n<\/tr>\n<tr>\n<td><\/td>\n<td><\/td>\n<td><\/td>\n<td><\/td>\n<td><\/td>\n<td><\/td>\n<td><\/td>\n<td><\/td>\n<\/tr>\n<tr>\n<td colspan=\"2\">Matricola<\/td>\n<td><\/td>\n<td>Risultato<\/td>\n<td>Data esame orale<\/td>\n<td><\/td>\n<td><\/td>\n<td><\/td>\n<\/tr>\n<tr>\n<td><\/td>\n<td><\/td>\n<td><\/td>\n<td><\/td>\n<td><\/td>\n<td><\/td>\n<td><\/td>\n<td><\/td>\n<\/tr>\n<tr>\n<td><\/td>\n<td><\/td>\n<td><\/td>\n<td><\/td>\n<td><\/td>\n<td><\/td>\n<td><\/td>\n<td><\/td>\n<\/tr>\n<tr>\n<td>074360<\/td>\n<td>A<\/td>\n<td>A<\/td>\n<td>22-23<\/td>\n<td>venerd\u00ec 21 febbraio<\/td>\n<td><\/td>\n<td>ore 11.30<\/td>\n<td>aula 1<\/td>\n<\/tr>\n<tr>\n<td>056555<\/td>\n<td>A<\/td>\n<td>S<\/td>\n<td>24-25<\/td>\n<td>venerd\u00ec 21 febbraio<\/td>\n<td><\/td>\n<td>ore 12.00<\/td>\n<td>aula 1<\/td>\n<\/tr>\n<tr>\n<td>074356<\/td>\n<td>C<\/td>\n<td>A<\/td>\n<td>22-23<\/td>\n<td>venerd\u00ec 21 febbraio<\/td>\n<td><\/td>\n<td>ore 14.00<\/td>\n<td>aula 1<\/td>\n<\/tr>\n<tr>\n<td>073923<\/td>\n<td>C<\/td>\n<td>C<\/td>\n<td>22<\/td>\n<td>venerd\u00ec 21 febbraio<\/td>\n<td><\/td>\n<td>ore 14.30<\/td>\n<td>aula 1<\/td>\n<\/tr>\n<tr>\n<td>074625<\/td>\n<td>C<\/td>\n<td>S<\/td>\n<td>25<\/td>\n<td>venerd\u00ec 21 febbraio<\/td>\n<td><\/td>\n<td>ore 15.00<\/td>\n<td>aula 1<\/td>\n<\/tr>\n<tr>\n<td>075501<\/td>\n<td>D<\/td>\n<td>A<\/td>\n<td>27<\/td>\n<td>venerd\u00ec 21 febbraio<\/td>\n<td><\/td>\n<td>ore 15.30<\/td>\n<td>aula 1<\/td>\n<\/tr>\n<tr>\n<td>074119<\/td>\n<td>D<\/td>\n<td>D<\/td>\n<td>26-27<\/td>\n<td>venerd\u00ec 21 febbraio<\/td>\n<td><\/td>\n<td>ore 16.30<\/td>\n<td>aula 1<\/td>\n<\/tr>\n<tr>\n<td>061720<\/td>\n<td>D<\/td>\n<td>S<\/td>\n<td>22-23<\/td>\n<td>venerd\u00ec 21 febbraio<\/td>\n<td><\/td>\n<td>ore 17.00<\/td>\n<td>aula 1<\/td>\n<\/tr>\n<tr>\n<td>060018<\/td>\n<td>F<\/td>\n<td>E<\/td>\n<td>20<\/td>\n<td>venerd\u00ec 21 febbraio<\/td>\n<td><\/td>\n<td>ore 17.30<\/td>\n<td>aula 1<\/td>\n<\/tr>\n<tr>\n<td>068132<\/td>\n<td>O<\/td>\n<td>C<\/td>\n<td>19<\/td>\n<td>venerd\u00ec 21 febbraio<\/td>\n<td><\/td>\n<td>ore 18.00<\/td>\n<td>aula 1<\/td>\n<\/tr>\n<tr>\n<td>074449<\/td>\n<td>F<\/td>\n<td>E<\/td>\n<td>17-18<\/td>\n<td>venerd\u00ec 21 febbraio<\/td>\n<td><\/td>\n<td>ore 18.30<\/td>\n<td>aula 1<\/td>\n<\/tr>\n<tr>\n<td><\/td>\n<td><\/td>\n<td><\/td>\n<td><\/td>\n<td><\/td>\n<td><\/td>\n<td><\/td>\n<td><\/td>\n<\/tr>\n<tr>\n<td>075628<\/td>\n<td>F<\/td>\n<td>L<\/td>\n<td>20-21<\/td>\n<td>luned\u00ec 24 febbraio<\/td>\n<td><\/td>\n<td>ore 9.30<\/td>\n<td>aula 6<\/td>\n<\/tr>\n<tr>\n<td>069926<\/td>\n<td>G<\/td>\n<td>A<\/td>\n<td>25<\/td>\n<td>luned\u00ec 24 febbraio<\/td>\n<td><\/td>\n<td>ore 10.00<\/td>\n<td>aula 6<\/td>\n<\/tr>\n<tr>\n<td>070016<\/td>\n<td>L<\/td>\n<td>R<\/td>\n<td>26<\/td>\n<td>luned\u00ec 24 febbraio<\/td>\n<td><\/td>\n<td>ore 13.00<\/td>\n<td>aula 6<\/td>\n<\/tr>\n<tr>\n<td><\/td>\n<td><\/td>\n<td><\/td>\n<td><\/td>\n<td><\/td>\n<td><\/td>\n<td><\/td>\n<td><\/td>\n<\/tr>\n<tr>\n<td>073634<\/td>\n<td>M<\/td>\n<td>A<\/td>\n<td>23-24<\/td>\n<td>marted\u00ec 25 febbraio<\/td>\n<td><\/td>\n<td>ore 11.00<\/td>\n<td>aula 8<\/td>\n<\/tr>\n<tr>\n<td>074052<\/td>\n<td>N<\/td>\n<td>M<\/td>\n<td>21<\/td>\n<td>marted\u00ec 25 febbraio<\/td>\n<td><\/td>\n<td>ore 12.00<\/td>\n<td>aula 12<\/td>\n<\/tr>\n<tr>\n<td>066946<\/td>\n<td>P<\/td>\n<td>A<\/td>\n<td>20<\/td>\n<td>marted\u00ec 25 febbraio<\/td>\n<td><\/td>\n<td>ore 12.30<\/td>\n<td>aula 12<\/td>\n<\/tr>\n<tr>\n<td>055028<\/td>\n<td>D<\/td>\n<td>M<\/td>\n<td>22-23<\/td>\n<td>marted\u00ec 25 febbraio<\/td>\n<td><\/td>\n<td>ore 14.30<\/td>\n<td>aula 12<\/td>\n<\/tr>\n<tr>\n<td>067541<\/td>\n<td>R<\/td>\n<td>K<\/td>\n<td>24<\/td>\n<td>marted\u00ec 25 febbraio<\/td>\n<td><\/td>\n<td>ore 15.00<\/td>\n<td>aula 12<\/td>\n<\/tr>\n<tr>\n<td>074248<\/td>\n<td>R<\/td>\n<td>M<\/td>\n<td>21-22<\/td>\n<td>marted\u00ec 25 febbraio<\/td>\n<td><\/td>\n<td>ore 15.30<\/td>\n<td>aula 12<\/td>\n<\/tr>\n<tr>\n<td>077521<\/td>\n<td>R<\/td>\n<td>R<\/td>\n<td>23<\/td>\n<td>marted\u00ec 25 febbraio<\/td>\n<td><\/td>\n<td>ore 16.30<\/td>\n<td>aula 12<\/td>\n<\/tr>\n<tr>\n<td>074551<\/td>\n<td>T<\/td>\n<td>G<\/td>\n<td>\u00a024<\/td>\n<td>marted\u00ec 25 febbraio<\/td>\n<td><\/td>\n<td>ore 17.00<\/td>\n<td>aula 12<\/td>\n<\/tr>\n<tr>\n<td>074049<\/td>\n<td>T<\/td>\n<td>I<\/td>\n<td>25<\/td>\n<td>marted\u00ec 25 febbraio<\/td>\n<td><\/td>\n<td>ore 17.30<\/td>\n<td>aula 12<\/td>\n<\/tr>\n<tr>\n<td>067345<\/td>\n<td>C<\/td>\n<td>C<\/td>\n<td>17-18<\/td>\n<td>marted\u00ec 25 febbraio<\/td>\n<td><\/td>\n<td>ore 18.00<\/td>\n<td>aula 12<\/td>\n<\/tr>\n<tr>\n<td><\/td>\n<td><\/td>\n<td><\/td>\n<td><\/td>\n<td><\/td>\n<td><\/td>\n<td><\/td>\n<td><\/td>\n<\/tr>\n<tr>\n<td colspan=\"4\">Economia Monetaria e Creditizia<\/td>\n<td><\/td>\n<td><\/td>\n<td><\/td>\n<td><\/td>\n<\/tr>\n<tr>\n<td colspan=\"5\">Risultato della prova scritta del 18 febbraio 2020<\/td>\n<td><\/td>\n<td><\/td>\n<td><\/td>\n<\/tr>\n<tr>\n<td><\/td>\n<td><\/td>\n<td><\/td>\n<td><\/td>\n<td><\/td>\n<td><\/td>\n<td><\/td>\n<td><\/td>\n<\/tr>\n<tr>\n<td colspan=\"2\">Matricola<\/td>\n<td><\/td>\n<td>Risultato<\/td>\n<td>Data esame orale<\/td>\n<td><\/td>\n<td><\/td>\n<td><\/td>\n<\/tr>\n<tr>\n<td><\/td>\n<td><\/td>\n<td><\/td>\n<td><\/td>\n<td><\/td>\n<td><\/td>\n<td><\/td>\n<td><\/td>\n<\/tr>\n<tr>\n<td><\/td>\n<td><\/td>\n<td><\/td>\n<td><\/td>\n<td><\/td>\n<td><\/td>\n<td><\/td>\n<td><\/td>\n<\/tr>\n<tr>\n<td>\u00a0070677<\/td>\n<td>\u00a0B<\/td>\n<td>\u00a0F<\/td>\n<td>\u00a025<\/td>\n<td>luned\u00ec 24 febbraio<\/td>\n<td><\/td>\n<td>ore 10.30<\/td>\n<td>aula 6<\/td>\n<\/tr>\n<tr>\n<td><\/td>\n<td><\/td>\n<td><\/td>\n<td><\/td>\n<td><\/td>\n<td><\/td>\n<td><\/td>\n<td><\/td>\n<\/tr>\n<tr>\n<td>066978<\/td>\n<td>\u00a0D<\/td>\n<td>\u00a0A<\/td>\n<td>\u00a018-19<\/td>\n<td>marted\u00ec 25 febbraio<\/td>\n<td><\/td>\n<td>ore 10.00<\/td>\n<td>aula 8<\/td>\n<\/tr>\n<tr>\n<td>\u00a0076065<\/td>\n<td>\u00a0C<\/td>\n<td>\u00a0L<\/td>\n<td>\u00a021-22<\/td>\n<td>marted\u00ec 25 febbraio<\/td>\n<td><\/td>\n<td>ore 11.30<\/td>\n<td>aula 8<\/td>\n<\/tr>\n<tr>\n<td>\u00a0074866<\/td>\n<td>\u00a0D<\/td>\n<td>\u00a0A<\/td>\n<td>\u00a023<\/td>\n<td>marted\u00ec 25 febbraio<\/td>\n<td><\/td>\n<td>ore 14.00<\/td>\n<td>aula 12<\/td>\n<\/tr>\n<tr>\n<td>\u00a0076032<\/td>\n<td>\u00a0D<\/td>\n<td>\u00a0A<\/td>\n<td>\u00a021<\/td>\n<td>marted\u00ec 25 febbraio<\/td>\n<td><\/td>\n<td>ore 16.00<\/td>\n<td>aula 12<\/td>\n<\/tr>\n<tr>\n<td><\/td>\n<td><\/td>\n<td><\/td>\n<td><\/td>\n<td><\/td>\n<td><\/td>\n<td><\/td>\n<td><\/td>\n<\/tr>\n<\/tbody>\n<\/table>\n","protected":false},"excerpt":{"rendered":"<p>&nbsp; Economia Monetaria Risultato della prova scritta del 18 febbraio 2020 Matricola Risultato Data esame orale 074360 A A 22-23 venerd\u00ec 21 febbraio ore 11.30 aula 1 056555 A S 24-25 venerd\u00ec 21 febbraio ore 12.00 aula 1 074356 C A 22-23 venerd\u00ec 21 febbraio ore 14.00 aula 1 073923 C C 22 venerd\u00ec 21 &hellip; <a href=\"https:\/\/docenti-deps.unisi.it\/giannibonaiuti\/risultato-della-prova-scritta-del-18-febbraio-2020\/\" class=\"more-link\">Leggi tutto<span class=\"screen-reader-text\"> &#8220;Risultato della prova scritta del 18 febbraio 2020&#8221;<\/span><\/a><\/p>\n","protected":false},"author":34,"featured_media":0,"parent":0,"menu_order":0,"comment_status":"closed","ping_status":"closed","template":"","meta":{"footnotes":""},"class_list":["post-1439","page","type-page","status-publish","hentry"],"_links":{"self":[{"href":"https:\/\/docenti-deps.unisi.it\/giannibonaiuti\/wp-json\/wp\/v2\/pages\/1439","targetHints":{"allow":["GET"]}}],"collection":[{"href":"https:\/\/docenti-deps.unisi.it\/giannibonaiuti\/wp-json\/wp\/v2\/pages"}],"about":[{"href":"https:\/\/docenti-deps.unisi.it\/giannibonaiuti\/wp-json\/wp\/v2\/types\/page"}],"author":[{"embeddable":true,"href":"https:\/\/docenti-deps.unisi.it\/giannibonaiuti\/wp-json\/wp\/v2\/users\/34"}],"replies":[{"embeddable":true,"href":"https:\/\/docenti-deps.unisi.it\/giannibonaiuti\/wp-json\/wp\/v2\/comments?post=1439"}],"version-history":[{"count":5,"href":"https:\/\/docenti-deps.unisi.it\/giannibonaiuti\/wp-json\/wp\/v2\/pages\/1439\/revisions"}],"predecessor-version":[{"id":1448,"href":"https:\/\/docenti-deps.unisi.it\/giannibonaiuti\/wp-json\/wp\/v2\/pages\/1439\/revisions\/1448"}],"wp:attachment":[{"href":"https:\/\/docenti-deps.unisi.it\/giannibonaiuti\/wp-json\/wp\/v2\/media?parent=1439"}],"curies":[{"name":"wp","href":"https:\/\/api.w.org\/{rel}","templated":true}]}}