{"id":10,"date":"2014-08-26T23:34:19","date_gmt":"2014-08-26T21:34:19","guid":{"rendered":"http:\/\/michelangelovasta.wordpress.com\/?page_id=5"},"modified":"2020-02-24T11:18:13","modified_gmt":"2020-02-24T10:18:13","slug":"pubblications","status":"publish","type":"page","link":"https:\/\/docenti-deps.unisi.it\/lionellopunzo\/pubblications\/","title":{"rendered":"Pubblicazioni"},"content":{"rendered":"<p><span class=\"iris-titolo\">Marwil, D., &amp; Punzo, L.F. (2019). Financialisation as structural change: the financial content of things. ECONOMIC SYSTEMS RESEARCH, 32(1), 98-120.<\/span>\u00a0&#8211;\u00a0<span class=\"iris-url\"><a title=\"This page will open in a new window\" href=\"https:\/\/usiena-air.unisi.it\/handle\/11365\/1092980\">view more<\/a><\/span><\/p>\n<p><span class=\"iris-titolo\">L\u00e8bre La Rovere, R., &amp; Punzo, L.F. (2019). Inova\u00e7\u00f5es em Turismo na economia do compartilhamento. In P. Tigre, &amp; A. M. Pinheiro (a cura di), Inova\u00e7\u00e3o em servi\u00e7os na economia do compartilhamento (pp. 237-253). S\u00e3o Paulo : Saraiva uni.<\/span>\u00a0&#8211;\u00a0<span class=\"iris-url\"><a title=\"This page will open in a new window\" href=\"https:\/\/usiena-air.unisi.it\/handle\/11365\/1092973\">view more<\/a><\/span><\/p>\n<p><span class=\"iris-titolo\">Oliveira, E., de Azevedo Irving, M., &amp; Punzo, L.F. (2018). Comunicacao e a convencao sobre diversidade biologica: uma leitura sobre o Parque estadual da Ilha Grance( Estado do Rio de Janeiro, Brasil) e o Parque Natural da Maremma (Toscana, Italia). DESENVOLVIMENTO E MEIO AMBIENTE, 46, 61-83.<\/span>\u00a0&#8211;\u00a0<span class=\"iris-url\"><a title=\"This page will open in a new window\" href=\"https:\/\/usiena-air.unisi.it\/handle\/11365\/1059149\">view more<\/a><\/span><\/p>\n<p><span class=\"iris-titolo\">Policardo, L., Punzo, L.F., &amp; S\u00e1nchez Carrera, E.J. (2018). \u00bfDesigualdad insostenible? Evidencia empi\u0301rica para pai\u0301ses de Ame\u0301rica Latina. In A. P. Mutis, &amp; M. Puchet (a cura di), Ame\u0301rica Latina en la larga historia de la desigualdad (pp. 179-205). Ciudad de M\u00e9xico :<\/span><\/p>\n<p>POLICARDO L., E. CARRERA SANCHEZ, L.F. PUNZO, \u201cWage inequality and labor productivity in OECD countries\u201d, <em>LABOUR: REVIEW OF LABOUR ECONOMICS AND INDUSTRIAL RELATIONS, <\/em>under revision<\/p>\n<p><strong>\u00a0<\/strong>DAVILA-FERNANDEZ, M., J.L. OREIRO, L. F. PUNZO, and S. BIMONTE (2017), \u201cCapital in the Twenty First Century: Re-interpreting the fundamental contradiction of capitalism,\u201d <em>JOURNAL OF POST KEYNESIAN ECONOMICS<\/em>,\u00a0\u00a0<a href=\"https:\/\/doi.org\/10.1080\/01603477.2016.1248978\">https:\/\/doi.org\/10.1080\/01603477.2016.1248978<\/a><\/p>\n<p>SANCHEZ CARRERA, Edgar; L. F. PUNZO,; L. POLICARDO (2016), \u201cBrazil and China: Two Routes of Economic Development?\u201d in <em>REVIEW OF DEVELOPMENT ECONOMICS, <\/em>Vol. 20, issue 2<\/p>\n<p>SANCHEZ CARRERA, Edgar; L. F. PUNZO,; L. POLICARDO (2016), Unsustainable Inequality? Empirical Evidence for Latin American Countries&#8221;, DEPS working paper series no.728 (<a href=\"https:\/\/www.deps.unisi.it\/sites\/st02\/files\/allegatiparagrafo\/02-02-2016\/728_0.pdf\">https:\/\/www.deps.unisi.it\/sites\/st02\/files\/allegatiparagrafo\/02-02-2016\/728_0.pdf<\/a>=), submitted<\/p>\n<p>ARAUJO , E. ; L. F. PUNZO (2016), \u201cA \u201cbela\u201d e o \u201cgigante\u201d adormecidos: an\u00e1lise comparativa de dois casos de des-industrializa\u00e7\u00e3o recente e suas causas \u2013 Brasil e It\u00e1lia&#8221;, <em>ACTA SCIENTIARUM. HUMAN AND SOCIAL SCIENCES, <\/em>in print<\/p>\n<p>BIMONTE, S. and L.F. PUNZO (2016), \u201cTourist development and host\u2013guest interaction: An economic exchange theory\u201d, <em>ANNALS OF TOURISM RESEARCH<\/em>, Vol. 58, pp. 128\u2013139<\/p>\n<p>PUNZO, L.F. , RISSO A. CARRERA E. (2013), \u201cEconomic growth and income distribution in Mexico. A cointegration exercise\u201d, <em>ECONOMIC MODELLING<\/em>, Vol. 35, pp. 708-714<\/p>\n<p>PUNZO L.F., J. L.OREIRO, E. ARAUJO (2012) , \u201c Macroeconomic constraints to the growth of the Brazilian economy: diagnosis and some policy proposals\u201d, <em>CAMBRIDGE JOURNAL OF ECONOMICS<\/em>, Vol.36, No.4, pp. 919-940<\/p>\n<p>PUNZO L.F., C.A. FEIJO AND M. PUCHET ANYUL <em>Eds<\/em>. (2012): <em>Beyond the global crisis. Structutral adjustmens and regional integration in Europe and Latin America<\/em>, ISBN 978-0415508476\u00a00, LONDON: ROUTLED<strong>GE<\/strong><\/p>\n<p>with coauthored chapters<\/p>\n<p>with M. H AMBROSIO DIAS, JOILSON DIAS<em>, <\/em>Chpt 5: \u201cInternational interdependence and macroeconomic transmission<em>, <\/em>Europe and Latin America\u201d, pp. 79-90<\/p>\n<p>with A. FEIJO and TOSTES LAMONICA M., Chpt 10, \u201cBrazil\u2019s economy. Growth pattern and structural change\u201d, pp.161-176<\/p>\n<p>with BIMONTE, J.- G. BRIDA and M. PULINA, chapt. 16, \u201cTourism and growth. Stories of two continents\u201d, pp.252-268<\/p>\n<p>&nbsp;<\/p>\n<p>PUNZO L.F., M. TOSTES LAMONICA M. C. A. FEIJO (2012), \u201cTrajet\u00f3ria de Crescimento da Economia Brasileira e Mudan\u00e7a Estrutural de 1971 a 2008: uma interpreta\u00e7\u00e3o a partir do <em>Framework Space<\/em>, <em>REVISTA DE ECONOMIA CONTEMPORANEA<\/em>, VOL. 16, n. 1, p. 43-61,<\/p>\n<p>PUNZO L.F., J.L.OREIRO, E. ARAUJO, G. SQUEFF (2011<strong>), <\/strong>\u201cTaxa real de c\u00e2mbio, desalinhamento cambial e crescimento econ\u00f4mico no Brasil (1994-2007)\u201d, <em>REVISTA DE ECONOMIA POLITICA<\/em>, Vol . 31, no 4 (124), pp . 551-562<\/p>\n<p>PUNZO L.F., with J.G. BRIDA, A. MAYER, C.MCCORD (2011): \u201cA theoretical, multidisciplinary view of catastrophic regime change\u201d,\u00a0\u00a0chapter16, vol. 2, in\u00a0DYNAMICS, GAMES AND SCIENCE. Essays in Honour of Mauricio Peixoto and David Rand, pp. 225- 238 , ISBN 978-3-642-14787-6, BERLIN and NEW YORK: SPRINGER VERLAG<\/p>\n<p>PUNZO L.F., BIMONTE S. (2011), \u201cInstruments of Structural Policies for Tourism Sustainability\u201d, in A. MATIAS, P.NIJKAMP and M. SARMENTO (Eds.),<em> Tourism Economics,<\/em> pp. 95-107, ISBN 978-3-7908-2725-5 HEIDELBERG: SPRINGER VERLAG<\/p>\n<p>PUNZO L. F. E. ACCINELLI, S. LONDON, E. CARRERA (2011), \u201cPoverty traps, rationality and Evolution\u201d, chapter 4, vol 1 in <em>Dynamics, Games and Science. Essays in Honour of Mauricio Peixoto and David Rand<\/em>, vol. 1, pp.37-53, ISBN 978-3-642-11455-7, BERLIN and NEW YORK: SPRINGER VERLAG<\/p>\n<p>PUNZO L.F. OREIRO J.L. ARAUJO E. SQUEFF G. (2011) \u201cTaxa real de c\u00e2mbio, desalinhamento cambial e crescimento econ\u00f4mico no Brasil (1994-2007)\u201d, <em>REVISTA DE ECONOMIA POLITICA<\/em>, Vol. 31, n\u00ba 4 (124), pp. 551-562<\/p>\n<p>PUNZO L.F., J.-G. BRIDA, S. LONDON, and W. A. RISSO (2011), <em>\u201c<\/em>An Alternative View of the Convergence Issue of Growth Empirics\u201d, <em>GROWTH AND CHANGE, <\/em>Vol. 42 No. 3, pp. 320\u2013350<\/p>\n<p>PUNZO L.F., E. ACCINELLI, S. LONDON, E. CARRERA (2010): \u201cDynamic complementarities, efficiency and Nash equilibria for populations of firms and workers, <em>JOURNAL OF ECONOMICS AND ECONOMETRICS<\/em>, Vol 53, No. 1, pp. 90-110, SSSN 2032-9660 Also Available at: <a href=\"http:\/\/ideas.repec.org\/a\/eei\/journl\/v53y2010i1p90-110.htm\">http:\/\/ideas.repec.org\/a\/eei\/journl\/v53y2010i1p90-110.htm<\/a><\/p>\n<p>PUNZO L.F., J.L.OREIRO, E. ARAUJO, G. SQUEFF (2010): \u201cRestri\u00e7\u00f5es macroeconomicas a\u00f5 crescimento a economia Brasileira\u201d, in <em>Luiz Carlos Bresser-Pereira<\/em><em> Ed. Crise global a o Brasil<\/em>, Editora FGV, Rio de Janeiro (appeared also as discussione paper no.1431 of IPEA, Brasil)<\/p>\n<p>PUNZO L.F. (2009): \u201cA Nonlinear History of Growth and Cycle Theories\u201d, <em>HISTORY OF POLITICAL ECONOMY, <\/em>Vol.\u00a041 suppl., pp. 88-106, DOI 10.1215\/00182702-2009-018<\/p>\n<p>PUNZO L.F. with FEIJO C., LAMONICA MOSTES M., (2008). Brazil\u2019s growth experience &#8211; 1971-2005: \u201cGrowth patterns and structural change\u201d. WORKING PAPER of the CEDE (Centro de Estudos sobre Desigualidade e Desenvonvilmento), Universidade Federal Fluminense (UFF,RJ).<\/p>\n<p>PUNZO L.F., E. ACCINELLI, BRIDA J.-., CARRERA SANCHEZ, E. (2008). \u201cEmergence of Long run Behavior in a game-theoretic setting with hosts and guests (resident and visitors) populations\u201d, <em>PAPELES DE POBLACI\u00d3N<\/em>. Vol. 58, pp. 18-30 ISSN: 1405-7425. (Previously in the PROCEEDINGS OF THE ANTALIA 2006 INTERNATIONAL CONFERENCE ON TOURISM ECONOMICS.)<\/p>\n<p>PUNZO L. F., BRIDA J.-G, (2008), \u201cMultiregime dynamics: modeling and statistical tools.\u201d <em>RBEE. REVISTA BRASILEIRA DE ECONONIA DE EMPRESAS, <\/em> vol. 7, no.2 ISSN: 1676-8000.<\/p>\n<p>PUNZO L.F. and S.USAI (Eds.) (2007), <em>L&#8217;estate al mare. Residenti e turisti in alcune destinazioni italiane.\u00a0<\/em> MILANO:MCGRAW HILL.<\/p>\n<p>PUNZO L.F., BIMONTE S (2007). \u201cFollonica, il mare in fondo alla strada\u201d, in: PUNZO and USAI (Eds.) <em>L&#8217;estate al mare. Residenti e turisti in alcune destinazioni italiane<\/em>, pp. 161-170), MILANO: MCGRAW HILL<\/p>\n<p>PUNZO L.F., BIMONTE S., (2007). \u201cCittadini di una citt\u00e0 moderna\u201d, in: L.F. PUNZO and S. USAI (Eds.) <em>L&#8217;estate al mare. Residenti e turisti in alcune destinazioni italiane<\/em>. (pp. 185-200). MILANO: MCGRAW HILL<\/p>\n<p>PUNZO L.F., BIMONTE S., (2007). \u201cUn patto sociale implicito?\u201d, in: PUNZO and S.USAI (Eds.)<em>L&#8217;estate al mare. Residenti e turisti in alcune destinazioni italiane. <\/em>(pp. 201-208). MILANO:MCGRAW HILL.<\/p>\n<p>PUNZO L. F. (2007). \u201cTowards a theory of structural dynamics. Gooodwin\u2019s contribution\u201d in <em>STRUCTURAL CHANGE AND ECONOMIC DYNAMICS<\/em>, Vol. 4, pp. 382-399 ISSN: 0954-349X.<\/p>\n<p>PUNZO L.F., with S. BIMONTE (2007): \u201cThe evolutionary game between tourist and resident populations and Tourist Carrying Capacity\u201d\u00a0, <em>INTERNATIONAL JOURNAL OF TECHNOLOGY AND GLOBALIZATION<\/em>, vol.\u00a03<\/p>\n<p>PUNZO L. F., AMENDOLA, M., B. BOEHM, L. FESTA, J. GAFFARD, SARACENO. (2006). \u201cPotential growth and structural change(s) in market economies: the European case\u201d. WORKING PAPER SERIES, OFCE, PARIS.<\/p>\n<p>PUNZO, L. F. (2006), &#8216;Towards a disequilibrium theory of structural dynamics. Goodwin\u2019scontribution\u201d, <em>in <\/em><em>STRUCTURAL CHANGE AND ECONOMIC DYNAMICS<\/em><em>, <\/em>Vol.17, pp.382 \u2013 399<\/p>\n<p>PUNZO L. F., AMENDOLA, M., B. BOEHM, L. FESTA, J. GAFFARD, SARACENO. (2006). Potential growth and structural change(s) in market economies: the European case, WORKING PAPER SERIES, OFCDE, PARIS.<\/p>\n<p>PUNZO L. F. (2006). \u201cPatrimonio culturale e sviluppo sostenibile. In: PIERGIGLI, V., MACCARI, A.L. <em>Il Codice dei beni culturali e del paesaggio<\/em>. <em>Tra teoria e prassi. <\/em>ISBN: 88-14-13189-9. MILANO: Dott. A. Giuffr\u00e8<\/p>\n<p>PUNZO L. F., GAFFARD, J. L. (2006),<em> \u201c<\/em>&#8216;Economic Integration and Cross-country Convergence: exercises in growth theory and empirics&#8217; pp. 136 \u2013 17<em> in: <\/em>FARINA F. and SAVAGLIO (Eds.),<em> Inequality and Economic Integration, <\/em>LONDON and NEW YORK: ROUTLEDGE<\/p>\n<p>PUNZO L. F. (2006). \u201cThe International Network to promote Tourism against Poverty (INTAP):Tourism in the Globalisation.\u201d In: A.L. ALMEIDA GAZZOLA, S. GOULART ALMEIDA. Universidade. Coopera\u00e7\u00e3o internacional e Diversidade. (pp. 295-310). ISBN: 85-7041-494-3. BELO HORIZONTE:<\/p>\n<p>PUNZO L., BIMONTE S. (2005). \u201cCuantos (turistas) son demaciados ? Un estudo de caso: ciudades Toscanas\u201d. In: T. J. LOPEZ-GUZMAN GUZMAN, F. LARA DE VICENTE. <em>Turismo sostenible: En enfoque multidisciplinar e internacional<\/em>. (pp. 109-130). ISBN: 84-7801-797-6. CORDOBA: Universidad de Cordoba.<\/p>\n<p>LESKOW, M.PUCHET ANYUL, L. F. PUNZO (2005). <em>New Tools of Economic Dynamics<\/em>. ISBN: 10 3-540-24282-1. NEW YORK: SPRINGER VERLAG<\/p>\n<p>PUNZO L. F., BIMONTE, S. (2005). \u201cEnvironmental policy options in the multi-regimes framework.\u201d In: J. LESKOW, M.PUCHET ANYUL, L. F. PUNZO. <em>New Tools of Economic Dynamics<\/em>. pp. 297-318,. ISBN: 10 3-540-24282-1. NEW YORK: SPRINGER VERLAG<\/p>\n<p>PUNZO L. F., BIMONTE S. (2004). \u201cA proposito di capacit\u00e0 di carico turistica: una breve analisi teorica\u201d, <em>EdATS<\/em> Working papers series. gennaio. (vol. 1, pp. 1-16). Pubblicazioni dell&#8217;Osservatorio per il turismo sostenibile.<\/p>\n<p>PUNZO L. F. (2004). \u201cSostenibilidad del turismo y desarrollo economico local.\u201d <em>ECONOMICA<\/em>. Vol. 4, pp. 193-222 ISSN: 0013-0427.<\/p>\n<p>PUNZO L. F. (2003). \u201cSome new tools for the qualitative analysis of dynamic economic data: symbolic and distribution analysis for multi-regime dynamics\u201d, <em> STRUCTURAL CHANGE AND ECONOMIC DYNAMICS<\/em>, Vol. 14, pp. 121-131 ISSN: 0954-349X.<\/p>\n<p><strong>\u00a0<\/strong>PUNZO L. F., BRIDA J.- G. (2003), \u201cSymbolic time series analysis\u201d. <em>STRUCTURAL CHANGE AND ECONOMIC DYNAMICS,<\/em> Vol. 14, pp. 159-183, ISSN: 0954-349X.<\/p>\n<p>PUNZO L. F., BRIDA J.-G., PUCHET M. (2003). \u201cCoding economic dynamics\u201d. <em>STRUCTURAL CHANGE AND ECONOMIC DYNAMICS<\/em>, Vol. 14, pp. 133-157, ISSN: 0954-349X<\/p>\n<p>PUNZO L. F. , BIMONTE S., (2003) Turismo e sviluppo sostenibile locale nei sistemi microinsulari. In: MINISTERO DELLE ATTIVITA&#8217; PRODUTTIVE, DG PER IL TURISMO. Il pensiero e la scienza nel turismo italiano. (pp. 271-290). ROMA: Ministero delle attivit\u00e0 produttive<\/p>\n<p>M. PUCHET, PUNZO L. F. (Eds.) (2001), <em>Mexico beyond NAFTA. Perspectives for the European debate.<\/em> (pp. 292). ISBN: 0-415-24386-6. LONDON: Routledge.<\/p>\n<p>PUNZO L.F., PUCHET ANYUL M. (2001). \u201cStructural divergence and the dynamics of dualism.Lessons from Mexico before and after NAFTA (and some from Italy)\u201d , In: PUCHET and PUNZO (Eds.) <em>Mexico after NAFTA<\/em>, pp. 199-241, ISBN 0-415-24386-6, LONDON: ROUTLEDGE .<\/p>\n<p>PUNZO L.F., BOEHM, B. (2001). \u201cProductivity-investment fluctuations and structural change\u201d, in PUNZO L.F. (Ed.) <em>Cycles, Growth and Structural Change<\/em>,. pp. 47-91 , ISBN: 0-415-25137-0, LONDON: ROUTLEDGE<\/p>\n<p>PUNZO L., L.F., PUCHET ANYUL M. (2001). \u201cLa table del insumo-producto desde una perspectiva de dinamica structural.\u201d <em>INVESTIGACI\u00d3N ECONOMICA<\/em>. Vol. LXI, pp. 115-128, ISSN: 0185-1667.<\/p>\n<p>PUNZO L.F., NISHIMURA K.G. (2001). \u201cThe distribution structure in three continents: an evolutionary analysis of Italy, Japan and the United States.\u201d,\u00a0\u00a0 pp. 177-198,, In: R. BOLTHO, A. VERCELLI AND H. YOSHIKAWA (Eds.). <em>Comparing the Japanese and Italian economies<\/em>, ISBN 0-333-92893-8, HOUNDSMILL, BASINGSTOKE: PALGRAVE MACMILLAN<\/p>\n<p>PUNZO L.F., FABEL, O., FARINA, F. (Eds.) <em>European economies in transition. In search of a new growth path.<\/em> , ISBN: 0-312-23224-1, LONDON: MACMILLAN<\/p>\n<p>PUNZO L.F., BOEHM, B. (2000). \u201cDynamics structural changes in selected European countries with a comparison with Japan and the United States\u201d In: PUNZO L.F., FABEL, O., FARINA, F. (Eds.) <em>European economies in transition. In search of a new growth path.<\/em> pp.38-66, ISBN: 0-312-23224-1, LONDON: MACMILLAN<\/p>\n<p>PUNZO L.F., NISHIMURA K.G. (1999). \u201cThe Evolution of the Distribution Sector in the Three Continents: Movements of Distribution Margins and its Evolutionary Explanation.\u201d <em>ECONOMIC SYSTEMS<\/em>, vol. 23, pp. 85-106, ISSN 0939-3625<\/p>\n<p>PUNZO L.F., AMENDOLA, M, GAFFARD, J.L. (1998). \u201cNeo-Austrian Processes.\u201d <em>INDIAN JOURNAL OF APPLIED ECONOMICS<\/em>. vol. 8, pp. 277-298, ISSN: 0971-8281<\/p>\n<p>PUNZO L.F. (1995). \u201cSome Complex Dynamics for a Multisectoral Economy\u201d, In: PUNZO, L.F. and GAFFARD, J.L. (Guest Eds.) <em>L\u2019Economie hors de l\u2019equilibre<\/em>. <em>REVUE ECONOMIQUE<\/em>,Vol. 46, pp. 1541- 1559, ISSN: 0035-2764.<\/p>\n<p>&nbsp;<\/p>\n<p>&nbsp;<\/p>\n","protected":false},"excerpt":{"rendered":"<p>Marwil, D., &amp; Punzo, L.F. (2019). Financialisation as structural change: the financial content of things. ECONOMIC SYSTEMS RESEARCH, 32(1), 98-120.\u00a0&#8211;\u00a0view more L\u00e8bre La Rovere, R., &amp; Punzo, L.F. (2019). Inova\u00e7\u00f5es em Turismo na economia do compartilhamento. In P. Tigre, &amp; A. M. Pinheiro (a cura di), Inova\u00e7\u00e3o em servi\u00e7os na economia do compartilhamento (pp. 237-253). &hellip; <a href=\"https:\/\/docenti-deps.unisi.it\/lionellopunzo\/pubblications\/\" class=\"more-link\">Leggi tutto<span class=\"screen-reader-text\"> &#8220;Pubblicazioni&#8221;<\/span><\/a><\/p>\n","protected":false},"author":9,"featured_media":0,"parent":0,"menu_order":0,"comment_status":"closed","ping_status":"closed","template":"","meta":{"footnotes":""},"class_list":["post-10","page","type-page","status-publish","hentry"],"_links":{"self":[{"href":"https:\/\/docenti-deps.unisi.it\/lionellopunzo\/wp-json\/wp\/v2\/pages\/10","targetHints":{"allow":["GET"]}}],"collection":[{"href":"https:\/\/docenti-deps.unisi.it\/lionellopunzo\/wp-json\/wp\/v2\/pages"}],"about":[{"href":"https:\/\/docenti-deps.unisi.it\/lionellopunzo\/wp-json\/wp\/v2\/types\/page"}],"author":[{"embeddable":true,"href":"https:\/\/docenti-deps.unisi.it\/lionellopunzo\/wp-json\/wp\/v2\/users\/9"}],"replies":[{"embeddable":true,"href":"https:\/\/docenti-deps.unisi.it\/lionellopunzo\/wp-json\/wp\/v2\/comments?post=10"}],"version-history":[{"count":9,"href":"https:\/\/docenti-deps.unisi.it\/lionellopunzo\/wp-json\/wp\/v2\/pages\/10\/revisions"}],"predecessor-version":[{"id":817,"href":"https:\/\/docenti-deps.unisi.it\/lionellopunzo\/wp-json\/wp\/v2\/pages\/10\/revisions\/817"}],"wp:attachment":[{"href":"https:\/\/docenti-deps.unisi.it\/lionellopunzo\/wp-json\/wp\/v2\/media?parent=10"}],"curies":[{"name":"wp","href":"https:\/\/api.w.org\/{rel}","templated":true}]}}