{"id":789,"date":"2016-02-19T10:52:18","date_gmt":"2016-02-19T09:52:18","guid":{"rendered":"http:\/\/docenti-deps.unisi.it\/luigibosco\/?page_id=789"},"modified":"2019-02-06T10:49:30","modified_gmt":"2019-02-06T09:49:30","slug":"economia-politica-75-99","status":"publish","type":"page","link":"https:\/\/docenti-deps.unisi.it\/luigibosco\/economia-politica-75-99\/","title":{"rendered":"Economia Politica (75-99)"},"content":{"rendered":"<h3 style=\"text-align: justify\"><span style=\"color: #ff0000\"> <a style=\"color: #ff0000\" href=\"https:\/\/docenti-deps.unisi.it\/luigibosco\/economia-politica-25-49\/programma\/\">Programma<\/a> \u00a0 \u00a0 \u00a0 \u00a0 \u00a0 \u00a0 \u00a0 \u00a0 \u00a0 \u00a0 \u00a0 \u00a0 \u00a0 <a style=\"color: #ff0000\" href=\"https:\/\/docenti-deps.unisi.it\/luigibosco\/economia-politica-25-49\/materiale-didattico\/\">Materiale didattico<\/a> \u00a0 \u00a0 \u00a0 \u00a0 \u00a0 \u00a0 \u00a0 \u00a0 \u00a0 \u00a0 \u00a0 \u00a0 \u00a0 \u00a0<a style=\"color: #ff0000\" href=\"https:\/\/docenti-deps.unisi.it\/luigibosco\/economia-politica-25-49\/esami\/\">Esami<\/a> <\/span><\/h3>\n<hr \/>\n<p style=\"text-align: justify\">L\u2019economia \u00e8 uno dei pi\u00f9 potenti strumenti di interpretazione del mondo reale. Categorie come globalizzazione, sviluppo e sottosviluppo, mercato, ambiente e riscaldamento globale, profitto, impresa, pubblicit\u00e0 etc. difficilmente possono essere comprese a pieno senza utilizzare lo strumentario dell\u2019analisi economica. Lo studio dell\u2019economia non pu\u00f2 quindi che partire dai fatti, dall&#8217;analisi delle situazione reale, dalla vita e della scelte concrete dei soggetti economici e su questi fatti creare delle teorie in grado di spiegare e prevedere il comportamento dei soggetti economici cercando di dare delle risposte alle domande ancora aperte sulla nostra vita sociale<\/p>\n<p style=\"text-align: justify\"><img loading=\"lazy\" decoding=\"async\" class=\" wp-image-1429 alignright\" src=\"https:\/\/docenti-deps.unisi.it\/luigibosco\/wp-content\/uploads\/sites\/10\/2016\/02\/cover-small-212x300.jpg\" alt=\"\" width=\"288\" height=\"408\" srcset=\"https:\/\/docenti-deps.unisi.it\/luigibosco\/wp-content\/uploads\/sites\/10\/2016\/02\/cover-small-212x300.jpg 212w, https:\/\/docenti-deps.unisi.it\/luigibosco\/wp-content\/uploads\/sites\/10\/2016\/02\/cover-small.jpg 400w\" sizes=\"auto, (max-width: 288px) 85vw, 288px\" \/><\/p>\n<p style=\"text-align: justify\"><strong> <span style=\"color: #ff0000\">Da diversi anni, il Dipartimento di Economia e Statistica \u00e8 parte attiva del progetto CORE.<\/span> <\/strong><br \/>\nIl progetto CORE nasce dalla necessit\u00e0 di rinnovare radicalmente il modo con cui l&#8217;economia \u00e8 insegnata nelle Universit\u00e0: l&#8217;idea \u00e8 partire sempre da un problema per poi vedere quali strumenti di analisi possono aiutarci a capire il fenomeno.<br \/>\nL\u2019approccio\u00a0 del progetto CORE capovolge\u00a0radicalmente l\u2019approccio convenzionale,\u00a0per il quale prima viene la presentazione dei modelli e delle teorie e solo successivamente la\u00a0loro applicazione ai problemi reali.<br \/>\nDal 2014 ad oggi, il testo CORE \u00e8 stato adottato come manuale di riferimento nei corsi\u00a0introduttivi di economia in molte universit\u00e0 nel mondo. Oltre Siena ci sono: l\u2019<em>University College<\/em> di Londra, <em>Sciences Po<\/em>\u00a0(Parigi), la <em>Toulouse School of Economics<\/em>, l\u2019<em>Azim Premji University<\/em> (Bangalore), l\u2019<em>Humboldt University<\/em> (Berlino) e tante altre ancora.<br \/>\n<strong>Anche quest&#8217;anno \u00e8 disponibile l&#8217;edizione italiana del testo edito dal Mulino<\/strong><\/p>\n<p>CORE \u00e8 un vero e proprio progetto globale, perch\u00e9 il suo sviluppo ha coinvolto contributi\u00a0da tutto il mondo, ed \u00e8 aperto a tutti: i materiali on-line utilizzano la licenza Creative Commons, che consente l\u2019uso gratuito non-commerciale in tutto il mondo.<br \/>\n<span style=\"color: #ff0000\"> <b style=\"color: #ff0000\">Il Progetto CORE \u00e8 un progetto interamente NO-PROFIT: nessuno degli autori e dei curatori della versione italiana ha percepito alcun compenso. Come si spiega anche nel testo e come io credo fermamente le cose pi\u00f9 belle che possiamo fare &#8211; tutte le cose che ci rendono veramente felici &#8211;\u00a0 sono quelle che non <\/b> <span style=\"color: #ff0000\"> <b>facciamo<\/b> <\/span> <b style=\"color: #ff0000\">\u00a0per soldi.<\/b> <\/span><br \/>\nLa versione interattiva in inglese \u00e8 disponibile sul sito<a href=\"http:\/\/www.core-econ.org\/\">\u00a0http:\/\/www.core-econ.org\/<\/a><\/p>\n","protected":false},"excerpt":{"rendered":"<p>Programma \u00a0 \u00a0 \u00a0 \u00a0 \u00a0 \u00a0 \u00a0 \u00a0 \u00a0 \u00a0 \u00a0 \u00a0 \u00a0 Materiale didattico \u00a0 \u00a0 \u00a0 \u00a0 \u00a0 \u00a0 \u00a0 \u00a0 \u00a0 \u00a0 \u00a0 \u00a0 \u00a0 \u00a0Esami L\u2019economia \u00e8 uno dei pi\u00f9 potenti strumenti di interpretazione del mondo reale. Categorie come globalizzazione, sviluppo e sottosviluppo, mercato, ambiente e riscaldamento globale, profitto, impresa, &hellip; <a href=\"https:\/\/docenti-deps.unisi.it\/luigibosco\/economia-politica-75-99\/\" class=\"more-link\">Leggi tutto<span class=\"screen-reader-text\"> &#8220;Economia Politica (75-99)&#8221;<\/span><\/a><\/p>\n","protected":false},"author":9,"featured_media":0,"parent":0,"menu_order":0,"comment_status":"closed","ping_status":"closed","template":"","meta":{"footnotes":""},"class_list":["post-789","page","type-page","status-publish","hentry"],"_links":{"self":[{"href":"https:\/\/docenti-deps.unisi.it\/luigibosco\/wp-json\/wp\/v2\/pages\/789","targetHints":{"allow":["GET"]}}],"collection":[{"href":"https:\/\/docenti-deps.unisi.it\/luigibosco\/wp-json\/wp\/v2\/pages"}],"about":[{"href":"https:\/\/docenti-deps.unisi.it\/luigibosco\/wp-json\/wp\/v2\/types\/page"}],"author":[{"embeddable":true,"href":"https:\/\/docenti-deps.unisi.it\/luigibosco\/wp-json\/wp\/v2\/users\/9"}],"replies":[{"embeddable":true,"href":"https:\/\/docenti-deps.unisi.it\/luigibosco\/wp-json\/wp\/v2\/comments?post=789"}],"version-history":[{"count":22,"href":"https:\/\/docenti-deps.unisi.it\/luigibosco\/wp-json\/wp\/v2\/pages\/789\/revisions"}],"predecessor-version":[{"id":1501,"href":"https:\/\/docenti-deps.unisi.it\/luigibosco\/wp-json\/wp\/v2\/pages\/789\/revisions\/1501"}],"wp:attachment":[{"href":"https:\/\/docenti-deps.unisi.it\/luigibosco\/wp-json\/wp\/v2\/media?parent=789"}],"curies":[{"name":"wp","href":"https:\/\/api.w.org\/{rel}","templated":true}]}}