{"id":10,"date":"2014-08-26T23:34:19","date_gmt":"2014-08-26T21:34:19","guid":{"rendered":"http:\/\/michelangelovasta.wordpress.com\/?page_id=5"},"modified":"2018-09-17T11:38:30","modified_gmt":"2018-09-17T09:38:30","slug":"pubblications","status":"publish","type":"page","link":"https:\/\/docenti-deps.unisi.it\/luigiluini\/pubblications\/","title":{"rendered":"Pubblicazioni"},"content":{"rendered":"<p>-Does Focality Depend on the Mode of Cognition? Experimental Evidence on Pure Coordination Games, with: E. Bilancini (IMT, Lucca) and L. Boncinelli (University of Florence), 2018, Quaderni del Dipartimento di Economia Politica e Statistica, n. 771, Universit\u00e0 di Siena<\/p>\n<p>-Social influence in trustors\u2019 neighborhoods, (with: A.M. Nese and P. Sbriglia), Journal of Behavioral and Experimental Economics, 2014, 97-110<\/p>\n<p>-Peer Punishment in Teams: Expressive or Instrumental Choice, (with M. Casari), Experimental<br \/>\nEconomics, 2012; 241\u2013259<\/p>\n<p>&#8211; Demand cross elasticity without substitutability: An experiment; 2012, (with P.L. Sabbatini), Journal of Socio-economics, 255-65<\/p>\n<p>-Group Cooperation and\u00a0 Peer Punishment: An Experiment; (with M. Casari), Journal of Economic<br \/>\nBehavior and Organization; 2009, 273-82<\/p>\n<p>-El final de la ventaja del decisor \u00fanico: Un experimento, (with L. Ferrari-Bravo), in: &#8220;Contribuciones a la Econom\u00eda Experimental&#8221;, Cuadernos de ICE; (N. Georgantzis and A. Garc\u00eda Gallego eds), 2009;<\/p>\n<p>-Stackelberg: Oligopoly Theory and Industrial Policy, in: Economics and Institutions;\u00a0 (editors: P.F. Asso, L. Fiorito), F. Angeli, Milano, 2007, 62-74;<\/p>\n<p>-Social Learning in Market Games, (with C. Altavilla, and P. Sbriglia), Journal of Economic<br \/>\nBehavior and Organization; 2006, 61, 632-652;<\/p>\n<p>-Group Cooperation under Alternative Peer Punishment Technologies: An Experiment; (with M. Casari), WP LABSI n.3, Siena, may 2005;<\/p>\n<p>-Trademarks, Product Variety and Economic Activity in Italy and Europe; (with A. Mang\u00e0ni), march 2004, Quaderni del Dipartimento di Economia Politica; n. 422, Universit\u00e0 di Siena;<\/p>\n<p>-Double Moral Hazard: an Experiment on Warranties, (with G. Coricelli), in: Economia, Impresa e<br \/>\nMercati Finanziari; 2, 2003;<\/p>\n<p>-Information and Learning in Bertrand and Cournot Experimental Duopolies, (with P. Sbriglia and C. Altavilla), October 2003, Quaderni del Dipartimento di Economia Politica; n. 406, Universit\u00e0 di Siena;<\/p>\n<p>-The End of the Sole-Mover Advantage: An Experiment, (with L. Ferrari-Bravo), August 2003, Quaderni del Dipartimento di Economia Politica; n. 392, Univesit\u00e0 di Siena;<\/p>\n<p>-Brand Extensions: I contributi della letteratura di Industrial Organization, (with A. Mang\u00e0ni), Rivista Internazionale di Scienze Sociali, 2002, 60, 3;<\/p>\n<p>-Competition and Regulation in the Pharmaceutical Industry: An Experimental Analysis of the Impact of Regulation and Competition between Generic and Branded Drugs, (with L. Ferrari- Bravo), 2002, Pharmaceutical Policy and Law, 5;<\/p>\n<p>&#8211; La teoria del valore normale di Attilio da Empoli e la sua corrispondenza con Loria, (with M. Di<br \/>\nMatteo), Il pensiero economico italiano 2001, 9, 2,\u00a0 87-102;<\/p>\n<p>-Ultramarginal cost in da Empoli&#8217;s work. Towards a general approach to the theory of competition, (with M.\u00a0 Di Matteo), in: Journal of Economic Studies, 2001, 28, 4\/5, 254-64;<\/p>\n<p>-Vertical product differentiation and adverse selection: an experimental note (with A. Mangani); in: Quaderni del dipartimento di economia politica, n. 305, Siena, 2000;<\/p>\n<p>&#8211; Sulla microstruttura dei meccanismi di scambio nei mercati finanziari. Una rassegna dei risultati sperimentali (On the microstructure of trading in the financial markets: a review of experimental results); in: Progetto strategico CNR, Decisioni statistiche: teoria e applicazioni, Pitagora Editrice, Bologna, 1999,\u00a0 29-36;<\/p>\n<p>&#8211; An experiment on the adoption of technology, (with C. Borelli), forthcoming;<\/p>\n<p>&#8211; Double moral hazard: an experiment on warranties, (with G. Coricelli), CEEL, Trento, 1\/99;<\/p>\n<p>-Introduction. Uncertain decisions: Bridging theory and experiments, (L. Luini, ed.), Kluwer,<br \/>\nDordrecht, 1999, xix-xxxi;<\/p>\n<p>-Buyer and seller effect disentangled. An experiment on the microstructure of demand (with C. Borelli e A. Innocenti), in: Uncertain decisions: Bridging theory and experiments ,\u00a0 Kluwer, Dordrecht, 1999, 319-341;<\/p>\n<p>-Informazione e selezione: Fudenberg-Tirole versus Nelson-Winter in laboratorio. (Information and selection: Fudemberg and Tirole versus Nelson and Winter in the laboratory).\u00a0 in: Incertezza, razionalit\u00e0 e decisioni\u00a0 economiche (A.Vercelli, ed.), il Mulino, Bologna, 1998,\u00a0 187-204;<\/p>\n<p>-Diffusione della tecnologia e flussi informativi: l&#8217;approccio sperimentale (Technological Diffusion and Information Flows: an Experimental Approach), (with C. Borelli). In: Teoria economica dell&#8217;organizzazione, (A. Montesano, ed.), il Mulino, Bologna, 1996, 149-174;<\/p>\n<p>-Mergers: Theory and History, in Proceedings of the II Kyoto-Siena Symposium, 1996, 157-70;<\/p>\n<p>-Scienze naturali e scienze sociali: le chiose matematiche di Frisi a Verri e Lloyd. (Natural<\/p>\n<p>Sciences and Social Sciences. Frisi&#8217;s Mathematical Notes on Verri and Lloyd). In: Alle origini del pensiero economico in Italia. 2. Economia e istituzioni. Il paradigma lombardo tra i secoli XVII e XIX. (A. Quadrio Curzio, ed.), il Mulino, Bologna,\u00a0 1996, 127-145;<\/p>\n<p>-Economia dell&#8217;informazione. Mercato, tecnologia, organizzazione ,(Economics of information. Market, technology and organization), La Nuova Italia Scientifica, Roma, 1994;<\/p>\n<p>-Sul mercato dei beni e sul mercato delle idee. Note in margine a un mercato intermedio, (The market for goods and the market for ideas. A note on an intermediate market). In: Prospettive degli studi di economia e politica industriale in Italia, (G. Becattini e S. Vacc\u00e0, eds.), F. Angeli, Milano, 1994, 165-174;<\/p>\n<p>-Questione energetica e teoria economica in Jevons, (Jevons&#8217;s coal question and economic theory). Quaderni di storia ecologica, 3, 1992,\u00a0 7-18;<\/p>\n<p>-Crescita esterna dell&#8217;impresa e teorie economiche, (External growth of the firm and economic theories). Quaderni del dipartimento di economia politica, n. 82, Universit\u00e0 di Siena,\u00a0 1989;<\/p>\n<p>-Statica e dinamica societaria nei grandi gruppi industriali italiani, (Statics and dynamics of large italian industrial groups). In: Strategie di crescita dei grandi gruppi industriali italiani negli anni ottanta, (G. Fornengo e F. Silva, eds.), Franco Angeli, 1988, 201-226;<\/p>\n<p>-On the relations between institutional and welfare economics, in: S. Tsuru, Institutional economics revisited, Cambridge Un. Press, 1987, 162-8;<\/p>\n<p>&nbsp;<\/p>\n<p><u>Working papers and Work in progress<\/u><\/p>\n<p>&nbsp;<\/p>\n<p>&#8211; Social Influence and Homophily Driven Imitation in Trustors\u2019 Networks (with A.M. Nese, P Sbriglia), may 2011<\/p>\n<p>&#8211; Demand cross elasticity without substitutability: Evidence from an experiment; (with P.L. Sabbatini), november 2010;<\/p>\n<p>-Regulating One Side of the Market: The French Advertising Ban on Prime Time State Television<br \/>\n(with L. Filistrucchi, A. Mangani), September 2010<\/p>\n<p>&#8211; Vertical Complementarity Contracting in the Advertising Market, September 2010<\/p>\n<p>&#8211; Peer effects in trust game experiments, (with N. O\u2019Higgins, P. Sbriglia), July 2010;<\/p>\n<p>&#8211; Regulating One Side of the Market: The French Advertising Ban on Prime Time State Television, (with:\u00a0 L Filistrucchi A Mangani), June 2010;<\/p>\n<p>&#8211; Export Specialization and Product Differentiation; (con A. Mang\u00e0ni), August\u00a0 2006<\/p>\n<p>&#8211; Trademarks, Product Variety and Economic Activity in Italy and Europe\u00a0 (with A. Mang\u00e0ni)<\/p>\n<p>&#8211; Information and Learning in Bertrand and Cournot Experimental Duopolies (with P Sbriglia, C Altavilla)<\/p>\n<p>&#8211; The End of the Sole-Mover Advantage: An Experiment (with L Ferrari-Bravo)<\/p>\n<p>&#8211; Vertical product differentiation and adverse selection: an experimental note (with A Mang\u00e0ni);<\/p>\n","protected":false},"excerpt":{"rendered":"<p>-Does Focality Depend on the Mode of Cognition? Experimental Evidence on Pure Coordination Games, with: E. Bilancini (IMT, Lucca) and L. Boncinelli (University of Florence), 2018, Quaderni del Dipartimento di Economia Politica e Statistica, n. 771, Universit\u00e0 di Siena -Social influence in trustors\u2019 neighborhoods, (with: A.M. Nese and P. Sbriglia), Journal of Behavioral and Experimental &hellip; <a href=\"https:\/\/docenti-deps.unisi.it\/luigiluini\/pubblications\/\" class=\"more-link\">Leggi tutto<span class=\"screen-reader-text\"> &#8220;Pubblicazioni&#8221;<\/span><\/a><\/p>\n","protected":false},"author":6,"featured_media":0,"parent":0,"menu_order":0,"comment_status":"closed","ping_status":"closed","template":"","meta":{"footnotes":""},"class_list":["post-10","page","type-page","status-publish","hentry"],"_links":{"self":[{"href":"https:\/\/docenti-deps.unisi.it\/luigiluini\/wp-json\/wp\/v2\/pages\/10","targetHints":{"allow":["GET"]}}],"collection":[{"href":"https:\/\/docenti-deps.unisi.it\/luigiluini\/wp-json\/wp\/v2\/pages"}],"about":[{"href":"https:\/\/docenti-deps.unisi.it\/luigiluini\/wp-json\/wp\/v2\/types\/page"}],"author":[{"embeddable":true,"href":"https:\/\/docenti-deps.unisi.it\/luigiluini\/wp-json\/wp\/v2\/users\/6"}],"replies":[{"embeddable":true,"href":"https:\/\/docenti-deps.unisi.it\/luigiluini\/wp-json\/wp\/v2\/comments?post=10"}],"version-history":[{"count":5,"href":"https:\/\/docenti-deps.unisi.it\/luigiluini\/wp-json\/wp\/v2\/pages\/10\/revisions"}],"predecessor-version":[{"id":840,"href":"https:\/\/docenti-deps.unisi.it\/luigiluini\/wp-json\/wp\/v2\/pages\/10\/revisions\/840"}],"wp:attachment":[{"href":"https:\/\/docenti-deps.unisi.it\/luigiluini\/wp-json\/wp\/v2\/media?parent=10"}],"curies":[{"name":"wp","href":"https:\/\/api.w.org\/{rel}","templated":true}]}}