{"id":256,"date":"2014-09-01T10:31:54","date_gmt":"2014-09-01T08:31:54","guid":{"rendered":"http:\/\/michelangelovasta.wordpress.com\/?page_id=256"},"modified":"2018-11-22T11:03:44","modified_gmt":"2018-11-22T10:03:44","slug":"edited-books","status":"publish","type":"page","link":"https:\/\/docenti-deps.unisi.it\/marcolonzi\/pubblications\/edited-books\/","title":{"rendered":"Articoli"},"content":{"rendered":"<p>Lonzi Marco: &#8220;Una nota sulla formula di Stoodley: un modello descrittivo della forza d&#8217;interesse &#8220;. Quaderno n.28 dell&#8217;Istituto di Matematica della Facolt\u00e0 di Scienze Economiche e Bancarie dell&#8217;Universit\u00e0 degli Studi di Siena, Giugno 1983: <a href=\"https:\/\/docenti-deps.unisi.it\/marcolonzi\/wp-content\/uploads\/sites\/14\/2016\/12\/QIM28.pdf\"> <u> <span style=\"color: #0066cc\">qim28<\/span> <\/u> <\/a><\/p>\n<p>Lonzi Marco: &#8220;Attualizzazione e capitalizzazione mediante la formula di Stoodley: una classe pi\u00f9 generale di modelli&#8221;. Quaderno n.31 dell&#8217;Istituto di Matematica della Facolt\u00e0 di Scienze Economiche e Bancarie dell&#8217;Universit\u00e0 degli Studi di Siena, Settembre 1983. <a href=\"https:\/\/docenti-deps.unisi.it\/marcolonzi\/wp-content\/uploads\/sites\/14\/2017\/01\/QIM31.pdf\">qim31<\/a><\/p>\n<p>Lonzi Marco: &#8220;Aspetti matematici nella ricerca di condizioni di unicit\u00e0 del Tasso Interno di Rendimento&#8221;. Rivista di Matematica per le Scienze Economiche e Sociali, n. 2, anno 1986: <a href=\"https:\/\/docenti-deps.unisi.it\/marcolonzi\/wp-content\/uploads\/sites\/14\/2016\/12\/Qamases1.pdf\"> <u> <span style=\"color: #0066cc\">qamases1<\/span> <\/u> <\/a><\/p>\n<p>Lonzi Marco &#8211; Gronchi Sandro: &#8220;Sulla concordanza di alcuni contributi in tema di Tasso Interno di Rendimento&#8221;. Note Economiche, n.5\/6, anno 1985 : <a href=\"https:\/\/docenti-deps.unisi.it\/marcolonzi\/wp-content\/uploads\/sites\/14\/2016\/12\/QMPS1.pdf\">qmps1<\/a><\/p>\n<p>Lonzi Marco: &#8220;Significativit\u00e0 economica del Tasso Interno di Rendimento mediante il Valore Attuale di un progetto e dei suoi sottoprogetti&#8221;. Note Economiche, n.5\/6, anno 1985: <a href=\"https:\/\/docenti-deps.unisi.it\/marcolonzi\/wp-content\/uploads\/sites\/14\/2016\/12\/QMPS2.pdf\"> <u> <span style=\"color: #0066cc\">qmps2<\/span> <\/u> <\/a><\/p>\n<p>Lonzi Marco: &#8220;Unicit\u00e0 del Tasso Interno di Rendimento mediante il computer &#8221; . Quaderno n.35 dell&#8217;Istituto di Matematica della Facolt\u00e0 di Scienze Economiche e Bancarie dell&#8217;Universit\u00e0 degli Studi di Siena, Marzo 1986: <a href=\"https:\/\/docenti-deps.unisi.it\/marcolonzi\/wp-content\/uploads\/sites\/14\/2016\/12\/QIM35.pdf\"> <u> <span style=\"color: #0066cc\">qim35<\/span> <\/u> <\/a><\/p>\n<p>Lonzi Marco: &#8220;Unicit\u00e8 du T.I.R. et Interets Cumules: un commentaire&#8221; . Economie et Societ\u00e8, n.7, 1988: <a href=\"https:\/\/docenti-deps.unisi.it\/marcolonzi\/wp-content\/uploads\/sites\/14\/2016\/12\/QIM36.pdf\"> <u> <span style=\"color: #0066cc\">qim36<\/span> <\/u> <\/a><\/p>\n<p>Lonzi Marco: &#8220;Is Purity necessary and sufficient for truncatability ? &#8220;. Quaderno n.40 dell&#8217;Istituto di Matematica della Facolt\u00e0 di Scienze Economiche e Bancarie dell&#8217;Universit\u00e0 degli Studi di Siena, Settembre 1988: <a href=\"https:\/\/docenti-deps.unisi.it\/marcolonzi\/wp-content\/uploads\/sites\/14\/2016\/12\/QIM40.pdf\">qim40<\/a><\/p>\n<p>Lonzi Marco: &#8220;Valore Attuale e Montante nei progetti puri&#8221;. Rivista di Matematica per le Scienze Economiche e Sociali, n. 2, anno 1989: <a href=\"https:\/\/docenti-deps.unisi.it\/marcolonzi\/wp-content\/uploads\/sites\/14\/2016\/12\/Q39amas.pdf\"> <u> <span style=\"color: #0066cc\">q39amas<\/span> <\/u> <\/a><\/p>\n<p>Lonzi Marco &#8211; Riccarelli Samuele: &#8220;Outstanding capitals e leggi finanziarie interne: un&#8217;analisi critica&#8221;. Quaderno n.392 del Dipartimento di Matematica dell&#8217;Universit\u00e0 degli Studi di Siena, Dicembre 1999: <a href=\"https:\/\/docenti-deps.unisi.it\/marcolonzi\/wp-content\/uploads\/sites\/14\/2016\/12\/QDM392.pdf\"> <u> <span style=\"color: #0066cc\">qdm392<\/span> <\/u> <\/a><\/p>\n<p>Lonzi Marco &#8211; Riccarelli Samuele: &#8220;Anomalies and Monotonicity in Net Present Value calculations&#8221;. Dipartimento di Metodi Quantitativi dell&#8217;Universit\u00e0 degli Studi di Siena, Working paper N\u00b0 31, Dicembre 2001: <a href=\"https:\/\/docenti-deps.unisi.it\/marcolonzi\/wp-content\/uploads\/sites\/14\/2016\/12\/QDMQ31.pdf\"> <u> <span style=\"color: #0066cc\">qdmq31<\/span> <\/u> <\/a><\/p>\n<p>Lonzi Marco &#8211; Riccarelli Samuele: &#8220;I progetti d&#8217;investimento puri: ulteriori analisi e propriet\u00e0&#8221;. Dipartimento di Metodi Quantitativi dell&#8217;Universit\u00e0 degli Studi di Siena, Working paper N\u00b0 32, Dicembre 2001: <a href=\"https:\/\/docenti-deps.unisi.it\/marcolonzi\/wp-content\/uploads\/sites\/14\/2016\/12\/QDMQ32.pdf\"> <u> <span style=\"color: #0066cc\">qdmq32<\/span> <\/u> <\/a><\/p>\n<p>Lonzi Marco &#8211; Riccarelli Samuele: &#8220;Forma compatta per derivate e differenziali del second&#8217;ordine di funzioni composte e funzioni implicite&#8221;. Dipartimento di Metodi Quantitativi dell&#8217;Universit\u00e0 degli Studi di Siena, Working paper N\u00b0 55, Aprile 2005: <a href=\"https:\/\/docenti-deps.unisi.it\/marcolonzi\/wp-content\/uploads\/sites\/14\/2016\/12\/QDMQ55.pdf\">qdmq55<\/a><\/p>\n<p>Lonzi Marco &#8211; Riccarelli Samuele &#8211; Screpanti Ernesto:&#8221;Advanced or postponed wage payments: Sraffa validates Marx&#8221;. Quaderni del Dipartimento di Economia Politica e Statistica, n.756 \u2013 Giugno 2017: <a href=\"https:\/\/docenti-deps.unisi.it\/marcolonzi\/wp-content\/uploads\/sites\/14\/2017\/12\/QDEPS756.pdf\">QDEPS756<\/a><\/p>\n","protected":false},"excerpt":{"rendered":"<p>Lonzi Marco: &#8220;Una nota sulla formula di Stoodley: un modello descrittivo della forza d&#8217;interesse &#8220;. Quaderno n.28 dell&#8217;Istituto di Matematica della Facolt\u00e0 di Scienze Economiche e Bancarie dell&#8217;Universit\u00e0 degli Studi di Siena, Giugno 1983: qim28 Lonzi Marco: &#8220;Attualizzazione e capitalizzazione mediante la formula di Stoodley: una classe pi\u00f9 generale di modelli&#8221;. Quaderno n.31 dell&#8217;Istituto di &hellip; <a href=\"https:\/\/docenti-deps.unisi.it\/marcolonzi\/pubblications\/edited-books\/\" class=\"more-link\">Leggi tutto<span class=\"screen-reader-text\"> &#8220;Articoli&#8221;<\/span><\/a><\/p>\n","protected":false},"author":9,"featured_media":0,"parent":10,"menu_order":0,"comment_status":"closed","ping_status":"closed","template":"","meta":{"footnotes":""},"class_list":["post-256","page","type-page","status-publish","hentry"],"_links":{"self":[{"href":"https:\/\/docenti-deps.unisi.it\/marcolonzi\/wp-json\/wp\/v2\/pages\/256","targetHints":{"allow":["GET"]}}],"collection":[{"href":"https:\/\/docenti-deps.unisi.it\/marcolonzi\/wp-json\/wp\/v2\/pages"}],"about":[{"href":"https:\/\/docenti-deps.unisi.it\/marcolonzi\/wp-json\/wp\/v2\/types\/page"}],"author":[{"embeddable":true,"href":"https:\/\/docenti-deps.unisi.it\/marcolonzi\/wp-json\/wp\/v2\/users\/9"}],"replies":[{"embeddable":true,"href":"https:\/\/docenti-deps.unisi.it\/marcolonzi\/wp-json\/wp\/v2\/comments?post=256"}],"version-history":[{"count":23,"href":"https:\/\/docenti-deps.unisi.it\/marcolonzi\/wp-json\/wp\/v2\/pages\/256\/revisions"}],"predecessor-version":[{"id":2327,"href":"https:\/\/docenti-deps.unisi.it\/marcolonzi\/wp-json\/wp\/v2\/pages\/256\/revisions\/2327"}],"up":[{"embeddable":true,"href":"https:\/\/docenti-deps.unisi.it\/marcolonzi\/wp-json\/wp\/v2\/pages\/10"}],"wp:attachment":[{"href":"https:\/\/docenti-deps.unisi.it\/marcolonzi\/wp-json\/wp\/v2\/media?parent=256"}],"curies":[{"name":"wp","href":"https:\/\/api.w.org\/{rel}","templated":true}]}}