{"id":11,"date":"2014-08-26T23:41:43","date_gmt":"2014-08-26T21:41:43","guid":{"rendered":"http:\/\/michelangelovasta.wordpress.com\/?page_id=7"},"modified":"2025-03-27T18:59:22","modified_gmt":"2025-03-27T17:59:22","slug":"didattica","status":"publish","type":"page","link":"https:\/\/docenti-deps.unisi.it\/martinacioni\/didattica\/","title":{"rendered":"Economia Politica (00-24)"},"content":{"rendered":"<p><strong><span style=\"color: #ba1b23\">A.A. 2024-2025 Economia Politica: 60 ore, 8 crediti<\/span> <\/strong><br \/>\n<span style=\"color: #ba1b23\">Inizio delle lezioni<\/span>: <strong>luned\u00ec 24 febbraio 2025<\/strong><\/p>\n<p><span style=\"color: #0777b6\"><strong>Orario<\/strong><\/span>:<br \/>\nluned\u00ec: ore 14-16, Aula Chiostro<br \/>\nmarted\u00ec: ore 14-16, Aula Chiostro<br \/>\nmercoled\u00ec: ore 14-16, Aula Chiostro<\/p>\n<hr \/>\n<p><strong><span style=\"color: #0777b6\">Date prove intermedie\u00a0<\/span><\/strong><br \/>\n<span style=\"color: #000000\">Prova intermedia 1: 7 aprile ore 12 (Aula informatica 1)\u00a0<\/span><br \/>\n<span style=\"color: #000000\">Prova intermedia 2: 22 maggio ore 12 (Aula informatica 1)<\/span><br \/>\n<strong><span style=\"color: #0777b6\"><br \/>\nDate appelli:<\/span><\/strong><br \/>\n9 giugno 2025 ore 10 (Aula informatica 1)<br \/>\n8 luglio 2025 ore 12 (Aula informatica 1)<br \/>\n8 settembre 2025 ore 10\u00a0(Aula informatica 2)<br \/>\n23 settembre 2025 ore 10 (Aula informatica 2)<\/p>\n<hr \/>\n<p><strong><span style=\"color: #ba1b23\">Programma del corso (matricole 00-24)<\/span> <\/strong><\/p>\n<p style=\"text-align: justify\">Il corso introduce le idee di base dell&#8217;economia, studiando la relazione\u00a0fra scelte economiche del consumatore e delle imprese, meccanismi\u00a0istituzionali e benessere individuale e collettivo. Obiettivo del\u00a0corso \u00e8 fornire gli strumenti di base della disciplina economica,\u00a0utili per la comprensione della realt\u00e0 circostante e per spiegare\u00a0l\u2019evoluzione storica del nostro sistema economico sociale. Sono previste esercitazioni.<\/p>\n<p><strong> <span style=\"color: #ba1b23\">Testi d&#8217;esame<\/span> <\/strong><\/p>\n<p style=\"text-align: left\"><span style=\"color: #ff0000\"> <strong>L&#8217;economia<\/strong> &#8211; Comprendere il mondo che cambia<\/span>, <img loading=\"lazy\" decoding=\"async\" class=\" wp-image-1032 alignright\" src=\"https:\/\/docenti-deps.unisi.it\/martinacioni\/wp-content\/uploads\/sites\/12\/2018\/02\/cover-212x300.jpg\" alt=\"\" width=\"176\" height=\"249\" srcset=\"https:\/\/docenti-deps.unisi.it\/martinacioni\/wp-content\/uploads\/sites\/12\/2018\/02\/cover-212x300.jpg 212w, https:\/\/docenti-deps.unisi.it\/martinacioni\/wp-content\/uploads\/sites\/12\/2018\/02\/cover-768x1086.jpg 768w, https:\/\/docenti-deps.unisi.it\/martinacioni\/wp-content\/uploads\/sites\/12\/2018\/02\/cover-724x1024.jpg 724w, https:\/\/docenti-deps.unisi.it\/martinacioni\/wp-content\/uploads\/sites\/12\/2018\/02\/cover.jpg 1028w\" sizes=\"auto, (max-width: 176px) 85vw, 176px\" \/>il Mulino, Bologna, 2018, edizione italiana a cura del Dipartimento di Economia\u00a0Politica e Statistica dell&#8217;Universit\u00e0 di Siena.\u00a0La versione originale, in lingua inglese,<span style=\"color: #ff0000\"> The Economy<\/span>\u00a0\u00e8 disponibile sul sito del progetto CORE al seguente indirizzo: <a href=\"http:\/\/www.core-econ.org\/the-economy\/\">www.core-econ.org\/the-economy<\/a><\/p>\n<p><strong>Capitoli oggetto d&#8217;esame<\/strong>: <span style=\"color: #ba1b23\">capitoli da <\/span><strong><span style=\"color: #ba1b23\">1 <\/span><\/strong><span style=\"color: #ba1b23\">a<\/span> <strong><span style=\"color: #ba1b23\">12 <\/span> <\/strong> <span style=\"color: #ba1b23\">(escluso tutto il capitolo <strong>9<\/strong>; i\u00a0paragrafi<strong> 10.7, 10.8, 10.9 e 10.10 <\/strong>del capitolo<strong> 10; i <\/strong>paragrafi\u00a0<strong>11.5, 11.6, 11.7, 11.8\u00a0&#8211;<\/strong>di cui \u00e8 consigliata la lettura<strong>&#8211;\u00a0<\/strong>del\u00a0capitolo<strong>\u00a011<\/strong>)<\/span>.<\/p>\n<p>Materiali integrativi:\u00a0<strong> <a style=\"color: #ba1b23\" href=\"https:\/\/docenti-deps.unisi.it\/martinacioni\/didattica\/slides-e-materiali-integrativi\/\">Slide e materiali<\/a> <\/strong><\/p>\n<p><strong> <span style=\"color: #ba1b23\">Modalit\u00e0 di esame<\/span><\/strong>: Prova scritta e discussione orale. La prova scritta comprende domande a scelta multipla, esercizi e domande aperte. Sono previste prove intermedie.<\/p>\n<p>&nbsp;<\/p>\n","protected":false},"excerpt":{"rendered":"<p>A.A. 2024-2025 Economia Politica: 60 ore, 8 crediti Inizio delle lezioni: luned\u00ec 24 febbraio 2025 Orario: luned\u00ec: ore 14-16, Aula Chiostro marted\u00ec: ore 14-16, Aula Chiostro mercoled\u00ec: ore 14-16, Aula Chiostro Date prove intermedie\u00a0 Prova intermedia 1: 7 aprile ore 12 (Aula informatica 1)\u00a0 Prova intermedia 2: 22 maggio ore 12 (Aula informatica 1) Date &hellip; <a href=\"https:\/\/docenti-deps.unisi.it\/martinacioni\/didattica\/\" class=\"more-link\">Leggi tutto<span class=\"screen-reader-text\"> &#8220;Economia Politica (00-24)&#8221;<\/span><\/a><\/p>\n","protected":false},"author":9,"featured_media":0,"parent":0,"menu_order":0,"comment_status":"closed","ping_status":"closed","template":"","meta":{"footnotes":""},"class_list":["post-11","page","type-page","status-publish","hentry"],"_links":{"self":[{"href":"https:\/\/docenti-deps.unisi.it\/martinacioni\/wp-json\/wp\/v2\/pages\/11","targetHints":{"allow":["GET"]}}],"collection":[{"href":"https:\/\/docenti-deps.unisi.it\/martinacioni\/wp-json\/wp\/v2\/pages"}],"about":[{"href":"https:\/\/docenti-deps.unisi.it\/martinacioni\/wp-json\/wp\/v2\/types\/page"}],"author":[{"embeddable":true,"href":"https:\/\/docenti-deps.unisi.it\/martinacioni\/wp-json\/wp\/v2\/users\/9"}],"replies":[{"embeddable":true,"href":"https:\/\/docenti-deps.unisi.it\/martinacioni\/wp-json\/wp\/v2\/comments?post=11"}],"version-history":[{"count":179,"href":"https:\/\/docenti-deps.unisi.it\/martinacioni\/wp-json\/wp\/v2\/pages\/11\/revisions"}],"predecessor-version":[{"id":1281,"href":"https:\/\/docenti-deps.unisi.it\/martinacioni\/wp-json\/wp\/v2\/pages\/11\/revisions\/1281"}],"wp:attachment":[{"href":"https:\/\/docenti-deps.unisi.it\/martinacioni\/wp-json\/wp\/v2\/media?parent=11"}],"curies":[{"name":"wp","href":"https:\/\/api.w.org\/{rel}","templated":true}]}}