{"id":1301,"date":"2026-01-19T11:02:56","date_gmt":"2026-01-19T10:02:56","guid":{"rendered":"https:\/\/docenti-deps.unisi.it\/martinacioni\/?page_id=1301"},"modified":"2026-02-12T10:25:05","modified_gmt":"2026-02-12T09:25:05","slug":"economia-politica-giurisprudenza","status":"publish","type":"page","link":"https:\/\/docenti-deps.unisi.it\/martinacioni\/economia-politica-giurisprudenza\/","title":{"rendered":"Economia Politica (Giurisprudenza)"},"content":{"rendered":"<p><strong><span style=\"color: #ff0000\">Economia Politica 2025\/2026 (60 ore, 9 crediti)<\/span><\/strong><\/p>\n<p><span style=\"color: #0000ff\"><span style=\"color: #3366ff\">Per l&#8217;anno accademico\u00a0 2025\/2026 sostituisco il prof. Alberto Baccini. Il programma del corso \u00e8 quello che il prof. Baccini ha utilizzato nell&#8217;anno 2024\/2025.<\/span>\u00a0<\/span><\/p>\n<p><span style=\"color: #000000\">Inizio delle lezioni:<\/span> <strong>mercoled\u00ec 24 settembre 2025<\/strong><\/p>\n<p><span style=\"color: #3366ff\"><strong>Orario<\/strong>:<\/span><br \/>\nluned\u00ec: ore 13-15, Aula Magna &#8211; via Mattioli<br \/>\nmarted\u00ec: ore 13-15, Aula Magna &#8211; via Mattioli<br \/>\nmercoled\u00ec: ore 13-15, Aula Magna &#8211; via Mattioli<\/p>\n<hr \/>\n<p><span style=\"color: #3366ff\"><strong>Date prove intermedie:<\/strong><\/span><br \/>\n<span style=\"color: #000000\">Prova intermedia: 19 novembre 2025 ore 13 (Aula Magna)\u00a0<\/span><br \/>\n<strong><span style=\"color: #0777b6\"><br \/>\n<span style=\"color: #3366ff\">Date appelli:<\/span><\/span><\/strong><br \/>\n13 gennaio 2026 ore 13<br \/>\n28 gennaio 2026 ore 11<br \/>\n17 febbraio 2026 ore 12<br \/>\n31 marzo ore 11 (APPELLO RISERVATO)<br \/>\n9 giugno 2026 ore 11<br \/>\n30 giugno 2026 ore 11<br \/>\n15 luglio 2026 ore 13<br \/>\n1 settembre ore 11<br \/>\n16 settembre ore 13<\/p>\n<p>Il corso si propone di fornire gli elementi istituzionali di base dell&#8217;economia politica (microeconomia e microeconomia) con particolare attenzione ad applicazioni ed esempi tratti dall\u2019analisi economica del diritto. Il corso di compone di 60 ore di lezioni frontali. L\u2019esame finale si svolger\u00e0 in forma scritta con domande aperte &#8211; 5 di microeconomia (peso 20\/30), 3 di macroeconomia (10\/30) &#8211;\u00a0 e da un colloqui orale.<\/p>\n<p><span style=\"color: #ff0000\"><strong>1. Microeconomia (peso 2\/3)<\/strong><\/span><br \/>\n<strong>Introduzione<\/strong>. Teoria delle decisioni; Allocazione delle risorse scarse; modelli: previsioni e verifica; questioni positive e questioni normative.<br \/>\n<strong>Le scelte del consumatore<\/strong>. Preferenze; Curve di indifferenza; Vincolo di bilancio; Scelta del consumatore soggetta a vincoli.<br \/>\n<strong>Lo scambio<\/strong>. Pareto-efficienza. Scambio bilaterale e scatola di Edgeworth. Efficienza ed equit\u00e0.<br \/>\n<strong>Applicare la teoria del consumatore<\/strong>. Curva prezzo-consumo; Curva di domanda; Elasticit\u00e0 al prezzo; Beni normali e beni inferiori.<br \/>\n<strong>Le imprese, la produzione e i costi<\/strong>. La funzione di produzione; Prodotto medio e marginale. Costi di breve e di lungo periodo.<br \/>\n<strong>Le imprese e i mercati concorrenziali<\/strong>. La concorrenza. La massimizzazione del profitto. L&#8217;offerta dell&#8217;impresa e di mercato. L&#8217;equilibrio di concorrenza nel breve periodo e nel lungo periodo.<br \/>\n<strong>Economia del benessere<\/strong>. Surplus del consumatore e del produttore. La massimizzazione del benessere sociale. Interventi normativi e misure di benessere. Equilibrio generale (cenni).<br \/>\n<strong>Il monopolio<\/strong>. Ricavo marginale e prezzo. La massimizzazione del profitto. Il potere di mercato. Gli effetti del monopolio sul benessere.<br \/>\n<strong>L&#8217;oligopolio e la concorrenza monopolistica<\/strong>. La teoria dei giochi ed equilibrio di Nash. Oligopoli cooperativi. La concorrenza monopolistica.<br \/>\n<strong>Esternalit\u00e0, propriet\u00e0 comuni e beni pubblici<\/strong>. Propriet\u00e0. Esternalit\u00e0 e loro controllo. Teorema di Coase. Propriet\u00e0 comune. Beni pubblici.<\/p>\n<p><span style=\"color: #ff0000\"><strong>2. Macroeconomia (peso 1\/3).<\/strong><\/span><br \/>\n<strong>Contabilit\u00e0 nazionale<\/strong>. Prodotto interno lordo. Conto delle risorse e degli impieghi. PIL nominale e reale. Tasso di crescita del PIL.<br \/>\n<strong>Il modello macroeconomico keynesiano<\/strong>. Equilibrio macroeconomico. Domanda aggregata. Consumi. Investimenti. Spesa Pubblica. Esportazioni. Importazioni. Domanda di moneta. Offerta di moneta. La politica economica keynesiana.<br \/>\n<strong>Il modello IS-LM<\/strong>.<br \/>\n<strong>Il modello AS-AD<\/strong>.<\/p>\n<p><span style=\"color: #ff0000\"><strong>Libri di testo<\/strong><\/span><br \/>\nGli argomenti di microeconomia possono essere studiati in un qualsiasi manuale di microeconomia, per esempio in: Jeffrey M. Perloff, Microeconomia, Milano, Apogeo, 2011.<br \/>\nPer la macroeconomia: Andrea Fineschi, Appunti di macroeconomia, Torino, Giappichelli, 2007<br \/>\nIn alternativa ai due volumi precedenti, gli studenti possono usare:<br \/>\nTHE CORE TEAM, L&#8217;economia. Comprendere il mondo che cambia, Bologna, Il Mulino, 2018 (https:\/\/www.core-econ.org\/project\/leconomia\/).<\/p>\n<p><strong><span style=\"color: #3366ff\">I materiali integrativi (slide delle lezioni, esercizi, etc.) sono disponibili sul sito <em><a style=\"color: #3366ff\" href=\"http:\/\/elearning.unisi.it\/moodle\" target=\"_blank\" rel=\"noopener noreferrer\">moodle<\/a>\u00a0<\/em>dell\u2019Universit\u00e0 di Siena.<\/span><\/strong><\/p>\n","protected":false},"excerpt":{"rendered":"<p>Economia Politica 2025\/2026 (60 ore, 9 crediti) Per l&#8217;anno accademico\u00a0 2025\/2026 sostituisco il prof. Alberto Baccini. Il programma del corso \u00e8 quello che il prof. Baccini ha utilizzato nell&#8217;anno 2024\/2025.\u00a0 Inizio delle lezioni: mercoled\u00ec 24 settembre 2025 Orario: luned\u00ec: ore 13-15, Aula Magna &#8211; via Mattioli marted\u00ec: ore 13-15, Aula Magna &#8211; via Mattioli mercoled\u00ec: &hellip; <a href=\"https:\/\/docenti-deps.unisi.it\/martinacioni\/economia-politica-giurisprudenza\/\" class=\"more-link\">Leggi tutto<span class=\"screen-reader-text\"> &#8220;Economia Politica (Giurisprudenza)&#8221;<\/span><\/a><\/p>\n","protected":false},"author":9,"featured_media":0,"parent":0,"menu_order":0,"comment_status":"closed","ping_status":"closed","template":"","meta":{"footnotes":""},"class_list":["post-1301","page","type-page","status-publish","hentry"],"_links":{"self":[{"href":"https:\/\/docenti-deps.unisi.it\/martinacioni\/wp-json\/wp\/v2\/pages\/1301","targetHints":{"allow":["GET"]}}],"collection":[{"href":"https:\/\/docenti-deps.unisi.it\/martinacioni\/wp-json\/wp\/v2\/pages"}],"about":[{"href":"https:\/\/docenti-deps.unisi.it\/martinacioni\/wp-json\/wp\/v2\/types\/page"}],"author":[{"embeddable":true,"href":"https:\/\/docenti-deps.unisi.it\/martinacioni\/wp-json\/wp\/v2\/users\/9"}],"replies":[{"embeddable":true,"href":"https:\/\/docenti-deps.unisi.it\/martinacioni\/wp-json\/wp\/v2\/comments?post=1301"}],"version-history":[{"count":6,"href":"https:\/\/docenti-deps.unisi.it\/martinacioni\/wp-json\/wp\/v2\/pages\/1301\/revisions"}],"predecessor-version":[{"id":1318,"href":"https:\/\/docenti-deps.unisi.it\/martinacioni\/wp-json\/wp\/v2\/pages\/1301\/revisions\/1318"}],"wp:attachment":[{"href":"https:\/\/docenti-deps.unisi.it\/martinacioni\/wp-json\/wp\/v2\/media?parent=1301"}],"curies":[{"name":"wp","href":"https:\/\/api.w.org\/{rel}","templated":true}]}}