{"id":1161,"date":"2025-09-29T11:31:34","date_gmt":"2025-09-29T09:31:34","guid":{"rendered":"https:\/\/docenti-deps.unisi.it\/marziamarcheselli\/?page_id=1161"},"modified":"2025-09-29T11:43:07","modified_gmt":"2025-09-29T09:43:07","slug":"precorso","status":"publish","type":"page","link":"https:\/\/docenti-deps.unisi.it\/marziamarcheselli\/precorso\/","title":{"rendered":"Precorso"},"content":{"rendered":"<p style=\"text-align: justify\"><span style=\"color: #333333\"><strong>Obiettivi<\/strong><\/span><br \/>\nL\u2019obiettivo del corso \u00e8 richiamare i concetti fondamentali della teoria della probabilit\u00e0 e dell\u2019inferenza statistica. In particolare, lo studente consolider\u00e0 le conoscenze sulle principali distribuzioni di probabilit\u00e0 e sui loro indici di sintesi, nonch\u00e9 sugli strumenti di base per la costruzione di intervalli di confidenza e per la verifica di ipotesi.<\/p>\n<p style=\"text-align: justify\"><span style=\"color: #333333\"><em>Probabilit\u00e0 e variabili casuali<\/em>: algebra degli eventi, probabilit\u00e0, variabili casuali, distribuzioni di probabilit\u00e0, vettori casuali, distribuzioni congiunte, marginali e subordinate, indici di sintesi e di dipendenza.<\/span><br \/>\n<span style=\"color: #333333\"><em>Inferenza statistica<\/em>: teoria della stima, intervalli di confidenza, verifica di ipotesi parametriche.<strong>\u00a0<\/strong><\/span><\/p>\n<p style=\"text-align: justify\"><span style=\"color: #333333\"><strong>Contenuti<\/strong><\/span><br \/>\n<span style=\"color: #333333\"><em>Probabilit\u00e0 e variabili casuali: <\/em>algebra degli eventi, probabilit\u00e0, variabili casuali, distribuzioni di probabilit\u00e0, vettori casuali, distribuzioni congiunte, marginali e subordinate, indici di sintesi e di dipendenza<em>.<br \/>\nInferenza statistica: <\/em>teoria della stima, intervalli di confidenza, verifica di ipotesi parametriche<em>.<\/em><\/span><\/p>\n<p style=\"text-align: justify\"><span style=\"color: #333333\"><strong>Testi di riferimento<\/strong><\/span><br \/>\nStock, J.H., Watson M.W. (2012) Introduzione all\u2019econometria, III edizione, Pearson-Prentice Hall Education Italia S.r.l., Milano.<\/p>\n<p>&nbsp;<\/p>\n<p><strong>Non \u00e8 prevista alcuna modalit\u00e0 di verifica dell&#8217;apprendimento.<\/strong><\/p>\n","protected":false},"excerpt":{"rendered":"<p>Obiettivi L\u2019obiettivo del corso \u00e8 richiamare i concetti fondamentali della teoria della probabilit\u00e0 e dell\u2019inferenza statistica. In particolare, lo studente consolider\u00e0 le conoscenze sulle principali distribuzioni di probabilit\u00e0 e sui loro indici di sintesi, nonch\u00e9 sugli strumenti di base per la costruzione di intervalli di confidenza e per la verifica di ipotesi. Probabilit\u00e0 e variabili &hellip; <a href=\"https:\/\/docenti-deps.unisi.it\/marziamarcheselli\/precorso\/\" class=\"more-link\">Leggi tutto<span class=\"screen-reader-text\"> &#8220;Precorso&#8221;<\/span><\/a><\/p>\n","protected":false},"author":36,"featured_media":0,"parent":0,"menu_order":0,"comment_status":"closed","ping_status":"closed","template":"","meta":{"footnotes":""},"class_list":["post-1161","page","type-page","status-publish","hentry"],"_links":{"self":[{"href":"https:\/\/docenti-deps.unisi.it\/marziamarcheselli\/wp-json\/wp\/v2\/pages\/1161","targetHints":{"allow":["GET"]}}],"collection":[{"href":"https:\/\/docenti-deps.unisi.it\/marziamarcheselli\/wp-json\/wp\/v2\/pages"}],"about":[{"href":"https:\/\/docenti-deps.unisi.it\/marziamarcheselli\/wp-json\/wp\/v2\/types\/page"}],"author":[{"embeddable":true,"href":"https:\/\/docenti-deps.unisi.it\/marziamarcheselli\/wp-json\/wp\/v2\/users\/36"}],"replies":[{"embeddable":true,"href":"https:\/\/docenti-deps.unisi.it\/marziamarcheselli\/wp-json\/wp\/v2\/comments?post=1161"}],"version-history":[{"count":5,"href":"https:\/\/docenti-deps.unisi.it\/marziamarcheselli\/wp-json\/wp\/v2\/pages\/1161\/revisions"}],"predecessor-version":[{"id":1170,"href":"https:\/\/docenti-deps.unisi.it\/marziamarcheselli\/wp-json\/wp\/v2\/pages\/1161\/revisions\/1170"}],"wp:attachment":[{"href":"https:\/\/docenti-deps.unisi.it\/marziamarcheselli\/wp-json\/wp\/v2\/media?parent=1161"}],"curies":[{"name":"wp","href":"https:\/\/api.w.org\/{rel}","templated":true}]}}