{"id":13,"date":"2014-08-26T23:41:39","date_gmt":"2014-08-26T21:41:39","guid":{"rendered":"http:\/\/michelangelovasta.wordpress.com\/?page_id=13"},"modified":"2025-05-11T06:43:54","modified_gmt":"2025-05-11T04:43:54","slug":"curriculum","status":"publish","type":"page","link":"https:\/\/docenti-deps.unisi.it\/massimodefrancesco\/curriculum\/","title":{"rendered":"curriculum"},"content":{"rendered":"<div align=\"justify\"><\/div>\n<div align=\"justify\">FORMAZIONE<br \/>\nLuglio 1984: Laurea con lode in Economia e Commercio, Universit\u00e0 di Roma &#8220;La Sapienza&#8221;.<\/div>\n<div align=\"justify\">1987-1988: Research student, Universit\u00e0 di Cambridge, UK.<\/div>\n<div align=\"justify\">Ottobre 1989: Dottore di Ricerca in Economia Politica, Universit\u00e0 di Roma &#8220;La Sapienza&#8221;.<\/div>\n<div align=\"justify\"><\/div>\n<div align=\"justify\">POSIZIONE ACCADEMICA<br \/>\nDal 1992 Ricercatore all&#8217;Universit\u00e0 di Siena;<br \/>\nDal novembre 2006 Professore associato all&#8217;Universit\u00e0 di Siena<\/div>\n<div align=\"justify\"><\/div>\n<div align=\"justify\">CONGEDI<br \/>\nIn congedo sabbatico nell\u2019anno 2005. Nel periodo novembre-dicembre 2005, Honorary Research Fellow presso la School of Social Sciences (Economics), Universit\u00e0 di Manchester (UK).<\/div>\n<div align=\"justify\"><\/div>\n<div align=\"justify\">INTERESSI DI RICERCA<br \/>\nOrganizzazione industriale, interazione strategica di prezzo tra imprese, mercato del lavoro, teoria dei giochi.<\/div>\n<div align=\"justify\"><\/div>\n<div align=\"justify\">DIDATTICA<br \/>\nHa insegnato &#8220;Economia dell&#8217;Organizzazione&#8221;, &#8220;Microeconomia&#8221; ed &#8220;Economia Industriale&#8221; nei corsi di laurea triennale, &#8220;Teoria dei giochi&#8221; e &#8220;Microeconomia per Manager&#8221; nei corsi di laurea magistrale, moduli dei corsi &#8220;Macroeconomics I&#8221;, &#8220;Industrial Organization&#8221; e &#8220;Microeconomics III&#8221; nel Dottorato di Ricerca in Economics.<br \/>\nDall&#8217;anno accademico 2021-2022 insegna &#8220;Microeconomia&#8221; nei corsi di laurea triennale, &#8220;Industrial Organization&#8221; nel corso di laurea magistrale International Accounting and Management, &#8220;Industrial Economics&#8221; nel Dottorato di Ricerca in Economics.<\/div>\n<div align=\"justify\"><\/div>\n<div align=\"justify\"><strong>SEMINARI, CONVEGNI, WORKSHOPS<\/strong><\/div>\n<div align=\"justify\"><\/div>\n<div align=\"justify\">\n<div align=\"justify\">\n<div align=\"justify\">Ha presentato lavori ai seguenti convegni:<\/div>\n<div align=\"justify\"><\/div>\n<\/div>\n<div align=\"justify\">\n<ul>\n<li>XXXVII Jornadas de Economia Industrial, Bilbao, 7-8 settembre 2023.<\/li>\n<\/ul>\n<\/div>\n<div align=\"justify\">\n<ul>\n<li>\n<div align=\"justify\">\n<ul>\n<li>UE Lisbon Meetings in Game Theory and Applications, Lisbona, 7-9 novembre 2019.<\/li>\n<\/ul>\n<\/div>\n<\/li>\n<li>\n<div align=\"justify\">XXXII Jornadas de Economia Industrial, Pamplona, 7-8 settembre 2017.<\/div>\n<\/li>\n<li>22nd Eurasian Business and Economics Society Conference (EBES), Rome, 24-26 maggio, 2017.<\/li>\n<li>UE Lisbon Meetings in Game Theory and Applications, Lisbona, 3-5 novembre 2016EC<\/li>\n<li>Oligopoly workshop, Rome, 5-6 giugno 2014.<\/li>\n<li>XXVI Jornadas de Economia Industrial, Valencia, 15-17 settembre 2011.<\/li>\n<li>The 21st International Summer Festival on Game Theory,\u00a0Stony Brook University, New York, 12-16 luglio 2010.<\/li>\n<li>50a Riunione Scientifica Annuale della Societ\u00e0 Italiana degli Economisti, 22-24 ottobre 2009.<\/li>\n<li>SING5: V Spain Italy Netherlands Meeting on Game Theory, Amsterdam, 1-3 luglio 2009.<\/li>\n<li>SING4: IV Spain Italy Netherlands Meeting on Game Theory, Wroclaw (Poland), 26-28 giugno 2008.<\/li>\n<li>Conference on &#8220;Endogenous Market Structures and Industrial Policy&#8221;, University of Milan, Bicocca, giugno 5-6, 2008.<\/li>\n<li>The 17th International Conference on Game Theory, Stony Brook University, New York, 10-14 luglio 2006.<\/li>\n<li>Spain Italy Netherlands Meeting on Game Theory (SING2), Foggia, 14-17 giugno 2006.<\/li>\n<li>The 16th International Conference on Game Theory, Stony Brook University, New York, 11-15 luglio 2005.<\/li>\n<li>II\u00b0 Convegno Nazionale dell\u2019Associazione Italiana per la Storia dell\u2019Economia Politica (STOREP). La teoria della decisione nella storia dell\u2019economia politica, Siena, 3-4 giugno 2005.<\/li>\n<li>Sixth Spanish Meeting on Game Theory and Applications, Elche, 12-14 luglio 2004.<\/li>\n<li>Third Bilateral Siena-Hamburg Workshop on Applied Game Theory, Siena, 10-13 aprile 2003.<\/li>\n<li>International Industrial Organization Conference (sponsored by the Industrial Organization Society), Boston, MA, USA, 4-5 aprile 2003.<\/li>\n<li>Fifth Spanish Meeting on Game Theory and Applications, Siviglia, 1-3 luglio 2002.<\/li>\n<li>Second Bilateral Siena-Hamburg Workshop on Applied Game Theory, Amburgo, 6-9 giugno 2002.<\/li>\n<li>First Bilateral Siena-Hamburg Workshop on Applied Game Theory, Siena, 11-14 ottobre 2001.<\/li>\n<li>XIV Italian Meeting on Game Theory and Applications, Ischia, 11-14 luglio 2001.<\/li>\n<li>11th Conference on Game Theory and Applications, 9-10 giugno 1997, Universit\u00e0 Bocconi, Milano.<\/li>\n<li>Riunione scientifica del gruppo MURST 40% Occupazione: problemi di analisi e di politica, San Giuliano Terme (PI) e Pisa, 28-29 giugno 1996.<\/li>\n<li>Convegno Istituzioni, distribuzione e sviluppo economico, Istituto Italiano per gli Studi Filosofici, Palazzo Serra di Cassano, Napoli, 6-8 ottobre 1994.<\/li>\n<li>Riunione scientifica del gruppo MURST 40% Istituzioni, distribuzione e sviluppo economico, Furore, Aprile 1993.<\/li>\n<\/ul>\n<\/div>\n<div align=\"justify\">\n<div align=\"justify\">\n<p>SEMINARI:<\/p>\n<ul>\n<li>Dipartimento di Economia politica, Universit\u00e0 di Siena, dicembre 1992.<\/li>\n<li>Istituto Universitario Europeo di Firenze (Fiesole), febbraio 1997.<\/li>\n<li>Leipzig Graduate School of Management, Lipsia, 9 dicembre 1997.<\/li>\n<li>Queen Mary and Westfield College, University of London, novembre 1998.<\/li>\n<li>Dipartimento di Economia Politica, Universit\u00e0 di Siena, marzo 2000.<\/li>\n<li>Dipartimento di Economia Politica, Universit\u00e0 di Siena, marzo 2001.<\/li>\n<li>Dipartimento di Economia Politica dell\u00bfUniversit\u00e0 di Siena, 6 novembre 2002.<\/li>\n<li>Dipartimento di Economia Politica dell\u00bfUniversit\u00e0 di Siena, 19 novembre 2003.<\/li>\n<li>School of Social Sciences (Economics), University of Manchester (UK), 7 dicembre 2005.<\/li>\n<li>European University Institute of Florence, 30 gennaio 2006.<\/li>\n<li>Dipartimento di Economia Politica dell\u2019Universit\u00e0 di Siena: 22 novembre 2006.<\/li>\n<li>Corvinus Game Theory Seminar at Corvinus University (Budapest): 27 aprile 2018.<\/li>\n<\/ul>\n<\/div>\n<\/div>\n<p><strong>REFEREE<\/strong><\/p>\n<\/div>\n<div align=\"justify\">\n<p>Journal of Institutional Economics; Journal of Economics; Manchester School; The B. E. Journal of Theoretical Economics; Metroeconomica; Economics Bulletin; S.N. Business &amp; Economics; Wiley Encyclopedia of Operations Research and Management Science; Economia Politica.<br \/>\nPer la collana di Working papers: Quaderni del Dipartimento di Economia Politica.<\/p>\n<p><strong>ALTRE ATTIVITA&#8217;<\/strong><br \/>\nHa collaborato a indagini sulle politiche di protezione sociale contro la disoccupazione; ha contribuito alla redazione del primo rapporto INPDAP sul Welfare State (INPDAP, Rapporto sullo Stato Sociale, Gangemi, 2001).<br \/>\nHa curato le prime due edizioni italiane di Mankiw, Macroeconomics (Macroeconomia, Bologna, 1994 e 1998), inserendo una trattazione sistematica della contabilit\u00e0 nazionale e della bilancia dei pagamenti.<\/p>\n<\/div>\n","protected":false},"excerpt":{"rendered":"<p>FORMAZIONE Luglio 1984: Laurea con lode in Economia e Commercio, Universit\u00e0 di Roma &#8220;La Sapienza&#8221;. 1987-1988: Research student, Universit\u00e0 di Cambridge, UK. Ottobre 1989: Dottore di Ricerca in Economia Politica, Universit\u00e0 di Roma &#8220;La Sapienza&#8221;. POSIZIONE ACCADEMICA Dal 1992 Ricercatore all&#8217;Universit\u00e0 di Siena; Dal novembre 2006 Professore associato all&#8217;Universit\u00e0 di Siena CONGEDI In congedo sabbatico &hellip; <a href=\"https:\/\/docenti-deps.unisi.it\/massimodefrancesco\/curriculum\/\" class=\"more-link\">Leggi tutto<span class=\"screen-reader-text\"> &#8220;curriculum&#8221;<\/span><\/a><\/p>\n","protected":false},"author":30,"featured_media":0,"parent":0,"menu_order":0,"comment_status":"closed","ping_status":"closed","template":"","meta":{"footnotes":""},"class_list":["post-13","page","type-page","status-publish","hentry"],"_links":{"self":[{"href":"https:\/\/docenti-deps.unisi.it\/massimodefrancesco\/wp-json\/wp\/v2\/pages\/13","targetHints":{"allow":["GET"]}}],"collection":[{"href":"https:\/\/docenti-deps.unisi.it\/massimodefrancesco\/wp-json\/wp\/v2\/pages"}],"about":[{"href":"https:\/\/docenti-deps.unisi.it\/massimodefrancesco\/wp-json\/wp\/v2\/types\/page"}],"author":[{"embeddable":true,"href":"https:\/\/docenti-deps.unisi.it\/massimodefrancesco\/wp-json\/wp\/v2\/users\/30"}],"replies":[{"embeddable":true,"href":"https:\/\/docenti-deps.unisi.it\/massimodefrancesco\/wp-json\/wp\/v2\/comments?post=13"}],"version-history":[{"count":30,"href":"https:\/\/docenti-deps.unisi.it\/massimodefrancesco\/wp-json\/wp\/v2\/pages\/13\/revisions"}],"predecessor-version":[{"id":877,"href":"https:\/\/docenti-deps.unisi.it\/massimodefrancesco\/wp-json\/wp\/v2\/pages\/13\/revisions\/877"}],"wp:attachment":[{"href":"https:\/\/docenti-deps.unisi.it\/massimodefrancesco\/wp-json\/wp\/v2\/media?parent=13"}],"curies":[{"name":"wp","href":"https:\/\/api.w.org\/{rel}","templated":true}]}}