{"id":803,"date":"2016-02-25T09:40:51","date_gmt":"2016-02-25T08:40:51","guid":{"rendered":"http:\/\/docenti-deps.unisi.it\/massimodefrancesco\/?page_id=803"},"modified":"2018-11-22T15:06:34","modified_gmt":"2018-11-22T14:06:34","slug":"economia-industriale","status":"publish","type":"page","link":"https:\/\/docenti-deps.unisi.it\/massimodefrancesco\/economia-industriale\/","title":{"rendered":"Economia Industriale"},"content":{"rendered":"<div id=\"header-1\" class=\"portlet-section-header header-hx header-h3\">\n<h4>Obiettivi<\/h4>\n<p>Apprendere i fondamenti teorici ed empirici di:<br \/>\nMercati imperfetti (monopolio, oligopolio, concorrenza monopolistica). Livello di competizione\/collusione in oligopolio. Potere di mercato, discriminazione di prezzo, relazioni verticali. Differenziazione del prodotto, pubblicit\u00e0, Ricerca e Sviluppo. Politiche anti-trust e regolamentazione.<\/p>\n<\/div>\n<div id=\"header-2\" class=\"portlet-section-header header-hx header-h3\">\n<h4>Prerequisiti<\/h4>\n<p>Microeconomia (a livello introduttivo). Nozioni elementari del calcolo differenziale e dell&#8217;ottimizzazione (in assenza di vincoli e vincolata).<\/p>\n<\/div>\n<div id=\"header-3\" class=\"portlet-section-header header-hx header-h3\">\n<h4>Contenuti<\/h4>\n<p>1. RICHIAMI DI MICROECONOMIA.<br \/>\n2. CONCORRENZA PERFETTA.<br \/>\n3. MONOPOLIO E CONCORRENZA MONOPOLISTICA.<br \/>\n4. IL MONOPOLIO NATURALE.<br \/>\n5. DISCRIMINAZIONE DEL PREZZO.<br \/>\n6. ELEMENTI DI TEORIA DEI GIOCHI.<br \/>\n7. OLIGOPOLIO.<br \/>\n8. RELAZIONI E RESTRIZIONI VERTICALI.<br \/>\n9. PUBBLICITA\u2019, POTERE DI MERCATO E INFORMAZIONE.<br \/>\n10. RICERCA E SVILUPPO.<br \/>\n11. COMPORTAMENTO STRATEGICO, ENTRATA E USCITA.<br \/>\n12. POLITICHE PER LA CONCORRENZA.<\/p>\n<\/div>\n<div id=\"header-4\" class=\"portlet-section-header header-hx header-h3\">\n<h4>Metodi Didattici<\/h4>\n<p>lezioni ed esercitazioni.<\/p>\n<\/div>\n<div id=\"header-5\" class=\"portlet-section-header header-hx header-h3\">\n<h4>Verifica dell&#8217;apprendimento<\/h4>\n<p>PROVA INTERMEDIA. Scritta il 12 Novembre 2014<\/p>\n<p>PROVA FINALE: Scritta con integrazione orale.<\/p>\n<\/div>\n<div id=\"header-6\" class=\"portlet-section-header header-hx header-h3\">\n<h4>Testi<\/h4>\n<p>Pepall, Richards, Norman, Organizzazione industriale, McGraw Hill It, 2a ed, 2010.<\/p>\n<p>L. Cabral, Economia industraile, Carocci editore, 2002.<\/p>\n<p>Dispense ed esercizi a cura del docente.<\/p>\n<\/div>\n<div id=\"header-7\" class=\"portlet-section-header header-hx header-h3\">\n<h4>Altre Informazioni<\/h4>\n<p>Orario settimanale delle lezioni:<br \/>\nMercoled\u00ec, 14:00-16:00; Gioved\u00ec 17:00-19:00; Venerd\u00ec, 14:00-16:00.<br \/>\nInizio del corso: 1 Ottobre 2014.<\/p>\n<\/div>\n","protected":false},"excerpt":{"rendered":"<p>Obiettivi Apprendere i fondamenti teorici ed empirici di: Mercati imperfetti (monopolio, oligopolio, concorrenza monopolistica). Livello di competizione\/collusione in oligopolio. Potere di mercato, discriminazione di prezzo, relazioni verticali. Differenziazione del prodotto, pubblicit\u00e0, Ricerca e Sviluppo. Politiche anti-trust e regolamentazione. Prerequisiti Microeconomia (a livello introduttivo). Nozioni elementari del calcolo differenziale e dell&#8217;ottimizzazione (in assenza di vincoli e &hellip; <a href=\"https:\/\/docenti-deps.unisi.it\/massimodefrancesco\/economia-industriale\/\" class=\"more-link\">Leggi tutto<span class=\"screen-reader-text\"> &#8220;Economia Industriale&#8221;<\/span><\/a><\/p>\n","protected":false},"author":8,"featured_media":0,"parent":0,"menu_order":0,"comment_status":"closed","ping_status":"closed","template":"","meta":{"footnotes":""},"class_list":["post-803","page","type-page","status-publish","hentry"],"_links":{"self":[{"href":"https:\/\/docenti-deps.unisi.it\/massimodefrancesco\/wp-json\/wp\/v2\/pages\/803","targetHints":{"allow":["GET"]}}],"collection":[{"href":"https:\/\/docenti-deps.unisi.it\/massimodefrancesco\/wp-json\/wp\/v2\/pages"}],"about":[{"href":"https:\/\/docenti-deps.unisi.it\/massimodefrancesco\/wp-json\/wp\/v2\/types\/page"}],"author":[{"embeddable":true,"href":"https:\/\/docenti-deps.unisi.it\/massimodefrancesco\/wp-json\/wp\/v2\/users\/8"}],"replies":[{"embeddable":true,"href":"https:\/\/docenti-deps.unisi.it\/massimodefrancesco\/wp-json\/wp\/v2\/comments?post=803"}],"version-history":[{"count":3,"href":"https:\/\/docenti-deps.unisi.it\/massimodefrancesco\/wp-json\/wp\/v2\/pages\/803\/revisions"}],"predecessor-version":[{"id":852,"href":"https:\/\/docenti-deps.unisi.it\/massimodefrancesco\/wp-json\/wp\/v2\/pages\/803\/revisions\/852"}],"wp:attachment":[{"href":"https:\/\/docenti-deps.unisi.it\/massimodefrancesco\/wp-json\/wp\/v2\/media?parent=803"}],"curies":[{"name":"wp","href":"https:\/\/api.w.org\/{rel}","templated":true}]}}