{"id":9,"date":"2014-08-26T21:03:19","date_gmt":"2014-08-26T19:03:19","guid":{"rendered":"http:\/\/michelangelovasta.wordpress.com\/?page_id=1"},"modified":"2025-05-11T06:36:34","modified_gmt":"2025-05-11T04:36:34","slug":"info","status":"publish","type":"page","link":"https:\/\/docenti-deps.unisi.it\/massimodefrancesco\/","title":{"rendered":"Home"},"content":{"rendered":"<p><strong> <img loading=\"lazy\" decoding=\"async\" class=\"wp-image-794 alignleft\" src=\"https:\/\/docenti-deps.unisi.it\/massimodefrancesco\/wp-content\/uploads\/sites\/30\/2014\/08\/defrancesco.jpg\" alt=\"defrancesco\" width=\"149\" height=\"179\" \/>Professore associato<\/strong><br \/>\n<strong>Settore scientifico disciplinare<\/strong>: SECS-P\/01 Economia Politica<br \/>\n<strong>Interessi di ricerca<\/strong>: Organizzazione industriale, Mercato del lavoro, Teoria dei giochi.<\/p>\n<p>Laurea (con lode) in Economia e Commercio (Universit\u00e0 di Roma I, 1984).<br \/>\nDottore di ricerca in Economia Politica (Universit\u00e0 di Roma I, 1989).<br \/>\nDal 1992 al 2006, ricercatore presso la Facolt\u00e0 di Economia dell\u2019Universit\u00e0 di Siena. Nell\u2019anno accademico 2005: in congedo sabbatico;<br \/>\nnovembre-dicembre 2005: Honorary Research Fellow alla School of Social Sciences, Manchester (UK). Dal 2006, Professore associato presso la Facolt\u00e0 di Economia dell\u2019Universit\u00e0 di Siena.<br \/>\nInteressi di ricerca: Organizzazione industriale, oligopolio, mercato del lavoro, teoria dei giochi<br \/>\nDidattica: Microeconomia, Economia industriale, Teoria dei giochi, Macroeconomia<\/p>\n","protected":false},"excerpt":{"rendered":"<p>Professore associato Settore scientifico disciplinare: SECS-P\/01 Economia Politica Interessi di ricerca: Organizzazione industriale, Mercato del lavoro, Teoria dei giochi. Laurea (con lode) in Economia e Commercio (Universit\u00e0 di Roma I, 1984). Dottore di ricerca in Economia Politica (Universit\u00e0 di Roma I, 1989). Dal 1992 al 2006, ricercatore presso la Facolt\u00e0 di Economia dell\u2019Universit\u00e0 di Siena. &hellip; <a href=\"https:\/\/docenti-deps.unisi.it\/massimodefrancesco\/\" class=\"more-link\">Leggi tutto<span class=\"screen-reader-text\"> &#8220;Home&#8221;<\/span><\/a><\/p>\n","protected":false},"author":9,"featured_media":0,"parent":0,"menu_order":0,"comment_status":"closed","ping_status":"closed","template":"","meta":{"footnotes":""},"class_list":["post-9","page","type-page","status-publish","hentry"],"_links":{"self":[{"href":"https:\/\/docenti-deps.unisi.it\/massimodefrancesco\/wp-json\/wp\/v2\/pages\/9","targetHints":{"allow":["GET"]}}],"collection":[{"href":"https:\/\/docenti-deps.unisi.it\/massimodefrancesco\/wp-json\/wp\/v2\/pages"}],"about":[{"href":"https:\/\/docenti-deps.unisi.it\/massimodefrancesco\/wp-json\/wp\/v2\/types\/page"}],"author":[{"embeddable":true,"href":"https:\/\/docenti-deps.unisi.it\/massimodefrancesco\/wp-json\/wp\/v2\/users\/9"}],"replies":[{"embeddable":true,"href":"https:\/\/docenti-deps.unisi.it\/massimodefrancesco\/wp-json\/wp\/v2\/comments?post=9"}],"version-history":[{"count":11,"href":"https:\/\/docenti-deps.unisi.it\/massimodefrancesco\/wp-json\/wp\/v2\/pages\/9\/revisions"}],"predecessor-version":[{"id":848,"href":"https:\/\/docenti-deps.unisi.it\/massimodefrancesco\/wp-json\/wp\/v2\/pages\/9\/revisions\/848"}],"wp:attachment":[{"href":"https:\/\/docenti-deps.unisi.it\/massimodefrancesco\/wp-json\/wp\/v2\/media?parent=9"}],"curies":[{"name":"wp","href":"https:\/\/api.w.org\/{rel}","templated":true}]}}