{"id":1136,"date":"2017-10-11T09:53:31","date_gmt":"2017-10-11T07:53:31","guid":{"rendered":"http:\/\/docenti-deps.unisi.it\/nicoladimitri\/?page_id=1136"},"modified":"2018-11-22T11:00:33","modified_gmt":"2018-11-22T10:00:33","slug":"microeconomia-per-manager-2017-2018","status":"publish","type":"page","link":"https:\/\/docenti-deps.unisi.it\/nicoladimitri\/microeconomia-per-manager-2017-2018\/","title":{"rendered":"Microeconomia per manager 2017-2018"},"content":{"rendered":"<p>(24 Dicembre 2017) Qui di seguito gli studenti possono trovare il calendario delle lezioni ed altre informazioni relative al corso<\/p>\n<p><a href=\"https:\/\/docenti-deps.unisi.it\/nicoladimitri\/wp-content\/uploads\/sites\/13\/2018\/02\/MicroeconomiaperManagerContenutoeCalendarioDimitriMarzo-Giugno2018.docx\">MicroeconomiaperManagerContenutoeCalendarioDimitriMarzo-Giugno2018<\/a><\/p>\n<p>(21 Aprile 2018) Come anticipato a voce \u00e8 ora possibile registrarsi per il test intermedio, che si terr\u00e0 Venerd\u00ec 18 Maggio h 12-14, in orario di lezione.\u00a0 Inoltre, come concordato, qui sotto trovate il file con l&#8217;insieme di esercizi di preparazione al test, che discuteremo il prossimo Gioved\u00ec 26 Aprile in classe. La discussione sar\u00e0 effettuata dagli studenti che ruoteranno alla lavagna. Sempre in vista del test, pi\u00f9 avanti saranno distribuiti altri esercizi e\/o una simulazione del test.<\/p>\n<p><a href=\"https:\/\/docenti-deps.unisi.it\/nicoladimitri\/wp-content\/uploads\/sites\/13\/2018\/04\/MicroMagoEsercizi1parte2018.docx\">MicroMagoEsercizi1parte2018<\/a><\/p>\n<p>(5 Maggio 2018)<\/p>\n<p>Come anticipato in classe, in vista del primo test intermedio che si terr\u00e0 il giorno 18 Maggio 2018 (orario di lezione), qui sotto gli studenti possono trovare una simulazione del test, con il riassunto delle indicazioni principali ed un esercizio aggiuntivo<\/p>\n<p><a href=\"https:\/\/docenti-deps.unisi.it\/nicoladimitri\/wp-content\/uploads\/sites\/13\/2018\/05\/SimulazioneMicroMago1Intermedio18052018.docx\">SimulazioneMicroMago1Intermedio18052018<\/a><\/p>\n<p>(7 Maggio 2018) Si conferma che la seconda prova intermedia si terr\u00e0 il giorno Venerd\u00ec 15 Giugno h 15.30 (Aula Caparrelli)<\/p>\n<p>&nbsp;<\/p>\n<p>(12 Maggio 2018)<\/p>\n<p>Si comunica che \u00e8 gi\u00e0 possibile prenotarsi per la seconda prova intermedia del 15 Giugno 2018<\/p>\n<p>In vista della prima prova intermedia del 18 Maggio 2018, di seguito gli studenti possono trovare ulteriori esercizi (seconda simulazione)<\/p>\n<p><a href=\"https:\/\/docenti-deps.unisi.it\/nicoladimitri\/wp-content\/uploads\/sites\/13\/2018\/05\/MicroMago2Simulazioneintermedio18052018.docx\">MicroMago2Simulazioneintermedio18052018<\/a><\/p>\n<p>e la prima simulazione della seconda prova intermedia che si terr\u00e0 il 15 Giugno 2018<\/p>\n<p><a href=\"https:\/\/docenti-deps.unisi.it\/nicoladimitri\/wp-content\/uploads\/sites\/13\/2018\/05\/MicroMago2018Simulazione2parte.docx\">MicroMago2018Simulazione2parte<\/a><\/p>\n<p>Si conferma inoltre che i rimanenti incontri in Maggio 2018 saranno:<\/p>\n<p>Gioved\u00ec 17 Maggio (lezione), Gioved\u00ec 24 (esercitazione) , Venerd\u00ec 25 (esercitazione). La possibilit\u00e0 di un&#8217;ulteriore sessione sar\u00e0 discussa il 25 Maggio, ed eventualmente comunicata su questo sito.<\/p>\n<p>(20 Maggio 2018) Si conferma che Venerd\u00ec 25 Giugno si terr\u00e0 l&#8217;ultima lezione del corso. Come anticipato, qui sotto trovate una seconda simulazione per tale test intermedio<\/p>\n<p><a href=\"https:\/\/docenti-deps.unisi.it\/nicoladimitri\/wp-content\/uploads\/sites\/13\/2018\/05\/MicroMagoCIntermedio18052018.docx\">MicroMagoCIntermedio18052018<\/a><\/p>\n<p>Gli esercizi delle due simulazioni saranno discussi in classe Gioved\u00ec 24 e Venerd\u00ec 25 dagli studenti alla lavagna.<\/p>\n<p>(20 Maggio 2018) In ragione di impegni professionali imprevisti, (conferenze) la data del secondo test intermedio potrebbe cambiare. Se e quando dovesse accadere sarete informati immediatamente, in tempo utile.<\/p>\n<p>(22 Maggio 2018) Come anticipato in precedenza, il secondo test intermedio si terr\u00e0 Marted\u00ec 19 Giugno h 14-16 presso Aula Caparrelli. Pertanto la data del 15 Giugno annunciata originariamente non \u00e8 pi\u00f9 valida.<\/p>\n<p>(24 Maggio 2018) Come anticipato oggi a lezione, a correzione del precedente msg.,\u00a0 qui sotto si inserisce la seconda simulazione del secondo test intermedio<\/p>\n<p><a href=\"https:\/\/docenti-deps.unisi.it\/nicoladimitri\/wp-content\/uploads\/sites\/13\/2018\/05\/MicroMago2Simulazionetest19062018.docx\">MicroMago2Simulazionetest19062018<\/a><\/p>\n<p>(28 Maggio 2018) Gli studenti che desiderano visualizzare la prima prova intermedia possono presentarsi Gioved\u00ec 31 Maggio, h 12-14, presso l&#8217;Aula Caparrelli B.<\/p>\n<p>(30 Maggio 2018) Si informano gli studenti che, per una svista nella correzione di una domanda, alcuni compiti richiederanno ulteriore verifica. Come conseguenza, alcune votazioni potranno variare. Una volta completata la verifica saranno apposte sul sito web le nuove votazioni.<\/p>\n<p>(31 Maggio 2018) Nel periodo Giugno-Luglio 2018 il ricevimento studenti si svolger\u00e0 secondo il seguente orario<\/p>\n<div>Giugno 2018<\/div>\n<div><\/div>\n<div>Mercoled\u00ec 6 Giugno h 18-20<\/div>\n<div>Mercoled\u00ec 27 h 18-20<\/div>\n<div><\/div>\n<div>Luglio 2018<\/div>\n<div><\/div>\n<div>Luned\u00ec 9 h 10-12<\/div>\n<div>Venerd\u00ec 20 h 9-11<\/div>\n<div><\/div>\n<div>(1 Giugno 2018) Come anticipato qui sotto gli studenti possono trovare le votazioni del primo test intermedio, aggiustate per la svista nella correzione.<\/div>\n<div><\/div>\n<div><a href=\"https:\/\/docenti-deps.unisi.it\/nicoladimitri\/wp-content\/uploads\/sites\/13\/2018\/06\/MicroeconomiaperManagerVotazioni1Intermedio2018.xlsx\">MicroeconomiaperManagerVotazioni1Intermedio2018<\/a><\/div>\n<div><\/div>\n<div>(11 Giugno 2018) In vista della seconda prova intermedia qui sotto gli studenti possono trovare la terza simulazione<\/div>\n<div><\/div>\n<div><a href=\"https:\/\/docenti-deps.unisi.it\/nicoladimitri\/wp-content\/uploads\/sites\/13\/2018\/06\/MicroMago3Simulazionetest19062018.pdf\">MicroMago3Simulazionetest19062018<\/a><\/div>\n<div><\/div>\n<div>(12 Giugno 2018) Si comunica che su richiesta di un gruppo di\u00a0 studenti, si terr\u00e0 un&#8217;esercitazione aggiuntiva il giorno Venerd\u00ec 15 Giugno, h 16-18, presso Aula Caparrelli. Naturalmente l&#8217;esercitazione \u00e8 aperta, ed a beneficio di tutti gli studenti. Anche in questa circostanza, gli studenti andranno alla lavagna a discutere i problemi.<\/div>\n<div><\/div>\n<div>\n<div>\n<div>(13 Giugno 2018)\u00a0 Questo messaggio \u00e8 per comunicare che ADERIRO&#8217; ALLO SCIOPERO per la Dignit\u00e0 della Docenza. Pertanto, IL PRIMO APPELLO DEL 29 GIUGNO NON SI TERRA&#8217;.<\/div>\n<div>Per velocizzare le procedure NON CANCELLATE LA PRENOTAZIONE all&#8217;appello del 29 Giugno\u00a0 ma per cortesia PRENOTATEVI NUOVAMENTE PER L&#8217;APPELLO DEL 20 Luglio.<\/div>\n<div>Qaundo vi prenotate scrivete nelle note se sostenete l&#8217;intero esame o solamente la seconda parte. Per ogni chiarimento o urgenze contattatemi a\u00a0&#8220;dimitri@unisi.it&#8221;.<\/div>\n<\/div>\n<\/div>\n<div><\/div>\n<div>(16 Giugno 2018) Durante l&#8217;esercitazione aggiuntiva di ieri mi \u00e8 stato chiesto di discutere per esteso il seguente esercizio di una prova assegnata l&#8217;anno passato. Qui sotto trovate la soluzione<\/div>\n<div><\/div>\n<div><a href=\"https:\/\/docenti-deps.unisi.it\/nicoladimitri\/wp-content\/uploads\/sites\/13\/2018\/06\/Soluzioneeserciziopartiti.pdf\">Soluzioneeserciziopartiti<\/a><\/div>\n<div><\/div>\n<div>(16 Giugno 2018) (Sciopero e seconda prova intermedia)<\/div>\n<div><\/div>\n<div>A nome degli studenti del corso, il Rappresentante degli studenti mi ha posto la seguente richiesta:<\/div>\n<div><\/div>\n<div>&#8220;In vista dello sciopero \u00e8 possibile mantenere il voto della prima prova intermedia, anche in caso di fallimento o rinuncia del voto nella seconda prova intermedia del 19 Giugno 2018, fino all&#8217;appello del 20 Luglio 2018?&#8221;<\/div>\n<div><\/div>\n<div>Dopo aver valutato la situazione ho ritenuto di rispondere SI, in via del tutto eccezionale, a tale richiesta.<\/div>\n<div><\/div>\n<div>Per questo motivo, in quanto segue si indicano le regole aggiornate:<\/div>\n<div>i) in caso di rinuncia o fallimento della seconda prova intermedia del 19 Giugno 2018 \u00e8 possibile ripetere solo la seconda parte del compito nell&#8217;appello del 20 Luglio<\/div>\n<div>ii) quindi, chi si iscrive per il 20 Luglio dovr\u00e0 indicare nelle note quanto segue:<\/div>\n<div>\u00a0 \u00a0 \u00a0 a) deve sostenere solo la seconda parte, dopo aver sostenuto il test del 19 Giugno (non \u00e8 necessario scrivere che sia per fallimento, o rifiuto del voto, nel test del 19 Giugno)<\/div>\n<div>\u00a0 \u00a0 \u00a0 b) deve sostenere solo la seconda parte perch\u00e8 non ancora sostenuta<\/div>\n<div>\u00a0 \u00a0 \u00a0 c) deve sostenere l&#8217;intero esame<\/div>\n<div>Per chiarimenti chiedete al vostro Rappresentante, se possibile, di contattarmi su posta elettronica &#8220;dimitri@unisi.it&#8221;<\/div>\n<div><\/div>\n<div>(23 Giugno 2018) Di seguito gli studenti possono trovare la valutazione finale dopo il secondo test intermedio del 19 Giugno 2018. Come anticipato, il giorno 29 Giugno, stessa ora stessa aula dell&#8217;esame originariamente programmato (e poi cancellato per lo sciopero) gli studenti dovranno presentarsi per confermare il voto e\/o per sostenere l&#8217;orale (facoltativo). Chi non potr\u00e0 presentarsi dovr\u00e0 inviare delegato, con delega scritta su foglio di carta, per l&#8217;accettazione. Il delegato deve essere identificabile e quindi in possesso di documento. Chi rifiuta pu\u00f2 semplicemente iscriversi di nuovo all&#8217;appello del 20 Luglio. Per qualunque chiarimento potete contattarmi a &#8220;dimitri@unisi.it&#8221;<\/div>\n<div><\/div>\n<div><a href=\"https:\/\/docenti-deps.unisi.it\/nicoladimitri\/wp-content\/uploads\/sites\/13\/2018\/06\/MicroeconomiaperManagerVotazionifinaledopo2Intermedio19062018.xlsx\">MicroeconomiaperManagerVotazionifinaledopo2Intermedio19062018<\/a><\/div>\n<div><\/div>\n<div>(30 Giugno 2018) A seguito degli orali ed accettazione del voto finale dopo secondo intermedio, di ieri 29 Giugno, si conferma che gli studenti che hanno accettato la votazione dovranno prenotarsi per l&#8217;appello del 20 Luglio. Si rammenta inoltre che in assenza di accettazione la votazione non sar\u00e0 registrata.<\/div>\n<div><\/div>\n<div>(21 Luglio 2018) Di seguito trovate le votazioni finali, dopo prima e seconda parte per gli studenti che lo hanno sostenuto in due fasi, relative al test del 20 Luglio 2018.<\/div>\n<div>In assenza di comunicazioni da parte vostra, entro Marted\u00ec 24 Luglio alle h 24, assumer\u00f2 che il voto \u00e8 stato accettato e quindi lo registrer\u00f2. Altrimenti, entro quella data inviatemi un messaggio a &#8220;dimitri@unisi.it&#8221; per dire se ii) rifiutate iii) intendete sostenere orale<\/div>\n<div>Eventuale orale sar\u00e0 tenuto Venerd\u00ec 26 Luglio, h 9 presso il mio ufficio.<\/div>\n<div><\/div>\n<div><a href=\"https:\/\/docenti-deps.unisi.it\/nicoladimitri\/wp-content\/uploads\/sites\/13\/2018\/07\/MicroeconomiaperManagerVotazionifinale20072018.xlsx\">MicroeconomiaperManagerVotazionifinale20072018<\/a><\/div>\n<div><\/div>\n<div>(23 Luglio 2918) A correzione anche di una svista relativa alla data dell&#8217;orale (vedi comunicazione precedente), si informa che l&#8217;orale si terr\u00e0 Venerdi&#8217; 27 Luglio, ore 10 (invece che alle ore 9)<\/div>\n<div><\/div>\n<div><\/div>\n<div><\/div>\n<div><\/div>\n<div><\/div>\n<p>&nbsp;<\/p>\n<p>&nbsp;<\/p>\n<p>&nbsp;<\/p>\n<p>&nbsp;<\/p>\n<p>&nbsp;<\/p>\n<p>&nbsp;<\/p>\n<p>&nbsp;<\/p>\n","protected":false},"excerpt":{"rendered":"<p>(24 Dicembre 2017) Qui di seguito gli studenti possono trovare il calendario delle lezioni ed altre informazioni relative al corso MicroeconomiaperManagerContenutoeCalendarioDimitriMarzo-Giugno2018 (21 Aprile 2018) Come anticipato a voce \u00e8 ora possibile registrarsi per il test intermedio, che si terr\u00e0 Venerd\u00ec 18 Maggio h 12-14, in orario di lezione.\u00a0 Inoltre, come concordato, qui sotto trovate il &hellip; <a href=\"https:\/\/docenti-deps.unisi.it\/nicoladimitri\/microeconomia-per-manager-2017-2018\/\" class=\"more-link\">Leggi tutto<span class=\"screen-reader-text\"> &#8220;Microeconomia per manager 2017-2018&#8221;<\/span><\/a><\/p>\n","protected":false},"author":9,"featured_media":0,"parent":0,"menu_order":0,"comment_status":"closed","ping_status":"closed","template":"","meta":{"footnotes":""},"class_list":["post-1136","page","type-page","status-publish","hentry"],"_links":{"self":[{"href":"https:\/\/docenti-deps.unisi.it\/nicoladimitri\/wp-json\/wp\/v2\/pages\/1136","targetHints":{"allow":["GET"]}}],"collection":[{"href":"https:\/\/docenti-deps.unisi.it\/nicoladimitri\/wp-json\/wp\/v2\/pages"}],"about":[{"href":"https:\/\/docenti-deps.unisi.it\/nicoladimitri\/wp-json\/wp\/v2\/types\/page"}],"author":[{"embeddable":true,"href":"https:\/\/docenti-deps.unisi.it\/nicoladimitri\/wp-json\/wp\/v2\/users\/9"}],"replies":[{"embeddable":true,"href":"https:\/\/docenti-deps.unisi.it\/nicoladimitri\/wp-json\/wp\/v2\/comments?post=1136"}],"version-history":[{"count":38,"href":"https:\/\/docenti-deps.unisi.it\/nicoladimitri\/wp-json\/wp\/v2\/pages\/1136\/revisions"}],"predecessor-version":[{"id":1296,"href":"https:\/\/docenti-deps.unisi.it\/nicoladimitri\/wp-json\/wp\/v2\/pages\/1136\/revisions\/1296"}],"wp:attachment":[{"href":"https:\/\/docenti-deps.unisi.it\/nicoladimitri\/wp-json\/wp\/v2\/media?parent=1136"}],"curies":[{"name":"wp","href":"https:\/\/api.w.org\/{rel}","templated":true}]}}