{"id":1805,"date":"2021-01-15T12:23:11","date_gmt":"2021-01-15T11:23:11","guid":{"rendered":"https:\/\/docenti-deps.unisi.it\/nicoladimitri\/?page_id=1805"},"modified":"2021-09-04T17:57:19","modified_gmt":"2021-09-04T15:57:19","slug":"microeconomia-per-manager-2020-21","status":"publish","type":"page","link":"https:\/\/docenti-deps.unisi.it\/nicoladimitri\/microeconomia-per-manager-2020-21\/","title":{"rendered":"Microeconomia per Manager 2020-21"},"content":{"rendered":"<p>(14 Febbraio 2021) Il calendario delle lezioni, ed il contenuto, del corso di Microeconomia per Manager, AA 2020-21, \u00e8 disponibile al link qui di seguito.<\/p>\n<p><a href=\"https:\/\/docenti-deps.unisi.it\/nicoladimitri\/wp-content\/uploads\/sites\/13\/2021\/02\/MicroeconomiaperManagerCalendarioDimitriMarzoMaggio2021.docx\">MicroeconomiaperManagerCalendarioDimitriMarzoMaggio2021<\/a><\/p>\n<p>Il corso inizier\u00e0 il giorno 4 Marzo in Aula 3. Le lezioni saranno tenute anche on-line e registrate.\u00a0 Si suggerisce agli studenti di consultare regolarmente la pag web del corso per informazioni tempestive.<\/p>\n<p>(26 Febbraio 2021) Facendo seguito alla comunicazione di ieri del Rettore si conferma che fino al 6 Aprile il corso si terr\u00e0 online. Le lezioni seguiranno il calendario pubblicato di sopra, il 14 Febbraio, e saranno effettuate al seguente link di GOOGLE MEET<\/p>\n<p><strong>meet.google.com\/cqh-amag-ceb<\/strong><\/p>\n<p>Come programmato originariamente dall&#8217;Universit\u00e0, le lezioni saranno impartite online ed inoltre saranno anche registrate. A tempo debito gli studenti saranno informati se il link alle registrazioni sar\u00e0 disponibile su questa pagina web, sul Moodle dell&#8217;Universit\u00e0 o su entrambi.<\/p>\n<p>Per qualunque\u00a0 chiarimento non esitate a contattarmi a &#8220;dimitri@unisi.it&#8221;<\/p>\n<p>(4 Marzo 2021) Qui sotto trovate il link alla registrazione della Lezione 1 del corso<\/p>\n<p>https:\/\/drive.google.com\/file\/d\/1Y_S1Tfm-0_BggWi0NKRRJT6spK&#8211;SfC8\/view?usp=sharing<\/p>\n<p>Il link di tutte le lezioni \u00e8 anche disponibile sul Moodle dell&#8217;Universit\u00e0 di Siena<\/p>\n<p>(11 Marzo 2021)<\/p>\n<p>Si informano gli studenti prenotati per sostenere l&#8217;appello del 15 Marzo 2021 che il calendario degli esami sar\u00e0 il seguente<\/p>\n<p>Matricola\u00a0 \u00a0 Orario<\/p>\n<p>087931\u00a0 \u00a0 \u00a0 \u00a0 \u00a0 \u00a0 h 16<\/p>\n<p>084807\u00a0 \u00a0 \u00a0 \u00a0 \u00a0 h 16.45<\/p>\n<p>087656\u00a0 \u00a0 \u00a0 \u00a0 \u00a0 h 17.30<\/p>\n<p>088691\u00a0 \u00a0 \u00a0 \u00a0 \u00a0 h 18.15<\/p>\n<p>L&#8217;esame si terr\u00e0 online, con le stesse modalit\u00e0 degli appelli precedenti, al seguente link di Google Meet<\/p>\n<p><strong>meet.google.com\/cqh-amag-ceb<\/strong><\/p>\n<p>(18 Marzo 2021) Qui sotto trovate il link a Google Drive alla Lezione 2 del corso<\/p>\n<p>https:\/\/drive.google.com\/file\/d\/17by-yoWCIJsEUXHs5anqz80d2-OsUUul\/view?usp=sharing<\/p>\n<p>(19 Marzo 2021) Qui sotto trovate il link a Google Drive della Lezione 3 del corso<\/p>\n<p>https:\/\/drive.google.com\/file\/d\/1xh0CkFHH0Sp3Mx09pM63_7FZKLOojrhw\/view?usp=sharing<\/p>\n<p>(20 Marzo 2021) Qui sotto trovate il link a Google Drive della Lezione 4 del corso<\/p>\n<p>https:\/\/drive.google.com\/file\/d\/12txl4uT39bmP591iTaqbZwhJ-sWw_Qax\/view?usp=sharing<\/p>\n<p>(26 Marzo 2021) Qui sotto trovate il link a Google Drive della Lezione 5 del corso<\/p>\n<p>https:\/\/drive.google.com\/file\/d\/1pVixK2IZwHoiO4Zk8b79T4XpyHbj-0ul\/view?usp=sharing<\/p>\n<p>(28 Marzo 2021) Con la presente si propone agli studenti di sostenere la prova intermedia il giorno Luned\u00ec 10 Maggio 2021. La classe sar\u00e0 divisa in 4 gruppi: h9-11; h11-13; h15-17; h 17-19. Dalle informazioni sugli orari sono consapevole che vi sono sovrapposizioni con lezioni. D&#8217;altra parte \u00e8 pressoch\u00e9 impossibile trovare un giorno della settimana dove non vi siano sovrapposizioni. Tuttavia, con 4 slots dovrebbe esservi l&#8217;opportunit\u00e0, anche per i corsi di Laurea diversi da MAGO, di sostenere l&#8217;esame.<\/p>\n<p>In ogni caso si tratta di una proposta, che discuteremo\u00a0 Gioved\u00ec 1 Aprile a lezione. Prima di quella data sarebbe utile che gli studenti eseguano gi\u00e0 un sondaggio tra di loro, per comprendere la fattibilit\u00e0 del test per il 10 Maggio. Qualora vi fossero problemi penseremo ad altre soluzioni.<\/p>\n<p>Si informano inoltre gli studenti che la lezione mancante sar\u00e0 recuperata Venerd\u00ec 28 Maggio, nell&#8217;orario previsto.<\/p>\n<p>(1 Aprile 2021) Qui sotto trovate il link a Google Drive della Lezione 6 del corso<\/p>\n<p>https:\/\/drive.google.com\/file\/d\/1ujT6fbJjkdv4bw-Jpjn3MD0Kv-1bmPe5\/view?usp=sharing<\/p>\n<p>(3 Aprile 2021) Si informano gli studenti che \u00e8 ora possibile prenotarsi per il Test Intermedio, luned\u00ec 10 Maggio, di Microeconomia per Manager. Come anticipato vi saranno 4 gruppi, e ciascun gruppo avr\u00e0 2 ore a disposizione. Si conferma che per ciascun gruppo sono ammessi fino ai primi 30 prenotati. Se il numero dei prenotati in un gruppo dovesse eccedere 30 unit\u00e0, gli studenti in eccesso (gli ultimi in ordine di prenotazione) saranno allocati agli altri gruppi, a discrezione del docente.<\/p>\n<p>(8 Aprile 2021) Qui sotto trovate il link a Google Drive della Lezione 7 del corso<\/p>\n<p>https:\/\/drive.google.com\/file\/d\/12b_e20eOzFGtret1SWwFWRQtSwnBYngj\/view?usp=sharing<\/p>\n<p>(9 Aprile 2021) Qui sotto trovate il link a Google Drive della Lezione 8 del corso<\/p>\n<p>https:\/\/drive.google.com\/file\/d\/1bu9vj8XLHa7cnVT8UfqPncnFFvTl4cbq\/view?usp=sharing<\/p>\n<p>(15 Aprile 2021) Qui sotto trovate il link a Google Drive della Lezione 9 del corso<\/p>\n<p>https:\/\/drive.google.com\/file\/d\/1w0cRNoYtZ-SPZeVte8rdCRFrYy1Gkdb_\/view?usp=sharing<\/p>\n<p>(16 Aprile 2021) Qui sotto trovate il link a Google Drive della Lezione 10 del corso<\/p>\n<p>https:\/\/drive.google.com\/file\/d\/1ehPpN3Oquk5ILl-ZCiwow606b7k2kNeX\/view?usp=sharing<\/p>\n<p>(17 Aprile 2021) Come anticipato nel corso dell&#8217;ultima lezione, qui sotto trovate una gruppo di esercizi di preparazione al test intermedio del 10 Maggio. Si conferma che gli studenti,\u00a0 a partire da Venerd\u00ec 30 Aprile discuteranno per due lezioni, a rotazione, le soluzioni ottenute proiettandole sullo schermo. La discussione \u00e8 intesa come un&#8217;opportunit\u00e0 per familiarizzare con il materiale e non vi saranno quindi votazioni sul lavoro presentato.<\/p>\n<p><a href=\"https:\/\/docenti-deps.unisi.it\/nicoladimitri\/wp-content\/uploads\/sites\/13\/2021\/04\/MicroMagoEsercizi1parte2021.docx\">MicroMagoEsercizi1parte2021<\/a><\/p>\n<p>Inoltre, qui sotto potete trovare una simulazione del test intermedio proposta nel 2019.\u00a0 La struttura del test intermedio del 10 Maggio sar\u00e0 analoga.<\/p>\n<p><a href=\"https:\/\/docenti-deps.unisi.it\/nicoladimitri\/wp-content\/uploads\/sites\/13\/2021\/04\/SimulazioneMicroMago1Intermedio16052019.pdf\">SimulazioneMicroMago1Intermedio16052019<\/a><\/p>\n<p>(27 Aprile 2021) \u00a0Dato l&#8217;elevato, ed inatteso, numero di iscritti per il test del 10 Maggio, ho inserito un ulteriore, quinto Gruppo, per sostenere il test il giorno Marted\u00ec 11 Maggio dalle 9 alle 11 (prenotazione gi\u00e0 possibile). Si invitano gli studenti gi\u00e0 prenotati e disponibili a sostenere il test il giorno 11 Maggio a cancellare la prenotazione del 10 Maggio e prenotarsi per l&#8217;11 Maggio. Idealmente i 5 gruppi dovrebbero essere ora di circa 27\/28 studenti, ma i 4 gruppi del 10 Maggio possono continuare ad avere 30 studenti ciascuno. Qualora i gruppi del 10 Maggio non si riducessero spontaneamente a 30 studenti, o meno di 30, provveder\u00f2 a spostare gli ultimi studenti prenotati per il 10 al gruppo dell&#8217;11 Maggio, in modo di rimanere con non pi\u00f9 di 30 studenti per gruppo.<br \/>\nSe problemi ne discuteremo nel corso della lezione di Gioved\u00ec 29 Aprile<\/p>\n<p>(29 Aprile 2021) Qui sotto trovate il link a Google Drive della Lezione 11 del corso<\/p>\n<p>https:\/\/drive.google.com\/file\/d\/1R0zPwljQwnZQAitd745lbludkZJoj_X4\/view?usp=sharing<\/p>\n<p>(30 Aprile 2021) Qui sotto trovate il link a Google Drive della Lezione 12 del corso<\/p>\n<p>https:\/\/drive.google.com\/file\/d\/1G5BBYxA2vcTFhfRw_8pZ9Gu0bFqtZM2Q\/view?usp=sharing<\/p>\n<p>(1 Maggio 2021) Si informano gli studenti del corso di Microeconomia per Manager 2020-21 di quanto segue:<br \/>\n1) si conferma che, facendo seguito alle indicazioni dell&#8217;Ateneo, a partire dal giorno Gioved\u00ec 6 Maggio le lezioni saranno riprese anche in presenza, con diretta streaming a registrazione comunque assicurata, nel rispetto delle misure anti Covid ecc.<br \/>\n2) come anticipato a lezione \u00e8 stato ora aggiunto un terzo appello nella sessione estiva in data 15 Luglio 2021. Gli studenti interessati possono gi\u00e0 prenotarsi.<br \/>\n3) In vista del test intermedio (10-11 Maggio 2021), e considerando il tempo limitato a disposizione per il resto del corso, si terranno due esercitazioni aggiuntive SOLAMENTE ONLINE, il giorno Marted\u00ec 4 Maggio. La prima in orario 10-12 e la seconda 16-18, al link Google Meet utilizzato per le lezioni Online. Nel corso delle esercitazioni saranno discussi gli esercizi assegnati, da parte degli studenti, assistiti dal docente. Come per le lezioni tenute fino ad oggi, le esercitazioni saranno registrate e disponibili on-line sulla pagina web del corso e su Moodle.<br \/>\n4) Sempre in relazione al test intermedio del 10-11 Maggio, ad oggi non tutti i 5 gruppi hanno un numero di studenti inferiore a 30. Si invitano pertanto, di nuovo, gli studenti in eccesso a spostare la propria prenotazione in modo che il gruppi non superino i 30 studenti.<\/p>\n<p>(2 Maggio 2021) Qui sotto trovate le indicazioni per il test intermedio del 10-11 Maggio 2021<\/p>\n<p><a href=\"https:\/\/docenti-deps.unisi.it\/nicoladimitri\/wp-content\/uploads\/sites\/13\/2021\/05\/IntermedioIndicazioniMidtermindications.docx\">IntermedioIndicazioniMidtermindications<\/a><\/p>\n<p>( 4 Maggio 2021) Si comunica che per impegni pregressi purtroppo non \u00e8 possibile spostare l&#8217;esercitazione di oggi pomeriggio alle 17. Pertanto si conferma che l&#8217;esercitazione si terr\u00e0 dalle 16 alle 18.<\/p>\n<p>(4 Maggio 2021) Qui sotto trovate il link a Google Drive della Lezione (Esercitazione) 13 del corso<\/p>\n<p>https:\/\/drive.google.com\/file\/d\/1fA0aYcS4N7F7IFlaKalje-RFUblP36f9\/view?usp=sharing<\/p>\n<p>(4 Maggio 2021) Qui sotto trovate il link a Google Drive della Lezione (Esercitazione) 14 del corso<\/p>\n<p>https:\/\/drive.google.com\/file\/d\/1FAprHYgCr5x4B9lxFUJR6HYtFGEz5IQ4\/view?usp=sharing<\/p>\n<p>(6 Maggio 2021) Qui sotto trovate il link a Google Drive della Lezione (Esercitazione) 15 del corso<\/p>\n<p>https:\/\/drive.google.com\/file\/d\/1l7cqZiwYkYsXzqdaDI-AkOJgdsqDAX1v\/view?usp=sharing<\/p>\n<p>(8 Maggio 2021) Qui sotto trovate il link a Google Drive della Lezione (Esercitazione) 16 del corso<\/p>\n<p>https:\/\/drive.google.com\/file\/d\/1-oRs2HGxr9FVEcWPzE5z13uHjIo2nTRk\/view?usp=sharing<\/p>\n<p>(13 Maggio 2021) Qui sotto trovate il link a Google Drive della Lezione 17 del corso<\/p>\n<p>https:\/\/drive.google.com\/file\/d\/1jygsR-JCuVc_xMIDd5-47NaEEI0T1Vc2\/view?usp=sharing<\/p>\n<p>(13 Maggio 2021) Facendo seguito alla comunicazione diffusa nella lezione di oggi 13 Maggio 2021, si conferma che per motivi organizzativi la lezione di domani 14 Maggio 2021 sar\u00e0 esclusivamente on-line. Si conferma inoltre che il prossimo Luned\u00ec 17 Maggio vi saranno due lezioni aggiuntive, anch&#8217;esse esclusivamente online per motivi organizzativi, la prima dalle 10 alle 12 e la seconda dalle 16 alle 18. Eventuali ulteriori lezioni aggiuntive saranno comunicate pi\u00f9 avanti.<\/p>\n<p>(14 Maggio 2021) Come anticipato nella lezione odierna di Microeconomia per Manager si informano gli studenti che la lezione addizionale di Luned\u00ec 17 Maggio h 16-18 \u00e8 spostata alle h 17-19.<\/p>\n<p>(14 Maggio 2021) Qui sotto trovate il link a Google Drive della Lezione 18 del corso<\/p>\n<p>https:\/\/drive.google.com\/file\/d\/1qzr7GHaNC6hOpy4Mjx8Trz35Nc5k5nSr\/view?usp=sharing<\/p>\n<p>(16 Maggio 2021) Qui sotto trovate le valutazioni del test intermedio tenutosi il 10-11 Maggio 2021<\/p>\n<p><a href=\"https:\/\/docenti-deps.unisi.it\/nicoladimitri\/wp-content\/uploads\/sites\/13\/2021\/05\/MicroMagoVotazioneIntermedio10-11Maggio2021.xlsx\">MicroMagoVotazioneIntermedio10-11Maggio2021<\/a><\/p>\n<p>(17 Maggio 2021) Qui sotto trovate il link a Google Drive della Lezione 19 del corso<\/p>\n<p>https:\/\/drive.google.com\/file\/d\/1Jr2c7MiMLanke207U_7sunjzv27J9336\/view?usp=sharing<\/p>\n<p>(18 Maggio 2021) Qui sotto trovate il link a Google Drive della Lezione 20 del corso<\/p>\n<p>https:\/\/drive.google.com\/file\/d\/1y-gjXpbfsT9Rj2vCCfJo36XRjsoUqYqU\/view?usp=sharing<\/p>\n<p>(20 Maggio 2021) Qui sotto trovate il link a Google Drive della Lezione 21 del corso<\/p>\n<p>https:\/\/drive.google.com\/file\/d\/1CrAFcHQYCTwDSSoxeUz_hsvT-ahNXGMT\/view?usp=sharing<\/p>\n<p>(21 Maggio 2021) Qui sotto trovate il link a Google Drive della Lezione 22 del corso<\/p>\n<p>https:\/\/drive.google.com\/file\/d\/1oh64piy29NGeelPO2HrGWpVh3h-1luf9\/view?usp=sharing<\/p>\n<p>(22 Maggio 2021) In allegato si inviano due simulazioni del test per la seconda parte del corso. Per velocizzare i tempi sar\u00f2 io a discutere gli esercizi in classe Gioved\u00ec 27 e Venerd\u00ec 28 Maggio. Le due simulazioni servono anche come insieme di esercizi assegnato per la seconda parte.<\/p>\n<p><a href=\"https:\/\/docenti-deps.unisi.it\/nicoladimitri\/wp-content\/uploads\/sites\/13\/2021\/05\/MicroMagoSimulazione2parte.docx\">MicroMagoSimulazione2parte<\/a><\/p>\n<p>(23 Maggio 2021) Facendo seguito a quanto anticipato a lezione, si informano gli studenti che l&#8217;appello del 11 Giugno 2021 \u00e8 stato suddiviso, come il test intermedio, in 4 gruppi.<\/p>\n<p>Gli studenti che intendono sostenere solamente la seconda parte possono iscriversi ad uno qualunque dei 4 gruppi.<br \/>\nGli studenti che devono sostenere l&#8217;intero esame (3 ore) devono iscriversi al primo gruppo (h9-11) o al terzo gruppo (h15-17), affinch\u00e9 abbiano il tempo necessario per completare le due parti.<br \/>\nI test parziale e completo saranno esclusivamente ONLINE.<br \/>\nCiascun gruppo non dovr\u00e0 superare i 30 iscritti. Qualora 4 gruppi non fossero sufficienti introdurremo un ulteriore gruppo il giorno successivo.<br \/>\nAl momento dell&#8217;iscrizione gli studenti del primo e terzo gruppo che sostengono l&#8217;intero esame devono scriverlo nelle note. In assenza di tale specificazione si intender\u00e0 che lo studente esegue solo la seconda parte. Il tempo totale a disposizione per l&#8217;intero esame sar\u00e0 quindi di 3 ore mentre quello per la seconda parte solamente di h1.30, come per il primo test intermedio.<br \/>\nNon \u00e8 prevista la prova orale.<br \/>\nInfine, coloro che si erano gi\u00e0 iscritti figurano al momento nel primo gruppo; sono ovviamente liberi di spostare la propria iscrizione.<\/p>\n<p>(25 Maggio 2021) Si informano gli studenti che la lezione di Venerd\u00ec 28 Maggio sar\u00e0 tenuta solo ONLINE, mentre si conferma che la lezione di Gioved\u00ec 27 Maggio sar\u00e0 in presenza.<\/p>\n<p>(27 Maggio 2021) Qui sotto trovate il link a Google Drive della Lezione (Esercitazione) 23 del corso<\/p>\n<p>https:\/\/drive.google.com\/file\/d\/1MwWAA-p9ZjbCEkLZJ926pwVY1x3Gyf39\/view?usp=sharing<\/p>\n<p>(28 Maggio 2021) Qui sotto trovate il link a Google Drive della Lezione (Esercitazione) 24 del corso<\/p>\n<p>https:\/\/drive.google.com\/file\/d\/1D8voWSmKsZDZINWuLZpEBk4bFwWhjjCc\/view?usp=sharing<\/p>\n<p>TERMINE DEL CORSO<\/p>\n<p>(30 Maggio 2021) Facendo seguito a quanto anticipato a lezione si informano gli studenti che il test scritto del giorno 11 Giugno sar\u00e0 seguito da un test orale il giorno 17 Giugno h 9, stesso link Google Meet delle lezioni e test scritto.<br \/>\nL&#8217;orale \u00e8 obbligatorio per le votazioni 29-30 e 18-19 mentre \u00e8 facoltativo per le altre votazioni. Chi intende rifiutare la votazione dello scritto, senza sostenere l&#8217;orale, deve collegarsi il 17 Giugno in occasione dell&#8217;orale per comunicarlo. In assenza di ci\u00f2 proceder\u00f2 a registrare sul sistema i voti di tutti gli studenti che hanno superato il test scritto\/orale.<\/p>\n<p>(15 Giugno 2021) Qui sotto trovate i risultati del test finale del 11 Giugno 2021<\/p>\n<p><a href=\"https:\/\/docenti-deps.unisi.it\/nicoladimitri\/wp-content\/uploads\/sites\/13\/2021\/06\/MicroMagoFinale11062021.xlsx\">MicroMagoFinale11062021<\/a><\/p>\n<p>(15 Giugno 2021) Facendo seguito ad alcune richieste di chiarimento ricevute, questo messaggio \u00e8 per chiarire che la valutazione &#8220;finale&#8221; del test del 11 Giugno 2021 \u00e8 la media (arrotondata per eccesso) delle votazioni ottenute nella prima parte e nella seconda parte, quindi appunto \u00e8 il voto finale, quello che verr\u00e0 registrato per chi non sostiene la prova orale.<br \/>\nVi sono poi 5 studenti che hanno sostenuto l&#8217;intero test (parte 1 \u00e8+ parte 2) nel giorno 11 Giugno, e che compaiono in un insieme separato.<\/p>\n<p>(15 Giugno 2021) Brevemente per chiarire quanto segue:<br \/>\ni) le lettere che precedono la votazione si riferiscono ai tre gruppi del test 11 Giugno 2021. a=h9-11, b=h11-13, c=15-17.<br \/>\nii) chi intende sostenere di nuovo si deve collegare il giorno dell&#8217;orale e dirmi che rifiuta. Non inviatemi email prima di quel giorno<\/p>\n<p>(8 Luglio 2021) In allegato le votazioni del test tenutosi nella giornata di ieri, 7 Luglio 2021.<br \/>\nL&#8217;orale per le votazioni 18,19, 29,29\/30,30 e 30 lode \u00e8 obbligatorio ed avr\u00e0 luogo domani 9 Luglio h 16, presso il link Google Meet delle lezioni.<br \/>\nPer tutti gli altri studenti l&#8217;orale \u00e8 facoltativo.<br \/>\nChi desidera rifiutare la votazione deve collegarsi domani per l&#8217;orale e dirmi che rifiuta. In assenza di rifiuti sar\u00e0 verbalizzato il voto ottenuto nella prova scritta. Per ogni problema contattatemi su email.<\/p>\n<p><a href=\"https:\/\/docenti-deps.unisi.it\/nicoladimitri\/wp-content\/uploads\/sites\/13\/2021\/07\/MicroMagoFinale0707062021.xlsx\">MicroMagoFinale0707062021<\/a><\/p>\n<p>(18 Luglio 2021)<\/p>\n<p>Qui sotto trovate le votazioni del 15 Luglio 2021. Gli studenti con votazioni 18-19-29-30 sono obbligati a sostenere l&#8217;orale il giorno mercoled\u00ec 21 Luglio 2021, h 10, al link Google Meet utilizzato per le lezioni del corso. Tutti gli studenti possono sostenere l&#8217;orale. Chi desidera rifiutare la votazione deve collegarsi il giorno dell&#8217;orale per comunicarmelo. Dopo l&#8217;orale saranno registrati tutti i voti.<\/p>\n<p><a href=\"https:\/\/docenti-deps.unisi.it\/nicoladimitri\/wp-content\/uploads\/sites\/13\/2021\/07\/MicroMagoFinale15072021.xlsx\">MicroMagoFinale15072021<\/a><\/p>\n<p>(4 Settembre 2021) Qui sotto\u00a0 le votazioni del test finale del 2\/9\/2021<br \/>\nChi desidera sostenere l&#8217;orale deve inviarmi una mail entro Luned\u00ec 6 Settembre h 12; la prova orale eventualmente si terr\u00e0 Luned\u00ec 6 Settembre h 18. In assenza di vostri messaggi proceder\u00f2 con la registrazione dei voti sul sistema.<\/p>\n<p><a href=\"https:\/\/docenti-deps.unisi.it\/nicoladimitri\/wp-content\/uploads\/sites\/13\/2021\/09\/MicroMagoFinale02092021.xlsx\">MicroMagoFinale02092021<\/a><\/p>\n<p>&nbsp;<\/p>\n","protected":false},"excerpt":{"rendered":"<p>(14 Febbraio 2021) Il calendario delle lezioni, ed il contenuto, del corso di Microeconomia per Manager, AA 2020-21, \u00e8 disponibile al link qui di seguito. MicroeconomiaperManagerCalendarioDimitriMarzoMaggio2021 Il corso inizier\u00e0 il giorno 4 Marzo in Aula 3. Le lezioni saranno tenute anche on-line e registrate.\u00a0 Si suggerisce agli studenti di consultare regolarmente la pag web del &hellip; <a href=\"https:\/\/docenti-deps.unisi.it\/nicoladimitri\/microeconomia-per-manager-2020-21\/\" class=\"more-link\">Leggi tutto<span class=\"screen-reader-text\"> &#8220;Microeconomia per Manager 2020-21&#8221;<\/span><\/a><\/p>\n","protected":false},"author":9,"featured_media":0,"parent":0,"menu_order":0,"comment_status":"closed","ping_status":"closed","template":"","meta":{"footnotes":""},"class_list":["post-1805","page","type-page","status-publish","hentry"],"_links":{"self":[{"href":"https:\/\/docenti-deps.unisi.it\/nicoladimitri\/wp-json\/wp\/v2\/pages\/1805","targetHints":{"allow":["GET"]}}],"collection":[{"href":"https:\/\/docenti-deps.unisi.it\/nicoladimitri\/wp-json\/wp\/v2\/pages"}],"about":[{"href":"https:\/\/docenti-deps.unisi.it\/nicoladimitri\/wp-json\/wp\/v2\/types\/page"}],"author":[{"embeddable":true,"href":"https:\/\/docenti-deps.unisi.it\/nicoladimitri\/wp-json\/wp\/v2\/users\/9"}],"replies":[{"embeddable":true,"href":"https:\/\/docenti-deps.unisi.it\/nicoladimitri\/wp-json\/wp\/v2\/comments?post=1805"}],"version-history":[{"count":62,"href":"https:\/\/docenti-deps.unisi.it\/nicoladimitri\/wp-json\/wp\/v2\/pages\/1805\/revisions"}],"predecessor-version":[{"id":2032,"href":"https:\/\/docenti-deps.unisi.it\/nicoladimitri\/wp-json\/wp\/v2\/pages\/1805\/revisions\/2032"}],"wp:attachment":[{"href":"https:\/\/docenti-deps.unisi.it\/nicoladimitri\/wp-json\/wp\/v2\/media?parent=1805"}],"curies":[{"name":"wp","href":"https:\/\/api.w.org\/{rel}","templated":true}]}}