{"id":2016,"date":"2021-08-23T10:15:10","date_gmt":"2021-08-23T08:15:10","guid":{"rendered":"https:\/\/docenti-deps.unisi.it\/nicoladimitri\/?page_id=2016"},"modified":"2022-10-08T10:38:28","modified_gmt":"2022-10-08T08:38:28","slug":"microeconomia-per-manager-2021-22","status":"publish","type":"page","link":"https:\/\/docenti-deps.unisi.it\/nicoladimitri\/microeconomia-per-manager-2021-22\/","title":{"rendered":"Microeconomia per Manager 2021-22"},"content":{"rendered":"<p>(15 Gennaio 2022) Qui sotto trovate calendario e contenuti del corso di Microeconomia per Manager AA 2021-22<\/p>\n<p><a href=\"https:\/\/docenti-deps.unisi.it\/nicoladimitri\/wp-content\/uploads\/sites\/13\/2022\/01\/MicroeconomiaperManagerCalendarioDimitriMarzoMaggio2022.docx\">MicroeconomiaperManagerCalendarioDimitriMarzoMaggio2022<\/a><\/p>\n<p>Le lezioni potranno essere seguite anche on line al seguente link di GOOGLE MEET<\/p>\n<p><strong>meet.google.com\/cqh-amag-ceb<\/strong><\/p>\n<p>(7 Febbraio 2022) Si informano gli studenti che il ricevimento di Mercoled\u00ec 9 Febbraio h 17.30 \u00e8 spostato a Gioved\u00ec 10 Febbraio stessa ora)<\/p>\n<p>(2 Marzo 2022) Qui sotto trovate la registrazione della Lezione 1<\/p>\n<p>https:\/\/drive.google.com\/file\/d\/1aWc2Tu73CJ-YghF7jgRdHjuOrVkwdr3W\/view?usp=sharing<\/p>\n<p>(3 Marzo 2022) Qui sotto trovate la registrazione della Lezione 2<\/p>\n<p>https:\/\/drive.google.com\/file\/d\/1YgdF-Us6n-7ZJi9rPjzxzS4QQYbiGjgq\/view?usp=sharing<\/p>\n<p>(9 Marzo 2022) Qui sotto trovate la registrazione della Lezione 3<\/p>\n<p>https:\/\/drive.google.com\/file\/d\/17R31t6tvys8FykYk0iAsWr55GEXqOY-j\/view?usp=sharing<\/p>\n<p>(10 Marzo 2022) Qui sotto trovate la registrazione della Lezione 4<\/p>\n<p>https:\/\/drive.google.com\/file\/d\/1NdZutqD2TyABUH_-J4GsLfkgjbVqXrqP\/view?usp=sharing<\/p>\n<p>(23 Marzo 2022) Qui sotto trovate la registrazione della Lezione 5<\/p>\n<p>https:\/\/drive.google.com\/file\/d\/1L-EnC_9WF8_qvhlX3WU-eszoAcNfBOFe\/view?usp=sharing<\/p>\n<p>(24 Marzo 2022) Qui sotto trovate la registrazione della Lezione 6<\/p>\n<p>https:\/\/drive.google.com\/file\/d\/1xcYhwW_bwXJbNwfo3ndu4aS_M30U9CGc\/view?usp=sharing<\/p>\n<p>(30 Marzo 2022) Qui sotto trovate la registrazione della Lezione 7<\/p>\n<p>https:\/\/drive.google.com\/file\/d\/131jEJeq1xO4sD2734Njei_TjGQHltNwa\/view?usp=sharing<\/p>\n<p>(31 Marzo 2022) Qui sotto trovate la registrazione della Lezione 8<\/p>\n<p>https:\/\/drive.google.com\/file\/d\/1xpnWEFpo7NQEnvSxdM5HbZNmNiUt1JYj\/view?usp=sharing<\/p>\n<p>(1 Aprile 2022) Come anticipato a lezione, il test intermedio sar\u00e0 suddiviso in 2\/3 gruppi. Per il primo gruppo il test sar\u00e0 il 28 Aprile, h 12-14, in orario di lezione mentre per gli altri due gruppi il 29 Aprile, rispettivamente h16-18 e h18-20. Il test si terr\u00e0 in presenza in Aula Caparrelli<\/p>\n<p>Coloro che intendono sostenere il test possono gi\u00e0 prenotarsi sul sistema. Il massimo numero di studenti \u00e8 di 45 per gruppo. Le prenotazioni per il secondo gruppo dovranno iniziare quando il primo gruppo \u00e8 completato. Le prenotazioni al terzo gruppo dovranno iniziare quando il secondo gruppo \u00e8 completato.<\/p>\n<p>Qui sotto trovate un insieme di esercizi<\/p>\n<p><a href=\"https:\/\/docenti-deps.unisi.it\/nicoladimitri\/wp-content\/uploads\/sites\/13\/2022\/04\/MicroMagoEsercizi1parte2022.docx\">MicroMagoEsercizi1parte2022<\/a><\/p>\n<p>ed una simulazione del test intermedio<\/p>\n<p><a href=\"https:\/\/docenti-deps.unisi.it\/nicoladimitri\/wp-content\/uploads\/sites\/13\/2022\/04\/MicroMagoSimulazione1parte2022.docx\">MicroMagoSimulazione1parte2022<\/a><\/p>\n<p>che discuteremo in classe il 13 e 14 Aprile.<\/p>\n<p>(13 Aprile 2022) Qui sotto trovate la registrazione della Lezione 9 (esercitazione)<\/p>\n<p>https:\/\/drive.google.com\/file\/d\/1pGQGFLOyE45tH6lcHhhZgKoht36e_Frl\/view?usp=sharing<\/p>\n<p>(15 Aprile 2022) Qui sotto trovate la registrazione della Lezione 10 (esercitazione)<\/p>\n<p>https:\/\/drive.google.com\/file\/d\/1UgrJYtvH0NJ2QEYt5Xvmm3P_GxjHYGTO\/view?usp=sharing<\/p>\n<p>(16 Aprile 2022) Qui sotto trovate la registrazione della Lezione 11 (esercitazione on line). Da notare che l&#8217;esercitazione si interrompe bruscamente per mancanza di collegamento. Seguir\u00e0 quindi un&#8217;ulteriore esercitazione on line a completamento di questa.<\/p>\n<p>https:\/\/drive.google.com\/file\/d\/12qHMezhQ-HxCjYaI49S-i9_KLl-hhff0\/view?usp=sharing<\/p>\n<p>(16 Aprile 2022) Qui sotto trovate la registrazione della Lezione 12 (esercitazione on line). Da notare che anche qesercitazione si interrompe bruscamente per mancanza di collegamento. Completeremo l&#8217;eserecitazione in classe.<\/p>\n<p>https:\/\/drive.google.com\/file\/d\/1op8DevOqa3KyhLcAHVX3mha3zNW89Z4M\/view?usp=sharing<\/p>\n<p>(20 Aprile 2022) Qui sotto trovate la registrazione della Lezione 13<\/p>\n<p>https:\/\/drive.google.com\/file\/d\/1eR7t5XPg7CcGz6GMVWR7f0WDJZDEFuzt\/view?usp=sharing<\/p>\n<p>(21 Aprile 2022) Qui sotto trovate la registrazione della Lezione 14<\/p>\n<p>https:\/\/drive.google.com\/file\/d\/19u7kRNX_93_f4iynznV_2xcApsgYsJTk\/view?usp=sharing<\/p>\n<p>(21 Aprile 2022)<\/p>\n<p>Visto l&#8217;esiguo numero di studenti prenotati per il turno h18-20 di Venerd\u00ec 29 Aprile, si informano gli studenti che tale turno sar\u00e0 cancellato e non si terr\u00e0..<br \/>\nI tre studenti al momento prenotati per tale turno potranno scegliere tra il turno del 28 Aprile h 12-14 ed il turno del 29 Aprile h 16-18.<br \/>\nSe problemi non esitate a farmi sapere<\/p>\n<p>Ricordo a tutti i prenotati che dovranno presentarsi al test con un documento di riconoscimento con fotografia<\/p>\n<p>(27 Aprile 2022) Qui sotto trovate la registrazione della Lezione 15<\/p>\n<p>https:\/\/drive.google.com\/file\/d\/1JLt_5SXXYFDyagB93DWWfPahqYKebUQ1\/view?usp=sharing<\/p>\n<p>(30 Aprile 2022) Qui sotto trovate le votazioni del Test Intermedio 28\/29 Aprile 2022<\/p>\n<p><a href=\"https:\/\/docenti-deps.unisi.it\/nicoladimitri\/wp-content\/uploads\/sites\/13\/2022\/04\/MicroeconomiaperManagerVotazioniIntermedio-28-29Aprile.pdf\">MicroeconomiaperManagerVotazioniIntermedio 28-29Aprile<\/a><\/p>\n<p>(3 Maggio 2022) Si informano gli studenti che il secondo test intermedio si terr\u00e0 il giorno Luned\u00ec 6 Giugno 2022. Possono sostenere il test SOLAMENTE gli studenti che hanno superato il primo test intermedio (28-29 Aprile). Anche in questo caso il test \u00e8 suddiviso in due gruppi. Nel gruppo 1 (h15-17) si dovranno prenotare gli studenti che hanno sostenuto il primo intermedio il 28 Aprile. Nel gruppo 2 (h 17-19) gli studenti che hanno sostenuto il primo intermedio il 29 Aprile. Le prenotazioni sono gi\u00e0 aperte.<\/p>\n<p>(4 Maggio 2022) Qui sotto trovate la registrazione della Lezione 16<\/p>\n<p>https:\/\/drive.google.com\/file\/d\/15fvMFOCr6yZhDbgezLlhr_i3jXSiPFB-\/view?usp=sharing<\/p>\n<p>(5 Maggio 2022) Qui sotto trovate la registrazione della Lezione 17<\/p>\n<p>https:\/\/drive.google.com\/file\/d\/1T8C4heS8z-_J_PeHRzbSaS7Pu0ioMA_6\/view?usp=sharing<\/p>\n<p>(8 Maggio 2022) Qui sotto potete trovare due simulazioni del test relativo alla seconda parte del corso. Insieme alle simulazioni trovate anche alcuni esercizi aggiuntivi, sui quali prepararsi per il test. Gli esercizi sulla &#8220;accettazione differita&#8221; saranno risolvibili dopo le lezioni del 11 e 12 Maggio. Nei giorni 18 e 19 Maggio discuteremo gli esercizi in classe.<\/p>\n<p><a href=\"https:\/\/docenti-deps.unisi.it\/nicoladimitri\/wp-content\/uploads\/sites\/13\/2022\/05\/MicroMagoSimulazione2parte2022.docx\">MicroMagoSimulazione2parte2022<\/a><\/p>\n<p>(11 Maggio 2022) Qui sotto trovate la registrazione della Lezione 18<\/p>\n<p>https:\/\/drive.google.com\/file\/d\/1vvkxNsWzV1cPmg2uC4cNuGwOMrRuO3OD\/view?usp=sharing<\/p>\n<p>(11 Maggio 2022) Qui sotto trovate la registrazione della Lezione 19<\/p>\n<p>https:\/\/drive.google.com\/file\/d\/1rL6eSRJPIvIhqhZIABxfZNRjORcqQxfa\/view?usp=sharing<\/p>\n<p>(17 Maggio 2022) Qui sotto trovate la registrazione della Lezione 20 (ultima lezione)<\/p>\n<p>https:\/\/drive.google.com\/file\/d\/1XJbLCRv1IGk4Eo98-ZXodjOCAxT3q9jy\/view?usp=sharing<\/p>\n<p>(30 Maggio 2022) Con la presente si informano gli studenti che invece della registrazione aggiuntiva con esercizi su Rubinstein ecc. prevista per oggi pomeriggio, ho ritenuto maggiormente utile effettuare un&#8217; esercitazione vera e propria in presenza, nella solita Aula Caparrelli, al solito orario di lezione Mercoled\u00ec 1 Giugno h 12-14. Qualora, per qualche motivo, l&#8217;Aula non fosse disponibile provveder\u00f2 ad informarvi domani su come procederemo. L&#8217;esercitazione sar\u00e0 comunque registrata.<\/p>\n<p>(31 Maggio 2022) Si informano gli studenti\u00a0 che l&#8217;esercitazione di domani 1 Giugno si terr\u00e0 in Aula 12 invece che nella Caparrelli B, dalle h 12 alle h 14 Data la capienza dell&#8217;aula, saranno ammessi fino a 20 studenti in presenza, mentre gli altri potranno seguire on line al solito link delle lezioni. Sar\u00e0 comunque disponibile sulla pag web e sul moodle la registrazione.<\/p>\n<p>(1 Giugno 2022) Qui sotto trovate la registrazione della Esercitazione Aggiuntiva<\/p>\n<p>https:\/\/drive.google.com\/file\/d\/1MpZiL9oFExYyZ-CVDEWqx22n18Zp6nl9\/view?usp=sharing<\/p>\n<p>(6 Giugno 2022) Si informano gli studenti che la prova orale, dopo la seconda prova intermedia Microeconomia per Manager 6 Giugno, si svolger\u00e0 Venerd\u00ec 10 Giugno h 16.30 in aula da definire. La prova orale \u00e8 facoltativa.<\/p>\n<p>(7 Giugno 2022) Si comunica agli studenti che la prova orale di Venerd\u00ec 10 Giugno si terr\u00e0 la mattina alle ore 11 invece che alle ore 16.30.<\/p>\n<p>(7 Giugno 2022) Qui sotto trovate le votazioni finali, comprensiva della prima e seconda prova del 6 Giugno.<\/p>\n<p><a href=\"https:\/\/docenti-deps.unisi.it\/nicoladimitri\/wp-content\/uploads\/sites\/13\/2022\/06\/MicroeconomiaperManagerVotazioniFinalidopotest06012022.pdf\">MicroeconomiaperManagerVotazioniFinalidopotest06012022<\/a><\/p>\n<p>Come gi\u00e0 segnalato, si raccomanda agli studenti di compilare il questionario della didattica perch\u00e8 altrimenti non sar\u00e0 possibile registrare le votazioni.<\/p>\n<p>Coloro che intendono sostenere l&#8217;orale si dovranno presentare Venerd\u00ec 10 Giugno h 11 in aula 8. In assenza di controindicazioni, dopo l&#8217;orale di Venerd\u00ec considerer\u00f2 le votazioni accettate, e saranno quindi registrate nel sistema<\/p>\n<p>(8 Giugno 2022) Si informano gli studenti interessati a visionare la loro prova scritta del 6 Giugno 2022, che potranno farlo in occasione della prova orale di Venerd\u00ec 10 Giugno h 11.<br \/>\nSi informano inoltre che per motivi imprevisti il ricevbimento studenti di oggi 8 Giugno \u00e8 cancellato. Il prossimo ricevimento sar\u00e0 Venerd\u00ec 10 Giugno, h 17.30 online<\/p>\n<p>(9 Giugno 2022) Con la presente si comunica agli studenti\u00a0 che accettano la votazione finale, dopo la seconda prova scritta del 6 Giugno ed eventuale orale, CHE NON DEVONO PRENOTARSI agli altri appelli di GIUGNO-LUGLIO perch\u00e8 registrer\u00f2 subito le votazioni in un appello distinto. Chi si \u00e8 prenotato \u00e8 pregato quindi di CANCELLARSI IMMEDIATAMeNTE altrimenti il sistema non permetter\u00e0 la registrazione del voto.<br \/>\nSi rammenta inoltre, di nuovo, di compilare il questionario della didattica perch\u00e8 altrimenti, anche in questo caso, il sistema non permetter\u00e0 la registrazione del voto.<\/p>\n<p>(12 Giugno 2022) Si informano gli studenti che l&#8217;esame del 20 Giugno 2022 inizier\u00e0 alle ore 11 invece che alle ore 9, sempre in Aula Caparrelli. Si comunica inoltre che il prossimo ricevimento studenti sar\u00e0 Venerd\u00ec 17 Giugno h 17.30, invece di Mercoled\u00ec 15, sempre on line.<\/p>\n<p>(22 Giugno 2022) Qui sotto trovate\u00a0le votazioni finali di Microeconomia per Manager dopo il test del 20 Giugno 2022. Chi intende sostenere l&#8217;orale si colleghi Luned\u00ec 27 h 10 al link Google Meet delle lezioni. Chi intende visualizzare il compito si colleghi Venerd\u00ec 24 h 17.30 orario ricevimento studenti. In assenza di controindicazioni entro il termine degli orali riterr\u00f2 accettate le votazioni che saranno registrate sul sistema.<\/p>\n<p><a href=\"https:\/\/docenti-deps.unisi.it\/nicoladimitri\/wp-content\/uploads\/sites\/13\/2022\/06\/MicroeconomiaperManagerVotazioniFinalidopotest20012022.xlsx\">MicroeconomiaperManagerVotazioniFinalidopotest20012022<\/a><\/p>\n<p>(12 Luglio 2022) Si comunica che per sopraggiunti motivi il test di Microeconomia per Manager del 14 Luglio si terr\u00e0 dalle 10 alle 13 invece che dalle 9 alle 12. Qualora vi fossero problemi fatemi sapere<\/p>\n<p>&nbsp;<\/p>\n<p>(16 Luglio 2022) In allegato le votazioni del test del 14 Luglio 2022. Per velocizzare le procedure, ed evitare inutili attese, chi intende sostenere l&#8217;orale o rifiutare il voto cortesemente mi scriva quanto prima. Chi intende sostenere l&#8217;orale si deve collegare il 20 Luglio h 10, al link Google Meet delle lezioni.<br \/>\nIn assenza di controindicazioni il 20 Luglio registrer\u00f2 le votazioni del test scritto come voto finale. Naturalmente, chi nel frattempo intende scrivermi per accettare pu\u00f2 farlo.<\/p>\n<p><a href=\"https:\/\/docenti-deps.unisi.it\/nicoladimitri\/wp-content\/uploads\/sites\/13\/2022\/07\/MicroeconomiaperManagerVotazioniFibnali14072022.xlsx\">MicroeconomiaperManagerVotazioniFibnali14072022<\/a><\/p>\n<p>(25 Agosto 2022) Si comunica che il test di Microeconomia per Manager del 30 Agosto 2022 si terr\u00e0 dalle h 11 alle h 14 e non dalle h9 alle h 12 dello stesso giorno. Se problemi non esitate a farmi sapere<\/p>\n<p>(31 Agosto 2022) Qui sotto trovate le votazioni del test tenutosi ieri 30 Agosto 2022.<br \/>\nChi intende rifiutare o sostenere l&#8217;orale Venerd\u00ec 2 Settembre h 18 (Google Meet link delle lezioni) deve scrivermi una mail entro domani 1 Settembre alle h12. In assenza di tale msg, provveder\u00f2 a registrare sul sistema le votazioni.<br \/>\n<a href=\"https:\/\/docenti-deps.unisi.it\/nicoladimitri\/wp-content\/uploads\/sites\/13\/2022\/08\/MicroMagoVotazioni300820221.xlsx\">MicroMagoVotazioni300820221<\/a><\/p>\n<p>(24 Settembre 2022)<\/p>\n<p>Qui di seguito trovate le votazioni del test di Microeconomia per Manager del 21 Settembre 2022<\/p>\n<p>Matricola Voto<br \/>\n099826\u00a0 20<br \/>\n117807\u00a0 \u00a0 29<br \/>\n123952\u00a0 \u00a0 27<br \/>\n124262\u00a0 \u00a0 25<br \/>\n120771\u00a0 \u00a0 \u00a019<\/p>\n<p>Entro Luned\u00ec 26 h 12 fatemi sapere se accettate il voto, volete ripetere l&#8217;esame oppure sostenere un orale aggiuntivo il giorno 30 Settembre h 11, Google Meet link del ricevimento studenti su mia pag web.<\/p>\n<p>(8 Ottobre 2022)<\/p>\n<p>Qui di seguito trovate le votazioni del test di Microeconomia per Manager del 7 Ottobre 2022.<\/p>\n<p>Matricola Voto<br \/>\n088429\u00a0 \u00a0 \u00a0 22<br \/>\n107831\u00a0 \u00a0 \u00a0 \u00a023<br \/>\n108457\u00a0 \u00a0 \u00a0 27<\/p>\n<p>Fatemi sapere se accettate, rifiutate o intendete sostenere l&#8217;orale entro domani, domenica 9 Ottobre h 12, all&#8217;indirizzo &#8220;dimitri@unisi.it&#8221;<br \/>\nL&#8217;eventuale orale si svolger\u00e0 online Marted\u00ec 11 h 10, Google Meet link ricevimento studenti mia pag web.<\/p>\n","protected":false},"excerpt":{"rendered":"<p>(15 Gennaio 2022) Qui sotto trovate calendario e contenuti del corso di Microeconomia per Manager AA 2021-22 MicroeconomiaperManagerCalendarioDimitriMarzoMaggio2022 Le lezioni potranno essere seguite anche on line al seguente link di GOOGLE MEET meet.google.com\/cqh-amag-ceb (7 Febbraio 2022) Si informano gli studenti che il ricevimento di Mercoled\u00ec 9 Febbraio h 17.30 \u00e8 spostato a Gioved\u00ec 10 Febbraio &hellip; <a href=\"https:\/\/docenti-deps.unisi.it\/nicoladimitri\/microeconomia-per-manager-2021-22\/\" class=\"more-link\">Leggi tutto<span class=\"screen-reader-text\"> &#8220;Microeconomia per Manager 2021-22&#8221;<\/span><\/a><\/p>\n","protected":false},"author":9,"featured_media":0,"parent":0,"menu_order":0,"comment_status":"closed","ping_status":"closed","template":"","meta":{"footnotes":""},"class_list":["post-2016","page","type-page","status-publish","hentry"],"_links":{"self":[{"href":"https:\/\/docenti-deps.unisi.it\/nicoladimitri\/wp-json\/wp\/v2\/pages\/2016","targetHints":{"allow":["GET"]}}],"collection":[{"href":"https:\/\/docenti-deps.unisi.it\/nicoladimitri\/wp-json\/wp\/v2\/pages"}],"about":[{"href":"https:\/\/docenti-deps.unisi.it\/nicoladimitri\/wp-json\/wp\/v2\/types\/page"}],"author":[{"embeddable":true,"href":"https:\/\/docenti-deps.unisi.it\/nicoladimitri\/wp-json\/wp\/v2\/users\/9"}],"replies":[{"embeddable":true,"href":"https:\/\/docenti-deps.unisi.it\/nicoladimitri\/wp-json\/wp\/v2\/comments?post=2016"}],"version-history":[{"count":50,"href":"https:\/\/docenti-deps.unisi.it\/nicoladimitri\/wp-json\/wp\/v2\/pages\/2016\/revisions"}],"predecessor-version":[{"id":2228,"href":"https:\/\/docenti-deps.unisi.it\/nicoladimitri\/wp-json\/wp\/v2\/pages\/2016\/revisions\/2228"}],"wp:attachment":[{"href":"https:\/\/docenti-deps.unisi.it\/nicoladimitri\/wp-json\/wp\/v2\/media?parent=2016"}],"curies":[{"name":"wp","href":"https:\/\/api.w.org\/{rel}","templated":true}]}}