{"id":2211,"date":"2022-09-05T10:41:26","date_gmt":"2022-09-05T08:41:26","guid":{"rendered":"https:\/\/docenti-deps.unisi.it\/nicoladimitri\/?page_id=2211"},"modified":"2024-01-20T17:20:57","modified_gmt":"2024-01-20T16:20:57","slug":"microeconomia-per-manager-2022-2023","status":"publish","type":"page","link":"https:\/\/docenti-deps.unisi.it\/nicoladimitri\/microeconomia-per-manager-2022-2023\/","title":{"rendered":"Microeconomia per Manager 2022-2023"},"content":{"rendered":"<p>&nbsp;<\/p>\n<p>(23 Dicembre 2023) <a href=\"https:\/\/docenti-deps.unisi.it\/nicoladimitri\/wp-content\/uploads\/sites\/13\/2022\/12\/MicroeconomiaperManagerCalendarioDimitriMarzoMaggio2023.docx\">MicroeconomiaperManagerCalendarioDimitriMarzoMaggio2023<\/a><\/p>\n<p>(5 Marzo 2023) Si comunica agli studenti che per motivi imprevisti la lezione di Gioved\u00ec 9 Marzo 2023 \u00e8 cancellata. Sar\u00e0 recuperata Mercoled\u00ec 24 Maggio 2023, stesso orario stessa aula.<\/p>\n<p>&nbsp;<\/p>\n<p>(15 Marzo 2023) Facendo seguito alla discussione intrattenuta oggi in classe si informano gli studenti che, fino al termine del corso, le lezioni del Mercoled\u00ec si terranno in AUL A CHIOSTRO e non pi\u00f9 in Aula 9, nello stesso orario h 12-14.<\/p>\n<p>&nbsp;<\/p>\n<p>(1 Aprile 2023) Si informano gli studenti che il test intermedio si terr\u00e0 Gioved\u00ec 5 Maggio, in orario ed aula di lezione. Qui sotto trovate un insieme di esercizi, di preparazione al test, che discuteremo in classe nelle esercitazioni del 6 a 12 Aprile. Se necessario effettueremo un&#8217;ulteriore esercitazione anche il 13 Aprile. Trovate inoltre anche una simulazione del test intermedio.<\/p>\n<p><a href=\"https:\/\/docenti-deps.unisi.it\/nicoladimitri\/wp-content\/uploads\/sites\/13\/2023\/04\/MicroMagoEsercizi1parte2023.docx\">MicroMagoEsercizi1parte2023<\/a><\/p>\n<p><a href=\"https:\/\/docenti-deps.unisi.it\/nicoladimitri\/wp-content\/uploads\/sites\/13\/2023\/04\/MicroMagoSimulazione1parte2023.docx\">MicroMagoSimulazione1parte2023<\/a><\/p>\n<p>(4 Aprile 2023) Si comunica agli studenti che le lezioni di domani 5 Aprile e dopodomani 6 Aprile sono cancellate per influenza. Quanto prima comunicherr\u00f2 i giorni in cui saranno recuperate.<\/p>\n<p>(4 Aprile 2023) Come da precedente messaggio, si comunica agli studenti che per il recupero delle due lezioni annullate (5 e 6 Aprile), e la possibilit\u00e0 di usufruire di sessioni aggiuntive per la discusione di esercizi, nel mese di Maggio 2023 si terranno le seguenti ulteriori lezioni di Venerd\u00ec<br \/>\nh10-12 Aula Caparrelli A.<br \/>\n05\/05, 12\/05, 19\/05, 26\/05<\/p>\n<p>(6 Aprile 2023) Si informano gli studenti che il secondo test intermedio, riservato solamente agli studenti che hanno superato il primo test intermedio, avr\u00e0 luogo il giorno Marted\u00ec 6 Giugno, h 15-17 in Aula Caparrelli B.<\/p>\n<p>Gli studenti possono iniziare a prenotarsi per il primo test intermedio a partire da domani.<\/p>\n<p>Le informazioni di cui sopra, insieme alle recenti variazioni apportate al calendario delle lezioni, si trovano nel seguente documento<\/p>\n<p><a href=\"https:\/\/docenti-deps.unisi.it\/nicoladimitri\/wp-content\/uploads\/sites\/13\/2023\/04\/MicroeconomiaperManagerCalendarioRivistoDimitriMarzoMaggio2023.docx\">MicroeconomiaperManagerCalendarioRivistoDimitriMarzoMaggio2023<\/a><\/p>\n<p>(13 Aprile 2023) Facendo seguito alla discussione avuta in classe oggi 13 Aprile 2023, si comunica che su richiesta degli studenti il test intermedio \u00e8 spostato a Marcoled\u00ec 17 Maggio., in orario ed aula di lezione.<br \/>\nPertanto nel giorno di Gioved\u00ec 4 Maggio, data precedentemente fissata per il test intermedio, si terr\u00e0 lezione.<\/p>\n<p>(28 Aprile 2023) Con il presente messaggio si conferma agli studenti\u00a0 che, dietro loro richiesta, il test interemdio \u00e8 stato spostato al 17 Maggio 2023 h 12, Aula Chiostro. La nuova data appare gi\u00e0 sulla Segreteria Online.<\/p>\n<p>(5 Maggio 2023) Facendo seguito a quanto anticipato oggi a lezione , si conferma agli studenti che il giorno Gioved\u00ec 11 Maggio h 17 (e non h 18 come annunciato inzialmente) avr\u00e0 luogo una sessione online al Google Meet link del ricevimento studenti<br \/>\nhttps:\/\/meet.google.com\/hzq-yaiv-vjq<br \/>\nper la discussione di problemi in vista del test intermedio di Mercoled\u00ec 17 Maggio.<\/p>\n<p>(18 Maggio 2023) Qui di seguito trovate 2 simulazioni per il test della seconda parte insieme ad alcuni esercizi aggiuntivi. Gli esercizi saranno discussi durante le leziioni della prossima settimana. Si conferma che solamente coloro che hanno superato la prima parte potranno sostenere il test sulla seconda parte nel pre-appello.<\/p>\n<p><a href=\"https:\/\/docenti-deps.unisi.it\/nicoladimitri\/wp-content\/uploads\/sites\/13\/2023\/05\/MicroMagoSimulazione2parte2023.docx\">MicroMagoSimulazione2parte2023<\/a><\/p>\n<p>(19 Maggio 2023) Facendo seguito alle richieste degli studenti, si conferma che la lezione di Venerd\u00ec 26 Maggio \u00e8 cancellata e sostituita da una lezione che avr\u00e0 luogo Gioved\u00ec 25 Maggio, h 16-18, Aula 9.<\/p>\n<p>(20 Maggio 2023) Votazioni test intermedio del 17 Maggio 2023<\/p>\n<p><a href=\"https:\/\/docenti-deps.unisi.it\/nicoladimitri\/wp-content\/uploads\/sites\/13\/2023\/05\/MicroMagoIntermedioVoti17052023.pdf\">MicroMagoIntermedioVoti17052023<\/a><\/p>\n<p>(22 Maggio 2023)<\/p>\n<p>In vista dei prossimi esami si informano gli studenti che la prova orale, successiva a quella scritta, sar\u00e0 OBBLIGATORIA per le votazioni 18-19 e 29-30(lode) e FACOLTATIVA per tutte le altre votazioni. Gli orali, per ciascuna prova della sessione Giugno-Luglio, si terranno nei giorni seguenti nell&#8217;AULA CHIOSTRO.<\/p>\n<p>Venerd\u00ec 9 Giugno h 10-14<br \/>\nMarted\u00ec 20 Giugno h 12-15<br \/>\nMarted\u00ec 18 Luglio h 15-19<\/p>\n<p>(26 Maggio 2023) Con la presente si conferma agli studenti che il giorno Luned\u00ec 29 Maggio h 17 si terr\u00e0 un&#8217;ulteriore esercitazione online al seguente link Google Meet<br \/>\nmeet.google.com\/hzq-yaiv-vjq.<\/p>\n<p>(7 Giugno 2023) In basso le votazioni finali dopo il secondo test interendio del 6 Giugno 2023. Le votazioni 18-19-29-30 e 30 lode sosterrranno obbligatoriamente l&#8217;orale Venerd\u00ec 9 Giugno h 10 in Aula Chiostro. Per gli altri studenti l&#8217;orale \u00e8 facoltativo. In occasione della prova orale chi \u00e8 interessato potr\u00e0 visionare il compito del 6 Giugno 2023.<\/p>\n<p><a href=\"https:\/\/docenti-deps.unisi.it\/nicoladimitri\/wp-content\/uploads\/sites\/13\/2023\/06\/MicroMagoFinaleVoti06062023.pdf\">MicroMagoFinaleVoti06062023<\/a><\/p>\n<p>(8 Giugno 2023) Si informano gli studenti che hanno sostenuto il test nel giorno 6 Giugno 2023 che, qualora non si presentino alla prova orale di domani mattina 9 Giugno 2023, oppure qualora non rinuncino mediante messaggio email diretto a &#8220;dimitri@unisi.it&#8221; entro domani h 10 al voto ottenuto, che avrannno il voto registrato nel sistema dopo la prova orale di domani mattina. Provveder\u00f2 io stesso ad inserire le votazioni in un appposito appello, diverso da quello del 13 Giugno 2023.<\/p>\n<p>(16 Giugno 2023) Di seguito trovate le votazioni finali del test tenutosi il 13 Giugno 2023. Per chi ha sostenuto solo la seconda parte, il 13 Giugno, la votazione \u00e8 una combinazione delle due prove &#8220;intermedie&#8221;. Per chi ha sostenuto il test intero il 13 Giugno la votazione riguarda ovviamente il test completo. Le votazioni 18-19-29-30-30 lode dovranno sostenere obbligatoriamente la prova orale, che si terr\u00e0 il giorno 20 Giugno alle ore 13 (e non alle 12 come indicato inizialmente) presso l&#8217;Aula Chiostro. Per tutti gli altri studenti la prova orale \u00e8 facoltativa. Controllate comunque l&#8217;aula il giorno della prova per conferma.<br \/>\nIn assenza di vostre email inviate a &#8220;dimitri@unisi.it&#8221; per rifiutare il voto, ricevute entro le h15 di Marted\u00ec 20 Giugno. riterr\u00f2 la votazione accettata da parte vostra e provveder\u00f2 a registrarla nel sistema.<\/p>\n<p><a href=\"https:\/\/docenti-deps.unisi.it\/nicoladimitri\/wp-content\/uploads\/sites\/13\/2023\/06\/MicroMagoFinaleVoti13062023.pdf\">MicroMagoFinaleVoti13062023<\/a><\/p>\n<p>(14 Luglio 2023) Qui sotto trovate le votazioni finali successive al test del 13 Luglio 2023.<br \/>\nLe votazioni 18-19-29-30 effettueranno obbligatoriamente la prova orale il 19 Luglio h 15. Per gli altri studenti la prova orale \u00e8 facoltativa. In assenza di vostri messaggi entro la prova orale considero le votazioni accettate e saranno registrate nel sistema.<\/p>\n<p><a href=\"https:\/\/docenti-deps.unisi.it\/nicoladimitri\/wp-content\/uploads\/sites\/13\/2023\/07\/MicroMagoFinaleVoti13072023.xlsx\">MicroMagoFinaleVoti13072023<\/a><\/p>\n<p>(15 Luglio 2023) Si informano gli studenti che, come per l&#8217;appello precedente, \u00e8 possibile visionare il test scritto del 13 Luglio 2023 il giorno 19 Luglio h 15, in occasione della prova orale. Chi avesse difficolt\u00e0 ad essere presente pu\u00f2 scrivermi una email per concordare un incontro online.<\/p>\n<p>(20 Gennaio 2024)<\/p>\n<p>Qui sotto le votazioni del test di Microeconomia per Manager del 19 Gennnaio 2024.<\/p>\n<p>Matricola Voto<br \/>\n121171\u00a0 \u00a0 \u00a0 \u00a0 \u00a0 \u00a023<br \/>\n122176\u00a0 \u00a0 \u00a0 \u00a0 \u00a020<br \/>\n129812\u00a0 \u00a0 \u00a0 \u00a0 29<\/p>\n<p>Se intendete sostenere la prova orale o rifiutare il voto inviatemi email prima Luned\u00ec 22 Gennaio entro le 12. In assenza di vostre comunicazioni registrer\u00f2 le votazioni sul sistema.<\/p>\n<p>&nbsp;<\/p>\n","protected":false},"excerpt":{"rendered":"<p>&nbsp; (23 Dicembre 2023) MicroeconomiaperManagerCalendarioDimitriMarzoMaggio2023 (5 Marzo 2023) Si comunica agli studenti che per motivi imprevisti la lezione di Gioved\u00ec 9 Marzo 2023 \u00e8 cancellata. Sar\u00e0 recuperata Mercoled\u00ec 24 Maggio 2023, stesso orario stessa aula. &nbsp; (15 Marzo 2023) Facendo seguito alla discussione intrattenuta oggi in classe si informano gli studenti che, fino al termine &hellip; <a href=\"https:\/\/docenti-deps.unisi.it\/nicoladimitri\/microeconomia-per-manager-2022-2023\/\" class=\"more-link\">Leggi tutto<span class=\"screen-reader-text\"> &#8220;Microeconomia per Manager 2022-2023&#8221;<\/span><\/a><\/p>\n","protected":false},"author":9,"featured_media":0,"parent":0,"menu_order":0,"comment_status":"closed","ping_status":"closed","template":"","meta":{"footnotes":""},"class_list":["post-2211","page","type-page","status-publish","hentry"],"_links":{"self":[{"href":"https:\/\/docenti-deps.unisi.it\/nicoladimitri\/wp-json\/wp\/v2\/pages\/2211","targetHints":{"allow":["GET"]}}],"collection":[{"href":"https:\/\/docenti-deps.unisi.it\/nicoladimitri\/wp-json\/wp\/v2\/pages"}],"about":[{"href":"https:\/\/docenti-deps.unisi.it\/nicoladimitri\/wp-json\/wp\/v2\/types\/page"}],"author":[{"embeddable":true,"href":"https:\/\/docenti-deps.unisi.it\/nicoladimitri\/wp-json\/wp\/v2\/users\/9"}],"replies":[{"embeddable":true,"href":"https:\/\/docenti-deps.unisi.it\/nicoladimitri\/wp-json\/wp\/v2\/comments?post=2211"}],"version-history":[{"count":25,"href":"https:\/\/docenti-deps.unisi.it\/nicoladimitri\/wp-json\/wp\/v2\/pages\/2211\/revisions"}],"predecessor-version":[{"id":2389,"href":"https:\/\/docenti-deps.unisi.it\/nicoladimitri\/wp-json\/wp\/v2\/pages\/2211\/revisions\/2389"}],"wp:attachment":[{"href":"https:\/\/docenti-deps.unisi.it\/nicoladimitri\/wp-json\/wp\/v2\/media?parent=2211"}],"curies":[{"name":"wp","href":"https:\/\/api.w.org\/{rel}","templated":true}]}}