{"id":790,"date":"2016-02-17T15:11:28","date_gmt":"2016-02-17T14:11:28","guid":{"rendered":"http:\/\/docenti-deps.unisi.it\/nicoladimitri\/?page_id=790"},"modified":"2018-11-22T09:08:45","modified_gmt":"2018-11-22T08:08:45","slug":"macroeconomia-25-49","status":"publish","type":"page","link":"https:\/\/docenti-deps.unisi.it\/nicoladimitri\/macroeconomia-25-49\/","title":{"rendered":"Macroeconomia (25-49)"},"content":{"rendered":"<p>&nbsp;<\/p>\n<p>Per la preparazione al test del 3 Giugno e seguenti, prima del 3 Giugno potranno circolare altri esercizi su cui lavorare. Gli studenti sono quindi invitati a consultare il set web con regolarit\u00e0.<\/p>\n<p><a href=\"https:\/\/docenti-deps.unisi.it\/nicoladimitri\/wp-content\/uploads\/sites\/13\/2016\/05\/Macro2016Simulazione2parte.pdf\">Macro2016Simulazione2parte<\/a><\/p>\n<p>(16 Maggio 2016) Poich\u00e8 le votazioni della prima prova intermedia sono stato pubblicate sul sito web, per il sistema risulterete tutti assenti. Non preoccupatevi quindi.<\/p>\n<p>(29 Maggio 2016) Come anticipato il seguente file contiene la soluzione all&#8217;esercizio sul reddito permanente discusso nell&#8217;ultima lezione<\/p>\n<p><a href=\"https:\/\/docenti-deps.unisi.it\/nicoladimitri\/wp-content\/uploads\/sites\/13\/2016\/05\/Macro2016SoluzioneEsercizioSimulazione2parte.pdf\">Macro2016SoluzioneEsercizioSimulazione2parte<\/a><\/p>\n<p>In vista dell&#8217;esame 3 Giugno, in giornata seguir\u00e0 file con ulteriori esercizi<\/p>\n<p>(29 Maggio 2016 h 22.42) Nella soluzione precedente vi era una svista. Nel file seguente in giallo la correzione<\/p>\n<p><a href=\"https:\/\/docenti-deps.unisi.it\/nicoladimitri\/wp-content\/uploads\/sites\/13\/2016\/05\/Macro2016SoluzioneEsercizioSimulazione2parte.pdf\">Macro2016SoluzioneEsercizioSimulazione2parte<\/a><\/p>\n<p>(29 Maggio 2016 h 22.43) Nel file seguente trovate altri esercizi e la soluzione ad un ulteriore esercizio della precedente simulazione<\/p>\n<p><a href=\"https:\/\/docenti-deps.unisi.it\/nicoladimitri\/wp-content\/uploads\/sites\/13\/2016\/05\/Macro2016Ulterioriesercizi2parte.pdf\">Macro2016Ulterioriesercizi2parte<\/a><\/p>\n<p>&nbsp;<\/p>\n<div><a href=\"https:\/\/docenti-deps.unisi.it\/nicoladimitri\/wp-content\/uploads\/sites\/13\/2017\/02\/MacroeconomiaContenutoeCalendarioDimitriMarzo-Giugno2017.docx\">MacroeconomiaContenutoeCalendarioDimitriMarzo-Giugno2017<\/a><\/div>\n<p>(27 Marzo 2017) Sono aperte le iscrizioni on-line al test intermedio del 7 Aprile 2017.<\/p>\n<p>Il programma del test intermedio del 7 Aprile 2017 sar\u00e0 fino al Capitolo 6 incluso. Per questo motivo, sempre in vista del test intermedio, fare gli esercizi del Findlay fino al capitolo 6 incluso. Come anticipato i seguenti due files mostrano una simulazione del test intermedio del 7 Aprile 2017. Le simulazioni saranno discusse in classe Mercoled\u00ec 5 e Gioved\u00ec 6 Aprile 2017, con gli studenti che andranno alla lavagna a rotazione a risolvere gli esercizi.<\/p>\n<p><a href=\"https:\/\/docenti-deps.unisi.it\/nicoladimitri\/wp-content\/uploads\/sites\/13\/2017\/03\/MacroSimulazioneTestIntermedio07042017-2.docx\">MacroSimulazioneTestIntermedio07042017<\/a><\/p>\n<p><a href=\"https:\/\/docenti-deps.unisi.it\/nicoladimitri\/wp-content\/uploads\/sites\/13\/2017\/03\/Macro2\u00b0SimulazioneTestintermedio07042017-1.docx\">Macro2\u00b0SimulazioneTestintermedio07042017<\/a><\/p>\n<p>Altri esercizi potranno essere inseriti sulla pagina prima del test finale.<\/p>\n<p>Qualora, per questioni di spazio in aula, dovessero esservi due turni sar\u00e0 comunicato su questo sito in tempo utile<\/p>\n<p>(2 Aprile 2017) Nell&#8217;allegato troverete le indicazioni principali per il test intermedio del 7 Aprile.<\/p>\n<p><a href=\"https:\/\/docenti-deps.unisi.it\/nicoladimitri\/wp-content\/uploads\/sites\/13\/2017\/04\/MacroeconomiaIndicazionitestintermedioDimitri2017.docx\">MacroeconomiaIndicazionitestintermedioDimitri2017<\/a><\/p>\n<p>Il test si terr\u00e0 nell&#8217;orario 10-14 in Aula Caparrelli B. Visto il numero degli iscritti la classe sar\u00e0 divisa in due gruppi.<\/p>\n<p>Il primo gruppo sosterr\u00e0 il test dalle 10 alle 11.15 mentre il secondo dalle 11.45 alle 13.<\/p>\n<p>Il primo gruppo sar\u00e0 composto dagli studenti e studentesse con numero di matricola fino al 061361 compreso.<\/p>\n<p>(18 Aprile 2017) Votazioni test intermedio 7 Aprile 2017<\/p>\n<p><a href=\"https:\/\/docenti-deps.unisi.it\/nicoladimitri\/wp-content\/uploads\/sites\/13\/2017\/04\/MacroeconomiaVotazioni1Intermedio2017.pdf\">MacroeconomiaVotazioni1Intermedio2017<\/a><\/p>\n<p>Gli studenti interessati potranno visionare il compito Gioved\u00ec 27 Aprile, nei 30 minuti finali della lezione.<\/p>\n<p>( 7 Maggio 2017) Come anticipato a lezione si conferma che la lezione del 3 Maggio, cancellata per motivi di salute, sar\u00e0 recuperata Luned\u00ec 15 Maggio, h 14-16 Aula Caparrelli.<\/p>\n<p>(10 Maggio 2017) Si conferma che la lezione di Venerd\u00ec 12 Maggio non sar\u00e0 tenuta e recuperata Marted\u00ec 30 Maggio h 16-18 Aula Caparrelli A. Si informa inoltre che il ricevimento di Venerd\u00ec 12 Maggio \u00e8 cancellato.<\/p>\n<p>(11 Maggio 2017) Si informa che la lezione di Venerd\u00ec 19 Maggio non sar\u00e0 tenuta per utilizzo aula test di Microeconomia per Manager (MAGO)<\/p>\n<p>(15 Maggio 2017) Si comunica che la lezione di oggi pomeriggio 15 Maggio h 14-16 \u00e8 annullata<\/p>\n<p>(22 Maggio 2017) Nei due link qui sotto trovate alcune indicazioni generali per la prova intermedia e gli appelli finali, e una simulazione della seconda parte che discuteremo in classe nei giorni Mercoled\u00ec 31 Maggio e Gioved\u00ec 1 Giugno. Come per la gli esercizi della prima parte, gli studenti si alterneranno alla lavagna<\/p>\n<p><a href=\"https:\/\/docenti-deps.unisi.it\/nicoladimitri\/wp-content\/uploads\/sites\/13\/2017\/05\/Macroeconomia2017IndicazioniEsameFinaleDimitri.pdf\">Macroeconomia2017IndicazioniEsameFinaleDimitri<\/a><\/p>\n<p><a href=\"https:\/\/docenti-deps.unisi.it\/nicoladimitri\/wp-content\/uploads\/sites\/13\/2017\/05\/Macro2017simulazionesecondaparte.docx\">Macro2017simulazionesecondaparte<\/a><\/p>\n<p>(25 Maggio 2017) Si conferma che per facilitare l&#8217;effettuazione della prova intermedia di altra materia, la lezione di mercoled\u00ec 31 Maggio \u00e8 spostata dalle 10 alle 12 in Aula Caparrelli<\/p>\n<p>(4 June 2017) Si informa che durante il periodo Giugno-Luglio 2017 il ricevimento studenti si terr\u00e0 nei seguenti giorni<\/p>\n<div>16 Giugno 16.30-18.30<\/div>\n<div>23 Giugno 17.30-18.30<\/div>\n<div>3 Luglio 11-13<\/div>\n<div>10 Luglio 16-18<\/div>\n<div>25 Luglio 17.30-18.30<\/div>\n<div><\/div>\n<div>Si informa inoltre che orale e registrazione delle prove scritte nel periodo Giugno-Luglio 2017 si terranno nei giorni:<\/div>\n<div>23 Giugno h 11; 12 Luglio h 11; 25 Luglio h 11.<\/div>\n<div><\/div>\n<div>(4 Giugno 2017)<\/div>\n<div>In vista della seconda prova intermedia nel link sottostante potete trovare ulteriori esercizi<\/div>\n<div><\/div>\n<div><a href=\"https:\/\/docenti-deps.unisi.it\/nicoladimitri\/wp-content\/uploads\/sites\/13\/2017\/06\/Macro2017Ulterioriesercizisecondaparte.docx\">Macro2017Ulterioriesercizisecondaparte<\/a><\/div>\n<div><\/div>\n<div>(14 Giugno 2017) Si informano gli studenti che per motivi familiari non potr\u00f2 essere presente alla supervisione della seconda prova intermedia di Venerd\u00ec 16 Giugno. La supervisione sar\u00e0 effettuata dalla Dottssa Valeria Faralla e dal Dott Niccol\u00f2 Fiorini<\/div>\n<div><\/div>\n<div>(19 Giugno 2017) Di seguito trovate le votazioni finali dopo il secondo test intermedio del 16 Giugno. Si conferma che l&#8217;orale \u00e8 obbligatorio per votazioni 18-19-29-30 mentre per gli altri \u00e8 facoltativo.<\/div>\n<div>Coloro che non possono essere presenti il 23 Giugno 2017 per l&#8217;accettazione devono inviare un delegato con documento di identit\u00e0 (del delegato) e delega scritta.<\/div>\n<div><\/div>\n<div><a href=\"https:\/\/docenti-deps.unisi.it\/nicoladimitri\/wp-content\/uploads\/sites\/13\/2017\/06\/MacroeconomiaFinaledopoIntermedio16062017.pdf\">MacroeconomiaFinaledopoIntermedio16062017<\/a><\/div>\n<div><\/div>\n<div>(20 Giugno 2017) Si conferma che orali e registrazione si terranno Venerd\u00ec 23 Giugno h 11 in aula indicata presso il Polo San Francesco.<\/div>\n<div><\/div>\n<div>(25 Giugno 2017) Si informano gli studenti che a partire da oggi risponder\u00f2 a messaggi email solo se inviati dall&#8217;indirizzo istituzionale Unisi, e solo se lo studente si identifica anche con la propria matricola.<\/div>\n<div><\/div>\n<div>(28 Giugno 2017) Nel link qui sotto si comunicano le votazioni finali, dopo il test del 26 Giugno 2017, sia per coloro che hanno sostenuto le due parti separatamente che per gli studenti che hanno sostenuto l&#8217;intero esame. Si conferma che orale+registrazione si terranno Gioved\u00ec 6 Luglio, h 15, presso un aula che sar\u00e0 specificata dal Plesso di San Francesco. Chi non potr\u00e0 essere presente dovr\u00e0 inviare un delegato con documento di riconoscimento (del delegato) e delega firmata.<\/div>\n<div><\/div>\n<div><a href=\"https:\/\/docenti-deps.unisi.it\/nicoladimitri\/wp-content\/uploads\/sites\/13\/2017\/06\/Macrovalutazionifinali26062017.xlsx\">Macrovalutazionifinali26062017<\/a><\/div>\n<p>&nbsp;<\/p>\n<div>(7 Luglio 2017)<\/div>\n<div><\/div>\n<div>Nella giornata di oggi sono stati registrati i voti finali conseguti dopo la seconda prova intermedia ed il primo appello del 26 Giugno 2017. Si sollecitano gli studenti che non dovessero visualizzare la votazione nella loro carriera a verificare se i) hanno compilato questionario didattica ii) hanno pagato le tasse iii) sono formalmente iscritti al corso<\/div>\n<div>Se, dopo aver verificato (i)-(iii) vi fossero problemi fatemi sapere per email a dimitri@unisi.it<\/div>\n<div><\/div>\n<div>\n<div>(22 Luglio 2017) Nel link qui sotto si comunicano le votazioni finali, dopo il test del 17 Luglio 2017, sia per coloro che hanno sostenuto le due parti separatamente che per gli studenti che hanno sostenuto l&#8217;intero esame. Si conferma che orale+registrazione si terranno Luned\u00ec 24 Luglio, h 15, presso l&#8217;aula Caparrelli . Chi non potr\u00e0 essere presente dovr\u00e0 inviare un delegato con documento di riconoscimento (del delegato) e delega firmata.<\/div>\n<\/div>\n<div><\/div>\n<div><a href=\"https:\/\/docenti-deps.unisi.it\/nicoladimitri\/wp-content\/uploads\/sites\/13\/2017\/07\/MacroeconomiaFinaledopotest17072017.pdf\">MacroeconomiaFinaledopotest17072017<\/a><\/div>\n<p>&nbsp;<\/p>\n<div>\n<div>(24 Settembre 2017) Qui sotto si comunicano le votazioni finali, dopo il test del 22 Settembre 2017, sia per coloro che hanno sostenuto le due parti separatamente che per gli studenti che hanno sostenuto l&#8217;intero esame. Si conferma che orale+registrazione si terranno Luned\u00ec 25 Luglio, h 10.30 (invece che h10 come annunciato inizialmente), presso l&#8217;aula 8. Chi non potr\u00e0 essere presente dovr\u00e0 inviare un delegato con documento di riconoscimento (del delegato) e delega firmata.<\/div>\n<\/div>\n<div>\u00a0Matricola\u00a0 \u00a0 \u00a0 \u00a0Votazione<\/div>\n<div>47539\u00a0 \u00a0 \u00a0 \u00a0 \u00a0 \u00a0 \u00a0 \u00a0 \u00a0ins<\/div>\n<div>48445\u00a0 \u00a0 \u00a0 \u00a0 \u00a0 \u00a0 \u00a0 \u00a0 \u00a022<\/div>\n<div>54692\u00a0 \u00a0 \u00a0 \u00a0 \u00a0 \u00a0 \u00a0 \u00a0 \u00a0 20<\/div>\n<div>54885\u00a0 \u00a0 \u00a0 \u00a0 \u00a0 \u00a0 \u00a0 \u00a0 \u00a0 ins<\/div>\n<div>55616\u00a0 \u00a0 \u00a0 \u00a0 \u00a0 \u00a0 \u00a0 \u00a0 \u00a0 27<\/div>\n<div>56449\u00a0 \u00a0 \u00a0 \u00a0 \u00a0 \u00a0 \u00a0 \u00a0 \u00a025<\/div>\n<div>60032\u00a0 \u00a0 \u00a0 \u00a0 \u00a0 \u00a0 \u00a0 \u00a0 \u00a0 30 lode<\/div>\n<div>61881\u00a0 \u00a0 \u00a0 \u00a0 \u00a0 \u00a0 \u00a0 \u00a0 \u00a0 24<\/div>\n<div>62248\u00a0 \u00a0 \u00a0 \u00a0 \u00a0 \u00a0 \u00a0 \u00a0 \u00a030<\/div>\n<div>62340\u00a0 \u00a0 \u00a0 \u00a0 \u00a0 \u00a0 \u00a0 \u00a0 \u00a0 24<\/div>\n<div>62842\u00a0 \u00a0 \u00a0 \u00a0 \u00a0 \u00a0 \u00a0 \u00a0 \u00a0 20<\/div>\n<div>63335\u00a0 \u00a0 \u00a0 \u00a0 \u00a0 \u00a0 \u00a0 \u00a0 \u00a024<\/div>\n","protected":false},"excerpt":{"rendered":"<p>&nbsp; Per la preparazione al test del 3 Giugno e seguenti, prima del 3 Giugno potranno circolare altri esercizi su cui lavorare. Gli studenti sono quindi invitati a consultare il set web con regolarit\u00e0. Macro2016Simulazione2parte (16 Maggio 2016) Poich\u00e8 le votazioni della prima prova intermedia sono stato pubblicate sul sito web, per il sistema risulterete &hellip; <a href=\"https:\/\/docenti-deps.unisi.it\/nicoladimitri\/macroeconomia-25-49\/\" class=\"more-link\">Leggi tutto<span class=\"screen-reader-text\"> &#8220;Macroeconomia (25-49)&#8221;<\/span><\/a><\/p>\n","protected":false},"author":9,"featured_media":0,"parent":0,"menu_order":0,"comment_status":"closed","ping_status":"closed","template":"","meta":{"footnotes":""},"class_list":["post-790","page","type-page","status-publish","hentry"],"_links":{"self":[{"href":"https:\/\/docenti-deps.unisi.it\/nicoladimitri\/wp-json\/wp\/v2\/pages\/790","targetHints":{"allow":["GET"]}}],"collection":[{"href":"https:\/\/docenti-deps.unisi.it\/nicoladimitri\/wp-json\/wp\/v2\/pages"}],"about":[{"href":"https:\/\/docenti-deps.unisi.it\/nicoladimitri\/wp-json\/wp\/v2\/types\/page"}],"author":[{"embeddable":true,"href":"https:\/\/docenti-deps.unisi.it\/nicoladimitri\/wp-json\/wp\/v2\/users\/9"}],"replies":[{"embeddable":true,"href":"https:\/\/docenti-deps.unisi.it\/nicoladimitri\/wp-json\/wp\/v2\/comments?post=790"}],"version-history":[{"count":62,"href":"https:\/\/docenti-deps.unisi.it\/nicoladimitri\/wp-json\/wp\/v2\/pages\/790\/revisions"}],"predecessor-version":[{"id":1319,"href":"https:\/\/docenti-deps.unisi.it\/nicoladimitri\/wp-json\/wp\/v2\/pages\/790\/revisions\/1319"}],"wp:attachment":[{"href":"https:\/\/docenti-deps.unisi.it\/nicoladimitri\/wp-json\/wp\/v2\/media?parent=790"}],"curies":[{"name":"wp","href":"https:\/\/api.w.org\/{rel}","templated":true}]}}