{"id":10,"date":"2014-08-26T23:34:19","date_gmt":"2014-08-26T21:34:19","guid":{"rendered":"http:\/\/michelangelovasta.wordpress.com\/?page_id=5"},"modified":"2025-09-13T11:20:04","modified_gmt":"2025-09-13T09:20:04","slug":"pubblications","status":"publish","type":"page","link":"https:\/\/docenti-deps.unisi.it\/riccardopariboni\/pubblications\/","title":{"rendered":"Pubblicazioni"},"content":{"rendered":"<p><strong>ARTICOLI<\/strong><\/p>\n<p>Pariboni, R. and Paternesi Meloni, W. (2025). What lies behind export-led growth? An inquiry into the role of price and non-price competitiveness, <em>Review of Keynesian Economics<\/em>, <strong>13<\/strong> (3), 377-403.<\/p>\n<p>Barbieri G\u00f3es, M. C., Deju\u00e1n Asenjo, \u00d3., Pariboni R. and Summa, R. (2024). Introduction to the Symposium on: The Supermultiplier and Endogenous Money, <em>Review of Political Economy<\/em>, <strong>36<\/strong> (5), 1717-1721.<\/p>\n<p>Morlin. G. S. and Pariboni, R. (2024). Demand-led growth under political constraints: a long-run model of conflict inflation, <em>Review of Keynesian Economics<\/em>, <strong>12<\/strong> (4), 475-498.<\/p>\n<p>Morlin. G. S., Passos, N. and Pariboni, R. (2024). Growth Theory and the Growth Model Perspective: Insights from the Supermultiplier, <em>Review of Political Economy<\/em>, <strong>36<\/strong> (3), 1153-1178.<\/p>\n<p>Carnevali, E., Deleidi, M., Pariboni, R. and Veronese Passarella, M. (2024). Economy-Finance-Environment-Society Interconnections In a Stock-Flow Consistent Dynamic Model, <em>Review of Political Economy<\/em>, <strong>36<\/strong> (2), 844-878.<\/p>\n<p>Deleidi, M., Gahn, S. J. and Pariboni, R. (2024). Activity Levels and the Flexibility of the Degree of Capacity Utilisation in the US, <em>Review of Political Economy<\/em>, <strong>36<\/strong> (1), 178-201.<\/p>\n<p>P\u00e9rez-Montiel, J. A., Sans\u00f3, A., Ozcelebi, O. and Pariboni, R. (2023). Autonomous and induced demand in the United States: a long-run perspective, <em>Journal of Evolutionary Economics<\/em>, <strong>33<\/strong> (4), 1237-1257.<\/p>\n<p>Fontanari, C. and Pariboni, R. (2022). Potential output measurement and structural unemployment (NAWRU) in the context of the European Union, <em>Bulletin of Political Economy<\/em>, <strong>16<\/strong> (1), 57-69.<\/p>\n<p>Di Bucchianico, S. and Pariboni, R. (2022). Garegnani, dieci anni dopo: introduzione al numero speciale, <em>Moneta e Credito<\/em>, <strong>75<\/strong> (299), 227-231.<\/p>\n<p>Cesaratto, S. and Pariboni, R. (2022). The relation between Keynesian monetary theory and demand-led growth: a Sraffian exploration, <em>Review of Keynesian Economics<\/em>, <strong>10<\/strong> (3), 291-315.<\/p>\n<p>P\u00e9rez-Montiel, J. A. and Pariboni, R. (2022). Housing is NOT ONLY the Business Cycle: A Luxemburg-Kalecki External Market Empirical Investigation for the United States, <em>Review of Political Economy<\/em>, <strong>34<\/strong> (1), 1-22.<\/p>\n<p>Carnevali, E., Deleidi, M., Pariboni, R. and Veronese Passarella, M. (2021). Cross-Border Financial Flows and Global Warming in a Two-Area Ecological SFC Model, <em>Socio-Economic Planning Sciences<\/em>, <strong>75<\/strong> (article 100819).<\/p>\n<p>Pariboni, R. and Tridico. P. (2020). Structural change, institutions, and the dynamics of labor productivity in Europe, <em>Journal of Evolutionary Economics<\/em>, <strong>30<\/strong> (5), 1275-1300.<\/p>\n<p>Girardi, D. and Pariboni, R. (2020). Autonomous demand and the investment share, <em>Review of Keynesian Economics<\/em>, <strong>8<\/strong> (3), 428-453.<\/p>\n<p>Pariboni, R., Paternesi Meloni, W. and Tridico, P. (2020). When Melius Abundare Is No Longer True: Excessive Financialization and Inequality as Drivers of Stagnation, <em>Review of Political Economy<\/em>, <strong>32<\/strong> (2), 216-242.<\/p>\n<p>Pariboni, R. and Tridico, P. (2019). Labour share decline, financialisation and structural change, <em>Cambridge Journal of Economics<\/em>, <strong>43<\/strong> (4), 1073-1102.<\/p>\n<p>Girardi, D. and Pariboni, R. (2019). Normal utilization as the adjusting variable in Neo-Kaleckian growth models: a critique, <em>Metroeconomica<\/em>, <strong>70<\/strong> (2), 341-358.<\/p>\n<p>Tridico, P. and Pariboni, R. (2018). Inequality, financialisation and economic decline, <em>Journal of Post Keynesian Economics<\/em>, <strong>41<\/strong> (2), 236-259.<\/p>\n<p>Pariboni, R. (2018). Book review: Inequality in financial capitalism, <em>Review of Keynesian Economics<\/em>, <strong>6<\/strong> (2), 282-284.<\/p>\n<p>Pariboni, R. and Tridico, P. (2018). Produttivit\u00e0, cambiamento strutturale e riforme sbagliate, <em>Economia e Politica<\/em>, <a href=\"https:\/\/www.economiaepolitica.it\/industria-e-mercati\/produttivita-cambiamento-strutturale-e-riforme-sbagliate\/\">https:\/\/www.economiaepolitica.it\/industria-e-mercati\/produttivita-cambiamento-strutturale-e-riforme-sbagliate\/<\/a>.<\/p>\n<p>Pariboni, R. (2016). Household consumer debt, endogenous money and growth: a Supermultiplier-based analysis, <em>PSL Quarterly Review<\/em>, <strong>69<\/strong> (278), 211-233.<\/p>\n<p>Pariboni, R. (2016). Autonomous demand and the Marglin-Bhaduri model: a critical note, <em>Review of Keynesian Economics<\/em>, <strong>4<\/strong> (4), 409-428. \u200b<\/p>\n<p>Girardi, D. and Pariboni, R. (2016). Long-run effective demand in the US economy: an empirical test of the Sraffian supermultiplier model, <em>Review of Political Economy<\/em>, <strong>28<\/strong> (4), 523-544.<\/p>\n<p>Girardi, D. and Pariboni, R. (2015). Domanda autonoma, crescita ed investimenti, <em>Economia e Politica<\/em>, <a href=\"https:\/\/www.economiaepolitica.it\/politiche-economiche\/domanda-autonoma-crescita-ed-investimenti\/\">https:\/\/www.economiaepolitica.it\/politiche-economiche\/domanda-autonoma-crescita-ed-investimenti\/<\/a>.<\/p>\n<p>&nbsp;<\/p>\n<p><strong>Capitoli di libro<br \/>\n<\/strong><\/p>\n<p>Pariboni, R. (2025). Classical Political Economy, in Jacobsen. J. (ed.), <em>Sage Business Foundations: Economics<\/em>, Washington: Sage Publications.<\/p>\n<p>Fontanari, C. and Pariboni, R. (2023). La misura del prodotto potenziale nel contesto dell&#8217;Unione Europea e la disoccupazione strutturale (NAWRU), in Levrero, E. S., Pariboni, R. and Romaniello, D. (eds.), <em>Rapporto Astril 2022. Mercato del lavoro, contrattazione e salari in Italia: 1990-2021<\/em>, Roma: Roma Tre Press, pp. 57-68.<\/p>\n<p>Paternesi Meloni, W. and Pariboni, R. (2023). L&#8217;andamento dei salari e della quota dei salari nel reddito nazionale, in Levrero, E. S., Pariboni, R. and Romaniello, D. (eds.), <em>Rapporto Astril 2022. Mercato del lavoro, contrattazione e salari in Italia: 1990-2021<\/em>, Roma: Roma Tre Press, pp. 131-158.<\/p>\n<p>Carnevali, E., Deleidi, M., Pariboni, R. and Veronese Passarella, M. (2019). SFC Dynamic Models: Features, Limitations and Developments, in Arestis, P. and Sawyer, M. (eds.), <em>Frontiers of Heterodox Economics<\/em>, New York: Palgrave Macmillan, pp. 223-276.<\/p>\n<p>Tridico, P. and Pariboni, R. (2018). Theoretical and Empirical Analyses of the Rise of Income Inequality in Rich Countries, in Arestis, P. and Sawyer, M. (eds.), <em>Inequality Trends, Causes, Consequences, Relevant Policies<\/em>, New York: Palgrave Macmillan, 139-186.<\/p>\n<p>Girardi, D. and Pariboni, R. (2017). Effective demand and long-run growth: Evidence from five major capitalist economies, in Cooney et al. (eds.), <em>Imperiled Economies 2018: An URPE Reader<\/em>, Boston: Dollars &amp; Sense, pp. 31-42.<\/p>\n<p>Pariboni, R. (2017). Income inequality, household debt and growth, in Fadda, S. and Tridico, P. (eds.), <em>Inequality and uneven development in the post-crisis world<\/em>, London: Routledge, pp. 38-55.<\/p>\n<p>&nbsp;<\/p>\n<p><strong>Curatele di volumi collettanei<\/strong><\/p>\n<p>Levrero, E. S., Pariboni, R. and Romaniello, D. (eds.) (2023). <em>Rapporto Astril 2022. Mercato del lavoro, contrattazione e salari in Italia: 1990-2021<\/em>, Roma: Roma Tre Press.<\/p>\n<p>&nbsp;<\/p>\n<p><strong>Rapporti istituzionali<br \/>\n<\/strong><\/p>\n<p><em>XVIII Rapporto Annuale INPS<\/em> (2019), contributo alla scrittura della Parte III.<\/p>\n<p>&nbsp;<\/p>\n<p><strong>Working Paper<\/strong><\/p>\n<p>Morlin, G. S. and Pariboni, R. (2023). Conflict inflation and autonomous demand: a supermultiplier model with endogenous distribution, DEPS Working Paper no. 902, https:\/\/www.deps.unisi.it\/it\/ricerca\/pubblicazioni-deps\/quaderni-deps\/anno-2023-da-n894-n\/902-conflict-inflation-and-autonomous.<\/p>\n<p>Pariboni, R. and Paternesi Meloni, W. (2022). Salari, distribuzione e costo del lavoro: un&#8217;analisi aggregata, settoriale e di genere del caso italiano nel contesto europeo, ASTRIL Working Paper 60, <a href=\"https:\/\/host.uniroma3.it\/associazioni\/astril\/pubblicazioni_files.aspx?id=90\">https:\/\/host.uniroma3.it\/associazioni\/astril\/pubblicazioni_files.aspx?id=90<\/a>.<\/p>\n<p>Pariboni, R. and Paternesi Meloni, W. (2022). Exporting differently? The political economy of alternative export-led strategies, FMM Working Paper 80, <a href=\"https:\/\/www.boeckler.de\/en\/faust-detail.htm?sync_id=HBS-008391\">https:\/\/www.boeckler.de\/en\/faust-detail.htm?sync_id=HBS-008391<\/a>.<\/p>\n<p>Cesaratto, S. and Pariboni, R. (2021). Keynes\u2019s finance, the monetary and demand-led circuits: a Sraffian assessment, DEPS Working Paper no. 851, <a href=\"https:\/\/www.deps.unisi.it\/it\/ricerca\/pubblicazioni-deps\/quaderni-deps\/anno-2021-da-n849-n\/851-keyness-finance-monetary-and-demand\">https:\/\/www.deps.unisi.it\/it\/ricerca\/pubblicazioni-deps\/quaderni-deps\/anno-2021-da-n849-n\/851-keyness-finance-monetary-and-demand<\/a>.<\/p>\n<p>Deleidi, M., Pariboni, R. and Veronese Passarella, M. (2019). Supermultiplier, innovation and the ecosystem: A stock-flow dynamic model, UCL Institute for Innovation and Public Purpose, Working Paper 2019-01, <a href=\"https:\/\/www.ucl.ac.uk\/bartlett\/public-purpose\/sites\/public-purpose\/files\/iipp-wp-2019-01_supermultiplier.pdf\">https:\/\/www.ucl.ac.uk\/bartlett\/public-purpose\/sites\/public-purpose\/files\/iipp-wp-2019-01_supermultiplier.pdf<\/a>.<\/p>\n<p>Carnevali, E., Deleidi, M., Pariboni, R. and Veronese Passarella (2019). Cross-Border Financial Effects of Global Warming, Umass, Department of Economics, Working Paper 2019-02, <a href=\"https:\/\/www.umass.edu\/economics\/publications\/2019-02.pdf\">https:\/\/www.umass.edu\/economics\/publications\/2019-02.pdf<\/a>.<\/p>\n<p>Pariboni, R. and Girardi, D. (2018). A(nother) Note on the Inconsistency of Neo-Kaleckian Growth Models, Centro Sraffa Working Paper 31, <a href=\"http:\/\/www.centrosraffa.org\/public\/fb9ddfd4-fd9d-4e03-be3c-8a15431c0f71.pdf\">http:\/\/www.centrosraffa.org\/public\/fb9ddfd4-fd9d-4e03-be3c-8a15431c0f71.pdf<\/a>.<\/p>\n<p>Girardi, D. and Pariboni, R. (2018). Normal utilization as the adjusting variable in Neo-Kaleckian growth models: a critique, Umass, Department of Economics, Working Paper 2018-11, <a href=\"https:\/\/www.umass.edu\/economics\/publications\/2018-11.pdf\">https:\/\/www.umass.edu\/economics\/publications\/2018-11.pdf<\/a>.<\/p>\n<p>Girardi, D. and Pariboni, R. (2018). Autonomous demand and the investment share, Umass, Department of Economics, Working Paper 2018-18, <a href=\"https:\/\/www.umass.edu\/economics\/publications\/2018-18.pdf\">https:\/\/www.umass.edu\/economics\/publications\/2018-18.pdf<\/a>.<\/p>\n<p>Pariboni, R. and Tridico, P. (2017). Structural Change, Aggregate Demand and The Decline of Labour Productivity: A Comparative Perspective, Dipartimento di Economia Roma Tre, Working Paper 221, <a href=\"http:\/\/dipeco.uniroma3.it\/db\/docs\/WP%20221.pdf\">http:\/\/dipeco.uniroma3.it\/db\/docs\/WP%20221.pdf<\/a>.<\/p>\n<p>Tridico, P. and Pariboni, R. (2016). Inequality, financialisation and economic decline, Dipartimento di Economia Roma Tre, Working Paper 211, <a href=\"http:\/\/dipeco.uniroma3.it\/db\/docs\/WP%20211.pdf\">http:\/\/dipeco.uniroma3.it\/db\/docs\/WP%20211.pdf<\/a>\u200b\u200b.<\/p>\n<p>Girardi, D. and Pariboni, R. (2015). Autonomous demand and economic growth: some empirical evidence, Deps Working Paper no. 714, <a href=\"http:\/\/www.deps.unisi.it\/it\/ricerca\/pubblicazioni-deps\/quaderni-deps\/anno-2015-da-n704-n\/714-autonomous-demand-and-economic\">http:\/\/www.deps.unisi.it\/it\/ricerca\/pubblicazioni-deps\/quaderni-deps\/anno-2015-da-n704-n\/714-autonomous-demand-and-economic<\/a>.<\/p>\n<p>Pariboni, R. (2015). Autonomous demand and the Marglin-Bhaduri model: a critical note, DEPS Working Paper no. 715, <a href=\"http:\/\/www.deps.unisi.it\/it\/ricerca\/pubblicazioni-deps\/quaderni-deps\/anno-2015-da-n704-n\/715-autonomous-demand-and-marglin\">http:\/\/www.deps.unisi.it\/it\/ricerca\/pubblicazioni-deps\/quaderni-deps\/anno-2015-da-n704-n\/715-autonomous-demand-and-marglin<\/a>.<\/p>\n<p>Girardi, D. and Pariboni, R. (2015). Autonomous demand and economic growth: some empirical evidence [updated version], Centro Sraffa Working Paper 13, <a href=\"http:\/\/www.centrosraffa.org\/cswp_details.aspx?id=14\">http:\/\/www.centrosraffa.org\/cswp_details.aspx?id=14<\/a>.<\/p>\n<p>&nbsp;<\/p>\n<h3><span style=\"color: #ff0000\">\u00a0<\/span><\/h3>\n","protected":false},"excerpt":{"rendered":"<p>ARTICOLI Pariboni, R. and Paternesi Meloni, W. (2025). What lies behind export-led growth? An inquiry into the role of price and non-price competitiveness, Review of Keynesian Economics, 13 (3), 377-403. Barbieri G\u00f3es, M. C., Deju\u00e1n Asenjo, \u00d3., Pariboni R. and Summa, R. (2024). Introduction to the Symposium on: The Supermultiplier and Endogenous Money, Review of &hellip; <a href=\"https:\/\/docenti-deps.unisi.it\/riccardopariboni\/pubblications\/\" class=\"more-link\">Leggi tutto<span class=\"screen-reader-text\"> &#8220;Pubblicazioni&#8221;<\/span><\/a><\/p>\n","protected":false},"author":9,"featured_media":0,"parent":0,"menu_order":0,"comment_status":"closed","ping_status":"closed","template":"","meta":{"footnotes":""},"class_list":["post-10","page","type-page","status-publish","hentry"],"_links":{"self":[{"href":"https:\/\/docenti-deps.unisi.it\/riccardopariboni\/wp-json\/wp\/v2\/pages\/10","targetHints":{"allow":["GET"]}}],"collection":[{"href":"https:\/\/docenti-deps.unisi.it\/riccardopariboni\/wp-json\/wp\/v2\/pages"}],"about":[{"href":"https:\/\/docenti-deps.unisi.it\/riccardopariboni\/wp-json\/wp\/v2\/types\/page"}],"author":[{"embeddable":true,"href":"https:\/\/docenti-deps.unisi.it\/riccardopariboni\/wp-json\/wp\/v2\/users\/9"}],"replies":[{"embeddable":true,"href":"https:\/\/docenti-deps.unisi.it\/riccardopariboni\/wp-json\/wp\/v2\/comments?post=10"}],"version-history":[{"count":42,"href":"https:\/\/docenti-deps.unisi.it\/riccardopariboni\/wp-json\/wp\/v2\/pages\/10\/revisions"}],"predecessor-version":[{"id":1282,"href":"https:\/\/docenti-deps.unisi.it\/riccardopariboni\/wp-json\/wp\/v2\/pages\/10\/revisions\/1282"}],"wp:attachment":[{"href":"https:\/\/docenti-deps.unisi.it\/riccardopariboni\/wp-json\/wp\/v2\/media?parent=10"}],"curies":[{"name":"wp","href":"https:\/\/api.w.org\/{rel}","templated":true}]}}