{"id":1047,"date":"2022-07-13T15:38:09","date_gmt":"2022-07-13T13:38:09","guid":{"rendered":"https:\/\/docenti-deps.unisi.it\/riccardopariboni\/?page_id=1047"},"modified":"2022-10-25T17:54:46","modified_gmt":"2022-10-25T15:54:46","slug":"economia-internazionale-2","status":"publish","type":"page","link":"https:\/\/docenti-deps.unisi.it\/riccardopariboni\/economia-internazionale-2\/","title":{"rendered":"Economia Internazionale"},"content":{"rendered":"<p><strong>Orario delle lezioni:<\/strong><\/p>\n<p>Mercoled\u00ec 18.00-19.30, Aula 9<\/p>\n<p>Gioved\u00ec 8.30-10.00, Aula 8<\/p>\n<p>Venerd\u00ec 10.00-12.00, Aula 9<\/p>\n<p><a href=\"https:\/\/docenti-deps.unisi.it\/riccardopariboni\/wp-content\/uploads\/sites\/58\/2022\/10\/Programma-Economia-Internazionale-2022-23.pdf\">Programma Economia Internazionale 2022-23<\/a><\/p>\n<p>&nbsp;<\/p>\n","protected":false},"excerpt":{"rendered":"<p>Orario delle lezioni: Mercoled\u00ec 18.00-19.30, Aula 9 Gioved\u00ec 8.30-10.00, Aula 8 Venerd\u00ec 10.00-12.00, Aula 9 Programma Economia Internazionale 2022-23 &nbsp;<\/p>\n","protected":false},"author":8,"featured_media":0,"parent":0,"menu_order":0,"comment_status":"closed","ping_status":"closed","template":"","meta":{"footnotes":""},"class_list":["post-1047","page","type-page","status-publish","hentry"],"_links":{"self":[{"href":"https:\/\/docenti-deps.unisi.it\/riccardopariboni\/wp-json\/wp\/v2\/pages\/1047","targetHints":{"allow":["GET"]}}],"collection":[{"href":"https:\/\/docenti-deps.unisi.it\/riccardopariboni\/wp-json\/wp\/v2\/pages"}],"about":[{"href":"https:\/\/docenti-deps.unisi.it\/riccardopariboni\/wp-json\/wp\/v2\/types\/page"}],"author":[{"embeddable":true,"href":"https:\/\/docenti-deps.unisi.it\/riccardopariboni\/wp-json\/wp\/v2\/users\/8"}],"replies":[{"embeddable":true,"href":"https:\/\/docenti-deps.unisi.it\/riccardopariboni\/wp-json\/wp\/v2\/comments?post=1047"}],"version-history":[{"count":6,"href":"https:\/\/docenti-deps.unisi.it\/riccardopariboni\/wp-json\/wp\/v2\/pages\/1047\/revisions"}],"predecessor-version":[{"id":1094,"href":"https:\/\/docenti-deps.unisi.it\/riccardopariboni\/wp-json\/wp\/v2\/pages\/1047\/revisions\/1094"}],"wp:attachment":[{"href":"https:\/\/docenti-deps.unisi.it\/riccardopariboni\/wp-json\/wp\/v2\/media?parent=1047"}],"curies":[{"name":"wp","href":"https:\/\/api.w.org\/{rel}","templated":true}]}}