{"id":1157,"date":"2023-08-09T11:03:55","date_gmt":"2023-08-09T09:03:55","guid":{"rendered":"https:\/\/docenti-deps.unisi.it\/riccardopariboni\/?page_id=1157"},"modified":"2023-10-05T10:58:42","modified_gmt":"2023-10-05T08:58:42","slug":"economia-internazionale-3","status":"publish","type":"page","link":"https:\/\/docenti-deps.unisi.it\/riccardopariboni\/economia-internazionale-3\/","title":{"rendered":"Economia Internazionale"},"content":{"rendered":"<h3 style=\"text-align: center\">Avviso Importante<\/h3>\n<p>La prova intermedia di Economia Internazionale, che verter\u00e0 sulla mia parte di programma, si terr\u00e0 il 2 novembre alle 0re 8.30, in <strong><span style=\"color: #3366ff\">Aula Caparrelli A<\/span><\/strong><\/p>\n<p>&nbsp;<\/p>\n<p><strong>Orario delle lezioni:<\/strong><\/p>\n<p>Mercoled\u00ec 18.00-19.30, Aula 9<\/p>\n<p>Gioved\u00ec 8.30-10.00, Aula 8<\/p>\n<p>Venerd\u00ec 10.00-12.00, Aula 9<\/p>\n<p>&nbsp;<\/p>\n<p><a href=\"https:\/\/docenti-deps.unisi.it\/riccardopariboni\/wp-content\/uploads\/sites\/58\/2023\/08\/Programma-Economia-Internazionale-2023-24.pdf\">Programma Economia Internazionale 2023-24<\/a><\/p>\n<p>&nbsp;<\/p>\n","protected":false},"excerpt":{"rendered":"<p>Avviso Importante La prova intermedia di Economia Internazionale, che verter\u00e0 sulla mia parte di programma, si terr\u00e0 il 2 novembre alle 0re 8.30, in Aula Caparrelli A &nbsp; Orario delle lezioni: Mercoled\u00ec 18.00-19.30, Aula 9 Gioved\u00ec 8.30-10.00, Aula 8 Venerd\u00ec 10.00-12.00, Aula 9 &nbsp; Programma Economia Internazionale 2023-24 &nbsp;<\/p>\n","protected":false},"author":8,"featured_media":0,"parent":0,"menu_order":0,"comment_status":"closed","ping_status":"closed","template":"","meta":{"footnotes":""},"class_list":["post-1157","page","type-page","status-publish","hentry"],"_links":{"self":[{"href":"https:\/\/docenti-deps.unisi.it\/riccardopariboni\/wp-json\/wp\/v2\/pages\/1157","targetHints":{"allow":["GET"]}}],"collection":[{"href":"https:\/\/docenti-deps.unisi.it\/riccardopariboni\/wp-json\/wp\/v2\/pages"}],"about":[{"href":"https:\/\/docenti-deps.unisi.it\/riccardopariboni\/wp-json\/wp\/v2\/types\/page"}],"author":[{"embeddable":true,"href":"https:\/\/docenti-deps.unisi.it\/riccardopariboni\/wp-json\/wp\/v2\/users\/8"}],"replies":[{"embeddable":true,"href":"https:\/\/docenti-deps.unisi.it\/riccardopariboni\/wp-json\/wp\/v2\/comments?post=1157"}],"version-history":[{"count":6,"href":"https:\/\/docenti-deps.unisi.it\/riccardopariboni\/wp-json\/wp\/v2\/pages\/1157\/revisions"}],"predecessor-version":[{"id":1173,"href":"https:\/\/docenti-deps.unisi.it\/riccardopariboni\/wp-json\/wp\/v2\/pages\/1157\/revisions\/1173"}],"wp:attachment":[{"href":"https:\/\/docenti-deps.unisi.it\/riccardopariboni\/wp-json\/wp\/v2\/media?parent=1157"}],"curies":[{"name":"wp","href":"https:\/\/api.w.org\/{rel}","templated":true}]}}