{"id":966,"date":"2020-09-14T10:50:50","date_gmt":"2020-09-14T08:50:50","guid":{"rendered":"https:\/\/docenti-deps.unisi.it\/riccardopariboni\/?page_id=966"},"modified":"2020-09-22T12:27:30","modified_gmt":"2020-09-22T10:27:30","slug":"economia-internazionale","status":"publish","type":"page","link":"https:\/\/docenti-deps.unisi.it\/riccardopariboni\/economia-internazionale\/","title":{"rendered":"Economia Internazionale"},"content":{"rendered":"<p>Orario delle lezioni:<\/p>\n<p>luned\u00ec 17.00-19.00, Aule 2 e 8<\/p>\n<p>marted\u00ec 17.00-19.00, Aule 2 e CIFE 2<\/p>\n<p>mercoled\u00ec 15.00-17.00, Aule 11 e 1o<\/p>\n<p>n.b. far\u00f2 lezione nella <strong>prima<\/strong> delle due aule indicate, la lezione verr\u00e0 trasmessa in diretta nell&#8217;altra (teledidattica interna)<\/p>\n<p>per collegarsi alla diretta delle lezioni, il link \u00e8 https:\/\/meet.google.com\/gvt-ffrc-xue<\/p>\n<p>la registrazione delle lezioni e il materiale didattico (dispense e slides) saranno disponibili alla pagina moodle del corso<\/p>\n<p><a href=\"https:\/\/docenti-deps.unisi.it\/riccardopariboni\/wp-content\/uploads\/sites\/58\/2020\/09\/Programma-di-EI-2020-21-Riccardo-Pariboni.pdf\">Programma <\/a><\/p>\n<p>&nbsp;<\/p>\n","protected":false},"excerpt":{"rendered":"<p>Orario delle lezioni: luned\u00ec 17.00-19.00, Aule 2 e 8 marted\u00ec 17.00-19.00, Aule 2 e CIFE 2 mercoled\u00ec 15.00-17.00, Aule 11 e 1o n.b. far\u00f2 lezione nella prima delle due aule indicate, la lezione verr\u00e0 trasmessa in diretta nell&#8217;altra (teledidattica interna) per collegarsi alla diretta delle lezioni, il link \u00e8 https:\/\/meet.google.com\/gvt-ffrc-xue la registrazione delle lezioni e &hellip; <a href=\"https:\/\/docenti-deps.unisi.it\/riccardopariboni\/economia-internazionale\/\" class=\"more-link\">Leggi tutto<span class=\"screen-reader-text\"> &#8220;Economia Internazionale&#8221;<\/span><\/a><\/p>\n","protected":false},"author":8,"featured_media":0,"parent":0,"menu_order":0,"comment_status":"closed","ping_status":"closed","template":"","meta":{"footnotes":""},"class_list":["post-966","page","type-page","status-publish","hentry"],"_links":{"self":[{"href":"https:\/\/docenti-deps.unisi.it\/riccardopariboni\/wp-json\/wp\/v2\/pages\/966","targetHints":{"allow":["GET"]}}],"collection":[{"href":"https:\/\/docenti-deps.unisi.it\/riccardopariboni\/wp-json\/wp\/v2\/pages"}],"about":[{"href":"https:\/\/docenti-deps.unisi.it\/riccardopariboni\/wp-json\/wp\/v2\/types\/page"}],"author":[{"embeddable":true,"href":"https:\/\/docenti-deps.unisi.it\/riccardopariboni\/wp-json\/wp\/v2\/users\/8"}],"replies":[{"embeddable":true,"href":"https:\/\/docenti-deps.unisi.it\/riccardopariboni\/wp-json\/wp\/v2\/comments?post=966"}],"version-history":[{"count":9,"href":"https:\/\/docenti-deps.unisi.it\/riccardopariboni\/wp-json\/wp\/v2\/pages\/966\/revisions"}],"predecessor-version":[{"id":991,"href":"https:\/\/docenti-deps.unisi.it\/riccardopariboni\/wp-json\/wp\/v2\/pages\/966\/revisions\/991"}],"wp:attachment":[{"href":"https:\/\/docenti-deps.unisi.it\/riccardopariboni\/wp-json\/wp\/v2\/media?parent=966"}],"curies":[{"name":"wp","href":"https:\/\/api.w.org\/{rel}","templated":true}]}}