{"id":10,"date":"2014-08-26T23:34:19","date_gmt":"2014-08-26T21:34:19","guid":{"rendered":"http:\/\/michelangelovasta.wordpress.com\/?page_id=5"},"modified":"2025-07-28T12:29:37","modified_gmt":"2025-07-28T10:29:37","slug":"pubblications","status":"publish","type":"page","link":"https:\/\/docenti-deps.unisi.it\/salvatorebimonte\/pubblications\/","title":{"rendered":"Pubblicazioni"},"content":{"rendered":"<p><strong>Pubblicazioni su riviste CLASSE A AREA 13<\/strong><\/p>\n<ol>\n<li>Belloc, F. and Bimonte, S. (2025), Environmental regulation and pollution abatement under incremental innovation, <em>Structural Change and Economic Dynamics<\/em>, 75 (2025) 1\u20138 (online), <a href=\"https:\/\/kwnsfk27.r.eu-west-1.awstrack.me\/L0\/https:%2F%2Fdoi.org%2F10.1016%2Fj.strueco.2025.04.009\/1\/01020196b6509bde-7e3f3c7d-1cd2-427c-bc09-3caee02fe933-000000\/XdWHR7RfG-PEoB117Y5esnHPuGo=425\">https:\/\/doi.org\/10.1016\/j.strueco.2025.04.009<\/a><\/li>\n<li>Bimonte, S. and Stabile, A. (2024), Protected Areas and the Environmental Kuznets Curve in European countries, <em>Forest Policy and Economics<\/em>, 161, 1-9, 10.1016\/j.forpol.2024.103186<\/li>\n<li>Bimonte, S. (2023), Social scarcity and tourist&#8217;s life satisfaction: An empirical and theoretical analysis, <em>Journal of Tourism Research<\/em>, DOI: 10.1002\/jtr.2585<\/li>\n<li>Bimonte S, D\u2019Agostino A. (2021), Tourism development and residents\u2019 well-being: Comparing two seaside destinations in Italy. <em>Tourism Economics<\/em>. 27(7): 1508-1525. doi:<a href=\"https:\/\/doi.org\/10.1177\/1354816620916962\">1177\/1354816620916962<\/a><\/li>\n<li>Bimonte, S., D\u2019Agostino, A., and Grilli, G. (2020), Tourist season and determinants of residents&#8217; subjective well-being, <em>Annals of Tourism Research,<\/em> 81 <a href=\"https:\/\/doi.org\/10.1016\/j.annals.2019.102744\">https:\/\/doi.org\/10.1016\/j.annals.2019.102744<\/a>.<\/li>\n<li>Bimonte, S. and Stabile, A. (2020). The Effect of Growth and Corruption on Soil Sealing in Italy: A Regional Environmental Kuznets Curve Analysis, <em>Environmental and Resource Economics<\/em>, 74:1497\u20131518 <a href=\"https:\/\/doi.org\/10.1007\/s10640-019-00376-1\">https:\/\/doi.org\/10.1007\/s10640-019-00376-1<\/a><\/li>\n<li>Bimonte, S., D\u2019Agostino, A., and Grilli, G. (2019), Tourist season and determinants of residents&#8217; subjective well-being, <em>Annals of Tourism Research<\/em> <a href=\"https:\/\/doi.org\/10.1016\/j.annals.2019.102744\">https:\/\/doi.org\/10.1016\/j.annals.2019.102744<\/a><\/li>\n<li>Bimonte, S., D\u2019Agostino, A., Grilli, G. and Pagliuca, M. (2019), Tourist season and residents&#8217; life satisfaction: Empirical evidence from a longitudinal design in a Mediterranean destination, <em>The International Journal of Tourism Research<\/em>, 21(3), 323-333, <a href=\"https:\/\/doi.org\/10.1002\/jtr.2263\">https:\/\/doi.org\/10.1002\/jtr.2263<\/a><\/li>\n<li>Bimonte, S. and Stabile, A. (2017), Land consumption and income in Italy: a case of inverted EKC<em>, Ecological Economics<\/em>, 131, 36\u201343 ISSN: 0921-8009, <a href=\"https:\/\/doi.org\/10.1016\/j.ecolecon.2016.08.016\">https:\/\/doi.org\/10.1016\/j.ecolecon.2016.08.016<\/a><\/li>\n<li>Bimonte, S. and Stabile, A. (2017), EKC and the income elasticity hypothesis Land for housing or land for future? <em>Ecological Indicators<\/em>, vol. 73, p. 800-808, ISSN: 1470-160X, doi: <a href=\"http:\/\/dx.doi.org\/10.1016\/j.ecolind.2016.10.039\">http:\/\/dx.doi.org\/10.1016\/j.ecolind.2016.10.039<\/a><\/li>\n<li>Bimonte S. and Punzo, F.L. (2016), Tourist development and host\u2013guest interaction: An economic exchange theory, <em>Annals of Tourism Research<\/em>, 58, 128\u2013139 <a href=\"http:\/\/dx.doi.org\/10.1016\/j.annals.2016.03.004\"> <u>doi:10.1016\/j.annals.2016.03.004<\/u> <\/a><\/li>\n<li>Bimonte, S. and Faralla, V. (2016), Does residents&#8217; perceived life satisfaction vary with tourist season? A two-step survey in a Mediterranean destination, <em>Tourism Management<\/em>, 55, 199-208 <a href=\"http:\/\/dx.doi.org\/10.1016\/j.tourman.2016.02.011\"> <u>http:\/\/dx.doi.org\/10.1016\/j.tourman.2016.02.011<\/u> <\/a><\/li>\n<li>Bimonte, S. and Stabile, A. (2015) Local taxation and urban development. Testing for the side-effects of the Italian property tax, <em>Ecological Economics<\/em>, 120, 100\u2013107 <strong>DOI<\/strong>: <a href=\"http:\/\/dx.doi.org\/10.1016\/j.ecolecon.2015.09.025\"> <u>10.1016\/j.ecolecon.2015.09.025<\/u> <\/a><\/li>\n<li>Bimonte, S. and Faralla, V. (2015), Happiness and Outdoor Vacations Appreciative versus Consumptive Tourists, <em>Journal of Travel Research<\/em>, Vol. 54(2) 179-192, DOI: 10.1177\/0047287513513171<\/li>\n<li>Bimonte, S. and Faralla, V. (2014), Happiness and nature-based vacations, <em>Annals of Tourism Research<\/em>, Volume 46, 176-178, http:\/\/dx.doi.org\/10.1016\/j.annals.2014.02.002<\/li>\n<li>Bimonte, S. and Faralla, V. (2012), Tourist types and happiness. A comparative study in Tuscany, <em>Annals of Tourism Research<\/em>, Volume 39, Issue 4, October 2012, Pages 1929\u20131950 ISSN 0160-7383; http:\/\/dx.doi.org\/10.1016\/j.annals.2012.05.026<\/li>\n<li>Bimonte, S. (2009), Growth and Environmental Quality: Testing the Double Convergence Hypothesis. <em>Ecological Economics<\/em>, 68, pp. 2406-2411. DOI: 10.1016\/j.ecolecon.2009.03.020<\/li>\n<li>Bimonte, S. (2008), The \u201ctragedy of tourism resources\u201d as the outcome of a strategic game A new analytical framework. <em>Ecological Economics<\/em>, 67, pp. 457-464<\/li>\n<li>Bimonte, S., (2002), Information Access, Income Distribution, and the Environmental Kuznets Curve, <em>Ecological Economics<\/em>, 41\/1, pp. 145-156;<\/li>\n<li>Bimonte, S., (1999), An Algorithm for Optimal Pigouvian Taxes Without Benefits Data, <em>Environmental and Resources Economics<\/em>, 13: 1-11; ISSN: 0924-6460 (Print) 1573-1502 (Online); DOI: 10.1023\/A:1008369309030<\/li>\n<\/ol>\n<p><strong>Pubblicazioni su riviste SCOPUS<\/strong><\/p>\n<ol>\n<li>Bimonte, S., and D\u2019Agostino, A. (2023). Life satisfaction in the time of COVID-19. The frog effect. <em>Cities<\/em>, 142. https:\/\/doi.org\/10.1016\/j.cities.2023.104550<\/li>\n<li>Bimonte, S, Di Letizia, G, and Ferrini, S. (2023), Tutela ambientale e dinamiche demografiche delle Aree Interne italiane. Un\u2019analisi empirica. <em>Scienze Regionali<\/em>, 1: 47-76. DOI: 10.14650\/103227<\/li>\n<li>Bimonte, S., Bosco, L. and Stabile, A. (2022). In virus veritas: lockdown and happiness under COVID-19. <em>Social Indicator Research. <\/em>DOI: 10.1007\/s11205-022-02974-x<\/li>\n<li>Bimonte S, D\u2019Agostino A. (2021), Tourism development and residents\u2019 well-being: Comparing two seaside destinations in Italy. <em>Tourism Economics<\/em>. 27(7): 1508-1525. doi:<a href=\"https:\/\/doi.org\/10.1177\/1354816620916962\">1177\/1354816620916962<\/a><\/li>\n<li>Bimonte, S. and Stabile, A. (2020) The impact of the introduction of Italian property tax on urban development: a regional regression model, <em>Housing Studies<\/em>, 35:1, 163-188, DOI: 10.1080\/02673037.2019.1594711<\/li>\n<li>Bimonte, S. Bosco, L. and Stabile, A. (2019), Nudging pro-environmental behavior: evidence from a web experiment on priming and WTP. <em>Journal of Environmental Planning and Management<\/em>, <a href=\"https:\/\/doi.org\/10.1080\/09640568.2019.1603364\">https:\/\/doi.org\/10.1080\/09640568.2019.1603364<\/a><\/li>\n<li>Bimonte, S. Bosco, L. and Stabile, A. (2019), Integration and Subjective Well-Being Among Off-Site University Students. <em>Social Indicator Research<\/em>, <a href=\"https:\/\/doi.org\/10.1007\/s11205-019-02182-0\">https:\/\/doi.org\/10.1007\/s11205-019-02182-0<\/a><\/li>\n<li style=\"text-align: left\">D\u00e1vila-Fern\u00e1ndez, M.J., Oreiro, J.L., Punzo, L.F. and Bimonte, S. (2017), Capital in the Twenty First Century: Re-interpreting the fundamental contradiction of capitalism in a Post-Keynesian perspective. <em>Journal of Post-Keynesian Economics<\/em>, vol. 40, p. 168-182, ISSN: 0160-3477, doi:10.1080\/01603477.2016.1248978<\/li>\n<li>Bimonte, S. Ferrini, S. and Grilli, G. (2016), Transport infrastructures, environment impacts and tourists\u2019 welfare: a choice experiment to elicit tourist preferences in Siena-Italy, <em>Journal of Environmental Planning and Management<\/em>, Vol. 59 (5), 891-910, <a href=\"http:\/\/dx.doi.org\/10.1080\/09640568.2015.1044746\"> <u>http:\/\/dx.doi.org\/10.1080\/09640568.2015.1044746<\/u> <\/a> ISSN: <a href=\"http:\/\/www.ingentaconnect.com\/content\/routledg\/cjep\"> <u>0964-0568<\/u> <\/a><\/li>\n<li>Bimonte, S. Ferrini, S. e Grilli, G. (2014), Infrastrutture aeroportuali e turismo. Un esperimento di scelta per la valutazione comparativa del progetto \u201cAeroporto di Siena\u201d, <em>Politica Economica<\/em>, XXX(1), pp. 107-136, DOI: 10.1429\/78561, ISSN 1120-9496<\/li>\n<li>Bimonte, S. e Stabile A. (2013), Veni, vidi, ICI. Esiste un trade-off tra pianificazione urbanistica e finanza locale? <em>Politica Economica<\/em>, XXIX n. 2, pp. 215-235 ISSN 1120-9496; ISBN 88-15-24331-7; DOI: 10.1429\/76224<\/li>\n<li>Bimonte, S. and Punzo. L.F. (2011), Tourism, residents&#8217; attitudes and perceived carrying capacity with an \u201cexperimental\u201d study in five Tuscan destinations, <em>International Journal of Sustainable Development<\/em>, Vol. 14, Nos. 3\/4, pp. 242-261 DOI 10.1504\/IJSD.2011.041964, ISSN: 09601406<\/li>\n<li>Bimonte, S. (2008), Park visitors vs beach tourists: a comparative study in an Italian coastal region. <em>European Journal of Tourism Research<\/em>, vol. 1, n. 2, pp. 112-127 (ISSN 1994-7658)<\/li>\n<li>Bimonte, S. and Punzo, L.F., (2007) The evolutionary game between tourist and resident populations and Tourist Carrying Capacity. <em>International Journal of Technology and Globalization<\/em>, vol. 3, n. 1, pp. 73-87. DOI: <a href=\"http:\/\/doi.org\/10.1504\/IJTG.2007.012361\"> <u>1504\/IJTG.2007.012361<\/u> <\/a>, ISSN: 14765667<\/li>\n<\/ol>\n<p><strong>Altre pubblicazioni su rivista<\/strong><\/p>\n<ol>\n<li>Bimonte, S. (2012), Public goods, environmental quality and the EKC: The \u201cunsaid\u201d of the intensity of use indices, <em>International Journal of Sustainable Economy, <\/em> 4 &#8211; Issue 2, pp. 167-180. DOI: 10.1504\/IJSE.2012.046220<\/li>\n<li>Bimonte, S., (2011), La capacit\u00e0 di carico: limite allo sviluppo turistico? <em>Crescita e Turismo<\/em>, Nov-Dic, 372, pp. 15-16<\/li>\n<li>Bimonte, S. (2010), Il parco negli occhi del visitatore, <em>Piemonte Parchi<\/em>, 193, pp. 20-21 (ISSN 1124-044 X)<\/li>\n<li>Baccheschi, A., Bimonte, S. e Ferrini, S., (2009), Il metodo del Contingent Behaviour nella valutazione delle esternalit\u00e0: le emissioni odorifere di un impianto di selezione e compostaggio, <em>Politica Economica<\/em>, a. XXV n. 3, pp. 381-406. DOI: 10.1429\/30795 &#8211; ISSN: 1120-9496<\/li>\n<li>Bimonte, S., (2004), Mercato del lavoro e formazione nel settore turistico: una breve riflessione su problemi e tendenze, <em>Parchi, <\/em>43\/2004 p. 46-57<\/li>\n<li>Bimonte, S., (1995), La Tassa Pigouviana nel Caso di Esternalit\u00e0 &#8220;Undepletable&#8221;, <em>Note Economiche<\/em>, n. 1, pagg. 39-62.<\/li>\n<\/ol>\n<p style=\"text-align: justify\"><strong>Libro<\/strong><\/p>\n<ol style=\"text-align: justify\">\n<li>Bimonte, S. e Pagni, R., (a cura di), (2003), <em>Protezione, fruizione e sviluppo locale: aree protette e turismo in Toscana<\/em>, IRPET-Regione Toscana, Firenze;<\/li>\n<li>Bimonte, S. e Punzo, L.F., (a cura di) (2003), Turismo, sviluppo economico e sostenibilit\u00e0: teoria e pratica, University Press, Siena ISBN 88-8024-110-9<\/li>\n<\/ol>\n<p><strong>Volume collettaneo<\/strong><\/p>\n<ol>\n<li>Bimonte, S. (2022). Happiness and tourism activities: an empirical and theoretical interpretation. In Croes, R. and Yang, Y. eds, <em>A modern guide to tourism economics<\/em>, Edward Elgar Publishing, ISBN: 978 1 80037 875 9 http:\/\/dx.doi.org\/10.4337\/9781800378766<\/li>\n<li>Bimonte, S. (2018). Tourism Development As a Resident-Tourist Exchange Process: an Economic Theoretic Interpretation. In A. M. Camp\u00f3n-Cerro, J. M. Hern\u00e1ndez-Mogoll\u00f3n, J. A. Folgado-Fern\u00e1ndez, eds., <em>Best Practices in Hospitality and Tourism Marketing and Management. A Quality of Life Perspective. <\/em>Springer International Publishing Switzerland, pp. 63-76, ISBN: 978-3-319-91691-0; DOI: <a href=\"https:\/\/doi.org\/10.1007\/978-3-319-91692-7\">https:\/\/doi.org\/10.1007\/978-3-319-91692-7<\/a><\/li>\n<li>Bimonte, S. and Faralla, V. (2016). \u201cSustainable tourism and residents\u2019 subjective well-being: A case study in a mature Mediterranean destination\u201d. In: <em>Sostenibilidad en los modelos actuales de gesti\u00f3n tur\u00edstica<\/em>, D. L\u00f3pez (ed.), Fundaci\u00f3 Universitat Jaume I, Tirant Lo Blanch, Valencia, pp. 17-37, ISBN: 978-84-9143-355-2<\/li>\n<li>Bimonte, S. (2015). Pleasure tourism. <em>In<\/em> J. Jafari and H. Xiao, eds., <em>Encyclopedia of Tourism<\/em> (forthcoming). Springer International Publishing Switzerland ISBN: 978-3-319-01669-6; DOI: <a href=\"http:\/\/doi.org\/10.1007\/978-3-319-01669-6_461-1\"> <u>10.1007\/978-3-319-01669-6_461-1<\/u> <\/a> (online) DOI 10.1007\/978-3-319-01669-6_1-1; ISBN 978-3-319-01669-6<\/li>\n<li>Bimonte, S., Ferrini, S. e Grilli, G. (2014). \u201cUna valutazione comparativa per l\u2019analisi della relazione tra trasporti e turismo. Il caso del progetto \u201caeroporto di Siena\u201d. In: <em>Del Territorio al Destino Tur\u00edstico: Retos y Claves de \u00c9xito<\/em>, D. L\u00f3pez (ed.), Fundaci\u00f3 Universitat Jaume I, Tirant Lo Blanch, Valencia, pp. 437-462, ISBN 13: 9788490861974<\/li>\n<li>Bimonte, S. and Faralla, V. (2013). \u201cHappiness and outdoor vacations. Experiencing or possessing nature?\u201d In: <em>Espacios de ocio y deporte como dinamizadores tur\u00edsticos,<\/em> D. L\u00f3pez (ed.), Fundaci\u00f3 Universitat Jaume I, Tirant Lo Blanch, Valencia, pp. 243-263, ISBN: 978-84-9053-610-0<\/li>\n<li>Bimonte, S. (2013). \u201cSustainable tourism: an interpretative and management paradigm\u201d. In: <em>Tourism as a Tool for Development<\/em>, P. Diaz (ed), WIT Press, Southampton, UK pp. 83-99 ISBN 978-1-84564-812-1<\/li>\n<li>Bimonte, S., Brida, G., Pulina, M. and Punzo, L.F. (2012). \u201cTourism and growth: stories of two continents\u201d. In: Beyond the Global Crisis. Structural Adjustments and Regional Integration in Europe and Latin America, Lionello F. Punzo &#8211; Carmem Aparecida Feijo &#8211; Martin Puchet Anyul (eds), Routhledge, London, Chapter 16, pp. 252-268. ISBN 978-0-415-50847-6<\/li>\n<li>Bimonte, S. and Punzo. L.F. (2011), Instruments of Structural Policies for Tourism Sustainability, in Alvaro Matias, Peter Nijkamp and Manuela Sarmento (eds), <em>Tourism Economics: Impact Analysis<\/em>. Physica-Verlag, a Springer Company, Berlin, pp. 95-107 ISBN 978-3-7908-2724-8; DOI 10.1007\/978-3-7908-2725-5<\/li>\n<li>Bimonte, S. and Punzo, L.F., (2010) Turismo, residenti e la capacit\u00e0 di carico percepita: metodologia e uno studio sperimentale in cinque destinazioni toscane. In A.M. Parroco, Vaccina F. (a cura di), <em>Mobilit\u00e0 e altri comportamenti dei turisti: studi e ricerche a confronto<\/em>, Mc Graw Hill, 2010 Isbn: 978-88-386-6584-4, pp. 137-156<\/li>\n<li>Bimonte, S. and Punzo. L.F. (2008), Development with sustainable tourism: tools in a game-theoretical policy kit, <em>Proceeding of the IASK International Conference Advances in Tourism Research<\/em> 2008, Aveiro, Portugal, 26-28 May, pp.73-80 ISBN: 987-972-99397-7-8<\/li>\n<li>Bimonte, S. e Punzo, L.F., T., (2007), \u201cTurismo sostenibile come contratto fra turisti e residenti\u201d, in: Punzo, L.F. e Usai, S. (a cura di), Un\u2019estate al mare. Residenti e turisti in alcune destinazioni italiane, MacGraw Hill cap. 2, (ISBN 978-88-386-6594-3)<\/li>\n<li>Bimonte, S. e Punzo, L.F., T., (2007), \u201cFollonica: il mare in fondo a una strada\u201d, in: Punzo, L.F. e Usai, S. (a cura di), Un\u2019estate al mare. Residenti e turisti in alcune destinazioni italiane, MacGraw Hill cap. 12, (ISBN 978-88-386-6594-3)<\/li>\n<li>Bimonte, S. e Pratelli, T., (2007), \u201cTurismo e turisti a Follonica\u201d, in: Punzo, L.F. e Usai, S. (a cura di), Un&#8217;estate al mare. Residenti e turisti in alcune destinazioni italiane, MacGraw Hill cap. 13, (ISBN 978-88-386-6594-3)<\/li>\n<li>Bimonte, S. e Pratelli, T., (2007), \u201cCittadini di una citt\u00e0 moderna\u201d, in: Punzo, L.F. e Usai, S. (a cura di), Un&#8217;estate al mare. Residenti e turisti in alcune destinazioni italiane, MacGraw Hill cap. 14, (ISBN 978-88-386-6594-3)<\/li>\n<li>Bimonte, S. e Punzo, L.F., T., (2007), \u201cUn patto sociale implicito\u201d, in: Punzo, L.F. e Usai, S. (a cura di), Un\u2019estate al mare. Residenti e turisti in alcune destinazioni italiane, MacGraw Hill cap. 15, (ISBN 978-88-386-6594-3)<\/li>\n<li>Bimonte, S., (2007), \u201cProblemi di sviluppo sostenibile: il caso del turismo\u201d, in: Franzini, M. (a cura di), <em>Mercato e politiche per l\u2019ambiente<\/em>, Carocci, Roma pp. 293-318 (ISBN 978-88-430-3967-8)<\/li>\n<li>Bimonte, S. (2006), Sustainable tourism and management tools, in: C.A. Brebbia and F.D. Pineda (eds), <em>Sustainable tourism II<\/em>, WIT press, Southampton, UK pp. 325-334 ISBN 1-84564-044-6<\/li>\n<li>Bimonte, S. e Punzo, L.F., (2005), Cuantos son demaciados (turistas)? Un estudio de caso: ciudades Toscanas. In T. J. Lopez-Guzman Guzman, F. Lara De Vincente, <em>Turismo sostenible: En enfoque multidisciplinar e internacional<\/em> (vol. 1 pp. 109-130). ISBN: 84-7801-797-6 Cordoba: Servicio de publicaciones Universidad de Cordoba<\/li>\n<li>Bimonte, S. e Punzo, L.F., (2005), Environmental Policy Options in the Multi-regimes Framework, in: Leskow, J., Puchet, M. e Punzo, L.F., (eds) \u201c<em>New Tools of Economic Dynamics\u201d<\/em>, Springer; ISSN: 00758442 ISBN: 978-354024282-6 DOI: 10.1007\/3-540-28444-3_17<\/li>\n<li>Bimonte, S. e Punzo, L.F., (2003), \u201cTurismo e sviluppo sostenibile locale nei sistemi microinsulari\u201d, in: <em>Il pensiero e la scienza nel turismo italiano, <\/em>Ministero delle attivit\u00e0 produttive, DG per il Turismo, Roma, Italia, pp. 271-290 (Pubblicato anche nella collana EdATS WP Series)<\/li>\n<li>Bimonte, S. and Ulgiati, S., (2002), &#8220;Exploring Biophysical Approaches to Develop Environmental Taxation Tools. Envitax, to Face the &#8220;New Scarcity&#8221;, in: <em>Economic Institutions and Environmental Policy<\/em>, Franzini, M. and Nicita, A. (eds), Ashgate, Aldershot (UK);<\/li>\n<li>Bimonte, S., (2002), &#8220;Economia ed Aree Protette: Una relazione non Pericolosa&#8221;, in: <em>Il Turismo e la Valorizzazione delle Aree Protette. Analisi dell\u2019Esperienza Toscana<\/em>, a cura di Pagni, R., IRPET-Regione Toscana, Firenze; pp. 13-35<\/li>\n<li>Bimonte, S., Brida, G, and Punzo, L. (2001), Notions of Regime: a review, IDEE WORKING PAPER SERIES, CRS Latapses, Nice Sophia Antipolis (Francia)<\/li>\n<li>Bimonte, S., (1999), &#8220;Intervento Pubblico in Economia&#8221;, in: <em>Fondamenti di Scienza delle Finanze<\/em>, S. Botarelli (a cura di), Hoepli, Milano; ISBN 88-203-2691-4<\/li>\n<li>Bimonte, S., (1999), &#8220;La Fiscalit\u00e0 Ambientale&#8221;, in: <em>Fondamenti di Scienza delle Finanze<\/em>, S. Botarelli (a cura di), Hoepli, Milano; ISBN 88-203-2691-4<\/li>\n<li>Franzini, M. and Bimonte, S., (1999), &#8220;Strumenti Economici per l\u2019Ambiente&#8221;, in: <em>Lezioni di Economia dell\u2019Ambiente<\/em>, Franzini M. (a cura di), Facolt\u00e0 di Economia &#8220;R.M. Goodwin&#8221;;<\/li>\n<\/ol>\n<p><strong> <u>Principali rapporti collegati a ricerche<\/u> <\/strong><\/p>\n<p>&#8211; Bimonte, S. (2016), \u201cIndagine sugli Studenti Universitari quali residenti temporanei: analisi delle caratteristiche rilevanti del fenomeno e impatto economico e turistico sulla citt\u00e0 di Siena\u201d, progetto per l\u2019Implementazione della Fase II degli Osservatori Turistici di Destinazione del Comune di Siena<\/p>\n<p>&#8211; Bimonte S. e Ferrini, S. (2012), <em>Attivit\u00e0 commerciali mobili e propensione all\u2019acquisto: Indagine sulle preferenze dei visitatori del complesso museale di Piazza dei Miracoli<\/em>. Universit\u00e0 di Siena e Comune di Pisa<\/p>\n<p>&#8211; Bimonte S. e Ferrini, S. (2011), <em>Indagine sulla mobilit\u00e0 sostenibile nel Parco Regionale della Maremma<\/em>. Dipartimento di Economia Politica e Statistica e Ente Parco Regionale della Maremma.<\/p>\n<p>&#8211; Bimonte, S. e Pisani, C. (2007), <em>Indagine sui visitatori dei Parchi per la valutazione dei servizi e lo studio di forme di autofinanziamento,<\/em> European Commission LIFE III \u2013 Financial Instrument for the Environment, Self-financing Protected Areas (SelfPAs), LIFE Environment Demonstration Project # LIFE04ENV\/IT\/000489<\/p>\n<p>&#8211; Bimonte, S. e Pisani, C. (2005), <em>Indagine sui visitatori dei Parchi per la valutazione dei servizi e lo studio di forme di autofinanziamento,<\/em> European Commission LIFE III \u2013 Financial Instrument for the Environment, Self-financing Protected Areas (SelfPAs), LIFE Environment Demonstration Project # LIFE04ENV\/IT\/000489<\/p>\n<p>&#8211; Bimonte, S., Pisani, C. e Punzo, L.F., (2005), <em>Comportamenti e progettualit\u00e0 imprenditoriale degli operatori aderenti ai forum locali su \u201cSistema turistico di qualit\u00e0 e sviluppo sostenibile nelle Terre di Siena\u201d<\/em>, Universit\u00e0 di Siena, Osservatorio per il Turismo Sostenibile e APT Siena<\/p>\n<p>&#8211; Bimonte, S., Pisani, C. e Punzo, L.F., (2004), <em>Indagine su ambiente e qualit\u00e0 della vita nella percezione dei residenti della Comunit\u00e0 Montana delle Colline Metallifere, <\/em>Universit\u00e0 di Siena e Comunit\u00e0 Montana delle Colline Metallifere<\/p>\n<p>&#8211; Bimonte, S., Pisani, C. e Punzo, L.F., (2003), <em>Quanti (turisti) sono troppi? Citt\u00e0 di Toscana<\/em>, Universit\u00e0 di Siena e Assessorato al Turismo della Regione Toscana<\/p>\n<p>&#8211; Bimonte, S., Di Pietra, R., Mussari, R., Punzo, L.F., Simonicca, A., (2002), <em>Piano di Sviluppo Economico e Sociale del Sistema delle Riserve Naturali della Provincia di Siena<\/em>, Amministrazione Provinciale di Siena;<\/p>\n<p>&#8211; Bimonte, S., Di Pietra, R., Mussari, R., Punzo, L.F., Simonicca, A., (2001), <em>Piano di Sviluppo Economico e Sociale del Parco Naturale della Maremma<\/em>, Ente Parco Regionale della Maremma;<\/p>\n<p>&#8211; Bimonte, S., Brida, G. e Punzo, L.F., (2001), Economic Regime, in: <em>Final Report del progetto IDEE (Industrial Dynamics and Employment in Europe)<\/em> finanziato dall\u2019UE;<\/p>\n<p>&#8211; Punzo, L. and Bimonte, S. (1999), &#8220;Rapporto su Situazione e Prospettive di Sviluppo per il Territorio Provinciale Grossetano&#8221;, Amministrazione Provinciale di Grosseto;<\/p>\n<p>&#8211; Bettio, F., Prechal, S., Bimonte, S. and Giorgi, S., (1998), &#8220;Care in Europe&#8221;, <em>Rapporto per la Commissione Europea, Equal Opportunities Unit<\/em>, DGV;<\/p>\n<p>&#8211; Bettio, F., Bimonte, S. and Tiezzi, S., (1998), &#8220;The 1998 National Action Plans for Employment: Assessment from a Gender Perspective&#8221;, <em>Rapporto per la Commissione Europea, Europea, Equal Opportunities Unit<\/em>, DGV;<\/p>\n","protected":false},"excerpt":{"rendered":"<p>Pubblicazioni su riviste CLASSE A AREA 13 Belloc, F. and Bimonte, S. (2025), Environmental regulation and pollution abatement under incremental innovation, Structural Change and Economic Dynamics, 75 (2025) 1\u20138 (online), https:\/\/doi.org\/10.1016\/j.strueco.2025.04.009 Bimonte, S. and Stabile, A. (2024), Protected Areas and the Environmental Kuznets Curve in European countries, Forest Policy and Economics, 161, 1-9, 10.1016\/j.forpol.2024.103186 Bimonte, &hellip; <a href=\"https:\/\/docenti-deps.unisi.it\/salvatorebimonte\/pubblications\/\" class=\"more-link\">Leggi tutto<span class=\"screen-reader-text\"> &#8220;Pubblicazioni&#8221;<\/span><\/a><\/p>\n","protected":false},"author":9,"featured_media":0,"parent":0,"menu_order":0,"comment_status":"closed","ping_status":"closed","template":"","meta":{"footnotes":""},"class_list":["post-10","page","type-page","status-publish","hentry"],"_links":{"self":[{"href":"https:\/\/docenti-deps.unisi.it\/salvatorebimonte\/wp-json\/wp\/v2\/pages\/10","targetHints":{"allow":["GET"]}}],"collection":[{"href":"https:\/\/docenti-deps.unisi.it\/salvatorebimonte\/wp-json\/wp\/v2\/pages"}],"about":[{"href":"https:\/\/docenti-deps.unisi.it\/salvatorebimonte\/wp-json\/wp\/v2\/types\/page"}],"author":[{"embeddable":true,"href":"https:\/\/docenti-deps.unisi.it\/salvatorebimonte\/wp-json\/wp\/v2\/users\/9"}],"replies":[{"embeddable":true,"href":"https:\/\/docenti-deps.unisi.it\/salvatorebimonte\/wp-json\/wp\/v2\/comments?post=10"}],"version-history":[{"count":18,"href":"https:\/\/docenti-deps.unisi.it\/salvatorebimonte\/wp-json\/wp\/v2\/pages\/10\/revisions"}],"predecessor-version":[{"id":899,"href":"https:\/\/docenti-deps.unisi.it\/salvatorebimonte\/wp-json\/wp\/v2\/pages\/10\/revisions\/899"}],"wp:attachment":[{"href":"https:\/\/docenti-deps.unisi.it\/salvatorebimonte\/wp-json\/wp\/v2\/media?parent=10"}],"curies":[{"name":"wp","href":"https:\/\/api.w.org\/{rel}","templated":true}]}}