{"id":9,"date":"2014-08-26T21:03:19","date_gmt":"2014-08-26T19:03:19","guid":{"rendered":"http:\/\/michelangelovasta.wordpress.com\/?page_id=1"},"modified":"2025-07-28T12:24:23","modified_gmt":"2025-07-28T10:24:23","slug":"info","status":"publish","type":"page","link":"https:\/\/docenti-deps.unisi.it\/salvatorebimonte\/","title":{"rendered":"Home"},"content":{"rendered":"<div style=\"text-align: left\"><strong><img loading=\"lazy\" decoding=\"async\" class=\"alignleft size-medium wp-image-794\" src=\"https:\/\/docenti-deps.unisi.it\/salvatorebimonte\/wp-content\/uploads\/sites\/23\/2014\/08\/58.PREMI-BANCA-ETICA.-FOTO-MARIOLLORCA.COM_-300x200.jpg\" alt=\"58.PREMI BANCA ETICA. FOTO MARIOLLORCA.COM\" width=\"300\" height=\"200\" srcset=\"https:\/\/docenti-deps.unisi.it\/salvatorebimonte\/wp-content\/uploads\/sites\/23\/2014\/08\/58.PREMI-BANCA-ETICA.-FOTO-MARIOLLORCA.COM_-300x200.jpg 300w, https:\/\/docenti-deps.unisi.it\/salvatorebimonte\/wp-content\/uploads\/sites\/23\/2014\/08\/58.PREMI-BANCA-ETICA.-FOTO-MARIOLLORCA.COM_-768x512.jpg 768w, https:\/\/docenti-deps.unisi.it\/salvatorebimonte\/wp-content\/uploads\/sites\/23\/2014\/08\/58.PREMI-BANCA-ETICA.-FOTO-MARIOLLORCA.COM_-1024x683.jpg 1024w, https:\/\/docenti-deps.unisi.it\/salvatorebimonte\/wp-content\/uploads\/sites\/23\/2014\/08\/58.PREMI-BANCA-ETICA.-FOTO-MARIOLLORCA.COM_-1200x800.jpg 1200w, https:\/\/docenti-deps.unisi.it\/salvatorebimonte\/wp-content\/uploads\/sites\/23\/2014\/08\/58.PREMI-BANCA-ETICA.-FOTO-MARIOLLORCA.COM_.jpg 2048w\" sizes=\"auto, (max-width: 300px) 85vw, 300px\" \/>Professore Ordinario <a href=\"https:\/\/docenti-deps.unisi.it\/salvatorebimonte\/home-en\/\"><img loading=\"lazy\" decoding=\"async\" class=\"wp-image-831 alignright\" src=\"https:\/\/docenti-deps.unisi.it\/salvatorebimonte\/wp-content\/uploads\/sites\/23\/2014\/08\/Flag-300x150.png\" alt=\"\" width=\"72\" height=\"36\" \/><\/a><\/strong><\/div>\n<div style=\"text-align: left\"><strong>Settore scientifico disciplinare<\/strong>: settore ECON-02\/A Politica Economica<\/div>\n<div style=\"text-align: left\"><strong>Interessi di ricerca<\/strong>: economia ambientale, economia del turismo, crescita e ambiente.<\/div>\n<div style=\"text-align: left\">______________________________________<\/div>\n<div style=\"text-align: justify\">Professore Ordinario presso il Dipartimento di Economia Politica e Statistica. Insegna e svolge attivit\u00e0 di ricerca nelle seguenti aree: Economica dell\u2019Ambiente; Politica Ambientale; Turismo Sostenibile; Turismo e Sviluppo Locale. \u00c8 stato Direttore del Dipartimento e membro del Senato Accedemico; referente del Corso di Laurea Magistrale in Economia per l\u2019Ambiente e la Sostenibilit\u00e0. \u00c8 responsabile dell&#8217;unit\u00e0 locale del progetto PNRR TNE-DeSK. Ha coordinato la Summer School in Analisi e Ricerche in Turismo e Sostenibilit\u00e0. \u00c8 stato membro della Commissione Regionale per il Paesaggio, Regione Toscana; del Consiglio Direttivo del Parco Regionale della Maremma; del CTS di Parchi, la rivista della Federazione dei Parchi Italiani; dell\u2019Editorial Board della rivista Environmental economics. \u00c8 stato delegato del Rettore per il Polo Universitario di Grosseto e vice-presidente del Consiglio di Amministrazione della SCaRL Polo Universitario Grossetano. Ha collaborato con la sezione italiana di Europark per lo studio e la diffusione della Carta per il Turismo Sostenibile nei Parchi. \u00c8 stato responsabile del progetto Osservatorio Turistico di Destinazione \u2013 FASE 2 del Comune di Siena (2015-16); coordinatore dell\u2019area economica del Progetto Nazionale SelPass, European Commission LIFE III \u2013 Financial Instrument for the Environment Self-financing Protected Areas (2005-08); del progetto &#8220;Aree Protette e turismo in Toscana&#8221; (IRPET, Regione Toscana, 2002\/03). Tra gli altri, ha partecipato ai seguenti gruppi di ricerca: Turismo Sostenibile e Sviluppo Locale Sostenibile (PRIN 2004\/06 finanziato dal MIUR); Capacit\u00e0 di carico turistica: un nuovo approccio integrato (PAR 2004-05, finanziato dall\u2019Universit\u00e0 di Siena); Nuovi Strumenti per l\u2019Analisi Qualitativa della Dinamica Economica (PRIN 2000\/02, finanziato dal MURST); Piano di Sviluppo Socio-economico del Parco regionale della Maremma e delle Riserve naturali della Provincia di Siena (2000\/01).<\/div>\n","protected":false},"excerpt":{"rendered":"<p>Professore Ordinario Settore scientifico disciplinare: settore ECON-02\/A Politica Economica Interessi di ricerca: economia ambientale, economia del turismo, crescita e ambiente. ______________________________________ Professore Ordinario presso il Dipartimento di Economia Politica e Statistica. Insegna e svolge attivit\u00e0 di ricerca nelle seguenti aree: Economica dell\u2019Ambiente; Politica Ambientale; Turismo Sostenibile; Turismo e Sviluppo Locale. \u00c8 stato Direttore del Dipartimento &hellip; <a href=\"https:\/\/docenti-deps.unisi.it\/salvatorebimonte\/\" class=\"more-link\">Leggi tutto<span class=\"screen-reader-text\"> &#8220;Home&#8221;<\/span><\/a><\/p>\n","protected":false},"author":9,"featured_media":0,"parent":0,"menu_order":0,"comment_status":"closed","ping_status":"closed","template":"","meta":{"footnotes":""},"class_list":["post-9","page","type-page","status-publish","hentry"],"_links":{"self":[{"href":"https:\/\/docenti-deps.unisi.it\/salvatorebimonte\/wp-json\/wp\/v2\/pages\/9","targetHints":{"allow":["GET"]}}],"collection":[{"href":"https:\/\/docenti-deps.unisi.it\/salvatorebimonte\/wp-json\/wp\/v2\/pages"}],"about":[{"href":"https:\/\/docenti-deps.unisi.it\/salvatorebimonte\/wp-json\/wp\/v2\/types\/page"}],"author":[{"embeddable":true,"href":"https:\/\/docenti-deps.unisi.it\/salvatorebimonte\/wp-json\/wp\/v2\/users\/9"}],"replies":[{"embeddable":true,"href":"https:\/\/docenti-deps.unisi.it\/salvatorebimonte\/wp-json\/wp\/v2\/comments?post=9"}],"version-history":[{"count":28,"href":"https:\/\/docenti-deps.unisi.it\/salvatorebimonte\/wp-json\/wp\/v2\/pages\/9\/revisions"}],"predecessor-version":[{"id":898,"href":"https:\/\/docenti-deps.unisi.it\/salvatorebimonte\/wp-json\/wp\/v2\/pages\/9\/revisions\/898"}],"wp:attachment":[{"href":"https:\/\/docenti-deps.unisi.it\/salvatorebimonte\/wp-json\/wp\/v2\/media?parent=9"}],"curies":[{"name":"wp","href":"https:\/\/api.w.org\/{rel}","templated":true}]}}