{"id":13,"date":"2014-08-26T23:41:39","date_gmt":"2014-08-26T21:41:39","guid":{"rendered":"http:\/\/michelangelovasta.wordpress.com\/?page_id=13"},"modified":"2025-09-17T10:07:00","modified_gmt":"2025-09-17T08:07:00","slug":"curriculum","status":"publish","type":"page","link":"https:\/\/docenti-deps.unisi.it\/samuelericcarelli\/curriculum\/","title":{"rendered":"curriculum"},"content":{"rendered":"<p style=\"text-align: justify\">Nato a Sinalunga (SI) il 28 aprile 1966, laureato in Scienze Statistiche ed Economiche presso l\u2019Universit\u00e0 degli Studi di Siena, dottore di ricerca in Matematica per l\u2019Analisi dei Mercati Finanziari presso l\u2019Universit\u00e0 degli Studi di Brescia; \u00e8 ricercatore confermato presso la Facolt\u00e0 di Economia dell\u2019Universit\u00e0 degli Studi di Siena nel Settore Scientifico Disciplinare SECS-S\/06 in servizio dal 1 aprile 2001.<br \/>\nI suoi interessi di ricerca si rivolgono principalmente su tre tematiche:<br \/>\na) modelli per la valutazione di operazioni finanziarie sia in condizioni di certezza che in ambito aleatorio, in particolare in collaborazione con il Proff. Marco Lonzi i suoi lavori riguardano la generalizzazione dei concetti di Tasso Interno Puro e Legge Finanziaria Interna Pura;<\/p>\n<p style=\"text-align: justify\">b) modelli probabilistici per la determinazione dei momenti di misture di distribuzioni discrete, in particolare nei suoi lavori vengono analizzate alcune relazioni esistenti fra i momenti di particolari misture di distribuzioni ipergeometriche e alcuni risultati relativi alle progressioni aritmetiche;<\/p>\n<p style=\"text-align: justify\">c) analisi delle caratteristiche sia statistiche che probabilistiche dei modelli relativi alla velocit\u00e0 percepita.<\/p>\n","protected":false},"excerpt":{"rendered":"<p>Nato a Sinalunga (SI) il 28 aprile 1966, laureato in Scienze Statistiche ed Economiche presso l\u2019Universit\u00e0 degli Studi di Siena, dottore di ricerca in Matematica per l\u2019Analisi dei Mercati Finanziari presso l\u2019Universit\u00e0 degli Studi di Brescia; \u00e8 ricercatore confermato presso la Facolt\u00e0 di Economia dell\u2019Universit\u00e0 degli Studi di Siena nel Settore Scientifico Disciplinare SECS-S\/06 in &hellip; <a href=\"https:\/\/docenti-deps.unisi.it\/samuelericcarelli\/curriculum\/\" class=\"more-link\">Leggi tutto<span class=\"screen-reader-text\"> &#8220;curriculum&#8221;<\/span><\/a><\/p>\n","protected":false},"author":9,"featured_media":0,"parent":0,"menu_order":0,"comment_status":"closed","ping_status":"closed","template":"","meta":{"footnotes":""},"class_list":["post-13","page","type-page","status-publish","hentry"],"_links":{"self":[{"href":"https:\/\/docenti-deps.unisi.it\/samuelericcarelli\/wp-json\/wp\/v2\/pages\/13","targetHints":{"allow":["GET"]}}],"collection":[{"href":"https:\/\/docenti-deps.unisi.it\/samuelericcarelli\/wp-json\/wp\/v2\/pages"}],"about":[{"href":"https:\/\/docenti-deps.unisi.it\/samuelericcarelli\/wp-json\/wp\/v2\/types\/page"}],"author":[{"embeddable":true,"href":"https:\/\/docenti-deps.unisi.it\/samuelericcarelli\/wp-json\/wp\/v2\/users\/9"}],"replies":[{"embeddable":true,"href":"https:\/\/docenti-deps.unisi.it\/samuelericcarelli\/wp-json\/wp\/v2\/comments?post=13"}],"version-history":[{"count":6,"href":"https:\/\/docenti-deps.unisi.it\/samuelericcarelli\/wp-json\/wp\/v2\/pages\/13\/revisions"}],"predecessor-version":[{"id":2409,"href":"https:\/\/docenti-deps.unisi.it\/samuelericcarelli\/wp-json\/wp\/v2\/pages\/13\/revisions\/2409"}],"wp:attachment":[{"href":"https:\/\/docenti-deps.unisi.it\/samuelericcarelli\/wp-json\/wp\/v2\/media?parent=13"}],"curies":[{"name":"wp","href":"https:\/\/api.w.org\/{rel}","templated":true}]}}