{"id":13,"date":"2014-08-26T23:41:39","date_gmt":"2014-08-26T21:41:39","guid":{"rendered":"http:\/\/michelangelovasta.wordpress.com\/?page_id=13"},"modified":"2025-03-30T17:29:29","modified_gmt":"2025-03-30T15:29:29","slug":"curriculum","status":"publish","type":"page","link":"https:\/\/docenti-deps.unisi.it\/serenasordi\/curriculum\/","title":{"rendered":"curriculum"},"content":{"rendered":"<ul>\n<li>\n<div>2025-\u00a0 : Prof.ssa I fascia (S.S.D. SECS-P\/01, Economia politica), Dipartimento di Economia Politica e Statistica, Universit\u00e0 di Siena<\/div>\n<\/li>\n<li>\n<div>2017: Abilitazione Scientifica Nazionale per la funzione di Professore di I fascia nel Settore Concorsuale 13\/A2-Politica Economica conseguita in data 7 aprile 2017.<\/div>\n<\/li>\n<li>\n<div>2017: Abilitazione Scientifica Nazionale per la funzione di Professore di I fascia nel Settore Concorsuale 13\/A1-Economia Politica conseguita in data 4 aprile 2017.<\/div>\n<\/li>\n<li>2012-\u00a0 : Prof.ssa II fascia (S.S.D. SECS-P\/01, Economia politica), Dipartimento di Economia Politica e Statistica, Universit\u00e0 di Siena<\/li>\n<li>2006-2012: Prof.ssa II fascia (S.S.D. SECS-P\/01, Economia politica), Dipartimento di Politica Economica, Finanza e Sviluppo, Universit\u00e0 di Siena<\/li>\n<li>2001-2006: Prof.ssa II fascia (S.S.D. SECS-P\/01, Economia politica), Dipartimento di Economia Politica, Universit\u00e0 di Siena (confermata in ruolo in data 1 ottobre 2004)<\/li>\n<li>1991-2001: Ricercatrice universitaria (S.S.D. SECS-P\/01, Economia politica), Dipartimento di Economia Politica, Universit\u00e0 di Siena (confermata in ruolo in data 13 maggio 1994)<\/li>\n<li>1990-1991: Borsista post-dottorato (MURST), Dipartimento di Economia Politica, Universit\u00e0 di Siena<\/li>\n<li>1988: Ph.D. in Economics, European University Institute, San Domenico di Fiesole, Firenze (Supervisori: J.-P. Fitoussi e K. Vela Velupillai)<\/li>\n<li>1984-1987: Borsista della European Bank of Investments, Department of Economics, European University Institute, San Domenico di Fiesole, Firenze<\/li>\n<li>1984: Diploma di specializzazione in Economia, Institut f\u00fcr H\u00f6here Studien und Wissenschaftliche Forschung, Vienna, Austria (Supervisore: B. Bh\u00f6m)<\/li>\n<li>1982: Laurea con lode in Scienze Economiche, Universit\u00e0 di Siena (Relatore: R.M. Goodwin)<\/li>\n<\/ul>\n","protected":false},"excerpt":{"rendered":"<p>2025-\u00a0 : Prof.ssa I fascia (S.S.D. SECS-P\/01, Economia politica), Dipartimento di Economia Politica e Statistica, Universit\u00e0 di Siena 2017: Abilitazione Scientifica Nazionale per la funzione di Professore di I fascia nel Settore Concorsuale 13\/A2-Politica Economica conseguita in data 7 aprile 2017. 2017: Abilitazione Scientifica Nazionale per la funzione di Professore di I fascia nel Settore &hellip; <a href=\"https:\/\/docenti-deps.unisi.it\/serenasordi\/curriculum\/\" class=\"more-link\">Leggi tutto<span class=\"screen-reader-text\"> &#8220;curriculum&#8221;<\/span><\/a><\/p>\n","protected":false},"author":9,"featured_media":0,"parent":0,"menu_order":0,"comment_status":"closed","ping_status":"closed","template":"","meta":{"footnotes":""},"class_list":["post-13","page","type-page","status-publish","hentry"],"_links":{"self":[{"href":"https:\/\/docenti-deps.unisi.it\/serenasordi\/wp-json\/wp\/v2\/pages\/13","targetHints":{"allow":["GET"]}}],"collection":[{"href":"https:\/\/docenti-deps.unisi.it\/serenasordi\/wp-json\/wp\/v2\/pages"}],"about":[{"href":"https:\/\/docenti-deps.unisi.it\/serenasordi\/wp-json\/wp\/v2\/types\/page"}],"author":[{"embeddable":true,"href":"https:\/\/docenti-deps.unisi.it\/serenasordi\/wp-json\/wp\/v2\/users\/9"}],"replies":[{"embeddable":true,"href":"https:\/\/docenti-deps.unisi.it\/serenasordi\/wp-json\/wp\/v2\/comments?post=13"}],"version-history":[{"count":16,"href":"https:\/\/docenti-deps.unisi.it\/serenasordi\/wp-json\/wp\/v2\/pages\/13\/revisions"}],"predecessor-version":[{"id":3887,"href":"https:\/\/docenti-deps.unisi.it\/serenasordi\/wp-json\/wp\/v2\/pages\/13\/revisions\/3887"}],"wp:attachment":[{"href":"https:\/\/docenti-deps.unisi.it\/serenasordi\/wp-json\/wp\/v2\/media?parent=13"}],"curies":[{"name":"wp","href":"https:\/\/api.w.org\/{rel}","templated":true}]}}