{"id":9,"date":"2014-08-26T21:03:19","date_gmt":"2014-08-26T19:03:19","guid":{"rendered":"http:\/\/michelangelovasta.wordpress.com\/?page_id=1"},"modified":"2026-03-13T09:15:13","modified_gmt":"2026-03-13T08:15:13","slug":"info","status":"publish","type":"page","link":"https:\/\/docenti-deps.unisi.it\/serenasordi\/","title":{"rendered":"Home"},"content":{"rendered":"<p><span style=\"color: #ff0000\"> <span style=\"color: #000000\"> <img loading=\"lazy\" decoding=\"async\" class=\"wp-image-783 alignleft\" src=\"https:\/\/docenti-deps.unisi.it\/serenasordi\/wp-content\/uploads\/sites\/17\/2014\/08\/sordi.jpg\" alt=\"sordi\" width=\"106\" height=\"127\" \/> <\/span> <\/span> <strong>Professoressa di I fascia<br \/>\nSettore scientifico disciplinare: SECS-P\/01 Economia Politica<br \/>\n<\/strong><\/p>\n<p>&nbsp;<\/p>\n<p>&nbsp;<\/p>\n<p><strong>Interessi di ricerca<\/strong>: Teorie del ciclo economico e della crescita economica; Metodi matematici e di simulazione numerica per la studio della dinamica economica; Macroeconomia; Economia ambientale<\/p>\n<p><strong>Principali pubblicazioni (2012-\u00a0\u00a0\u00a0 )<\/strong><\/p>\n<ul>\n<li>D\u00e1vila-Fern\u00e1ndez, M., Proa\u00f1o, C., SORDI, S (2026), \u201cLow-carbon transition policies, skill-driven inequality, and endogenous political cleavages\u201d,\u00a0<em>Energy Economics<\/em>\u00a0<strong>157<\/strong>, 109227, <a href=\"https:\/\/doi.org\/10.1016\/j.eneco.2026.109227\">https:\/\/doi.org\/10.1016\/j.eneco.2026.109227<\/a>.<\/li>\n<li>SORDI, S., Naimzada, A. K., D\u00e1vila-Fern\u00e1ndez, M. (2025), \u201cA dynamic model of real-financial markets interaction\u201d,\u00a0<em>Economic Modelling<\/em> <strong>149<\/strong>, 107103, <a href=\"https:\/\/doi.org\/10.1016\/j.econmod.2025.107103\">https:\/\/doi.org\/10.1016\/j.econmod.2025.107103<\/a> <strong>(Open Access)<\/strong>.<\/li>\n<li>D\u00e1vila-Fern\u00e1ndez, M., SORDI, S., Cafferata, A. (2024), \u201cHow do you feel about going green? Modelling environment sentiments in a growing open economy\u201d, <em>Journal of Economic Interaction and Coordination<\/em> <strong>19<\/strong>(4), pp. 649-687, <a href=\"https:\/\/doi.org\/10.1007\/s11403-022-00376-3\">https:\/\/doi.org\/10.1007\/s11403-022-00376-3<\/a> <strong>(Open Access)<\/strong>.<\/li>\n<li>D\u00e1vila-Fern\u00e1ndez, M., SORDI, S. (2024), \u201cThirlwall&#8217;s law: Binding-constraint or centre-of-gravity?\u201d, <em>Metroeconomica <strong>75<\/strong><\/em>(1), pp. 52-82, <a href=\"https:\/\/doi.org\/10.1111\/meca.12439\">https:\/\/doi.org\/10.1111\/meca.12439<\/a> (<strong>Open Access)<\/strong>.<\/li>\n<li>SORDI, S., D\u00e1vila-Fern\u00e1ndez, M. (2023), \u201cThe Green-MKS system: A baseline environmental macro-dynamic model\u201d,\u00a0<em>Journal of Economic Behavior and Organization\u00a0<\/em><strong>212<\/strong>, pp. 1056-1085, <a href=\"https:\/\/doi.org\/10.1016\/j.jebo.2023.06.023\">https:\/\/doi.org\/10.1016\/j.jebo.2023.06.023<\/a> <strong>(Open Access)<\/strong>.<\/li>\n<li>D\u00e1vila-Fern\u00e1ndez, M., SORDI, S. (2023), \u201cA small-scale agent-based model of institutional and technological change\u201d, <em>Communications in Nonlinear Science and Numerical Simulation <\/em><strong>116<\/strong>, 106865, <a href=\"https:\/\/doi.org\/10.1016\/j.cnsns.2022.106865\">https:\/\/doi.org\/10.1016\/j.cnsns.2022.106865<\/a>.<\/li>\n<li>SORDI, S., D\u00e1vila-Fern\u00e1ndez, M. (2022), \u201cA two-stroke growth cycle model for a small open economy\u201d, <em>Chaos, Solitons &amp; Fractals <\/em><strong>163<\/strong>, 112569, <a href=\"https:\/\/doi.org\/10.1016\/j.chaos.2022.112569\">https:\/\/doi.org\/10.1016\/j.chaos.2022.112569<\/a>.<\/li>\n<li>Cafferata, A., D\u00e1vila-Fern\u00e1ndez, M., SORDI, S. (2021), \u201c(Ir)rational explorers in the financial jungle: Modelling Minsky with heterogeneous agents\u201d, <em>Journal of Evolutionary Economics<\/em> <strong>31<\/strong>, pp. 1157-1188,\u00a0<a href=\"https:\/\/doi.org\/10.1007\/s00191-021-00743-6\">https:\/\/doi.org\/10.1007\/s00191-021-00743-6<\/a>.<\/li>\n<li>Cafferata, A., D\u00e1vila-Fern\u00e1ndez, M., SORDI, S. (2021), \u201cSeeing what can(not) be seen: Confirmation bias, employment dynamics and climate change\u201d, <em>Journal of Economic Behavior and Organization<\/em>\u00a0<strong>189<\/strong>, pp. 567-586, <a href=\"https:\/\/doi.org\/10.1016\/j.jebo.2021.07.004\">https:\/\/doi.org\/10.1016\/j.jebo.2021.07.004<\/a>.<\/li>\n<li>SORDI, S., D\u00e1vila-Fern\u00e1ndez, M. (2020), \u201cInvestment behaviour and \u2018bull &amp; bear\u2019 dynamics: Modelling real and stock market interactions\u201d, <em>Journal of Economic Interaction and Coordination <\/em><b data-test=\"journal-volume\">15<\/b>(4), pp. 867-897, <a href=\"https:\/\/doi.org\/10.1007\/s11403-019-00279-w\">https:\/\/doi.org\/10.1007\/s11403-019-00279-w<\/a>.<\/li>\n<li>D\u00e1vila-Fern\u00e1ndez, M.J., SORDI, S. (2020), \u201cStructural change in a growing open economy: Attitudes and institutions in Latin America and Asia\u201d, <em>Economic Modelling <\/em><strong>91<\/strong>,\u00a0 pp. 358-385, <a href=\"https:\/\/doi.org\/10.1016\/j.econmod.2020.06.002\">https:\/\/doi.org\/10.1016\/j.econmod.2020.06.002<\/a>.<\/li>\n<li>D\u00e1vila-Fern\u00e1ndez, M.J., SORDI, S. (2020), \u201cAttitudes towards climate policies in a macrodynamic model of the economy\u201d, <em>Ecological Economic<\/em><em>s<\/em> <strong>169<\/strong>, 106319,<br \/>\n<a href=\"https:\/\/authors.elsevier.com\/a\/1aBSc3Hb%7E0IZ4b\">https:\/\/doi.org\/10.1016\/j.ecolecon.2019.04.031<\/a>.<\/li>\n<li>D\u00e1vila-Fern\u00e1ndez, M.J., SORDI, S. (2019), \u201cPath dependence, distributive cycles and export capacity in a BoPC growth model\u201d,\u00a0 <em>Structural Change and Economic Dynamics<\/em> <strong>50<\/strong>, pp. 258-272, <a href=\"https:\/\/www.sciencedirect.com\/science\/article\/pii\/S0954349X18304193\">https:\/\/doi.org\/10.1016\/j.strueco.2019.07.009<\/a>.<\/li>\n<li>Caminati, M., SORDI, S. (2019), \u201cDemand-led growth with endogenous innovation\u201d, <em>Metroeconomica <\/em><strong>70<\/strong>, pp. 405-422, <a href=\"https:\/\/doi.org\/10.1111\/meca.12243\">https:\/\/doi.org\/10.1111\/meca.12243<\/a>.<\/li>\n<li>D\u00e1vila-Fern\u00e1ndez, M.J., SORDI, S. (2019), \u201cDistributive cycles and endogenous technical change in a BoPC growth model\u201d, <em>Economic Modelling<\/em> <strong>77<\/strong>, pp. 216-233, <a href=\"https:\/\/www.sciencedirect.com\/science\/article\/pii\/S0264999317314694\">DOI: 10.1016\/j.econmod.2018.09.002<\/a>.<\/li>\n<li>Antoci, A., Galeotti, M., SORDI, S. (2018), \u201cEnvironmental pollution as engine of industrialization\u201d, <em>Communications in Nonlinear Science and Numerical Simulation <\/em> <strong>58<\/strong>, pp. 262-273, <a href=\"https:\/\/doi.org\/10.1016\/j.cnsns.2017.06.016\">DOI: 10.1016\/j.cnsns.2017.06.016<\/a>.<\/li>\n<li>Naimzada, A. K., SORDI, S. (2018), \u201cOn controlling chaos in a discrete-time Walrasian tatonnement process\u201d, <em>Metroeconomica<\/em> <strong>69<\/strong>(1), pp. 178-194; <a href=\"http:\/\/onlinelibrary.wiley.com\/doi\/10.1111\/meca.12175\/full\">DOI: 10.1111\/meca.12175<\/a>.<\/li>\n<li>Di Matteo, M., SORDI, S. (2015), \u201cGoodwin in Siena: Economist, social philosopher and artist\u201d. <i>Cambridge Journal of Economics<\/i> <strong>39<\/strong>, pp. 1507-1527; <a href=\"https:\/\/academic.oup.com\/cje\/article\/39\/6\/1507\/1691698\/Goodwin-in-Siena-economist-social-philosopher-and\">DOI: 10.1093\/cje\/bev046<\/a>.<\/li>\n<li>Commendatore, P., SORDI, S., Tuinstra, J. (2014), \u201cIntroduction to the Special Issue on &#8216;Complex nonlinear dynamics in economic and spatial structures&#8217;\u201d, <i>Journal of Economic Dynamics and Control<\/i> <strong>48<\/strong>, pp. 226-228; <a href=\"http:\/\/dx.doi.org\/10.1016\/j.jedc.2014.10.004\">DOI: 10.1016\/j.jedc.2014.10.004<\/a>.<\/li>\n<li>SORDI, S., Vercelli, A. (2014), \u201cUnemployment, income distribution and debt-financed investment in a growth cycle model\u201d, <em>Journal of Economic Dynamics and Control<\/em> <strong>48<\/strong>, pp. 325-348; <a href=\"http:\/\/dx.doi.org\/10.1016\/j.jedc.2014.09.030\" target=\"_blank\" rel=\"noopener noreferrer\">DOI: 10.1016\/j.jedc.2014.09.030<\/a>.<\/li>\n<li>\u00a0Antoci, A., Russu, P., SORDI, S., Ticci, E. (2014), \u201cIndustrialization and environmental externalities in a Solow-type model\u201d, <em>Journal of Economic Dynamics and Control \u00a0<\/em> <strong>47<\/strong>, pp. 211-224\u00a0<a href=\"http:\/\/dx.doi.org\/10.1016\/j.jedc.2014.08.009\" target=\"_blank\" rel=\"noopener noreferrer\">DOI: 10.1016\/j.jedc.2014.08.009<\/a><\/li>\n<li>\u00a0SORDI, S., Vercelli, A. (2012), \u201cGenesis and foundations of the multiplier: Marx, Kalecki and Keynes\u201d, <a href=\"http:\/\/www.libraweb.net\/articoli.php?chiave=201206102&amp;rivista=61\" target=\"_blank\" rel=\"noopener noreferrer\"><em>History of Economic Ideas<\/em> <\/a> <strong>20(<\/strong>2), pp. 137-155<\/li>\n<li>\u00a0SORDI, S., Vercelli, A. (2012), \u201cHeterogeneous expectations and strong uncertainty in a Minskyian model of financial fluctuations\u201d, <em>Journal of Economic Behavior and Organization<\/em> <strong>83<\/strong>(3), pp. 544-557; <a href=\"http:\/\/dx.doi.org\/10.1016\/j.jebo.2012.05.012\" target=\"_blank\" rel=\"noopener noreferrer\">DOI: 10.1016\/j.jebo.2012.05.012<\/a>.<\/li>\n<li>Giansante, S., Chiarella, C., SORDI, S., Vercelli, A. (2012), \u201cStructural contagion and vulnerability to unexpected liquidity shortfalls\u201d, <em>Journal of Economic Behavior and Organization<\/em> <strong>83<\/strong>(3), pp. 558-569; <a href=\"http:\/\/dx.doi.org\/10.1016\/j.jebo.2012.05.014\" target=\"_blank\" rel=\"noopener noreferrer\">DOI: 10.1016\/j.jebo.2012.05.014<\/a><\/li>\n<\/ul>\n<p>&nbsp;<\/p>\n","protected":false},"excerpt":{"rendered":"<p>Professoressa di I fascia Settore scientifico disciplinare: SECS-P\/01 Economia Politica &nbsp; &nbsp; Interessi di ricerca: Teorie del ciclo economico e della crescita economica; Metodi matematici e di simulazione numerica per la studio della dinamica economica; Macroeconomia; Economia ambientale Principali pubblicazioni (2012-\u00a0\u00a0\u00a0 ) D\u00e1vila-Fern\u00e1ndez, M., Proa\u00f1o, C., SORDI, S (2026), \u201cLow-carbon transition policies, skill-driven inequality, and &hellip; <a href=\"https:\/\/docenti-deps.unisi.it\/serenasordi\/\" class=\"more-link\">Leggi tutto<span class=\"screen-reader-text\"> &#8220;Home&#8221;<\/span><\/a><\/p>\n","protected":false},"author":9,"featured_media":0,"parent":0,"menu_order":0,"comment_status":"closed","ping_status":"closed","template":"","meta":{"footnotes":""},"class_list":["post-9","page","type-page","status-publish","hentry"],"_links":{"self":[{"href":"https:\/\/docenti-deps.unisi.it\/serenasordi\/wp-json\/wp\/v2\/pages\/9","targetHints":{"allow":["GET"]}}],"collection":[{"href":"https:\/\/docenti-deps.unisi.it\/serenasordi\/wp-json\/wp\/v2\/pages"}],"about":[{"href":"https:\/\/docenti-deps.unisi.it\/serenasordi\/wp-json\/wp\/v2\/types\/page"}],"author":[{"embeddable":true,"href":"https:\/\/docenti-deps.unisi.it\/serenasordi\/wp-json\/wp\/v2\/users\/9"}],"replies":[{"embeddable":true,"href":"https:\/\/docenti-deps.unisi.it\/serenasordi\/wp-json\/wp\/v2\/comments?post=9"}],"version-history":[{"count":156,"href":"https:\/\/docenti-deps.unisi.it\/serenasordi\/wp-json\/wp\/v2\/pages\/9\/revisions"}],"predecessor-version":[{"id":3936,"href":"https:\/\/docenti-deps.unisi.it\/serenasordi\/wp-json\/wp\/v2\/pages\/9\/revisions\/3936"}],"wp:attachment":[{"href":"https:\/\/docenti-deps.unisi.it\/serenasordi\/wp-json\/wp\/v2\/media?parent=9"}],"curies":[{"name":"wp","href":"https:\/\/api.w.org\/{rel}","templated":true}]}}