{"id":1081,"date":"2017-09-04T08:01:30","date_gmt":"2017-09-04T06:01:30","guid":{"rendered":"http:\/\/docenti-deps.unisi.it\/sergiocesaratto\/?page_id=1081"},"modified":"2024-12-10T12:51:57","modified_gmt":"2024-12-10T11:51:57","slug":"economia-internazionale","status":"publish","type":"page","link":"https:\/\/docenti-deps.unisi.it\/sergiocesaratto\/economia-internazionale\/","title":{"rendered":"Economia internazionale"},"content":{"rendered":"<p style=\"text-align: center\"><strong>Economia internazionale AA 2024-25<\/strong><\/p>\n<p style=\"text-align: center\"><strong>Non rispondo a mail. Per informazioni sul preappello si viene in aula. Chi ha sostenuto la prima prova pu\u00f2 venire senza iscrizione. Chi sostiene tutta la prova lasci il nome a lezione.<\/strong><\/p>\n<p style=\"text-align: center\">Questa \u00e8 la pagina del corso di EI e strumento di comunicazione docente-studenti. <strong>Consultatela spesso<\/strong>.<\/p>\n<p>&nbsp;<\/p>\n<p>&#8211; <strong>seconda prova intermedia<\/strong> (e pre-appello) 18 dicembre ore 14-16, aula Caparrelli B.<\/p>\n<p>Si prega vivamente di fissare il <strong>ricevimento<\/strong> su appuntamento scrivendo con congruo anticipo alla mail <a href=\"mailto:Cesaratto@unisi.it\" rel=\"nofollow\">Cesaratto@unisi.it<\/a>. Il professore risponder\u00e0 tempestivamente a ogni quesito posto per e mail anche nei week end. <strong>Non rispondo per\u00f2 a mail su argomenti che possono esser chiesti a lezione, ai colleghi, o stanno in questa pagina.<\/strong><\/p>\n<p style=\"text-align: center\"><strong>Economia internazionale 2024-25<\/strong><\/p>\n<p style=\"text-align: center\"><strong>Programma prof. Cesaratto aggiornato al novembre 2024<br \/>\n<\/strong><\/p>\n<p><strong>Il corso \u00e8 complesso e richiede molto impegno, continuit\u00e0 nella frequenza, e soprattutto interesse.\u00a0<\/strong><\/p>\n<p>La prova d\u2019esame sar\u00e0 scritta con domande aperte e piccoli esercizi.<\/p>\n<p>Materiali di studio di base sono: Sergio Cesaratto, <em>Sei lezioni di economia<\/em>, Diarkos, 2019 (in parte gi\u00e0 studiato col prof. Pariboni) e le dispense (disponibili in questa pagina web)<\/p>\n<p>Nella prima parte del corso il prof. Pariboni introdurr\u00e0 alcuni concetti di base ed esporr\u00e0 le teorie del commercio internazionale alla luce di diverse impostazioni in economia politica e monetaria (classica, marginalista, keynesiana); discuter\u00e0 inoltre del \u201cvincolo estero\u201d, un elemento centrale di questo corso. Successivamente il prof. Cesaratto tratter\u00e0 degli aspetti monetari dell\u2019economia internazionale e dei sistemi monetari internazionali; introdurr\u00e0 anche alcuni elementi delle <em>international political economy<\/em> (una disciplina a met\u00e0 strada fra l\u2019economia internazionale e la scienza politica delle relazioni internazionali con risvolti molto attuali); tratter\u00e0 infine dell\u2019economia italiana nella crisi europea.<\/p>\n<p><strong>Programma della prima parte (prof. Riccardo Pariboni): \u201cParte reale\u201d (revisione di analisi economica, concetti di base e commercio internazionale). Riferirsi alla pagina web del prof. Pariboni per i dettagli.<\/strong><\/p>\n<p><strong>Programma della seconda parte, Prof. Sergio Cesaratto: \u201cParte monetaria\u201d (sistemi di pagamento, macroeconomia monetaria internazionale, sistemi di cambio, unione monetaria europea, <em>International Political Economy<\/em>)<\/strong><\/p>\n<p>Attenzione: le dispense sono state rilette e corrette negli ultimi mesi.<\/p>\n<p>1) <strong>Preliminari<\/strong>: vi \u00e8 richiesto di conoscere la teoria della moneta endogena e il funzionamento dei pagamenti interbancari. Il prof. Cesaratto ne riassumer\u00e0 gli elementi essenziali basandosi sulla PPP <a href=\"https:\/\/docenti-deps.unisi.it\/sergiocesaratto\/wp-content\/uploads\/sites\/26\/2024\/11\/Cesaratto-Moneta-endogena-e-pol-monet.pptx\">Cesaratto-Moneta endogena e pol monet <\/a>di cui soffermarsi su slides 3, 4, 6, 8, 9. Materiali di studio: su moneta endogena si studi perfettamente il cap. 4 di <em>Sei lezioni<\/em>; + disp. 1 conti nostro\/vostro.<\/p>\n<p>2) <strong>Nozioni introduttive su Bilancia dei pagamenti, vincolo estero e determinazione del tasso di cambio e su come funzionano i pagamenti internazionali (extra-UE e infra-EU)<\/strong><\/p>\n<p>Materiali di studio: <a href=\"https:\/\/docenti-deps.unisi.it\/sergiocesaratto\/wp-content\/uploads\/sites\/26\/2024\/11\/Dispensa-1-nov-24.pdf\">Dispensa 1 nov 24<\/a> e cap. 4 di <em>Sei lezioni<\/em><\/p>\n<p>2) <strong>Macroeconomia monetaria e sistemi di cambio: il modello monetario della bilancia dei pagamenti, il modello IS\/LM\/BP<\/strong><\/p>\n<p>Materiali di studio: <a href=\"https:\/\/docenti-deps.unisi.it\/sergiocesaratto\/wp-content\/uploads\/sites\/26\/2024\/08\/Dispensa-2A.pdf\">Dispensa 2A<\/a> \u00a0 <a href=\"https:\/\/docenti-deps.unisi.it\/sergiocesaratto\/wp-content\/uploads\/sites\/26\/2024\/11\/Dispensa-2B.pdf\">Dispensa 2B<\/a> <a href=\"https:\/\/docenti-deps.unisi.it\/sergiocesaratto\/wp-content\/uploads\/sites\/26\/2024\/11\/Dispensa-2C-1.pdf\">Dispensa 2C 1<\/a> <a href=\"https:\/\/docenti-deps.unisi.it\/sergiocesaratto\/wp-content\/uploads\/sites\/26\/2024\/11\/Dispensa-2C-2.pdf\">Dispensa 2C 2<\/a> \u00a0 \u00a0 <a href=\"https:\/\/docenti-deps.unisi.it\/sergiocesaratto\/wp-content\/uploads\/sites\/26\/2024\/11\/Dispensa-2D.pdf\">Dispensa 2D<\/a> <a href=\"https:\/\/docenti-deps.unisi.it\/sergiocesaratto\/wp-content\/uploads\/sites\/26\/2024\/08\/Appendice-dispensa-2.pdf\">Appendice dispensa 2<\/a> <a href=\"https:\/\/docenti-deps.unisi.it\/sergiocesaratto\/wp-content\/uploads\/sites\/26\/2023\/11\/Schema-dispensa-1.pdf\">Schema appendice dispensa 2<\/a> (mi dispiace per lo spezzatino, ma non mi caricava file lunghi)<\/p>\n<p>Contrariamente a quanto annunciato, per motivi didattici vanno studiati tutti i casi di IS-LM-BP \ud83d\ude41<\/p>\n<p>3) <strong>Sistemi monetari internazionali<\/strong> (regimi di cambio, evoluzione sistema monetario internazionale, ruolo del dollaro).<\/p>\n<p>Materiali di studio: <a href=\"https:\/\/docenti-deps.unisi.it\/sergiocesaratto\/wp-content\/uploads\/sites\/26\/2024\/08\/Dispensa-3A.pdf\">Dispensa 3A<\/a>\u00a0 <a href=\"https:\/\/docenti-deps.unisi.it\/sergiocesaratto\/wp-content\/uploads\/sites\/26\/2024\/08\/Cesaratto-EI-sistema-monetario-internazionale-dispensa-3B.docx\">Cesaratto EI sistema monetario internazionale dispensa 3B<\/a><\/p>\n<p>Nelle dispense ci sono box e letture. Potete anche non studiarle, ma per un esame brillante \u00e8 bene farlo, soprattutto i box. Per esempio leggete questo breve articolo: https:\/\/www.eurointelligence.com\/column\/dont-underestimate-the-brics<\/p>\n<p>4) <strong>Accenni alla <em>International Political Economy<\/em><\/strong> (incluso realismo politico e le sue implicazioni per le tensioni geopolitiche attuali coi loro riflessi economici)<\/p>\n<p>Materiali di studio: capitoli da Jackson, Sorensen, <em>Relazioni internazionali<\/em>, 2da ed. Egea <strong>ed. 2005<\/strong>, oppure 7ma ed. 2019 (in biblioteca): capitoli e pagine. Ed. 2005: cap. 2: <strong>pp. 33-45<\/strong>, 49-53 (leggere), 57-60 (leggere); cap 3: <strong>67-76<\/strong>, 90-98 (leggere); cap. 7 <strong>fino p. 220<\/strong> (escludere Cox e successivi autori). <strong>Ed. 2019<\/strong>: cap. 2: 36-49, 53-58, 62-65; cap. 3: 76-86; cap. 6 fino p. 215 (escludere Cox e successivi autori).<\/p>\n<p><a href=\"https:\/\/docenti-deps.unisi.it\/sergiocesaratto\/wp-content\/uploads\/sites\/26\/2023\/12\/IPE-1zip.pdf\">IPE 1zip<\/a> <a href=\"https:\/\/docenti-deps.unisi.it\/sergiocesaratto\/wp-content\/uploads\/sites\/26\/2023\/12\/IPE-2-zip.pdf\">IPE 2 zip<\/a> <a href=\"https:\/\/docenti-deps.unisi.it\/sergiocesaratto\/wp-content\/uploads\/sites\/26\/2023\/12\/IPE-3-zip.pdf\">IPE 3 zip<\/a> (edizione 2005)<\/p>\n<p>Consiglio di non prendere sottogamba questa parte del corso (molt* si giocano un voto alto per averla omessa).<\/p>\n<p>Chi interessato (dovrebbero esserlo tutt*!) alla rilevanza del realismo politico versus l&#8217;idealismo (liberalismo) nella situazione geopolitica attuale legga: https:\/\/www.lantidiplomatico.it\/dettnews-lucraina_ha_diritto_ad_aderire_alla_nato_realismo_versus_idealismo\/5871_57495\/<\/p>\n<p>(l&#8217;autore \u00e8 un ex ambasciatore Italiano a Pechino)<\/p>\n<p>5) <strong>Vicende economia italiana, SME, UME, ciclo di Frenkel e crisi europea, politica monetaria europea<\/strong> (acceni).<\/p>\n<p>Materiali di studio: <em>Sei lezioni di economia<\/em> cap. 5. Mi raccomando di studiare bene le vicende italiane, il ciclo di Frenkel, il mercantilismo monetario tedesco (tipiche domande d\u2019esame). Sul funzionamento della politica monetaria (in tempi normali) si studi <em>Sei lezioni<\/em> pp.331-337 e 393-399 (per le volenterose).<\/p>\n<p>[Inoltre fortemente consigliati su Unione monetaria europea e teoria delle aree valutarie ottimali: S. Cesaratto, La moneta senza politica, in <em>Dopo<\/em> <em>le crisi. Dialoghi sul futuro dell\u2019Europa, <\/em>a cura di Edmondo Mostacci , Alessandro Somma, Rogas <a href=\"https:\/\/docenti-deps.unisi.it\/sergiocesaratto\/wp-content\/uploads\/sites\/26\/2021\/08\/Cesaratto-in-LIBRO-SOMMA.pdf\">Cesaratto in LIBRO SOMMA ; <\/a>Slides: <a href=\"https:\/\/docenti-deps.unisi.it\/sergiocesaratto\/wp-content\/uploads\/sites\/26\/2019\/10\/Slides-Europeancrisis.ppt\">Slides Europeancrisis<\/a> in particolare n. 10, 13, 14, 23]<\/p>\n<p style=\"text-align: center\">***<\/p>\n<p><strong>AVVERTENZE PROVE INTERMEDIE E DI ESAME\u00a0<\/strong> Alle prove intermedie (ma anche agli esami) si viene preparati e nom &#8220;per provarci&#8221;! Ritiri e bocciature saranno registrate. In aula ci si colloca a cominciare dalla prima fila un posto s\u00ec e uno no, una linea di sedie s\u00ec e una no, in file verticali (fatelo erch\u00e9 abbiamo tempi ridotti). Via borse, borsette, zainetti, cellulari e calcolatrici (pena espulsione). Si rammenta che tentativi di copiatura ecc. sono puniti con la sospensione di sei mesi. Per fatti pi\u00f9 gravi pu\u00f2 scattare la denuncia penale. Portare documento con foto riconoscibile e tessera universitaria.<\/p>\n<p>L\u2019esame \u00e8 in forma scritta su temi aperti. E\u2019 prevista una prova intermedia.\u00a0 Verranno poste domande puntuali e pi\u00f9 generali, ed eventuali piccoli esercizi.<\/p>\n<p>Testi vecchi compiti <a href=\"https:\/\/docenti-deps.unisi.it\/sergiocesaratto\/wp-content\/uploads\/sites\/26\/2023\/11\/Test-passati-part-B.docx\">Test passati part B<\/a><\/p>\n","protected":false},"excerpt":{"rendered":"<p>Economia internazionale AA 2024-25 Non rispondo a mail. Per informazioni sul preappello si viene in aula. Chi ha sostenuto la prima prova pu\u00f2 venire senza iscrizione. Chi sostiene tutta la prova lasci il nome a lezione. Questa \u00e8 la pagina del corso di EI e strumento di comunicazione docente-studenti. Consultatela spesso. &nbsp; &#8211; seconda prova &hellip; <a href=\"https:\/\/docenti-deps.unisi.it\/sergiocesaratto\/economia-internazionale\/\" class=\"more-link\">Leggi tutto<span class=\"screen-reader-text\"> &#8220;Economia internazionale&#8221;<\/span><\/a><\/p>\n","protected":false},"author":22,"featured_media":0,"parent":0,"menu_order":0,"comment_status":"closed","ping_status":"closed","template":"","meta":{"footnotes":""},"class_list":["post-1081","page","type-page","status-publish","hentry"],"_links":{"self":[{"href":"https:\/\/docenti-deps.unisi.it\/sergiocesaratto\/wp-json\/wp\/v2\/pages\/1081","targetHints":{"allow":["GET"]}}],"collection":[{"href":"https:\/\/docenti-deps.unisi.it\/sergiocesaratto\/wp-json\/wp\/v2\/pages"}],"about":[{"href":"https:\/\/docenti-deps.unisi.it\/sergiocesaratto\/wp-json\/wp\/v2\/types\/page"}],"author":[{"embeddable":true,"href":"https:\/\/docenti-deps.unisi.it\/sergiocesaratto\/wp-json\/wp\/v2\/users\/22"}],"replies":[{"embeddable":true,"href":"https:\/\/docenti-deps.unisi.it\/sergiocesaratto\/wp-json\/wp\/v2\/comments?post=1081"}],"version-history":[{"count":320,"href":"https:\/\/docenti-deps.unisi.it\/sergiocesaratto\/wp-json\/wp\/v2\/pages\/1081\/revisions"}],"predecessor-version":[{"id":5771,"href":"https:\/\/docenti-deps.unisi.it\/sergiocesaratto\/wp-json\/wp\/v2\/pages\/1081\/revisions\/5771"}],"wp:attachment":[{"href":"https:\/\/docenti-deps.unisi.it\/sergiocesaratto\/wp-json\/wp\/v2\/media?parent=1081"}],"curies":[{"name":"wp","href":"https:\/\/api.w.org\/{rel}","templated":true}]}}