{"id":13,"date":"2014-08-26T23:41:39","date_gmt":"2014-08-26T21:41:39","guid":{"rendered":"http:\/\/michelangelovasta.wordpress.com\/?page_id=13"},"modified":"2023-08-30T17:27:03","modified_gmt":"2023-08-30T15:27:03","slug":"curriculum","status":"publish","type":"page","link":"https:\/\/docenti-deps.unisi.it\/sergiocesaratto\/curriculum\/","title":{"rendered":"curriculum"},"content":{"rendered":"<p style=\"text-align: center\"><strong>CV ITALIAN (below in English)<\/strong><\/p>\n<p style=\"text-align: justify\">Nato a Roma il 4 agosto 1955; 2 figli.<\/p>\n<p style=\"text-align: justify\">Residenza: Giacomo Ciamician 4 &#8211; 00156 Roma<\/p>\n<p style=\"text-align: justify\">\u00a0E mail: <a href=\"mailto:Cesaratto@unisi.it\" rel=\"nofollow\">Cesaratto@unisi.it<\/a><\/p>\n<p style=\"text-align: justify\"><strong>Posizione corrente<\/strong><\/p>\n<p style=\"text-align: justify\"><em>Professore ordinario<\/em>, Universit\u00e0 degli Studi di Siena, Dipartimento di Economia Politica e statistica.<\/p>\n<p style=\"text-align: justify\"><strong>Posizioni precedenti<\/strong><\/p>\n<p style=\"text-align: justify\"><em>Presidente<\/em> del Comitato per la didattica del Corso di Laurea in Scienze per la cooperazione e lo sviluppo., aa 2006-07, 2007-08<\/p>\n<p style=\"text-align: justify\"><em>Professore associato<\/em>, Universit\u00e0 degli Studi di Siena (novembre 2000-gennaio 2005)<\/p>\n<p style=\"text-align: justify\"><em>Ricercatore universitario<\/em>, Dipartimento di Economia Pubblica, Universit\u00e0 di Roma &#8220;La Sapienza&#8221; (giugno 1993-ottobre 2000).<\/p>\n<p style=\"text-align: justify\"><em>Ricercatore<\/em> <em>CNR<\/em>, Istituto di Studi sulla Ricerca e Documentazione Scientifica, Consiglio Nazionale delle Ricerche\u00a0 (gennaio 1983-maggio 1992).<\/p>\n<p style=\"text-align: justify\"><strong>Formazione universitaria<\/strong><\/p>\n<p style=\"text-align: justify\">&#8211; <em>Dottorato di ricerca<\/em> in Economia Politica (1\u00b0 ciclo), Dipartimento di Economia Pubblica, Universit\u00e0 &#8216;La Sapienza&#8217; di Roma, 1988; supervisore\u00a0 Prof. G.M.Rey.<\/p>\n<p style=\"text-align: justify\">&#8211; <em>Master of Arts<\/em> in Economics and Social Studies, Universit\u00e0 di Manchester (R.U.), Facolt\u00e0 di Economia e Studi Sociali, 1986; supervisore Prof. J.S.Metcalfe.<\/p>\n<p style=\"text-align: justify\"><em>&#8211; Laurea<\/em> in Economia e Commercio, Universit\u00e0 &#8216;La Sapienza&#8217; di Roma, 1981, votazione 110\/110 e lode, relatore Prof. P. Garegnani.<\/p>\n<p style=\"text-align: justify\"><strong>Borse di studio<\/strong><\/p>\n<p style=\"text-align: justify\">Fondazione Luigi Einaudi (1981-82, 1982-83); borsa CNR-NATO (1989-90); borsa &#8220;post-dottorato&#8221;, Universit\u00e0 di Siena, (1991-92).<\/p>\n<p style=\"text-align: justify\"><strong>Attivit\u00e0 didattiche correnti<\/strong><\/p>\n<p style=\"text-align: justify\"><strong>Dipartimento di economia e statistica (ex Facolt\u00e0 di Economia Richard Goodwin):<\/strong><\/p>\n<p style=\"text-align: justify\">&#8211; Economia internazionale (laurea triennale 60 ore)<\/p>\n<p style=\"text-align: justify\">&#8211; Politica fiscale e monetaria dell\u2019Unione Europea (laurea magistrale, 60 ore)<\/p>\n<p style=\"text-align: justify\">&#8211; Dottorato di ricerca (modulo Macroeconomics II; Advanced Topics in Macroeconomics; 12 ore)<\/p>\n<p style=\"text-align: justify\"><strong>Attivit\u00e0 didattiche trascorse<\/strong><\/p>\n<p style=\"text-align: justify\">DEPS<\/p>\n<p style=\"text-align: justify\">&#8211; Economia della crescita e dello sviluppo (laurea triennale, 60 ore)<\/p>\n<p style=\"text-align: justify\"><strong> <em>Facolt\u00e0 di Scienze Politiche, Universit\u00e0 degli studi di Siena:<\/em> <\/strong><\/p>\n<p style=\"text-align: justify\">&#8211; Economia politica (laurea triennale, 8 crediti).<\/p>\n<p style=\"text-align: justify\">&#8211; Economia dello sviluppo (laurea magistrale, 8 crediti).<\/p>\n<p style=\"text-align: justify\"><em>&#8211; Master in<\/em> <em>Politics, Policy, and Society in Contemporary Europe<\/em> (in consorzio con 6 universit\u00e0 europee e americane): modulo dedicato all\u2019economia italiana (20 ore)<\/p>\n<p style=\"text-align: justify\"><strong> <em>Altre<\/em> <\/strong><\/p>\n<p style=\"text-align: justify\">&#8211; Docente dal 2007 presso la Societ\u00e0 Italiana per le Relazioni Internazionali (Sioi), Roma;<\/p>\n<p style=\"text-align: justify\">&#8211; Docente di Master di aggiornamento per pubblici funzionari, 2009-13.<\/p>\n<p style=\"text-align: justify\">&#8211; Docente presso il Ministero degli Affari Esteri, Istituto diplomatico, corso per funzionari commerciali, 2009.<\/p>\n<p><strong><em>Valutazione della ricerca<\/em><\/strong><\/p>\n<p>Valutatore di progetti per l\u2019Unione Europea (2013)<\/p>\n<p>Membro della commissione nazionale di valutazione <strong>PRIN 2017<\/strong> \u2013 SH1<\/p>\n<p>Membro della commissione nazionale per l\u2019<strong>Abilitazione scientifica nazionale <\/strong>2018-2020, settore 13\/A1.<\/p>\n<p style=\"text-align: justify\"><strong>Soggiorni all\u2019estero come visiting scholar<\/strong><\/p>\n<p style=\"text-align: justify\">Universit\u00e0 di Salonicco, 2017. University of Korea, Seoul, 30 November- 11 December 2012; Universit\u00e0 Autonoma de Santo Domingo (Republica Dominicana), 31 January &#8211; 11 Fevruary 2012; Universit\u00e0 di Castilla-La Mancha (Spagna), maggio 2010; Centro Celso Furtado (Rio de Janeiro), Universit\u00e0 Federale Fluminense (Niteroi) e di Rio de Janeiro, settembre 2009; Universit\u00e0 di Friburgo (Germania), autunno 2008 e primavera 2010; Universit\u00e0 di Trondheim, Norvegia agosto 2004; Universit\u00e0 Federale di Rio de Janeiro, febbraio 1997 e agosto 2001; Universit\u00e0 di Cambridge (ESRC-Centre for Business Research-Department of Applied Economics e Judge Institute of Management Universit\u00e0 Autonoma de Santo Domingo (Republica Dominicana), 31 January &#8211; 11 Fevruary 2012; Studies) 1996;\u00a0 Universit\u00e9 du Queb\u00e9c a Montr\u00e9al (D\u00e8partment des Sciences Administratives, Ecole des Sciences de la Gestion) ottobre 1992\u00a0; Universit\u00e0 di Cambridge (St Edmund&#8217;s College e Facolt\u00e0 di Economia) 1990.<\/p>\n<p style=\"text-align: justify\"><strong>Coordinamento e partecipazione a ricerche Prin-MIUR<\/strong><\/p>\n<p style=\"text-align: justify\">2001-2003: <em>coordinatore<\/em> gruppo locale di Siena, gruppo PRIN-Murst 40% \u201cImplicazioni della moderna ripresa dell\u2019impostazione classica per l\u2019analisi macroeconomia della disoccupazione, crescita economica e Stato sociale\u201d (coord. naz.prof.P.Garegnani) (finaz. Miur DM n.235 nov.2001).<\/p>\n<p style=\"text-align: justify\">1998-2000: <em>coordinatore<\/em> del gruppo locale \u201cLa Sapienza\u201d, gruppo PRIN-Murst \u201cSraffa e l\u2019economia politica moderna\u201d (coord. naz.prof.P.Garegnani)<\/p>\n<p style=\"text-align: justify\">1994-96: partecipazione ai gruppi Murst ex-40% &#8220;Politiche per l&#8217;occupazione&#8221; (coord. naz.prof. N.Acocella); 1990-1994: gruppo su &#8220;Istituzioni e crescita economica&#8221; (coord. naz. prof. S.Parrinello); 1985-87: gruppo su &#8220;Politiche dell&#8217;occupazione in Europa nell&#8217;ultimo decennio&#8221; (coord.naz. prof. P.Garegnani).<\/p>\n<p style=\"text-align: justify\"><strong>Attivit\u00e0 di coordinamento di altri gruppi di ricerca<\/strong><\/p>\n<p style=\"text-align: justify\"><em>Coordinatore<\/em> della ricerca su contratto per conto del &#8220;European Innovation Monitoring System&#8221;, Unione Europea, SPRINT-Eims project 94\/121 (&#8220;The impact of Innovation on Employment in Europe. An Analysis using CIS data&#8221;), 1994-96.<\/p>\n<p style=\"text-align: justify\"><em>Coordinatore<\/em> del gruppo di ricerca Isrds-CNR\/Universit\u00e0 di Roma e Siena <em>su Il dottorato di ricerca in Italia<\/em>, 1990-1994.<\/p>\n<p style=\"text-align: justify\">Coordinatore della ricerca di Ateneo, PAR-Universit\u00e0 di Siena 2003-2005.<\/p>\n<p style=\"text-align: justify\">Coordinatore della ricerca di Ateneo, PAR-Universit\u00e0 di Siena 2006-2008.<\/p>\n<p style=\"text-align: justify\"><strong>Attivit\u00e0 come referee<\/strong><\/p>\n<p style=\"text-align: justify\"><em>Cambridge Journal of Economics, Research Policy, Review of Keynesian Economics, Metroeconomica, Intervention, Review of Political Economy; Studi economici, Rivista Italiana degli Economisti, Economics of Innovation and New Technology, European Journal of Economic History, Regional Studies, Journal of Pension Economics and Finance, International Review of Applied Economics, European Journal of Economic and Social System, International Political Science Review, Eastern Economic Journal, Journal of Economic Behaviour and Organization, Comparative Economic Studies.<\/em><\/p>\n<p style=\"text-align: justify\"><strong>Recenti presentazioni a convegni, seminari e lezioni<\/strong><\/p>\n<p style=\"text-align: justify\">Economic Association for Evolutionary Economics, Siena 2001; 4<sup>th<\/sup> International Research Conference on Social Security, Antwerp 2003; EPOC Conference on the <em>Privatisation of Public Pension Systems<\/em>, Wien 2003; Conference on <em>Economic Growth and Distribution: on the Nature and Causes of the Wealth of Nations<\/em>, Lucca, 2004; Conference of the Keynesian Inspired Economics Network, Roskilde, 2004; 8<sup>th<\/sup> Conference Associazione per la storia del pensiero economico, Palermo 2004; 8<sup>th<\/sup> Workshop of the Research Network \u2018Alternative Conceptions of Macroeconomic Policies\u2019, Berlin, 2004; AIEL, Universit\u00e0 di Roma \u201cLa Sapienza\u201d. Roma, Settembre 2005; convegno: La critica della politica economica e le linee programmatiche delle coalizioni progressiste, Roma, 30 settembre 2006; Third Bi-Annual Dijon Conference on &#8220;Post-Keynesian Principles of Economic Policy&#8221;, November 30 &#8211; December 1, 2007, Universit\u00e0 della Borgogna, Dijon (Francia); Conference of the International Institute of Public Finance, Maastricht agosto 2008; Macroeconomic Policies on Shaky Foundations \u2013 Whither Mainstream Economics?, Berlin 31 October \u2013 1 November 2008; seminario presso l\u2019Universit\u00e0 di Freiburg (De), 22 gennaio 2008; aprile-maggio 2010: lezioni seminariali presso l\u2019Universit\u00e0 di Trieste e Castilla-La Mancha (S); 11th bi-annual Conference dell\u2019European Association of Comparative Economics, Tartu (Estonia);International Conference Sraffa&#8217;s <em>Production of Commodities by Means of Commodities<\/em> 1960-2010. 2<sup>nd<\/sup>-4<sup>th<\/sup> December 2010, Roma Tre University, Faculty of Economics. Fifth Post-Keynesian conference, 13-14th of May 2011, Roskilde University. Buenos Aires 21-23 Marzo 2012: &#8220;Jornadas de Economia Politica &#8211; Universidad Nacional de Quilmes&#8221; (su invito). University of Korea, Seoul, Dicembre 2012; Universit\u00e0 Autonoma de Santo Domingo (Republica Dominicana), marzo 2012. 1-2 November 2012 Workshop on the European Crisis, University of Galway (Ireland, by invitation). Universit\u00e0 di Cassino (aprile 2016). Convegno SVIMEZ-UniRoma3 ottobre 2016. Convegno STOREP, Piacenza, giugno 2017. 25 gennaio 2018 Universit\u00e0 di Freiburg (G)-Societ\u00e0 Dante Alighieri, Conferenza su Italia e Germania di fronte alla crisi. 14 Marzo 2018 Banca centrale austriaca, Vienna, Workshop &#8220;Real analysis versus monetary analysis: Does it matter and what are its main implications for macroeconomic theory and policy?&#8221;. Convegno STOREP, Siena, giugno 2019.<\/p>\n<p style=\"text-align: justify\"><strong>Varie<\/strong><\/p>\n<p style=\"text-align: justify\">Membro dell\u2019Editorial Advisory Board di <em>Review of Political Economy<\/em><\/p>\n<p style=\"text-align: justify\">Editoriali e articoli pubblicati da <em>Il Fatto<\/em>, <em>Il Foglio,<\/em> <em>Il Sole 24 Ore<\/em>, <em>Micromega<\/em>, <em>Il Manifesto<\/em>, <em>Terra<\/em>, <em>Sbilanciamoci, Il riformista, Europa, Left, L\u2019unit\u00e0, Social Europe Journal, Irish Left Review e altre testate, blog e riviste on line.<\/em><\/p>\n<p style=\"text-align: justify\">Negli anni scorsi (2009-2020) ha presentato relazioni a numerosissime iniziative pubbliche sul tema della crisi europea incluse quelle organizzate da CGIL, Fondazione Ebert, Fondazione Brodolini, Universit\u00e0 di Macerata, Pisa, Siena, Ferrara; Fondazione Rosselli, Collegio Carlo Alberto di Torino e da molte organizzazioni studentesche e politiche. Nel novembre 2011 ha promosso un appello per una diversa politica economica europea sottoscritto da oltre 300 economisti italiani e stranieri <a href=\"http:\/\/documentoeconomisti.blogspot.com\/\" rel=\"nofollow\">http:\/\/documentoeconomisti.blogspot.com\/<\/a><\/p>\n<p style=\"text-align: justify\">Valutatore di progetti per l\u2019Unione Europea (2013)<\/p>\n<p style=\"text-align: justify\"><a href=\"http:\/\/politicaeconomiablog.blogspot.com\/\" rel=\"nofollow\">http:\/\/politicaeconomiablog.blogspot.com\/<\/a>,<\/p>\n<p style=\"text-align: justify\"><a href=\"http:\/\/blog-micromega.blogautore.espresso.repubblica.it\/category\/sergio-cesaratto\/\" rel=\"nofollow\">http:\/\/blog-micromega.blogautore.espresso.repubblica.it\/category\/sergio-cesaratto\/<\/a>.<\/p>\n<p style=\"text-align: center\"><strong>CV ENGLISH<\/strong><\/p>\n<p><strong>Sergio Cesaratto<\/strong><\/p>\n<p>Born in Rome on August 4, 1955; 2 children.<\/p>\n<p>Residence: Giacomo Ciamician 4 &#8211; 00156 Rome<\/p>\n<p>E mail: <a href=\"mailto:Cesaratto@unisi.it\">Cesaratto@unisi.it<\/a><\/p>\n<p><strong>Current Position<\/strong><\/p>\n<p>Full Professor, University of Siena, Department of Political Economy and Statistics.<\/p>\n<p><strong>Former positions<\/strong><\/p>\n<p>Chairman of the Teaching Committee of the Degree Course in Sciences for Cooperation and Development, 2006-07, 2007-08<\/p>\n<p>Associate Professor, University of Siena (November 2000-January 2005)<\/p>\n<p>University researcher, Department of Public Economics, University of Rome &#8220;La Sapienza&#8221; (June 1993-October 2000).<\/p>\n<p>CNR researcher, Institute for Research Studies and Scientific Documentation, National Research Council (January 1983-May 1992).<\/p>\n<p><strong>University education<\/strong><\/p>\n<p>&#8211; PhD in Political Economy (1st cycle), Department of Public Economics, University &#8216;La Sapienza&#8217; of Rome, 1988; supervisor Prof. G.M.Rey.<\/p>\n<p>&#8211; Master of Arts in Economics and Social Studies, University of Manchester (R.U.), Faculty of Economics and Social Studies, 1986; supervisor Prof. J.S.Metcalfe.<\/p>\n<p>&#8211; Degree in Economics and Commerce, University &#8216;La Sapienza&#8217; of Rome, 1981, mark 110\/110 cum laude, supervisor Prof. P. Garegnani.<\/p>\n<p><strong>Scholarships<\/strong><\/p>\n<p>Luigi Einaudi Foundation (1981-82, 1982-83);<\/p>\n<p>CNR-NATO\/OTAN grant (1989-90);<\/p>\n<p>post-doctoral fellowship, University of Siena,<\/p>\n<p><strong>Activities as referee<\/strong><\/p>\n<p><em>Cambridge Journal of Economics, Research Policy, Review of Keynesian Economics, Metroeconomica, Intervention, Review of Political Economy; Studi economici, Rivista Italiana degli Economisti, Economics of Innovation and New Technology, European Journal of Economic History, Regional Studies, Journal of Pension Economics and Finance, International Review of Applied Economics, European Journal of Economic and Social System, International Political Science Review, Eastern Economic Journal, Journal of Economic Behaviour and Organization, Comparative Economic Studies.<\/em><\/p>\n<p><strong>Conferences and seminars<\/strong><\/p>\n<p>Economic Association for Evolutionary Economics, Siena 2001; 4<sup>th<\/sup> International Research Conference on Social Security, Antwerp 2003; EPOC Conference on the <em>Privatisation of Public Pension Systems<\/em>, Wien 2003; Conference on <em>Economic Growth and Distribution: on the Nature and Causes of the Wealth of Nations<\/em>, Lucca, 2004; Conference of the Keynesian Inspired Economics Network, Roskilde, 2004; 8<sup>th<\/sup> Conference Associazione per la storia del pensiero economico, Palermo 2004; 8<sup>th<\/sup> Workshop of the Research Network \u2018Alternative Conceptions of Macroeconomic Policies\u2019, Berlin, 2004; AIEL, Universit\u00e0 di Roma \u201cLa Sapienza\u201d. Roma, Settembre 2005; convegno: La critica della politica economica e le linee programmatiche delle coalizioni progressiste, Roma, 30 settembre 2006; Third Bi-Annual Dijon Conference on \u201cPost-Keynesian Principles of Economic Policy\u201d, November 30 \u2013 December 1, 2007, Universit\u00e0 della Borgogna, Dijon (Francia); Conference of the International Institute of Public Finance, Maastricht agosto 2008; Macroeconomic Policies on Shaky Foundations \u2013 Whither Mainstream Economics?, Berlin 31 October \u2013 1 November 2008; seminario presso l\u2019Universit\u00e0 di Freiburg (De), 22 gennaio 2008; aprile-maggio 2010: lezioni seminariali presso l\u2019Universit\u00e0 di Trieste e Castilla-La Mancha (S); 11th bi-annual Conference dell\u2019European Association of Comparative Economics, Tartu (Estonia);International Conference Sraffa\u2019s <em>Production of Commodities by Means of Commodities<\/em> 1960-2010. 2<sup>nd<\/sup>-4<sup>th<\/sup> December 2010, Roma Tre University, Faculty of Economics. Fifth Post-Keynesian conference, 13-14th of May 2011, Roskilde University. Buenos Aires 21-23 Marzo 2012: \u201cJornadas de Economia Politica \u2013 Universidad Nacional de Quilmes\u201d (su invito). University of Korea, Seoul, Dicembre 2012; Universit\u00e0 Autonoma de Santo Domingo (Republica Dominicana), marzo 2012. 1-2 November 2012 Workshop on the European Crisis, University of Galway (Ireland, by invitation). Universit\u00e0 di Cassino (aprile 2016). Convegno SVIMEZ-UniRoma3 ottobre 2016. Convegno STOREP, Piacenza, giugno 2017. 25 gennaio 2018 Universit\u00e0 di Freiburg (G)-Societ\u00e0 Dante Alighieri, Conferenza su Italia e Germania di fronte alla crisi. 14 Marzo 2018 Banca centrale austriaca, Vienna, Workshop \u201cReal analysis versus monetary analysis: Does it matter and what are its main implications for macroeconomic theory and policy?\u201d. Convegno STOREP, Siena, giugno 2019. Storep conference June 2021; Cambridge Journal of Economics Conference September 2021; EAEPE conference September 2021. Storep conference June 2023.<\/p>\n<p><strong>Various<\/strong><\/p>\n<p>Member of the Editorial and Advisory Board of <em>Review of Political Economy<\/em><\/p>\n<p>Member of the National Abilitation Committee for Economics (ASN) (2019-2021)<\/p>\n<p>Member of National Evaluation and Selection Committee for research project in Economics (PRIN 2017) 2017-2019<\/p>\n<p>Op-ed on main Italian newspapers including: <em>Il Fatto<\/em>, <em>Il Foglio,<\/em> <em>Il Sole 24 Ore<\/em>, <em>Micromega<\/em>, <em>Il Manifesto<\/em>, <em>Terra<\/em>, <em>Sbilanciamoci, Il riformista, Europa, Left, L\u2019unit\u00e0, Social Europe Journal, Irish Left Review e others, including blogs and on line magazines.<\/em><\/p>\n<p><strong>Blogs<\/strong><\/p>\n<p><a href=\"http:\/\/politicaeconomiablog.blogspot.com\/\">http:\/\/politicaeconomiablog.blogspot.com\/<\/a>,<\/p>\n<p><a href=\"http:\/\/blog-micromega.blogautore.espresso.repubblica.it\/category\/sergio-cesaratto\/\">http:\/\/blog-micromega.blogautore.espresso.repubblica.it\/category\/sergio-cesaratto\/<\/a>.<\/p>\n<blockquote class=\"wp-embedded-content\" data-secret=\"TrOx6o7aEf\"><p><a href=\"https:\/\/docenti-deps.unisi.it\/sergiocesaratto\/pubblications\/\">Pubblicazioni<\/a><\/p><\/blockquote>\n<p><iframe loading=\"lazy\" class=\"wp-embedded-content\" sandbox=\"allow-scripts\" security=\"restricted\" style=\"position: absolute; clip: rect(1px, 1px, 1px, 1px);\" title=\"&#8220;Pubblicazioni&#8221; &#8212; Sergio Cesaratto\" src=\"https:\/\/docenti-deps.unisi.it\/sergiocesaratto\/pubblications\/embed\/#?secret=TrOx6o7aEf\" data-secret=\"TrOx6o7aEf\" width=\"600\" height=\"338\" frameborder=\"0\" marginwidth=\"0\" marginheight=\"0\" scrolling=\"no\"><\/iframe><\/p>\n","protected":false},"excerpt":{"rendered":"<p>CV ITALIAN (below in English) Nato a Roma il 4 agosto 1955; 2 figli. Residenza: Giacomo Ciamician 4 &#8211; 00156 Roma \u00a0E mail: Cesaratto@unisi.it Posizione corrente Professore ordinario, Universit\u00e0 degli Studi di Siena, Dipartimento di Economia Politica e statistica. Posizioni precedenti Presidente del Comitato per la didattica del Corso di Laurea in Scienze per la &hellip; <a href=\"https:\/\/docenti-deps.unisi.it\/sergiocesaratto\/curriculum\/\" class=\"more-link\">Leggi tutto<span class=\"screen-reader-text\"> &#8220;curriculum&#8221;<\/span><\/a><\/p>\n","protected":false},"author":9,"featured_media":0,"parent":0,"menu_order":0,"comment_status":"closed","ping_status":"closed","template":"","meta":{"footnotes":""},"class_list":["post-13","page","type-page","status-publish","hentry"],"_links":{"self":[{"href":"https:\/\/docenti-deps.unisi.it\/sergiocesaratto\/wp-json\/wp\/v2\/pages\/13","targetHints":{"allow":["GET"]}}],"collection":[{"href":"https:\/\/docenti-deps.unisi.it\/sergiocesaratto\/wp-json\/wp\/v2\/pages"}],"about":[{"href":"https:\/\/docenti-deps.unisi.it\/sergiocesaratto\/wp-json\/wp\/v2\/types\/page"}],"author":[{"embeddable":true,"href":"https:\/\/docenti-deps.unisi.it\/sergiocesaratto\/wp-json\/wp\/v2\/users\/9"}],"replies":[{"embeddable":true,"href":"https:\/\/docenti-deps.unisi.it\/sergiocesaratto\/wp-json\/wp\/v2\/comments?post=13"}],"version-history":[{"count":20,"href":"https:\/\/docenti-deps.unisi.it\/sergiocesaratto\/wp-json\/wp\/v2\/pages\/13\/revisions"}],"predecessor-version":[{"id":5461,"href":"https:\/\/docenti-deps.unisi.it\/sergiocesaratto\/wp-json\/wp\/v2\/pages\/13\/revisions\/5461"}],"wp:attachment":[{"href":"https:\/\/docenti-deps.unisi.it\/sergiocesaratto\/wp-json\/wp\/v2\/media?parent=13"}],"curies":[{"name":"wp","href":"https:\/\/api.w.org\/{rel}","templated":true}]}}