{"id":812,"date":"2016-02-19T15:18:34","date_gmt":"2016-02-19T14:18:34","guid":{"rendered":"http:\/\/docenti-deps.unisi.it\/sergiocesaratto\/?page_id=812"},"modified":"2018-11-22T14:48:50","modified_gmt":"2018-11-22T13:48:50","slug":"economia-della-crescita-e-dello-sviluppo","status":"publish","type":"page","link":"https:\/\/docenti-deps.unisi.it\/sergiocesaratto\/economia-della-crescita-e-dello-sviluppo\/","title":{"rendered":"Economia della crescita e dello sviluppo"},"content":{"rendered":"<h2 style=\"text-align: center\">Dall&#8217;AA 2017-18 il corso di economia della crescita non \u00e8 pi\u00f9 impartito<\/h2>\n<p><strong>NEW<\/strong> risultati Visione compito, marted\u00ec 11,30-12, chi rifiuta mandi mail entro luned\u00ec<\/p>\n<p>Economia della crescita 3 7 2018<\/p>\n<p>054789 DLF 26<\/p>\n<p><strong><br \/>\n<\/strong><\/p>\n<p>Si ricorda di <b>concordare ricevimento via e mail <a class=\"mailto\" href=\"mailto:Cesaratto@unisi.it\" rel=\"nofollow\">Cesaratto@unisi.it<\/a> <\/b> specie se fuori semestre. Grazie.<\/p>\n<p style=\"text-align: center\"><u>DAL PRIMO SETTEMBRE IN LIBRERIA <\/u>(La versione kindle sar\u00e0 disponibile dal 9 settembre<\/p>\n<p style=\"text-align: center\"><strong>SEI LEZIONI DI ECONOMIA<\/strong><\/p>\n<p style=\"text-align: center\">CONOSCENZE NECESSARIE PER CAPIRE LA CRISI PI\u00d9 LUNGA<\/p>\n<p style=\"text-align: center\">(E COME USCIRNE )<\/p>\n<p style=\"text-align: center\">di<strong> SERGIO CESARATTO<\/strong><\/p>\n<p style=\"text-align: center\"><strong>IMPRIMATUR editore<\/strong><\/p>\n<p>NEWS: nuovo programma e materiali didattici 2016-17.<\/p>\n<p><strong>Programma 2016-17 e testi da studiare<\/strong><\/p>\n<ol>\n<li><strong>Parte introduttiva (atti stilizzati crescita; eventi recenti; transizione demografica)<\/strong><\/li>\n<\/ol>\n<p><a href=\"https:\/\/docenti-deps.unisi.it\/sergiocesaratto\/wp-content\/uploads\/sites\/26\/2016\/09\/Dispensa-2016-17-PART-1.1.pdf\" rel=\"nofollow\">Dispense cap. 1<\/a><\/p>\n<ol>\n<li><strong>Economia politica classica<\/strong><\/li>\n<\/ol>\n<p>S.Cesaratto, <em>Sei lezioni di economia<\/em>, Imprimatur editore, 2016, cap. 1; <a href=\"https:\/\/docenti-deps.unisi.it\/sergiocesaratto\/wp-content\/uploads\/sites\/26\/2016\/09\/Dispensa-2016-17-PART-1.1.pdf\" rel=\"nofollow\">Dispense cap. 2<\/a><\/p>\n<ol start=\"3\">\n<li><strong> Economia politica marginalista<\/strong><\/li>\n<\/ol>\n<p>S.Cesaratto, <em>Sei lezioni di economia<\/em>, Imprimatur editore, 2016, cap. 2; <a href=\"https:\/\/docenti-deps.unisi.it\/sergiocesaratto\/wp-content\/uploads\/sites\/26\/2016\/08\/Dispensa-2016-17-PART-2-2.pdf\" rel=\"nofollow\">dispense cap. 3<\/a>; <a href=\"https:\/\/docenti-deps.unisi.it\/sergiocesaratto\/wp-content\/uploads\/sites\/26\/2016\/09\/Campus-De-Vivo-1980.pdf\" rel=\"nofollow\">Antonia Campus e Giancarlo De Vivo<\/a>, Preferenza per la liquidit\u00e0 e moltiplicatore nella Teoria Generale: una recente interpretazione di Keynes, <em>Ricerche Economiche<\/em>, 24\/3-4, 1980.<\/p>\n<ol start=\"4\">\n<li><strong> La teoria keynesiana<\/strong><\/li>\n<\/ol>\n<p>S.Cesaratto, <em>Sei lezioni di economia<\/em>, Imprimatur editore, 2016, cap. 3; <a href=\"https:\/\/docenti-deps.unisi.it\/sergiocesaratto\/wp-content\/uploads\/sites\/26\/2016\/08\/Dispensa-2016-17-PART-2-2.pdf\" rel=\"nofollow\">dispense cap. 4<\/a><\/p>\n<ol start=\"5\">\n<li><strong> Teoria della moneta endogena, investimenti e crescita<\/strong><\/li>\n<\/ol>\n<p>S.Cesaratto, <em>Sei lezioni di economia<\/em>, Imprimatur editore, 2016, cap. 4; Jakab, Z., Kumhof, M. (2015) \u2018Banks are not intermediaries of loanable funds &#8211; and why this matters\u2019, Bank of England, Working Paper No. 529. pp. 1-14.<\/p>\n<ol start=\"5\">\n<li><strong> Modelli di crescita (Solow; Supermoltiplicatore sraffiano; Schumpeter)<\/strong><\/li>\n<\/ol>\n<p><a href=\"https:\/\/docenti-deps.unisi.it\/sergiocesaratto\/wp-content\/uploads\/sites\/26\/2016\/08\/Dispensa-2016-17-PART-2-2.pdf\" rel=\"nofollow\">dispense cap. 5<\/a>; Cesaratto, S., Stirati, A. &amp; Serrano, F. (2003) Technical change, effective demand and employment. <em>Review of Political Economy<\/em>, 15, pp. 33-52.<\/p>\n<ol start=\"6\">\n<li><strong> La crescita in economia aperta<\/strong><\/li>\n<\/ol>\n<p>S.Cesaratto, <em>Sei lezioni di economia<\/em>, Imprimatur editore, 2016, cap. 4; <a href=\"https:\/\/docenti-deps.unisi.it\/sergiocesaratto\/wp-content\/uploads\/sites\/26\/2016\/08\/Dispensa-2016-17-PART-2-2.pdf\" rel=\"nofollow\">dispense cap. 6<\/a>.<\/p>\n<ol start=\"7\">\n<li><strong> Sviluppo economico italiano e crisi europea<\/strong><\/li>\n<\/ol>\n<p>S.Cesaratto, <em>Sei lezioni di economia<\/em>, Imprimatur editore, 2016, cap. 5 e 6; S.Cesaratto e M.Pivetti (eds), <em>Oltre l&#8217;austerit\u00e0<\/em>, E Book: <a href=\"http:\/\/temi.repubblica.it\/micromegaonline\/\" rel=\"nofollow\">http:\/\/temi.repubblica.it\/micromegaonline\/<\/a> (introduzione e articoli di Pivetti, Cesaratto, Bagnai, Zezza e Stirati); A.Graziani, <em>Lo sviluppo dell&#8217;economia italiana<\/em>, Boringhieri, 2000<\/p>\n<p>AG. <a href=\"https:\/\/docenti-deps.unisi.it\/sergiocesaratto\/wp-content\/uploads\/sites\/26\/2016\/12\/Graziani-1.pdf\" rel=\"nofollow\">qui<\/a>, <a href=\"https:\/\/docenti-deps.unisi.it\/sergiocesaratto\/wp-content\/uploads\/sites\/26\/2016\/12\/Graziani-2.pdf\" rel=\"nofollow\">qui<\/a>, <a href=\"https:\/\/docenti-deps.unisi.it\/sergiocesaratto\/wp-content\/uploads\/sites\/26\/2016\/12\/Graziani-3.pdf\" rel=\"nofollow\">qui<\/a>, <a href=\"https:\/\/docenti-deps.unisi.it\/sergiocesaratto\/wp-content\/uploads\/sites\/26\/2016\/12\/Graziani-4-vecchia-edizione.pdf\" rel=\"nofollow\">qui<\/a>, <a href=\"https:\/\/docenti-deps.unisi.it\/sergiocesaratto\/wp-content\/uploads\/sites\/26\/2016\/12\/Graziani-5-ultima-edizione.pdf\" rel=\"nofollow\">qui<\/a>, <a href=\"https:\/\/docenti-deps.unisi.it\/sergiocesaratto\/wp-content\/uploads\/sites\/26\/2016\/12\/Graziani-6-ultima-edizione.pdf\" rel=\"nofollow\">qui<\/a><\/p>\n<p style=\"text-align: justify\" align=\"left\">Si ricorda di <b>concordare ricevimento via e mail <a class=\"mailto\" href=\"mailto:Cesaratto@unisi.it\" rel=\"nofollow\">Cesaratto@unisi.it<\/a> <\/b> specie se fuori semestre. Grazie.<\/p>\n<p style=\"text-align: justify\" align=\"left\">Il\u00a0 programma non \u00e8 semplice, richiede un\u00a0 congruo periodo di studio; sono ora disponibili le dispense pi\u00f9 semplificate; la frequenza \u00e8 la cosa migliore. Quesiti a<a class=\"mailto\" href=\"mailto:Cesaratto@unisi.it\" rel=\"nofollow\">Cesaratto@unisi.it<\/a>. Il docente \u00e8 disponibile ad assegnare tesine triennali e anche tesi magistrali sugli argomenti del corso (o altri) a studenti fortemente motivati nell&#8217;economia politica in particolare in quella critica.<\/p>\n<p style=\"text-align: justify\" align=\"left\">\u00a0<span style=\"color: #ff0000\"> <b>In aula (molto importante):<\/b> <\/span><\/p>\n<p style=\"text-align: justify\"><b>Disponetevi ordinatamente a distanza di un posto dal vicino e se l&#8217;aula \u00e8 sufficientemente ampia per file alterne. Allontanare da s\u00e9 borse e appunti. Lasciate borse, appunti ecc. lungo i muri. Chi \u00e8 venuto alle altre\u00a0 prove sa come ci si deve disporre, dunque guidi gli altri. Si deve rispondere a TUTTE le domande. Cortesemente sottolineare i concetti principali e scrivere in maniera leggibile. Nome cognome e matricola in alto a destra. Si fa assoluto divieto di usare cellulari (con immediata espulsione dall\u2019aula). \u00a0Chi copia rischia il deferimento alle autorit\u00e0 accademiche. Grazie<\/b><\/p>\n<p><strong>TESINA TRIENNALE<\/strong><\/p>\n<ul>\n<li>Specifici episodi della storia economica italiana nel secondo dopoguerra, prendendo spunto da Graziani (per esempio: La ricostruzione; le spiegazioni del miracolo economico; la Cassa per il Mezzogiorno; la stretta del 1963; l&#8217;autunno caldo; le politiche degli anni &#8217;70; l&#8217;adesione allo SME; il divorzio; le conseguenze dello SME; come e perch\u00e9 l&#8217;Italia ader\u00ec all&#8217;euro &#8230;)<\/li>\n<li>Tesi pi\u00f9 teoriche: Marx e Sraffa; modelli di crescita post-keynesiani; le tavole input-output; Sraffa e Keynes; la moneta nella teoria eterodossa; l&#8217;MMT&#8230;<\/li>\n<li>Tesi sulla crisi dell&#8217;euro (le politiche monetarie; Target 2; il QE; cosa succede se si rompe l&#8217;euro&#8230;)<\/li>\n<\/ul>\n<p><strong>PROVA EC 12 12 16<\/strong><\/p>\n<p><strong>Prima parte<\/strong><\/p>\n<p>1 In che modo mercantilismo e teoria del sovrappi\u00f9 si combinano per spiegare il comportamento di Paesi neo-mercantilisti (come la Germania)?<\/p>\n<ol start=\"2\">\n<li>Da quali esigenze analitiche e quali problemi incontra la teoria del valore-lavoro?<\/li>\n<li>Teoria del sovrappi\u00f9, Rosa Luxemburg e Kalecki sui \u201cmercati esterni\u201d<\/li>\n<\/ol>\n<p><strong>Seconda parte<\/strong><\/p>\n<ol start=\"4\">\n<li>In che senso la stabilit\u00e0 del modello di Solow dipende dai meccanismi marginalisti di sostituzione fra fattori?<\/li>\n<li>Dato un livello di esportazioni E, come si calcola il reddito Y compatibile con l\u2019equilibrio commerciale? Quali sono le conseguenze di un persistente disavanzo commerciale?<\/li>\n<\/ol>\n<p>6a. Gli episodi salienti dello sviluppo economico italiano nel secondo dopoguerra<\/p>\n<p>In alternativa: 6b. I tratti salienti della crisi dell\u2019eurozona<\/p>\n<p style=\"text-align: center\">test 31 1 17<\/p>\n<ul>\n<li>Il concetto di sovrappi\u00f9 e il suo emergere secondo Diamond<\/li>\n<li>Crescita, diseguaglianza e mercati esterni da Marx-Luxemburg-Kalecki al supermoltiplicatore<\/li>\n<li>Il modello di Harrod e la sua instabilit\u00e0<\/li>\n<li>Origini della crisi europea e mercantilismo tedesco\n<p style=\"text-align: center\">ECS test 21 2 17<\/p>\n<ul>\n<li>Smith e Schumpeter sul progresso tecnico<\/li>\n<li>Il problema della misurazione degli aggregati della equazione del sovrappi\u00f9<\/li>\n<li>Il modello di Solow e la sua stabilit\u00e0 legata ai meccanismi neoclassici<\/li>\n<li>Tratti salienti dello sviluppo economico italiano nel secondo dopoguerra<\/li>\n<\/ul>\n<\/li>\n<\/ul>\n<p style=\"text-align: center\">ECS 15 3 17 FC<\/p>\n<ul>\n<li>Possiamo darci una ragione del precetto mercantilisti di sovrappi\u00f9 esterno?<\/li>\n<li>La teoria del valore lavoro in Marx: ruolo e problemi<\/li>\n<li>La relazione risparmi investimenti nei neoclassici e in Keynes e implicazioni per la crescita<\/li>\n<li>I tratti salienti della crisi europea<\/li>\n<\/ul>\n<p>NEW FB 050392 30<\/p>\n<p>VECCHI<\/p>\n<p>Risultati 18 7 2017, inviare mail se accettate o meno, visoone compito 26 7 ore 11,30<\/p>\n<p>BMS 041619(?) 20 la 2 molto superficiale,\u00a0 la 4 proprio il &#8220;minimo indispensabile&#8221;, la 1 idem, la 3 manca grafico, spiegazioni ecc.<\/p>\n<p>Risultati 27 6 2017. Se non ricevo mail di rifiuto entro domani alle 8, registro il voto055849 21 troppo sintetico 041619 MSB NO scarso e manca la 4 052071 CC 28<\/p>\n<p><strong>Risultati 22 2 2017 <\/strong>055747 29\/30 Finale 30 054749 30 Finale 30CADLT28 Finale 28 054347 Finale 29<\/p>\n<p>risultati 31 gennaio 2017 054932 CT 27 manca Diamond, manca formula superm., manca senso economico Harrod, su Europa molto frettolosa, calligrafia illegibile 048731 JR 21 molto frettoloso CADLT NO nella 3a parla (male) di Solow (con grafico sbagliato) invece che di Harrod; la 4a \u00e8 illegibile. Deve ripetere il 21 febbraio scrivendo in italiano o se scrive in spagnolo, in maniera leggibile<\/p>\n<p style=\"text-align: center\">***<\/p>\n<p>Risultati prova 21 12 2017<\/p>\n<p><strong>voti finali:<\/strong> AC 040687 finale 21 (frettoloso)&#8230;&#8230;&#8230;&#8230;LLM 056085 finale 30&#8230;&#8230;..054683 finale 30 (ma almeno il nome lo pu\u00f2 mettere leggibile!)&#8230;&#8230;&#8230;&#8230;&#8230;.SS 055039 finale 30. Auguri! <strong>Cristina (erasmus)<\/strong> 1a parte 28. 2a parte: I cannot read a difficult handwriting in Spanish! She must repeat the second half of the exam writing in a decent way, and using figures and formulas. The answer to question 6b was anyway missing.<\/p>\n<p><strong>1a parte 21 12 2017<\/strong><\/p>\n<p>GM 062732 E&#8217; impossibile da leggere. Lo studente passi il 18 alle 11, gli dar\u00f2 copia del compito e lo trascriver\u00e0 in word (letteralmente, poi controllo). Senn\u00f2 ripeta l&#8217;esame scrivendo decentemente. EC 054749 (non si capisce bene) 28+ carente la 1a EM 054347 28+ carente valore lavoro LM 055747 30<\/p>\n<p>&nbsp;<\/p>\n","protected":false},"excerpt":{"rendered":"<p>Dall&#8217;AA 2017-18 il corso di economia della crescita non \u00e8 pi\u00f9 impartito NEW risultati Visione compito, marted\u00ec 11,30-12, chi rifiuta mandi mail entro luned\u00ec Economia della crescita 3 7 2018 054789 DLF 26 Si ricorda di concordare ricevimento via e mail Cesaratto@unisi.it specie se fuori semestre. Grazie. DAL PRIMO SETTEMBRE IN LIBRERIA (La versione kindle &hellip; <a href=\"https:\/\/docenti-deps.unisi.it\/sergiocesaratto\/economia-della-crescita-e-dello-sviluppo\/\" class=\"more-link\">Leggi tutto<span class=\"screen-reader-text\"> &#8220;Economia della crescita e dello sviluppo&#8221;<\/span><\/a><\/p>\n","protected":false},"author":8,"featured_media":0,"parent":0,"menu_order":0,"comment_status":"closed","ping_status":"closed","template":"","meta":{"footnotes":""},"class_list":["post-812","page","type-page","status-publish","hentry"],"_links":{"self":[{"href":"https:\/\/docenti-deps.unisi.it\/sergiocesaratto\/wp-json\/wp\/v2\/pages\/812","targetHints":{"allow":["GET"]}}],"collection":[{"href":"https:\/\/docenti-deps.unisi.it\/sergiocesaratto\/wp-json\/wp\/v2\/pages"}],"about":[{"href":"https:\/\/docenti-deps.unisi.it\/sergiocesaratto\/wp-json\/wp\/v2\/types\/page"}],"author":[{"embeddable":true,"href":"https:\/\/docenti-deps.unisi.it\/sergiocesaratto\/wp-json\/wp\/v2\/users\/8"}],"replies":[{"embeddable":true,"href":"https:\/\/docenti-deps.unisi.it\/sergiocesaratto\/wp-json\/wp\/v2\/comments?post=812"}],"version-history":[{"count":45,"href":"https:\/\/docenti-deps.unisi.it\/sergiocesaratto\/wp-json\/wp\/v2\/pages\/812\/revisions"}],"predecessor-version":[{"id":4442,"href":"https:\/\/docenti-deps.unisi.it\/sergiocesaratto\/wp-json\/wp\/v2\/pages\/812\/revisions\/4442"}],"wp:attachment":[{"href":"https:\/\/docenti-deps.unisi.it\/sergiocesaratto\/wp-json\/wp\/v2\/media?parent=812"}],"curies":[{"name":"wp","href":"https:\/\/api.w.org\/{rel}","templated":true}]}}