{"id":9,"date":"2014-08-26T21:03:19","date_gmt":"2014-08-26T19:03:19","guid":{"rendered":"http:\/\/michelangelovasta.wordpress.com\/?page_id=1"},"modified":"2025-02-07T11:18:42","modified_gmt":"2025-02-07T10:18:42","slug":"info","status":"publish","type":"page","link":"https:\/\/docenti-deps.unisi.it\/sergiocesaratto\/","title":{"rendered":"Home"},"content":{"rendered":"<div style=\"text-align: justify\"><strong> <img loading=\"lazy\" decoding=\"async\" class=\" wp-image-783 alignleft\" src=\"https:\/\/docenti-deps.unisi.it\/sergiocesaratto\/wp-content\/uploads\/sites\/26\/2014\/08\/cesaratto.jpg\" alt=\"cesaratto\" width=\"206\" height=\"185\" \/>Professore ordinario<\/strong><\/div>\n<div style=\"text-align: justify\"><strong>Settore scientifico disciplinar<\/strong>e: SECS-P\/01 Economia Politica<\/div>\n<div><strong>Insegnamenti (2023-24):<\/strong> Politica monetaria e fiscale dell&#8217;UME; Growth and development; Economia internazionale<\/div>\n<div style=\"text-align: justify\">\n<p><strong>Interessi di ricerca correnti<\/strong>: Politica monetaria; macroeconomia; crisi europea; economia della crescita; valore e distribuzione; antropologia, archeologia e teoria economica del sovrappi\u00f9 (interessi pregressi: innovazione tecnologica, teoria economia dei sistemi pensionistici).<\/p>\n<p><strong>blog:<\/strong> <a href=\"http:\/\/politicaeconomiablog.blogspot.it\/\" rel=\"nofollow\">http:\/\/politicaeconomiablog.blogspot.it\/<\/a><\/p>\n<\/div>\n<p>1981 La Sapienza Roma: laurea in Economia cum laude; 1983 ricercatore CNR; 1986 Universit\u00e0 di Manchester Master; 1987 La Sapienza Roma dottorato di ricerca in Economia; 1992 La Sapienza Roma ricercatore; 1999 Universit\u00e0 del L&#8217;Aquila ideoneit\u00e0 a professore associato; 1999 Universit\u00e0 di Siena Professore associato; 2003 Universit\u00e0 di Catania ideoneit\u00e0 a professore ordinario; 2004 Universit\u00e0 di Siena Professore ordinario; 2018-2021 commissario ASN 13\/A1.<\/p>\n<p style=\"text-align: center\"><strong>PUBBLICAZIONI<br \/>\n<\/strong><\/p>\n<p>(Le molte pubblicazioni divulgative sono disponibili sul blog http:\/\/politicaeconomiablog.blogspot.it\/)<\/p>\n<p style=\"text-align: center\"><strong>Pubblicazioni 2025<\/strong><\/p>\n<p>Cesaratto, S. (2025) Morality and Alternative Economic Theories in Ancient History Studies: a Review Article, <em>Contributions to Political Economy<\/em>, forthcoming (working paper version: WP-DEPS n. 923-2024).<\/p>\n<p style=\"text-align: center\"><strong>Pubblicazioni 2024<\/strong><\/p>\n<p>S.Cesaratto, E.Febrero (2024)\u00a0 Annotazioni sull\u2019implementazione della politica monetaria: ieri, oggi, domani , <em>Moneta e Credito<\/em>, V. 77 N. 306.<\/p>\n<p>Cesaratto, S., E. Febrero e G. Pantelopoulos (2024) Redistributing central bank profits &amp; losses across the Eurosystem: the Eurosystem&#8217;s monetary income, IMK-FMM Working Paper, n. 104 (luglio).<\/p>\n<p>Cesaratto, S. (2024) Three approaches to institutions in economic analysis: Polanyi, North and the surplus approach\u2019s third way. <em>Economia Politica<\/em>,\u00a041, 267\u2013293<\/p>\n<p>Cesaratto, S. (2024) Surplus approach and institutions: where Sraffa meets Polanyi, <em>Journal of Economic Issues <\/em>LVIII No. 3 (Sept.), 989-1011<em>.<\/em><\/p>\n<p>Sergio Cesaratto &#8211; Agency, functionalism, and all that. A Sraffian view jpe:11637 &#8211; <em>Journal of Philosophical Economics<\/em>, February 19, 2024, Volume XVII &#8211; <a href=\"https:\/\/doi.org\/10.46298\/jpe.11637?fbclid=IwAR2SiJqeo2_V78r1jFMpfzCum2z3kGmYCfXYiflUuI6bLq-Nhmgls--vkfQ\">https:\/\/doi.org\/10.46298\/jpe.11637<\/a><\/p>\n<div dir=\"auto\"><\/div>\n<p style=\"text-align: center\"><strong>Pubblicazioni 2023 (and forthcoming 2024)<\/strong><\/p>\n<p>Cesaratto, S. (2023) La moderna teoria del sovrappi\u00f9 e l\u2019analisi delle economie precapitalistiche,\u00a0<em>Critica marxist<\/em>a (nuova serie), n. 6 nov.dic., pp. 68-76.<\/p>\n<p>Schools of Athens: Surplus Approach, Marxism and Institutions, Centro Sraffa CSWP 62 <a href=\"http:\/\/www.centrosraffa.org\/cswp_details.aspx?id=68\">CSWP 62 (August 2023) <\/a>(forthcoming <em>Review of Political Economy<\/em>)<\/p>\n<p>Cesaratto, S. (2023) Three approaches to institutions in economic analysis: Polanyi, North and the surplus approach\u2019s third way, Quaderni DEPS, n. 899 (in corso di pubblicazione\/forthcoming su <em>Economia politica<\/em>).<\/p>\n<p>Cesaratto, S. (2023) Surplus Approach and Institutions: where Sraffa Meets Polanyi, WP Centro Sraffa CSWP 61,<i>\u00a0<\/i><a href=\"http:\/\/www.centrosraffa.org\/cswp_details.aspx?id=67\">CSWP 61 (April 2023)<\/a>, forthcoming <i>Journal of Economic Issues<\/i><i><br \/>\n<\/i><\/p>\n<p>Cesaratto, S. and E. Febrero (2023) Central Bank Digital Currencies: a proper reaction to private digital money, <em>Review of Keynesian Economics<\/em>, 11 (4).<\/p>\n<p style=\"text-align: center\"><strong>Pubblicazioni 2022<\/strong><\/p>\n<p>Sergio Cesaratto, Le frontiere della politica monetaria: aspetti didattici, teorici, di politica economica. Un review article,\u00a0 <em>Moneta e credito<\/em>, <a class=\"title\" href=\"https:\/\/rosa.uniroma1.it\/rosa04\/moneta_e_credito\/issue\/view\/1646\">V. 75 N. 299 (2022): Settembre<\/a> , https:\/\/doi.org\/10.13133\/2037-3651\/17880<\/p>\n<p style=\"text-align: left\">Sergio Cesaratto, Le conseguenze sociali dell\u2019economia di guerra in Europa, <em>Fuori collana<\/em>, 11 maggio 2022, https:\/\/fuoricollana.it\/le-conseguenze-sociali-delleconomia-di-guerra-in-europa\/ (English version https:\/\/braveneweurope.com\/sergio-cesaratto-the-economic-and-social-consequences-of-the-war-on-europe-and-italy)<\/p>\n<p style=\"text-align: left\">Sergio Cesaratto, Le frontiere della politica monetaria: aspetti didattici, teorici, di politica economica. Un review article, <a href=\"https:\/\/www.deps.unisi.it\/it\/ricerca\/pubblicazioni-deps\/quaderni-deps\/anno-2022-da-n870-n\/879-le-frontiere-della-politica\">DEPS Working Paper n. 879,<\/a> Maggio 2022, in corso di ubblicazione su <em>Moneta e credito<\/em>.<\/p>\n<p>Sergio Cesaratto,\u00a0 <a class=\"\" href=\"https:\/\/www.ilsole24ore.com\/art\/il-moltiplicatore-monetario-non-e-strumento-giusto-sterilizzare-debiti-pubblici-AEDi2RUB\">Il moltiplicatore monetario non \u00e8 lo strumento giusto per sterilizzare i debiti pubblici<\/a>, <em>Il Sole 24 Ore<\/em>, 28\/4\/2022<\/p>\n<p><span dir=\"ltr\" role=\"presentation\">Sergio Cesaratto and Eladio Febrero, Private and Central Bank Digital Currencies: a storm in a teacup? <\/span><span dir=\"ltr\" role=\"presentation\">A Post-Keynesian appraisal, Departamento de An\u00e1lisis Econ\u00f3mico y Finanzas de la UCLM, Documentos de Trabajo, DT 2022\/1.<\/span><\/p>\n<p><span dir=\"ltr\" role=\"presentation\">Sergio Cesaratto<\/span>, Review of Lavoie, Mark. 2020. <em>Post-Keynesian Monetary Theory: Selected Essays (<\/em>Edward Elgar), <i>Contributions to Political Economy<\/i>, volume 41, June 2022. https:\/\/academic.oup.com\/cpe\/advance-article-abstract\/doi\/10.1093\/cpe\/bzac017\/6575475<\/p>\n<p>Cesaratto, S., &amp; R. Pariboni (2022) The relation between Keynesian monetary theory and Sraffian economics: a critical exploration\u00a0Forthcoming <i>Review of Keynesian Economics, <\/i>vol.\u00a0 10 (3) (Autumn).<\/p>\n<p style=\"text-align: center\"><strong>Pubblicazioni 2021<\/strong><\/p>\n<p>Cesaratto, S. (2021) <em>Sei lezioni sulla moneta- La politica monetaria com&#8217;\u00e8 e come viene raccontat<\/em>a, Diarkos, REggio Emilia.<\/p>\n<p>Cesaratto, S. (2021) <em>Seis lecciones de econom\u00eda<\/em>, El Viejo Topo, https:\/\/www.elviejotopo.com\/libro\/seis-lecciones-de-economia\/<\/p>\n<p><img loading=\"lazy\" decoding=\"async\" class=\"attachment-medium size-medium wp-post-image\" src=\"https:\/\/www.elviejotopo.com\/wp-content\/uploads\/2021\/04\/9788418550416-193x300.jpg\" alt=\"Seis lecciones de econom\u00eda\" width=\"193\" height=\"300\" \/><\/p>\n<p>Cesaratto, S., &amp; R. Pariboni (2021) Keynes\u2019s finance, the monetary and demand-led circuits: a Sraffian assessment, WP DEPS n. 851.<\/p>\n<p>Cesaratto, S. and Di Bucchianico, S. (2021), \u201cThe Surplus Approach, the Polanyian Tradition, and Institutions in Economic Anthropology and Archaeology\u201d, <em>Annals of the Fondazione Luigi Einaudi<\/em>, 55 (1): 185-216.<\/p>\n<p>Cesaratto, S., and Di Bucchianico, S. (2021) The Surplus Approach, Institutions, And Economic Formations, <em>Contributions to Political Economy<\/em>, 40 (1), pp. 26\u201352. <a href=\"https:\/\/doi.org\/10.1093\/cpe\/bzab002\">https:\/\/doi.org\/10.1093\/cpe\/bzab002<\/a><\/p>\n<p>Cesaratto, S. (2021) An ECB\u2019s Staff Narrative of Two Decades of European Central Banking: a critical review, WP-DEPS, n. 866.<\/p>\n<p>S. Cesaratto, La moneta senza politica, in <em>Dopo<\/em> <em>le crisi. Dialoghi sul futuro dell\u2019Europa, <\/em>a cura di Edmondo Mostacci , Alessandro Somma, Rogas <a href=\"https:\/\/docenti-deps.unisi.it\/sergiocesaratto\/wp-content\/uploads\/sites\/26\/2021\/08\/Cesaratto-in-LIBRO-SOMMA.pdf\">Cesaratto in LIBRO SOMMA<\/a><\/p>\n<p style=\"text-align: center\"><strong>Pubblicazioni 2020<\/strong><\/p>\n<p>Sergio Cesaratto and Stefano Di Bucchianico (2020)\u00a0 From the Core to the Cores: Surplus Approach, Institutions and Economic Formations,<strong><a href=\"http:\/\/www.centrosraffa.org\/cswp_details.aspx?id=48\">CSWP 45 (October 2020)\u00a0<\/a><\/strong><\/p>\n<p>Cesaratto, S., &amp; Di Bucchianico, S. (2020). Endogenous money and the theory of longperiod effective demand. <em class=\"EmphasisTypeItalic \">Bulletin of Political Economy, 14<\/em>(1).g.<\/p>\n<p>Cesaratto, S. (2020), <em>Heterodox Challenges in Economics \u2013 Theoretical Issues and the Crisis of the Eurozone<\/em>, Springer<strong><em><a href=\"https:\/\/docenti-deps.unisi.it\/sergiocesaratto\/wp-content\/uploads\/sites\/26\/2020\/08\/ProductFlyer_9783030544478.pdf\">ProductFlyer_9783030544478, <\/a><\/em><\/strong>link: http:\/\/www.springer.com\/9783030544478<\/p>\n<p><span class=\"iris-titolo\">Cesaratto, S. (2020)<\/span> Garegnani, Ackley and the years of high theory at Svimez, capitolo 8 di Hassan Bougrine and Louis-Philippe Rochon (eds.), <span class=\"base\" data-ui-id=\"page-title-wrapper\"><em>Economic Growth and Macroeconomic Stabilization Policies in Post-Keynesian Economic<\/em>s, <span class=\"st\">Edward Elgar Publishing (tribute to Marc Lavoie and Mario Seccareccia) ISBN<strong>:<\/strong> 978 1 78643 956 7<\/span><br \/>\n<\/span><\/p>\n<p><span class=\"iris-titolo\">Cesaratto, S. and Di Bucchianico, S. (2020) <\/span>The surplus approach, Polanyi and institutions in economic anthropology and archaeology, Working paper DEPS, n. 828 Aprile (in corso di pubblicazione su <strong><span style=\"color: #888888\">ANNALS OF THE FONDAZIONE LUIGI EINAUDI, p. 1-31, ISSN: 2532-4969: <em>special issue &#8220;Marshall Sahlins\u2019s Stone Age Economics, a Semicentenary Estimate&#8221;)<\/em><\/span>.<\/strong><\/p>\n<p style=\"text-align: center\"><strong>\u00a0Pubblicazioni 2019<\/strong><\/p>\n<p>Sergio Cesaratto, e Gennaro Zezza, Farsi male da soli. Disciplina esterna, domanda aggregata e il declino economico italiano,<em>\u00a0L\u2019industria<\/em>, vol. 2, 2019,\u00a0pp. 279-318, DOI: 10.1430\/94135 (free download)<\/p>\n<p>Sergio Cesaratto, <em>Sei lezioni di economia \u2013 Conoscenze necessarie per capire la crisi pi\u00f9 lunga (e come uscirne)<\/em>, 2da edizione, Diarkos, Reggio Emilia, 2019.<\/p>\n<p>Cesaratto, S. (2019) The modern revival of the Classical surplus approach: implications for the analysis of growth and crises, in T. Gabellini, S.Gasperin,\u00a0 A. Moneta (eds.) <em>Economic Crisis and Economic Thought &#8211; Alternative Perspectives on the Economic Crisis<\/em>, Routledge, Abingon &amp; New York, pp. 11-134. WP version: https:\/\/ideas.repec.org\/p\/usi\/wpaper\/735.html<\/p>\n<p>Cesaratto, S., &amp; Zezza, G. (2019). What went wrong with Italy, and what the country should now fight for in Europe. in H.Hansjorg, J.Priewe &amp; A.Watt (a cura di), <em>Still Time to save the Euro<\/em>, Berlin: Social Europe Publishing. https:\/\/www.socialeurope.eu\/book\/still-time-to-save-the-euro<\/p>\n<p>Cesaratto, S. (2019) Il vincolo estero \u00e8 irrilevante, anzi, fondamentale!, in J.Foggi (ed.) , <em>Tornare al lavoro &#8211; Lavoro di cittadinanza e piena occupazione<\/em>, Castelvecchi, Roma.<\/p>\n<p>Cesaratto , S. (2019b), \u2018Heterodox economics and Economic Anthropology: reflections prompted by two books\u2019, Quaderni DEPS, no. 807.<\/p>\n<p style=\"text-align: center\"><strong>Pubblicazioni 2018<\/strong><\/p>\n<p>Cesaratto, Sergio, <em>Seis clases sobre econom\u00eda : conocimientos necesarios para entender la crisis m\u00e1s larga y c\u00f3mo salir de ella<\/em> , Universidad Nacional de Moreno : UNM Editora, 2018. 332 p.<\/p>\n<p><span class=\"st\">Cesaratto, S.\u00a0 Italy: A Question of Interest Rates and Trust (Editorial)<em>, Intereconomics<\/em>, Volume 53, November\/December 2018, Number 6. https:\/\/archive.intereconomics.eu\/year\/2018\/6\/italy-a-question-of-interest-rates-and-trust\/<em><br \/>\n<\/em><\/span><\/p>\n<p>Sergio Cesaratto &amp; Gennaro Zezza, 2018. &#8220;<b><a href=\"https:\/\/ideas.repec.org\/p\/csn\/wpaper\/2018-05.html\">Farsi male da soli: Disciplina esterna, domanda aggregata e il declino economico italiano<\/a><\/b>,&#8221; <a href=\"https:\/\/ideas.repec.org\/s\/csn\/wpaper.html\">Working Papers<\/a> 2018-05, Universita&#8217; di Cassino, Dipartimento di Economia e Giurisprudenza, in corso di pubblicazione su <em>l&#8217;industria<\/em> (numero speciale in memoria di Marcello De Cecco)<\/p>\n<p>Cesaratto, S. &amp; A. Iero (2018), E\u2019 il tasso di interesse, bellezza! <em><a href=\"https:\/\/www.econopoly.ilsole24ore.com\/author\/econopoly\/\">Econopoly<\/a><\/em>, 10 Novembre 2018 (trad. ingl. <em>Brave New Europe<\/em>, 17 November).<\/p>\n<p>Cesaratto, S. (2018),\u00a0<em><i>Chi non rispetta le regole? <\/i> Italia e Germania, le doppie morali dell&#8217;euro<\/em> , Imprimatur, Reggio Emilia.<\/p>\n<p style=\"text-align: left\">Cesaratto, S. (2018), The nature of the eurocrisis. A reply to Febrero, Ux\u00f2 and Bermejo, <em>Review of Keynesian Economics<\/em>, Vol. 6 No. 2, Summer 2018, pp. 240\u2013251 (working paper version <a href=\"https:\/\/www.deps.unisi.it\/it\/ricerca\/pubblicazioni-deps\/quaderni-deps\/anno-2017-da-n745-n\/752-nature-eurocrisis-reply-febrero-uxo\" rel=\"nofollow\"> <em>Quaderni<\/em> DEPS n. 752)<\/a> <strong>.<\/strong><\/p>\n<p style=\"text-align: left\">Cesaratto, S. (2018) Tra Gramsci e Sraffa &#8211; il sodalizio fra due comunisti indisciplinati (recensione), http:\/\/temi.repubblica.it\/micromega-online\/tra-gramsci-e-sraffa-il-sodalizio-fra-due-comunisti-indisciplinati\/<\/p>\n<p style=\"text-align: center\"><strong>Principali pubblicazioni 2015-2017<\/strong><\/p>\n<p>Cesaratto, S. (2017) Garegnani, Ackley and the years of high theory at Svimez, WP Centro Sraffa <a href=\"http:\/\/www.centrosraffa.org\/cswp_details.aspx?id=29\" rel=\"nofollow\">CSWP 26 (December 2017) <\/a> (an abridged version of this paper will appear in a <em>Festschrift<\/em> volume in honour of Marc Lavoie and Mario Seccareccia edited by J.P. Rochon and H. Bougrine, Edward Elgar, forthcoming)<\/p>\n<p>Cesaratto, S. (2017) Bofinger and Ries (2017) <em>versus<\/em> Borio and Disyatat (2011): macroeconomics after endogenous money. A brief note, Quaderni DEPS, <a href=\"https:\/\/www.deps.unisi.it\/it\/ricerca\/pubblicazioni-deps\/quaderni-deps\/anno-2017-da-n745-n\/763-bofinger-and-ries-versus-borio-and\" rel=\"nofollow\"> no. 763 <\/a><\/p>\n<p>Cesaratto, S. (2017), Beyond the traditional monetary circuit: endogenous money, finance and the theory of long-period effective demand, Quaderni DEPS, <a href=\"https:\/\/www.deps.unisi.it\/it\/ricerca\/pubblicazioni-deps\/quaderni-deps\/anno-2017-da-n745-n\/757-beyond-traditional-monetary-circuit\" rel=\"nofollow\">no. 757<\/a>.<\/p>\n<p style=\"text-align: left\">Cesaratto, S. (2017), Una nessuna centomila &#8211; Le molte verit\u00e0 di TARGET2, <a href=\"https:\/\/www.deps.unisi.it\/it\/ricerca\/pubblicazioni-deps\/quaderni-deps\/anno-2017-da-n745-n\/751-una-nessuna-centomila-le-molte\" rel=\"nofollow\"> <em>Quaderni<\/em> DEPS n. 751 <\/a> .<\/p>\n<p>Cesaratto, S. (2017) Initial and final finance in the monetary circuit and the theory of Effective Demand. 2016, <em>Metroeconomica,\u00a0Volume 68, Issue 2, May , Pages: 228\u2013258,\u00a0<\/em> (<a href=\"http:\/\/onlinelibrary.wiley.com\/doi\/10.1111\/meca.12132\/abstract\" rel=\"nofollow\">abstract<\/a>).<\/p>\n<p>(trad. spagnola su invito: Cesaratto, S. \u201cLa financiaci\u00f3n inicial y final en el circuito monetario y la teor\u00eda de la demanda efectiva\u201d, Revista de Econom\u00eda Institucional 18, 35, 2016, pp. 47-78. doi: http:\/\/dx.doi.org\/10.18601\/01245996.v18n35.04.) <a href=\"https:\/\/papers.ssrn.com\/sol3\/papers.cfm?abstract_id=2878902\" rel=\"nofollow\">pdf<\/a><\/p>\n<p>Cesaratto, S. (2017) Alternative Interpretations of a Stateless Currency crisis, <a href=\"https:\/\/academic.oup.com\/cje\/article-abstract\/doi\/10.1093\/cje\/bew065\/2964673\/Alternative-interpretations-of-a-stateless?redirectedFrom=fulltext\" rel=\"nofollow\"><em>Cambridge Journal of Economics<\/em><\/a><\/p>\n<p>S.Cesaratto (2016) <em> Sei lezioni di economia &#8211; Conoscenze necessarie per capire la crisi pi\u00f9 lunga (e come uscirne), <\/em>Imprimatur editore, 3a ristampa<\/p>\n<p>Cesaratto, S. (2016) The State Spends First: Logic, Facts, Fictions, Open Questions, <em>Journal of <\/em><em>Post Keynesian Economics<\/em>, 39 (1), 44-71.<\/p>\n<p>Cesaratto, S. (2015).\u00a0Balance of Payments or Monetary Sovereignty? In Search of the EMU&#8217;s Original Sin &#8211; a Reply to Lavoie,\u00a0<em>International Journal of Political Economy<\/em>, vol. 44, no. 2, WP:<em>\u00a0<\/em>Asimmetrie, WP 2014\/06 (December),\u00a0<a href=\"http:\/\/www.asimmetrie.org\/wp-content\/uploads\/2014\/12\/AISWP201406.pdf\" rel=\"nofollow\">http:\/\/www.asimmetrie.org\/wp-content\/uploads\/2014\/12\/AISWP201406.pdf<\/a><\/p>\n<p style=\"text-align: justify\">Cesaratto, S. (2015)\u00a0Neo-Kaleckian and Sraffian Controversies on\u00a0the Theory of Accumulation, in\u00a0<em>Review of Political Economy<\/em>, Vol. 27, No. 2.<\/p>\n<p style=\"text-align: justify\">Cesaratto, S. and Mongiovi, G. (2015) Pierangelo Garegnani, the Classical Surplus Approach and Demand-led Growth:\u00a0Introduction to the Symposium,\u00a0<em>Review of Political Economy<\/em>, Vol. 27, No.<\/p>\n<p style=\"text-align: justify\">Cesaratto, S. (2015)\u00a0Fra\u00a0<em>Marx<\/em>\u00a0e\u00a0<em>List<\/em>: sinistra, nazione e solidariet\u00e0 internazionale a\/ working papers 2015\/02 www.<em>asimmetrie<\/em>.org<\/p>\n<p style=\"text-align: justify\">Pe gli anni precedenti si veda &#8220;Pubblicazioni&#8221; nel men\u00f9 a tendina.<\/p>\n<p>&nbsp;<\/p>\n","protected":false},"excerpt":{"rendered":"<p>Professore ordinario Settore scientifico disciplinare: SECS-P\/01 Economia Politica Insegnamenti (2023-24): Politica monetaria e fiscale dell&#8217;UME; Growth and development; Economia internazionale Interessi di ricerca correnti: Politica monetaria; macroeconomia; crisi europea; economia della crescita; valore e distribuzione; antropologia, archeologia e teoria economica del sovrappi\u00f9 (interessi pregressi: innovazione tecnologica, teoria economia dei sistemi pensionistici). blog: http:\/\/politicaeconomiablog.blogspot.it\/ 1981 La &hellip; <a href=\"https:\/\/docenti-deps.unisi.it\/sergiocesaratto\/\" class=\"more-link\">Leggi tutto<span class=\"screen-reader-text\"> &#8220;Home&#8221;<\/span><\/a><\/p>\n","protected":false},"author":9,"featured_media":0,"parent":0,"menu_order":0,"comment_status":"closed","ping_status":"closed","template":"","meta":{"footnotes":""},"class_list":["post-9","page","type-page","status-publish","hentry"],"_links":{"self":[{"href":"https:\/\/docenti-deps.unisi.it\/sergiocesaratto\/wp-json\/wp\/v2\/pages\/9","targetHints":{"allow":["GET"]}}],"collection":[{"href":"https:\/\/docenti-deps.unisi.it\/sergiocesaratto\/wp-json\/wp\/v2\/pages"}],"about":[{"href":"https:\/\/docenti-deps.unisi.it\/sergiocesaratto\/wp-json\/wp\/v2\/types\/page"}],"author":[{"embeddable":true,"href":"https:\/\/docenti-deps.unisi.it\/sergiocesaratto\/wp-json\/wp\/v2\/users\/9"}],"replies":[{"embeddable":true,"href":"https:\/\/docenti-deps.unisi.it\/sergiocesaratto\/wp-json\/wp\/v2\/comments?post=9"}],"version-history":[{"count":120,"href":"https:\/\/docenti-deps.unisi.it\/sergiocesaratto\/wp-json\/wp\/v2\/pages\/9\/revisions"}],"predecessor-version":[{"id":5781,"href":"https:\/\/docenti-deps.unisi.it\/sergiocesaratto\/wp-json\/wp\/v2\/pages\/9\/revisions\/5781"}],"wp:attachment":[{"href":"https:\/\/docenti-deps.unisi.it\/sergiocesaratto\/wp-json\/wp\/v2\/media?parent=9"}],"curies":[{"name":"wp","href":"https:\/\/api.w.org\/{rel}","templated":true}]}}