{"id":815,"date":"2016-02-23T15:40:31","date_gmt":"2016-02-23T14:40:31","guid":{"rendered":"http:\/\/docenti-deps.unisi.it\/silviatiezzi\/?page_id=815"},"modified":"2021-09-20T16:40:20","modified_gmt":"2021-09-20T14:40:20","slug":"econometria-ambiente","status":"publish","type":"page","link":"https:\/\/docenti-deps.unisi.it\/silviatiezzi\/econometria-ambiente\/","title":{"rendered":"Econometria per l&#8217;ambiente"},"content":{"rendered":"<div id=\"header-1\" class=\"portlet-section-header header-hx header-h3\">\n<h3 style=\"text-align: justify\">Obiettivi del corso<\/h3>\n<p style=\"text-align: justify\">L&#8217;obiettivo del corso \u00e8 di fornire agli studenti una conoscenza di base dei principali metodi quantitativi da utilizzare per impostare e sviluppare una analisi empirica con particolare riferimento a problemi di economia ambientale. A tale scopo il corso, dopo alcuni richiami di probabilit\u00e0 e statistica, introdurr\u00e0 il metodo di regressione multivariato, illustrer\u00e0 situazioni nelle quali le ipotesi di tale modello sono violate, e mostrer\u00e0 i principali metodi econometrici che possono essere utilizzati per analizzare fenomeni quali, per esempio, la Curva di Kuznets Ambientale; la stima della disponibilit\u00e0 a pagare per un nuovo servizio di gestione dei rifiuti; la stima dell\u2019elasticit\u00e0 al prezzo della domanda di benzina per valutare l\u2019efficacia di una carbon tax; lo studio delle esternalit\u00e0 del fumo; lo studio dei fattori che causano nel lungo periodo un aumento della temperatura globale (Global Warming). Al termine del corso gli studenti dovrebbero essere in grado di: impostare, sviluppare e interpretare un loro progetto empirico di base; organizzare un loro dataset; leggere e intepretare un output di regressione; individuare il metodo piu\u2019 appropriato a testare le ipotesi suggerite dalla teoria o a rispondere alla domanda di ricerca a cui sono interessati.<\/p>\n<\/div>\n<div id=\"header-2\" class=\"portlet-section-header header-hx header-h3\" style=\"text-align: justify\">\n<h3>Prerequisiti<\/h3>\n<p>E\u2019auspicabile che gli studenti abbiano gi\u00e0 frequentato un corso di statistica o che abbiano gi\u00e0 familiarit\u00e0 con i concetti base di probabilit\u00e0 (valore atteso, variabile casuale, distribuzione di probabilit\u00e0), di inferenza statistica, e con gli strumenti base di analisi matematica (pendenze e derivate, elasticit\u00e0, integrale definito). Verranno comunque indicati e resi disponibili materiali di studio per richiamare questi concetti.<\/p>\n<\/div>\n<div id=\"header-3\" class=\"portlet-section-header header-hx header-h3\" style=\"text-align: justify\">\n<h3>Contenuti<\/h3>\n<p>Domande economiche e dati economici<br \/>\nRichiami di probabilit\u00e0 e di statistica<br \/>\nRegressione lineare con un singolo regressore<br \/>\nRegressione lineare con regressori multipli<br \/>\nFunzioni di regressione non lineari<br \/>\nRegressione con dati panel<br \/>\nRegressione con variabile dipendente binaria<br \/>\nRegressione con variabili strumentali<br \/>\nPrevisioni con molti regressori e grandi dati<\/p>\n<\/div>\n<div id=\"header-4\" class=\"portlet-section-header header-hx header-h3\" style=\"text-align: justify\">\n<h3>Metodi Didattici<\/h3>\n<p>Il corso comprender\u00e0 lezioni frontali, esercizi per casa ed alcune esercitazioni in laboratorio.<\/p>\n<\/div>\n<div id=\"header-5\" class=\"portlet-section-header header-hx header-h3\" style=\"text-align: justify\">\n<h3>Verifica dell&#8217;apprendimento<\/h3>\n<p>Verranno effettuate due prove scritte (il cui esito determiner\u00e0 il 70% del voto finale) ed inoltre verranno distribuiti, durante il corso, degli esercizi e domande, Homeworks, da svolgere a casa (il cui esito determiner\u00e0 il rimanente 30% del voto finale).<\/p>\n<\/div>\n<div id=\"header-6\" class=\"portlet-section-header header-hx header-h3\">\n<h3 style=\"text-align: justify\">Testi<\/h3>\n<p style=\"text-align: justify\">J.H. Stock and M. Watson (2021) &#8220;Introduzione all&#8217;Econometria&#8221;, quinta edizione, Pearson Italia.<\/p>\n<h3 style=\"text-align: justify\">Materiale Didattico<\/h3>\n<\/div>\n<p>Il materiale didattico ed il programma saranno scaricabili al seguente URL:<\/p>\n<p><a href=\"http:\/\/elearning.unisi.it\/moodle\">http:\/\/elearning.unisi.it\/moodle<\/a><\/p>\n<p>qui saranno disponibili, oltre al programma del corso, esercizi da svolgere, esempi di prove d\u2019esame ed altri materiali e altre informazioni relative al corso.<\/p>\n<\/div>\n","protected":false},"excerpt":{"rendered":"<p>Obiettivi del corso L&#8217;obiettivo del corso \u00e8 di fornire agli studenti una conoscenza di base dei principali metodi quantitativi da utilizzare per impostare e sviluppare una analisi empirica con particolare riferimento a problemi di economia ambientale. A tale scopo il corso, dopo alcuni richiami di probabilit\u00e0 e statistica, introdurr\u00e0 il metodo di regressione multivariato, illustrer\u00e0 &hellip; <a href=\"https:\/\/docenti-deps.unisi.it\/silviatiezzi\/econometria-ambiente\/\" class=\"more-link\">Leggi tutto<span class=\"screen-reader-text\"> &#8220;Econometria per l&#8217;ambiente&#8221;<\/span><\/a><\/p>\n","protected":false},"author":9,"featured_media":0,"parent":0,"menu_order":0,"comment_status":"closed","ping_status":"closed","template":"","meta":{"footnotes":""},"class_list":["post-815","page","type-page","status-publish","hentry"],"_links":{"self":[{"href":"https:\/\/docenti-deps.unisi.it\/silviatiezzi\/wp-json\/wp\/v2\/pages\/815","targetHints":{"allow":["GET"]}}],"collection":[{"href":"https:\/\/docenti-deps.unisi.it\/silviatiezzi\/wp-json\/wp\/v2\/pages"}],"about":[{"href":"https:\/\/docenti-deps.unisi.it\/silviatiezzi\/wp-json\/wp\/v2\/types\/page"}],"author":[{"embeddable":true,"href":"https:\/\/docenti-deps.unisi.it\/silviatiezzi\/wp-json\/wp\/v2\/users\/9"}],"replies":[{"embeddable":true,"href":"https:\/\/docenti-deps.unisi.it\/silviatiezzi\/wp-json\/wp\/v2\/comments?post=815"}],"version-history":[{"count":12,"href":"https:\/\/docenti-deps.unisi.it\/silviatiezzi\/wp-json\/wp\/v2\/pages\/815\/revisions"}],"predecessor-version":[{"id":823,"href":"https:\/\/docenti-deps.unisi.it\/silviatiezzi\/wp-json\/wp\/v2\/pages\/815\/revisions\/823"}],"wp:attachment":[{"href":"https:\/\/docenti-deps.unisi.it\/silviatiezzi\/wp-json\/wp\/v2\/media?parent=815"}],"curies":[{"name":"wp","href":"https:\/\/api.w.org\/{rel}","templated":true}]}}