{"id":850,"date":"2016-03-04T10:06:13","date_gmt":"2016-03-04T09:06:13","guid":{"rendered":"http:\/\/docenti-deps.unisi.it\/stefanobartolini\/?page_id=850"},"modified":"2018-11-22T12:17:02","modified_gmt":"2018-11-22T11:17:02","slug":"materiale-divulgativo","status":"publish","type":"page","link":"https:\/\/docenti-deps.unisi.it\/stefanobartolini\/materiale-divulgativo\/","title":{"rendered":"Materiale divulgativo"},"content":{"rendered":"<p>Facinorosi al potere: lo sfacciato caso di Gordon Brown<br \/>\n(link alla pagina)<\/p>\n<p>Perch\u00e8 gli americani sono sempre pi\u00f9 infelici e lavorano cos\u00ec tanto?<br \/>\n(link alla pagina)<\/p>\n<p>Lo spazio nella citt\u00e0 relazionale<br \/>\n(link alla pagina)<\/p>\n<p>Quale sistema finanziario per prevenire nuove grandi crisi?<br \/>\n(link alla pagina)<\/p>\n<p>Politiche per la felicit\u00e0<br \/>\n<a href=\"https:\/\/docenti-deps.unisi.it\/stefanobartolini\/wp-content\/uploads\/sites\/19\/2016\/03\/politiche-per-la-FELICITA.pdf\">(link al PDF)<\/a><\/p>\n<p>Incentivi e benessere sul lavoro<br \/>\n<a href=\"https:\/\/docenti-deps.unisi.it\/stefanobartolini\/wp-content\/uploads\/sites\/19\/2016\/03\/incentivi-e-benessere-sul-lavoro.pdf\">(link al PDF)<\/a><\/p>\n<p>Benessere, relazioni, vita urbana, Firenze<br \/>\n<a href=\"https:\/\/docenti-deps.unisi.it\/stefanobartolini\/wp-content\/uploads\/sites\/19\/2016\/03\/BENESSERE-RELAZ-VITA-URBANA-FIRENZE.pdf\">(link al PDF)<\/a><\/p>\n<p>La crisi attuale<br \/>\n<a href=\"https:\/\/docenti-deps.unisi.it\/stefanobartolini\/wp-content\/uploads\/sites\/19\/2016\/03\/la-crisi-attuale.pdf\">(link al PDF)<\/a><\/p>\n<p>Efficienza e benessere sul lavoro<br \/>\n<a href=\"https:\/\/docenti-deps.unisi.it\/stefanobartolini\/wp-content\/uploads\/sites\/19\/2016\/03\/EFFICIENZA-E-BENESSERE-SUL-LAVORO.pdf\">(link al PDF)<\/a><\/p>\n","protected":false},"excerpt":{"rendered":"<p>Facinorosi al potere: lo sfacciato caso di Gordon Brown (link alla pagina) Perch\u00e8 gli americani sono sempre pi\u00f9 infelici e lavorano cos\u00ec tanto? (link alla pagina) Lo spazio nella citt\u00e0 relazionale (link alla pagina) Quale sistema finanziario per prevenire nuove grandi crisi? (link alla pagina) Politiche per la felicit\u00e0 (link al PDF) Incentivi e benessere &hellip; <a href=\"https:\/\/docenti-deps.unisi.it\/stefanobartolini\/materiale-divulgativo\/\" class=\"more-link\">Leggi tutto<span class=\"screen-reader-text\"> &#8220;Materiale divulgativo&#8221;<\/span><\/a><\/p>\n","protected":false},"author":8,"featured_media":0,"parent":0,"menu_order":0,"comment_status":"closed","ping_status":"closed","template":"","meta":{"footnotes":""},"class_list":["post-850","page","type-page","status-publish","hentry"],"_links":{"self":[{"href":"https:\/\/docenti-deps.unisi.it\/stefanobartolini\/wp-json\/wp\/v2\/pages\/850","targetHints":{"allow":["GET"]}}],"collection":[{"href":"https:\/\/docenti-deps.unisi.it\/stefanobartolini\/wp-json\/wp\/v2\/pages"}],"about":[{"href":"https:\/\/docenti-deps.unisi.it\/stefanobartolini\/wp-json\/wp\/v2\/types\/page"}],"author":[{"embeddable":true,"href":"https:\/\/docenti-deps.unisi.it\/stefanobartolini\/wp-json\/wp\/v2\/users\/8"}],"replies":[{"embeddable":true,"href":"https:\/\/docenti-deps.unisi.it\/stefanobartolini\/wp-json\/wp\/v2\/comments?post=850"}],"version-history":[{"count":6,"href":"https:\/\/docenti-deps.unisi.it\/stefanobartolini\/wp-json\/wp\/v2\/pages\/850\/revisions"}],"predecessor-version":[{"id":1005,"href":"https:\/\/docenti-deps.unisi.it\/stefanobartolini\/wp-json\/wp\/v2\/pages\/850\/revisions\/1005"}],"wp:attachment":[{"href":"https:\/\/docenti-deps.unisi.it\/stefanobartolini\/wp-json\/wp\/v2\/media?parent=850"}],"curies":[{"name":"wp","href":"https:\/\/api.w.org\/{rel}","templated":true}]}}