{"id":948,"date":"2018-02-09T11:06:56","date_gmt":"2018-02-09T10:06:56","guid":{"rendered":"http:\/\/docenti-deps.unisi.it\/stefanobartolini\/?page_id=948"},"modified":"2022-02-09T09:46:55","modified_gmt":"2022-02-09T08:46:55","slug":"pubblications-2","status":"publish","type":"page","link":"https:\/\/docenti-deps.unisi.it\/stefanobartolini\/pubblications-2\/","title":{"rendered":"Publications"},"content":{"rendered":"<p><strong><em>Peer-reviewed journals <\/em><\/strong><\/p>\n<p>\u201cInvestigating environment-society-economy relations in time series in Europe using a synthetic input-state-output framework\u201d (with Sporchia, F., Paneni, A., Pulselli, F. M., Caro, D., e Coscieme, L.), <em>Environmental Science &amp; Policy<\/em>, 125, pp. 54-65, 2021<\/p>\n<p>\u201cDo People Care About Future Generations? Derived Preferences from Happiness Data\u201d (with F. Sarracino), <em>Ecological Economics<\/em>, 143, pp. 253\u2013275, 2018<\/p>\n<p>\u201cMoney, Trust and Happiness in Transition Countries: Evidence from Time Series\u201d (with M. Mikucka and F. Sarracino), <em>Social Indicators Research<\/em>,\u00a0130, pp. 87\u2013106<em>, <\/em>2017<\/p>\n<p>\u201cTwenty-five years of materialism: do the US and Europe diverge?\u201d (with F. Sarracino), <em>Social Indicators Research, <\/em><em>133<\/em>(2), 787-817, 2017<\/p>\n<p>\u201cThe dark side of Chinese growth: declining social capital and well-being in times of economic boom\u201d (with F. Sarracino), <em>World Development, <\/em>74: 333\u2013351, 20<\/p>\n<p><strong><em>\u00a0\u201c<\/em><\/strong>Building sustainability through greater happiness\u201d, <em>The <\/em><em>Economic and Labor Relations Review<\/em>,\u00a0 Symposium on Development, Equity\u00a0and the Environment, 25, pp. 587-602, 2014<\/p>\n<p>\u201cHappy for How Long? How Social Capital and GDP relate to Happiness over Time\u201d, (with F. Sarracino), <em>Ecological Economics<\/em>, 108, pp. 242\u2013256, 2014.<\/p>\n<p>\u201cThe great recession and the bulimia of U.S. consumers: deep causes and possible ways out\u201d (with L. Bonatti and F. Sarracino), <em>Cambridge Journal of Economics<\/em>, 38, pp. 1015\u20131042, 2014<\/p>\n<p>\u201cPredicting the trend of well-being in Germany: How much do comparisons, adaptation and sociability matter?\u201d (with E. Bilancini and F. Sarracino), <em>Social Indicators Research<\/em> pp. 169-191, 114 (3), 2013<\/p>\n<p>\u201cDid the Decline in Social Connections Depress Americans\u2019 Happiness?\u201d, (with E. Bilancini and M. Pugno), <em>Social Indicators Research<\/em>, 110, (3) pp. 1033-1059, 2013<\/p>\n<p>\u201cIf not only GDP, what else? Using relational goods to predict the trends of subjective well- being\u201d, (with E. Bilancini), <em>International Review of Economics<\/em>, 57 (2), pp. 199\u2013213, 2010<\/p>\n<p>\u201cEndogenous growth, decline in social capital and expansion of market activities\u201d, (with L. Bonatti), <em>Journal of Economic Behavior and Organization<\/em>, 67 (3), p.917-926, 2008<\/p>\n<p>\u201cThe role of social capital in enhancing factor productivity: does its erosion depress per-capita GDP?\u201d (with L. Bonatti), <em>Journal of Socio-Economics<\/em>, 37 (4), p.1539-1553, 2008<\/p>\n<p>\u201cThe mobilization of human resources as an effect of the depletion of environmental and social assets\u201d, (with L. Bonatti), <em>Metroeconomica<\/em>, 57, pp.193-213, 2006<\/p>\n<p>\u201cNegative externalities, defensive expenditures and labor supply in an evolutionary context\u201d (with A. Antoci), <em>Environment and Development Economics<\/em>, 9, pp. 591-612, 2004<\/p>\n<p>\u201cEndogenous growth and negative externalities\u201d, (with L. Bonatti), <em>Journal of Economics<\/em>, 79, pp. 123-144, 2003<\/p>\n<p>\u201cUndesirable growth in a model with capital accumulation and environmental assets\u201d, (with L. Bonatti), <em>Environment and Development Economics<\/em>, 8, pp. 11-30, 2003<\/p>\n<p>\u201cEnvironmental and social degradation as the engine of economic growth\u201d, (with L. Bonatti), <em>Ecological Economics<\/em>, 41, pp. 1-16, 2002<\/p>\n<p><strong><em>Under review <\/em><\/strong><\/p>\n<p>\u201cSocial capital reduces the impact of social comparisons on subjective well-being: Evidence from international datasets\u201d (with M. Piekalkiewicz, F. Sarracino and G. Slater), revised version under review at Plos One<\/p>\n<p><strong><em>Book<\/em><\/strong><\/p>\n<p>\u201cManifesto for Happiness. Shifting society from money to well-being\u201d, forthcoming in 2022, Palgrave-McMillan.<\/p>\n<p>The book was published in Italy in 2013 (publisher Feltrinelli), in France in 2013 (publisher Les Liens qui Lib\u00e8rent), in Albania in 2014 (publisher Botine Perpjekja) and in Japan in 2018 (publisher Commons Publishing Inc.). A part of the book was published in Spanish in the volume Politicas Y Bienestar Sujetivo (D. G\u00f3mez-\u00c1lvarez e V. Ortiz Ortega (eds.) 2016).<\/p>\n<p><strong><em>Article contributions to books<\/em><\/strong><\/p>\n<p>\u201cHappier and Sustainable. Possibilities for a post-growth society\u201d (with F. Sarracino), forthcoming in Zimmermann K. F. (ed.), Handbook of Labor, Human Resources and Population Economics, Springer, 2022<\/p>\n<p>\u201cUnhappiness as an Engine of Economic Growth\u201d, in Rojas, M. (ed.).\u00a0The Economics of Happiness. Springer, pp. 271- 301, 2019<\/p>\n<p>\u201cIntroduction\u201d, (with E. Bilancini, L. Bruni and P. L. Porta), in S. Bartolini, E. Bilancini, L. Bruni and P. Porta (editors.), \u201cPolicies for Happiness\u201d, Oxford Univ. Press, pp. 1-17, 2016<\/p>\n<p>\u201cSocial Capital Predicts Happiness Over Time: World-Wide Evidence from Time Series\u201d, (with E. Bilancini and F. Sarracino), in S. Bartolini, E. Bilancini, L. Bruni and P. Porta (editors.), \u201cPolicies for Happiness\u201d, Oxford Univ. Press, pp. 175-198, 2016<\/p>\n<p>\u201cBuying alone: how the decreasing American happiness turned into the current economic crisis\u201d, in Timo J. H\u00e4m\u00e4l\u00e4inen and Juliet Michaelson (eds.), Well-Being and Beyond: Broadening the Public and Policy Discourse, Edward Elgar, Cheltenham, pp. 144-181, 2014<\/p>\n<p>\u201cAre stressful jobs the price to pay for economic prosperity?\u201d, (with F. Sarracino) in F. Sarracino, (ed.), The happiness compass: theories, actions and perspectives for well-being, chapter 9, Nova Science Publishers, 2013<\/p>\n<p>\u201cSocial Assets, Technical Progress and Long-Run Welfare\u201d, (with L. Bonatti), in L. Sacconi and G. Degli Antoni (eds.), &#8220;Social Capital, Corporate Social Responsibility, Economic Behavior and Performance&#8221;, Palgrave Mc MIllan, pp. 305-328, 2010<\/p>\n<p>\u201cWhy are People so Unhappy? Why do They Strive so Hard for Money? Competing Explanations of the Broken Promises of Economic Growth\u201d, in L. Bruni and Porta P. L. (eds.), \u201cHandbook of Happiness Economics\u201d, Elgar, Cheltenham, 2007<\/p>\n<p>\u201cBeyond Accumulation and Technical Progress: Negative Externalities as an Engine of Economic Growth\u201d, in Basili M., Franzini M., Vercelli S. (eds.), \u201cEnvironment, Inequality and Collective Action\u201d, Routledge, London and New York, 2006<\/p>\n<p><strong><em>Edited Books<\/em><\/strong><\/p>\n<p>\u201cPolicies for Happiness\u201d (E. Bilancini, L. Bruni and P. Porta, co-editors.), Oxford Univ. Press, 2016<\/p>\n<p><strong><em>Encyclopedias <\/em><\/strong><\/p>\n<p>Authored the entry \u201cRelational Goods\u201d. In: Michalos AC (Ed.). Encyclopedia of Quality of Life and Well-Being Research. Springer, Dordrecht, pp. 5428- 5429, 2014<\/p>\n<p><strong><em>Working papers <\/em><\/strong><\/p>\n<p>\u201cSocial capital as disease prevention\u201d, Quaderni del Dipartimento di Economia Politica e Statistica, University of Siena, n. 778, 2018<\/p>\n<p>Updated February 2022<\/p>\n","protected":false},"excerpt":{"rendered":"<p>Peer-reviewed journals \u201cInvestigating environment-society-economy relations in time series in Europe using a synthetic input-state-output framework\u201d (with Sporchia, F., Paneni, A., Pulselli, F. M., Caro, D., e Coscieme, L.), Environmental Science &amp; Policy, 125, pp. 54-65, 2021 \u201cDo People Care About Future Generations? Derived Preferences from Happiness Data\u201d (with F. Sarracino), Ecological Economics, 143, pp. 253\u2013275, &hellip; <a href=\"https:\/\/docenti-deps.unisi.it\/stefanobartolini\/pubblications-2\/\" class=\"more-link\">Leggi tutto<span class=\"screen-reader-text\"> &#8220;Publications&#8221;<\/span><\/a><\/p>\n","protected":false},"author":9,"featured_media":0,"parent":0,"menu_order":0,"comment_status":"closed","ping_status":"closed","template":"","meta":{"footnotes":""},"class_list":["post-948","page","type-page","status-publish","hentry"],"_links":{"self":[{"href":"https:\/\/docenti-deps.unisi.it\/stefanobartolini\/wp-json\/wp\/v2\/pages\/948","targetHints":{"allow":["GET"]}}],"collection":[{"href":"https:\/\/docenti-deps.unisi.it\/stefanobartolini\/wp-json\/wp\/v2\/pages"}],"about":[{"href":"https:\/\/docenti-deps.unisi.it\/stefanobartolini\/wp-json\/wp\/v2\/types\/page"}],"author":[{"embeddable":true,"href":"https:\/\/docenti-deps.unisi.it\/stefanobartolini\/wp-json\/wp\/v2\/users\/9"}],"replies":[{"embeddable":true,"href":"https:\/\/docenti-deps.unisi.it\/stefanobartolini\/wp-json\/wp\/v2\/comments?post=948"}],"version-history":[{"count":8,"href":"https:\/\/docenti-deps.unisi.it\/stefanobartolini\/wp-json\/wp\/v2\/pages\/948\/revisions"}],"predecessor-version":[{"id":1138,"href":"https:\/\/docenti-deps.unisi.it\/stefanobartolini\/wp-json\/wp\/v2\/pages\/948\/revisions\/1138"}],"wp:attachment":[{"href":"https:\/\/docenti-deps.unisi.it\/stefanobartolini\/wp-json\/wp\/v2\/media?parent=948"}],"curies":[{"name":"wp","href":"https:\/\/api.w.org\/{rel}","templated":true}]}}